{"id":28764,"date":"2015-11-20T11:16:25","date_gmt":"2015-11-20T09:16:25","guid":{"rendered":"http:\/\/172.30.28.12\/en\/ru\/investor-relations\/committees-of-the-board-of-directors\/"},"modified":"2023-01-16T16:46:17","modified_gmt":"2023-01-16T13:46:17","slug":"committees-of-the-board-of-directors","status":"publish","type":"page","link":"https:\/\/www.enka.com\/ru\/investor-relations\/committees-of-the-board-of-directors\/","title":{"rendered":"\u041a\u043e\u043c\u0438\u0442\u0435\u0442\u044b \u0441\u043e\u0432\u0435\u0442\u0430 \u0434\u0438\u0440\u0435\u043a\u0442\u043e\u0440\u043e\u0432"},"content":{"rendered":"<div class=\"wpb-content-wrapper\">[vc_row][vc_column]<div id=\"ultimate-heading-808269e0cc7254801\" class=\"uvc-heading ult-adjust-bottom-margin ultimate-heading-808269e0cc7254801 uvc-3295 \" data-hspacer=\"no_spacer\"  data-halign=\"center\" style=\"text-align:center\"><div class=\"uvc-heading-spacer no_spacer\" style=\"top\"><\/div><div class=\"uvc-main-heading ult-responsive\"  data-ultimate-target='.uvc-heading.ultimate-heading-808269e0cc7254801 h2'  data-responsive-json-new='{\"font-size\":\"\",\"line-height\":\"\"}' ><h2 style=\"font-weight:normal;color:#025e9e;\">\u041a\u041e\u041c\u0418\u0422\u0415\u0422\u042b \u0421\u041e\u0412\u0415\u0422\u0410 \u0414\u0418\u0420\u0415\u041a\u0422\u041e\u0420\u041e\u0412<\/h2><\/div><\/div><div class=\"ult-spacer spacer-69e0cc72548c4\" data-id=\"69e0cc72548c4\" data-height=\"20\" data-height-mobile=\"20\" data-height-tab=\"20\" data-height-tab-portrait=\"\" data-height-mobile-landscape=\"\" style=\"clear:both;display:block;\"><\/div>[\/vc_column][\/vc_row][vc_row][vc_column][vc_column_text]\n<p style=\"text-align: center;\"><span style=\"font-size: 14pt; color: #000000;\">\u0418\u043d\u0444\u043e\u0440\u043c\u0430\u0446\u0438\u044f \u0434\u043e\u0441\u0442\u0443\u043f\u043d\u0430 \u0442\u043e\u043b\u044c\u043a\u043e \u043d\u0430 \u0430\u043d\u0433\u043b\u0438\u0439\u0441\u043a\u043e\u043c \u0438 \u0442\u0443\u0440\u0435\u0446\u043a\u043e\u043c \u044f\u0437\u044b\u043a\u0430\u0445<\/span><\/p>\n[\/vc_column_text][\/vc_column][\/vc_row][vc_row][vc_column]<div class=\"ult-spacer spacer-69e0cc72548eb\" data-id=\"69e0cc72548eb\" data-height=\"20\" data-height-mobile=\"20\" data-height-tab=\"20\" data-height-tab-portrait=\"\" data-height-mobile-landscape=\"\" style=\"clear:both;display:block;\"><\/div>[\/vc_column][\/vc_row][vc_row gap=&#187;10&#8243;][vc_column parallax=&#187;content-moving&#187; width=&#187;1\/2&#8243; css=&#187;.vc_custom_1673534332599{background-color: #f5f5f5 !important;background-position: center !important;background-repeat: no-repeat !important;background-size: contain !important;}&#187;]<div id=\"ultimate-heading-639469e0cc725491c\" class=\"uvc-heading ult-adjust-bottom-margin ultimate-heading-639469e0cc725491c uvc-614 \" data-hspacer=\"no_spacer\"  data-halign=\"center\" style=\"text-align:center\"><div class=\"uvc-heading-spacer no_spacer\" style=\"top\"><\/div><div class=\"uvc-main-heading ult-responsive\"  data-ultimate-target='.uvc-heading.ultimate-heading-639469e0cc725491c h4'  data-responsive-json-new='{\"font-size\":\"\",\"line-height\":\"\"}' ><h4 style=\"font-weight:normal;\">INVESTOR RELATION<\/h4><\/div><div class=\"uvc-sub-heading ult-responsive\"  data-ultimate-target='.uvc-heading.ultimate-heading-639469e0cc725491c .uvc-sub-heading '  data-responsive-json-new='{\"font-size\":\"\",\"line-height\":\"\"}'  style=\"font-weight:normal;margin-top:10px;\">\n<p style=\"text-align: center;\">English<\/p>\n<\/div><\/div><div class=\"ult-spacer spacer-69e0cc7254967\" data-id=\"69e0cc7254967\" data-height=\"20\" data-height-mobile=\"20\" data-height-tab=\"20\" data-height-tab-portrait=\"\" data-height-mobile-landscape=\"\" style=\"clear:both;display:block;\"><\/div><div class=\" ubtn-ctn-center \"><a class=\"ubtn-link ult-adjust-bottom-margin ubtn-center ubtn-normal \" href=\"http:\/\/www.enka.com\/investor-relations\/\" title=\"http:\/\/www.enka.com\/investor-relations\/\" target=\"_blank\" rel=\"noopener\" ><button type=\"button\" id=\"ubtn-9240\"  class=\"ubtn ult-adjust-bottom-margin ult-responsive ubtn-normal ubtn-fade-bg  none  ubtn-center   tooltip-69e0cc7254993\"  data-hover=\"\" data-border-color=\"\" data-bg=\"#008fd5\" data-hover-bg=\"\" data-border-hover=\"\" data-shadow-hover=\"\" data-shadow-click=\"none\" data-shadow=\"\" data-shd-shadow=\"\"  data-ultimate-target='#ubtn-9240'  data-responsive-json-new='{\"font-size\":\"\",\"line-height\":\"\"}'  style=\"font-weight:normal;border:none;background: #008fd5;color: #ffffff;\"><span class=\"ubtn-hover\" style=\"background-color:\"><\/span><span class=\"ubtn-data ubtn-text \" >Get It Now<\/span><\/button><\/a><\/div>[\/vc_column][vc_column width=&#187;1\/2&#8243; css=&#187;.vc_custom_1673534353192{background-color: #f5f5f5 !important;background-position: center !important;background-repeat: no-repeat !important;background-size: contain !important;}&#187;]<div id=\"ultimate-heading-86369e0cc7254a7b\" class=\"uvc-heading ult-adjust-bottom-margin ultimate-heading-86369e0cc7254a7b uvc-3069 \" data-hspacer=\"no_spacer\"  data-halign=\"center\" style=\"text-align:center\"><div class=\"uvc-heading-spacer no_spacer\" style=\"top\"><\/div><div class=\"uvc-main-heading ult-responsive\"  data-ultimate-target='.uvc-heading.ultimate-heading-86369e0cc7254a7b h4'  data-responsive-json-new='{\"font-size\":\"\",\"line-height\":\"\"}' ><h4 style=\"font-weight:normal;\">YATIRIMCI \u0130L\u0130\u015eK\u0130LER\u0130<\/h4><\/div><div class=\"uvc-sub-heading ult-responsive\"  data-ultimate-target='.uvc-heading.ultimate-heading-86369e0cc7254a7b .uvc-sub-heading '  data-responsive-json-new='{\"font-size\":\"\",\"line-height\":\"\"}'  style=\"font-weight:normal;margin-top:10px;\">\n<p style=\"text-align: center;\">T\u00fcrk\u00e7e<\/p>\n<\/div><\/div><div class=\"ult-spacer spacer-69e0cc7254ac9\" data-id=\"69e0cc7254ac9\" data-height=\"20\" data-height-mobile=\"20\" data-height-tab=\"20\" data-height-tab-portrait=\"\" data-height-mobile-landscape=\"\" style=\"clear:both;display:block;\"><\/div><div class=\" ubtn-ctn-center \"><a class=\"ubtn-link ult-adjust-bottom-margin ubtn-center ubtn-normal \" href=\"http:\/\/www.enka.com\/tr\/yatirimci-iliskileri\/\" title=\"http:\/\/www.enka.com\/tr\/yatirimci-iliskileri\/\" target=\"_blank\" rel=\"noopener\" ><button type=\"button\" id=\"ubtn-4176\"  class=\"ubtn ult-adjust-bottom-margin ult-responsive ubtn-normal ubtn-fade-bg  none  ubtn-center   tooltip-69e0cc7254af1\"  data-hover=\"\" data-border-color=\"\" data-bg=\"#008fd5\" data-hover-bg=\"\" data-border-hover=\"\" data-shadow-hover=\"\" data-shadow-click=\"none\" data-shadow=\"\" data-shd-shadow=\"\"  data-ultimate-target='#ubtn-4176'  data-responsive-json-new='{\"font-size\":\"\",\"line-height\":\"\"}'  style=\"font-weight:normal;border:none;background: #008fd5;color: #ffffff;\"><span class=\"ubtn-hover\" style=\"background-color:\"><\/span><span class=\"ubtn-data ubtn-text \" >T\u0131klay\u0131n\u0131z<\/span><\/button><\/a><\/div>[\/vc_column][\/vc_row]\n<\/div>","protected":false},"excerpt":{"rendered":"<p>[vc_row][vc_column][\/vc_column][\/vc_row][vc_row][vc_column][vc_column_text] \u0418\u043d\u0444\u043e\u0440\u043c\u0430\u0446\u0438\u044f \u0434\u043e\u0441\u0442\u0443\u043f\u043d\u0430 \u0442\u043e\u043b\u044c\u043a\u043e \u043d\u0430 \u0430\u043d\u0433\u043b\u0438\u0439\u0441\u043a\u043e\u043c \u0438 \u0442\u0443\u0440\u0435\u0446\u043a\u043e\u043c \u044f\u0437\u044b\u043a\u0430\u0445 [\/vc_column_text][\/vc_column][\/vc_row][vc_row][vc_column][\/vc_column][\/vc_row][vc_row gap=&#187;10&#8243;][vc_column parallax=&#187;content-moving&#187; width=&#187;1\/2&#8243; css=&#187;.vc_custom_1673534332599{background-color: #f5f5f5 !important;background-position: center !important;background-repeat: no-repeat !important;background-size: contain !important;}&#187;][\/vc_column][vc_column width=&#187;1\/2&#8243; css=&#187;.vc_custom_1673534353192{background-color: #f5f5f5 !important;background-position: center !important;background-repeat: no-repeat !important;background-size: contain !important;}&#187;][\/vc_column][\/vc_row]<\/p>\n","protected":false},"author":25,"featured_media":28765,"parent":28709,"menu_order":0,"comment_status":"open","ping_status":"closed","template":"","meta":{"_acf_changed":false,"footnotes":""},"class_list":["post-28764","page","type-page","status-publish","has-post-thumbnail","hentry"],"aioseo_notices":[],"acf":[],"_links":{"self":[{"href":"https:\/\/www.enka.com\/ru\/wp-json\/wp\/v2\/pages\/28764","targetHints":{"allow":["GET"]}}],"collection":[{"href":"https:\/\/www.enka.com\/ru\/wp-json\/wp\/v2\/pages"}],"about":[{"href":"https:\/\/www.enka.com\/ru\/wp-json\/wp\/v2\/types\/page"}],"author":[{"embeddable":true,"href":"https:\/\/www.enka.com\/ru\/wp-json\/wp\/v2\/users\/25"}],"replies":[{"embeddable":true,"href":"https:\/\/www.enka.com\/ru\/wp-json\/wp\/v2\/comments?post=28764"}],"version-history":[{"count":0,"href":"https:\/\/www.enka.com\/ru\/wp-json\/wp\/v2\/pages\/28764\/revisions"}],"up":[{"embeddable":true,"href":"https:\/\/www.enka.com\/ru\/wp-json\/wp\/v2\/pages\/28709"}],"wp:featuredmedia":[{"embeddable":true,"href":"https:\/\/www.enka.com\/ru\/wp-json\/wp\/v2\/media\/28765"}],"wp:attachment":[{"href":"https:\/\/www.enka.com\/ru\/wp-json\/wp\/v2\/media?parent=28764"}],"curies":[{"name":"wp","href":"https:\/\/api.w.org\/{rel}","templated":true}]}}