{"id":28815,"date":"2015-11-20T09:31:35","date_gmt":"2015-11-20T07:31:35","guid":{"rendered":"http:\/\/172.30.28.12\/en\/ru\/%d0%b4%d0%bb%d1%8f-%d0%b8%d0%bd%d0%b2%d0%b5%d1%81%d1%82%d0%be%d1%80%d0%be%d0%b2\/corporate-articles\/"},"modified":"2023-01-20T14:32:44","modified_gmt":"2023-01-20T11:32:44","slug":"corporate-articles","status":"publish","type":"page","link":"https:\/\/www.enka.com\/ru\/investor-relations\/corporate-articles\/","title":{"rendered":"\u0423\u0447\u0440\u0435\u0434\u0438\u0442\u0435\u043b\u044c\u043d\u044b\u0435 \u0434\u043e\u043a\u0443\u043c\u0435\u043d\u0442\u044b \u043a\u043e\u043c\u043f\u0430\u043d\u0438\u0438"},"content":{"rendered":"<div class=\"wpb-content-wrapper\">[vc_row][vc_column]<div id=\"ultimate-heading-941069f0cf7ce87cf\" class=\"uvc-heading ult-adjust-bottom-margin ultimate-heading-941069f0cf7ce87cf uvc-4173 \" data-hspacer=\"no_spacer\"  data-halign=\"center\" style=\"text-align:center\"><div class=\"uvc-heading-spacer no_spacer\" style=\"top\"><\/div><div class=\"uvc-main-heading ult-responsive\"  data-ultimate-target='.uvc-heading.ultimate-heading-941069f0cf7ce87cf h1'  data-responsive-json-new='{\"font-size\":\"\",\"line-height\":\"\"}' ><h1 style=\"font-weight:bold;color:#025e9e;\">\u0423\u0427\u0420\u0415\u0414\u0418\u0422\u0415\u041b\u042c\u041d\u042b\u0415 \u0414\u041e\u041a\u0423\u041c\u0415\u041d\u0422\u042b \u041a\u041e\u041c\u041f\u0410\u041d\u0418\u0418<\/h1><\/div><\/div><div class=\"ult-spacer spacer-69f0cf7ce88a5\" data-id=\"69f0cf7ce88a5\" data-height=\"20\" data-height-mobile=\"20\" data-height-tab=\"20\" data-height-tab-portrait=\"\" data-height-mobile-landscape=\"\" style=\"clear:both;display:block;\"><\/div>[\/vc_column][\/vc_row][vc_row][vc_column][vc_column_text]\n<p style=\"text-align: center;\"><span style=\"font-size: 14pt; color: #000000;\">\u0418\u043d\u0444\u043e\u0440\u043c\u0430\u0446\u0438\u044f \u0434\u043e\u0441\u0442\u0443\u043f\u043d\u0430 \u0442\u043e\u043b\u044c\u043a\u043e \u043d\u0430 \u0430\u043d\u0433\u043b\u0438\u0439\u0441\u043a\u043e\u043c \u0438 \u0442\u0443\u0440\u0435\u0446\u043a\u043e\u043c \u044f\u0437\u044b\u043a\u0430\u0445<\/span><\/p>\n[\/vc_column_text]<div class=\"ult-spacer spacer-69f0cf7ce88c8\" data-id=\"69f0cf7ce88c8\" data-height=\"20\" data-height-mobile=\"20\" data-height-tab=\"20\" data-height-tab-portrait=\"\" data-height-mobile-landscape=\"\" style=\"clear:both;display:block;\"><\/div>[\/vc_column][\/vc_row][vc_row gap=&#187;10&#8243;][vc_column parallax=&#187;content-moving&#187; width=&#187;1\/2&#8243; css=&#187;.vc_custom_1673534332599{background-color: #f5f5f5 !important;background-position: center !important;background-repeat: no-repeat !important;background-size: contain !important;}&#187;]<div id=\"ultimate-heading-267169f0cf7ce88fc\" class=\"uvc-heading ult-adjust-bottom-margin ultimate-heading-267169f0cf7ce88fc uvc-1160 \" data-hspacer=\"no_spacer\"  data-halign=\"center\" style=\"text-align:center\"><div class=\"uvc-heading-spacer no_spacer\" style=\"top\"><\/div><div class=\"uvc-main-heading ult-responsive\"  data-ultimate-target='.uvc-heading.ultimate-heading-267169f0cf7ce88fc h4'  data-responsive-json-new='{\"font-size\":\"\",\"line-height\":\"\"}' ><h4 style=\"font-weight:normal;\">INVESTOR RELATION<\/h4><\/div><div class=\"uvc-sub-heading ult-responsive\"  data-ultimate-target='.uvc-heading.ultimate-heading-267169f0cf7ce88fc .uvc-sub-heading '  data-responsive-json-new='{\"font-size\":\"\",\"line-height\":\"\"}'  style=\"font-weight:normal;margin-top:10px;\">\n<p style=\"text-align: center;\">English<\/p>\n<\/div><\/div><div class=\"ult-spacer spacer-69f0cf7ce893b\" data-id=\"69f0cf7ce893b\" data-height=\"20\" data-height-mobile=\"20\" data-height-tab=\"20\" data-height-tab-portrait=\"\" data-height-mobile-landscape=\"\" style=\"clear:both;display:block;\"><\/div><div class=\" ubtn-ctn-center \"><a class=\"ubtn-link ult-adjust-bottom-margin ubtn-center ubtn-normal \" href=\"http:\/\/www.enka.com\/investor-relations\/\" title=\"http:\/\/www.enka.com\/investor-relations\/\" target=\"_blank\" rel=\"noopener\" ><button type=\"button\" id=\"ubtn-8136\"  class=\"ubtn ult-adjust-bottom-margin ult-responsive ubtn-normal ubtn-fade-bg  none  ubtn-center   tooltip-69f0cf7ce8967\"  data-hover=\"\" data-border-color=\"\" data-bg=\"#008fd5\" data-hover-bg=\"\" data-border-hover=\"\" data-shadow-hover=\"\" data-shadow-click=\"none\" data-shadow=\"\" data-shd-shadow=\"\"  data-ultimate-target='#ubtn-8136'  data-responsive-json-new='{\"font-size\":\"\",\"line-height\":\"\"}'  style=\"font-weight:normal;border:none;background: #008fd5;color: #ffffff;\"><span class=\"ubtn-hover\" style=\"background-color:\"><\/span><span class=\"ubtn-data ubtn-text \" >Get It Now<\/span><\/button><\/a><\/div>[\/vc_column][vc_column width=&#187;1\/2&#8243; css=&#187;.vc_custom_1673534353192{background-color: #f5f5f5 !important;background-position: center !important;background-repeat: no-repeat !important;background-size: contain !important;}&#187;]<div id=\"ultimate-heading-537669f0cf7ce89fa\" class=\"uvc-heading ult-adjust-bottom-margin ultimate-heading-537669f0cf7ce89fa uvc-4204 \" data-hspacer=\"no_spacer\"  data-halign=\"center\" style=\"text-align:center\"><div class=\"uvc-heading-spacer no_spacer\" style=\"top\"><\/div><div class=\"uvc-main-heading ult-responsive\"  data-ultimate-target='.uvc-heading.ultimate-heading-537669f0cf7ce89fa h4'  data-responsive-json-new='{\"font-size\":\"\",\"line-height\":\"\"}' ><h4 style=\"font-weight:normal;\">YATIRIMCI \u0130L\u0130\u015eK\u0130LER\u0130<\/h4><\/div><div class=\"uvc-sub-heading ult-responsive\"  data-ultimate-target='.uvc-heading.ultimate-heading-537669f0cf7ce89fa .uvc-sub-heading '  data-responsive-json-new='{\"font-size\":\"\",\"line-height\":\"\"}'  style=\"font-weight:normal;margin-top:10px;\">\n<p style=\"text-align: center;\">T\u00fcrk\u00e7e<\/p>\n<\/div><\/div><div class=\"ult-spacer spacer-69f0cf7ce8a39\" data-id=\"69f0cf7ce8a39\" data-height=\"20\" data-height-mobile=\"20\" data-height-tab=\"20\" data-height-tab-portrait=\"\" data-height-mobile-landscape=\"\" style=\"clear:both;display:block;\"><\/div><div class=\" ubtn-ctn-center \"><a class=\"ubtn-link ult-adjust-bottom-margin ubtn-center ubtn-normal \" href=\"http:\/\/www.enka.com\/tr\/yatirimci-iliskileri\/\" title=\"http:\/\/www.enka.com\/tr\/yatirimci-iliskileri\/\" target=\"_blank\" rel=\"noopener\" ><button type=\"button\" id=\"ubtn-8559\"  class=\"ubtn ult-adjust-bottom-margin ult-responsive ubtn-normal ubtn-fade-bg  none  ubtn-center   tooltip-69f0cf7ce8a5c\"  data-hover=\"\" data-border-color=\"\" data-bg=\"#008fd5\" data-hover-bg=\"\" data-border-hover=\"\" data-shadow-hover=\"\" data-shadow-click=\"none\" data-shadow=\"\" data-shd-shadow=\"\"  data-ultimate-target='#ubtn-8559'  data-responsive-json-new='{\"font-size\":\"\",\"line-height\":\"\"}'  style=\"font-weight:normal;border:none;background: #008fd5;color: #ffffff;\"><span class=\"ubtn-hover\" style=\"background-color:\"><\/span><span class=\"ubtn-data ubtn-text \" >T\u0131klay\u0131n\u0131z<\/span><\/button><\/a><\/div>[\/vc_column][\/vc_row]\n<\/div>","protected":false},"excerpt":{"rendered":"<p>[vc_row][vc_column][\/vc_column][\/vc_row][vc_row][vc_column][vc_column_text] \u0418\u043d\u0444\u043e\u0440\u043c\u0430\u0446\u0438\u044f \u0434\u043e\u0441\u0442\u0443\u043f\u043d\u0430 \u0442\u043e\u043b\u044c\u043a\u043e \u043d\u0430 \u0430\u043d\u0433\u043b\u0438\u0439\u0441\u043a\u043e\u043c \u0438 \u0442\u0443\u0440\u0435\u0446\u043a\u043e\u043c \u044f\u0437\u044b\u043a\u0430\u0445 [\/vc_column_text][\/vc_column][\/vc_row][vc_row gap=&#187;10&#8243;][vc_column parallax=&#187;content-moving&#187; width=&#187;1\/2&#8243; css=&#187;.vc_custom_1673534332599{background-color: #f5f5f5 !important;background-position: center !important;background-repeat: no-repeat !important;background-size: contain !important;}&#187;][\/vc_column][vc_column width=&#187;1\/2&#8243; css=&#187;.vc_custom_1673534353192{background-color: #f5f5f5 !important;background-position: center !important;background-repeat: no-repeat !important;background-size: contain !important;}&#187;][\/vc_column][\/vc_row]<\/p>\n","protected":false},"author":25,"featured_media":28819,"parent":28709,"menu_order":0,"comment_status":"closed","ping_status":"closed","template":"","meta":{"_acf_changed":false,"footnotes":""},"class_list":["post-28815","page","type-page","status-publish","has-post-thumbnail","hentry"],"aioseo_notices":[],"acf":[],"_links":{"self":[{"href":"https:\/\/www.enka.com\/ru\/wp-json\/wp\/v2\/pages\/28815","targetHints":{"allow":["GET"]}}],"collection":[{"href":"https:\/\/www.enka.com\/ru\/wp-json\/wp\/v2\/pages"}],"about":[{"href":"https:\/\/www.enka.com\/ru\/wp-json\/wp\/v2\/types\/page"}],"author":[{"embeddable":true,"href":"https:\/\/www.enka.com\/ru\/wp-json\/wp\/v2\/users\/25"}],"replies":[{"embeddable":true,"href":"https:\/\/www.enka.com\/ru\/wp-json\/wp\/v2\/comments?post=28815"}],"version-history":[{"count":0,"href":"https:\/\/www.enka.com\/ru\/wp-json\/wp\/v2\/pages\/28815\/revisions"}],"up":[{"embeddable":true,"href":"https:\/\/www.enka.com\/ru\/wp-json\/wp\/v2\/pages\/28709"}],"wp:featuredmedia":[{"embeddable":true,"href":"https:\/\/www.enka.com\/ru\/wp-json\/wp\/v2\/media\/28819"}],"wp:attachment":[{"href":"https:\/\/www.enka.com\/ru\/wp-json\/wp\/v2\/media?parent=28815"}],"curies":[{"name":"wp","href":"https:\/\/api.w.org\/{rel}","templated":true}]}}