{"id":74374,"date":"2022-01-26T09:58:36","date_gmt":"2022-01-26T06:58:36","guid":{"rendered":"https:\/\/www.enka.com\/investor-relations\/special-condition-disclosures\/2022-2\/"},"modified":"2023-01-31T12:47:43","modified_gmt":"2023-01-31T09:47:43","slug":"2023-2","status":"publish","type":"page","link":"https:\/\/www.enka.com\/ru\/investor-relations\/special-condition-disclosures\/2023-2\/","title":{"rendered":"2023"},"content":{"rendered":"<div class=\"wpb-content-wrapper\">[vc_row][vc_column]<div id=\"ultimate-heading-433869e30991dab17\" class=\"uvc-heading ult-adjust-bottom-margin ultimate-heading-433869e30991dab17 uvc-4157 \" data-hspacer=\"no_spacer\"  data-halign=\"center\" style=\"text-align:center\"><div class=\"uvc-heading-spacer no_spacer\" style=\"top\"><\/div><div class=\"uvc-main-heading ult-responsive\"  data-ultimate-target='.uvc-heading.ultimate-heading-433869e30991dab17 h1'  data-responsive-json-new='{\"font-size\":\"\",\"line-height\":\"\"}' ><h1 style=\"font-weight:bold;color:#025e9e;\">\u041f\u0423\u0411\u041b\u0418\u041a\u0410\u0426\u0418\u042f \u041e\u0421\u041e\u0411\u042b\u0425 \u041f\u041e\u041b\u041e\u0416\u0415\u041d\u0418\u0419<\/h1><\/div><\/div><div class=\"ult-spacer spacer-69e30991dabcd\" data-id=\"69e30991dabcd\" data-height=\"20\" data-height-mobile=\"20\" data-height-tab=\"20\" data-height-tab-portrait=\"\" data-height-mobile-landscape=\"\" style=\"clear:both;display:block;\"><\/div>[\/vc_column][\/vc_row][vc_row][vc_column][vc_column_text]\n<p style=\"text-align: center;\"><span style=\"font-size: 14pt; color: #000000;\">\u0418\u043d\u0444\u043e\u0440\u043c\u0430\u0446\u0438\u044f \u0434\u043e\u0441\u0442\u0443\u043f\u043d\u0430 \u0442\u043e\u043b\u044c\u043a\u043e \u043d\u0430 \u0430\u043d\u0433\u043b\u0438\u0439\u0441\u043a\u043e\u043c \u0438 \u0442\u0443\u0440\u0435\u0446\u043a\u043e\u043c \u044f\u0437\u044b\u043a\u0430\u0445<\/span><\/p>\n[\/vc_column_text]<div class=\"ult-spacer spacer-69e30991dabf2\" data-id=\"69e30991dabf2\" data-height=\"20\" data-height-mobile=\"20\" data-height-tab=\"20\" data-height-tab-portrait=\"\" data-height-mobile-landscape=\"\" style=\"clear:both;display:block;\"><\/div>[\/vc_column][\/vc_row][vc_row gap=&#187;10&#8243;][vc_column parallax=&#187;content-moving&#187; width=&#187;1\/2&#8243; css=&#187;.vc_custom_1673534332599{background-color: #f5f5f5 !important;background-position: center !important;background-repeat: no-repeat !important;background-size: contain !important;}&#187;]<div id=\"ultimate-heading-939469e30991dac2b\" class=\"uvc-heading ult-adjust-bottom-margin ultimate-heading-939469e30991dac2b uvc-3476 \" data-hspacer=\"no_spacer\"  data-halign=\"center\" style=\"text-align:center\"><div class=\"uvc-heading-spacer no_spacer\" style=\"top\"><\/div><div class=\"uvc-main-heading ult-responsive\"  data-ultimate-target='.uvc-heading.ultimate-heading-939469e30991dac2b h4'  data-responsive-json-new='{\"font-size\":\"\",\"line-height\":\"\"}' ><h4 style=\"font-weight:normal;\">2023 SPECIAL CONDITION DISCLOSURES<\/h4><\/div><div class=\"uvc-sub-heading ult-responsive\"  data-ultimate-target='.uvc-heading.ultimate-heading-939469e30991dac2b .uvc-sub-heading '  data-responsive-json-new='{\"font-size\":\"\",\"line-height\":\"\"}'  style=\"font-weight:normal;margin-top:10px;\">\n<p style=\"text-align: center;\">English<\/p>\n<\/div><\/div><div class=\"ult-spacer spacer-69e30991dac93\" data-id=\"69e30991dac93\" data-height=\"20\" data-height-mobile=\"20\" data-height-tab=\"20\" data-height-tab-portrait=\"\" data-height-mobile-landscape=\"\" style=\"clear:both;display:block;\"><\/div><div class=\" ubtn-ctn-center \"><a class=\"ubtn-link ult-adjust-bottom-margin ubtn-center ubtn-normal \" href=\"https:\/\/www.enka.com\/investor-relations\/special-condition-disclosures\/2023-2\/\" title=\"https:\/\/www.enka.com\/investor-relations\/special-condition-disclosures\/2023\/\" target=\"_blank\" rel=\"noopener\" ><button type=\"button\" id=\"ubtn-7078\"  class=\"ubtn ult-adjust-bottom-margin ult-responsive ubtn-normal ubtn-fade-bg  none  ubtn-center   tooltip-69e30991dace6\"  data-hover=\"\" data-border-color=\"\" data-bg=\"#008fd5\" data-hover-bg=\"\" data-border-hover=\"\" data-shadow-hover=\"\" data-shadow-click=\"none\" data-shadow=\"\" data-shd-shadow=\"\"  data-ultimate-target='#ubtn-7078'  data-responsive-json-new='{\"font-size\":\"\",\"line-height\":\"\"}'  style=\"font-weight:normal;border:none;background: #008fd5;color: #ffffff;\"><span class=\"ubtn-hover\" style=\"background-color:\"><\/span><span class=\"ubtn-data ubtn-text \" >Get It Now<\/span><\/button><\/a><\/div>[\/vc_column][vc_column width=&#187;1\/2&#8243; css=&#187;.vc_custom_1673534353192{background-color: #f5f5f5 !important;background-position: center !important;background-repeat: no-repeat !important;background-size: contain !important;}&#187;]<div id=\"ultimate-heading-612969e30991dada1\" class=\"uvc-heading ult-adjust-bottom-margin ultimate-heading-612969e30991dada1 uvc-8616 \" data-hspacer=\"no_spacer\"  data-halign=\"center\" style=\"text-align:center\"><div class=\"uvc-heading-spacer no_spacer\" style=\"top\"><\/div><div class=\"uvc-main-heading ult-responsive\"  data-ultimate-target='.uvc-heading.ultimate-heading-612969e30991dada1 h4'  data-responsive-json-new='{\"font-size\":\"\",\"line-height\":\"\"}' ><h4 style=\"font-weight:normal;\">2023 \u00d6ZEL DURUM A\u00c7IKLAMARI<\/h4><\/div><div class=\"uvc-sub-heading ult-responsive\"  data-ultimate-target='.uvc-heading.ultimate-heading-612969e30991dada1 .uvc-sub-heading '  data-responsive-json-new='{\"font-size\":\"\",\"line-height\":\"\"}'  style=\"font-weight:normal;margin-top:10px;\">\n<p style=\"text-align: center;\">T\u00fcrk\u00e7e<\/p>\n<\/div><\/div><div class=\"ult-spacer spacer-69e30991dade8\" data-id=\"69e30991dade8\" data-height=\"20\" data-height-mobile=\"20\" data-height-tab=\"20\" data-height-tab-portrait=\"\" data-height-mobile-landscape=\"\" style=\"clear:both;display:block;\"><\/div><div class=\" ubtn-ctn-center \"><a class=\"ubtn-link ult-adjust-bottom-margin ubtn-center ubtn-normal \" href=\"https:\/\/www.enka.com\/tr\/yatirimci-iliskileri\/ozel-durum-aciklamalari\/2023-2\/\" title=\"https:\/\/www.enka.com\/tr\/yatirimci-iliskileri\/ozel-durum-aciklamalari\/2023\/\" target=\"_blank\" rel=\"noopener\" ><button type=\"button\" id=\"ubtn-2781\"  class=\"ubtn ult-adjust-bottom-margin ult-responsive ubtn-normal ubtn-fade-bg  none  ubtn-center   tooltip-69e30991dae0e\"  data-hover=\"\" data-border-color=\"\" data-bg=\"#008fd5\" data-hover-bg=\"\" data-border-hover=\"\" data-shadow-hover=\"\" data-shadow-click=\"none\" data-shadow=\"\" data-shd-shadow=\"\"  data-ultimate-target='#ubtn-2781'  data-responsive-json-new='{\"font-size\":\"\",\"line-height\":\"\"}'  style=\"font-weight:normal;border:none;background: #008fd5;color: #ffffff;\"><span class=\"ubtn-hover\" style=\"background-color:\"><\/span><span class=\"ubtn-data ubtn-text \" >T\u0131klay\u0131n\u0131z<\/span><\/button><\/a><\/div>[\/vc_column][\/vc_row]\n<\/div>","protected":false},"excerpt":{"rendered":"<p>[vc_row][vc_column][\/vc_column][\/vc_row][vc_row][vc_column][vc_column_text] \u0418\u043d\u0444\u043e\u0440\u043c\u0430\u0446\u0438\u044f \u0434\u043e\u0441\u0442\u0443\u043f\u043d\u0430 \u0442\u043e\u043b\u044c\u043a\u043e \u043d\u0430 \u0430\u043d\u0433\u043b\u0438\u0439\u0441\u043a\u043e\u043c \u0438 \u0442\u0443\u0440\u0435\u0446\u043a\u043e\u043c \u044f\u0437\u044b\u043a\u0430\u0445 [\/vc_column_text][\/vc_column][\/vc_row][vc_row gap=&#187;10&#8243;][vc_column parallax=&#187;content-moving&#187; width=&#187;1\/2&#8243; css=&#187;.vc_custom_1673534332599{background-color: #f5f5f5 !important;background-position: center !important;background-repeat: no-repeat !important;background-size: contain !important;}&#187;][\/vc_column][vc_column width=&#187;1\/2&#8243; css=&#187;.vc_custom_1673534353192{background-color: #f5f5f5 !important;background-position: center !important;background-repeat: no-repeat !important;background-size: contain !important;}&#187;][\/vc_column][\/vc_row]<\/p>\n","protected":false},"author":26,"featured_media":0,"parent":28921,"menu_order":0,"comment_status":"closed","ping_status":"closed","template":"","meta":{"_acf_changed":false,"footnotes":""},"class_list":["post-74374","page","type-page","status-publish","hentry"],"aioseo_notices":[],"acf":[],"_links":{"self":[{"href":"https:\/\/www.enka.com\/ru\/wp-json\/wp\/v2\/pages\/74374","targetHints":{"allow":["GET"]}}],"collection":[{"href":"https:\/\/www.enka.com\/ru\/wp-json\/wp\/v2\/pages"}],"about":[{"href":"https:\/\/www.enka.com\/ru\/wp-json\/wp\/v2\/types\/page"}],"author":[{"embeddable":true,"href":"https:\/\/www.enka.com\/ru\/wp-json\/wp\/v2\/users\/26"}],"replies":[{"embeddable":true,"href":"https:\/\/www.enka.com\/ru\/wp-json\/wp\/v2\/comments?post=74374"}],"version-history":[{"count":0,"href":"https:\/\/www.enka.com\/ru\/wp-json\/wp\/v2\/pages\/74374\/revisions"}],"up":[{"embeddable":true,"href":"https:\/\/www.enka.com\/ru\/wp-json\/wp\/v2\/pages\/28921"}],"wp:attachment":[{"href":"https:\/\/www.enka.com\/ru\/wp-json\/wp\/v2\/media?parent=74374"}],"curies":[{"name":"wp","href":"https:\/\/api.w.org\/{rel}","templated":true}]}}