{"id":87723,"date":"2025-08-22T14:21:01","date_gmt":"2025-08-22T11:21:01","guid":{"rendered":"https:\/\/www.enka.com\/?page_id=87723"},"modified":"2025-09-18T13:49:47","modified_gmt":"2025-09-18T10:49:47","slug":"titas","status":"publish","type":"page","link":"https:\/\/www.enka.com\/ru\/subsidiaries\/titas\/","title":{"rendered":"Tita\u015f"},"content":{"rendered":"<div class=\"wpb-content-wrapper\">[vc_row][vc_column][vc_column_text css=&#187;&#187;]<span style=\"font-size: 14pt;\"><span style=\"color: #1d386e;\"><strong>\u041e\u0411\u0429\u0410\u042f <\/strong><\/span><span style=\"color: #000000;\">\u0418\u041d\u0424\u041e\u0420\u041c\u0410\u0426\u0418\u042f<\/span><\/span><\/p>\n<div style=\"text-align: justify;\">\u0410\u043a\u0446\u0438\u043e\u043d\u0435\u0440\u043d\u043e\u0435 \u043e\u0431\u0449\u0435\u0441\u0442\u0432\u043e Tita\u015f Toprak \u0130n\u015faat ve Taahh\u00fct A.\u015e. \u0437\u0430\u0440\u0435\u0433\u0438\u0441\u0442\u0440\u0438\u0440\u043e\u0432\u0430\u043d\u043e \u0432 \u0422\u043e\u0440\u0433\u043e\u0432\u043e\u0439 \u043f\u0430\u043b\u0430\u0442\u0435 \u0421\u0442\u0430\u043c\u0431\u0443\u043b\u0430 \u043f\u043e\u0434 \u2116 130170-0 \u0438 \u043e\u0441\u0443\u0449\u0435\u0441\u0442\u0432\u043b\u044f\u0435\u0442 \u0434\u0435\u044f\u0442\u0435\u043b\u044c\u043d\u043e\u0441\u0442\u044c \u043f\u043e \u0430\u0434\u0440\u0435\u0441\u0443: \u0440\u0430\u0439\u043e\u043d \u0411\u0430\u043b\u043c\u0443\u043c\u0434\u0436\u0443, \u0443\u043b. \u0417\u0438\u043d\u0434\u0436\u0438\u0440\u043b\u0438\u043a\u0443\u044e \u0419\u043e\u043b\u0443, \u0434. 10, \u0411\u0435\u0448\u0438\u043a\u0442\u0430\u0448 \u2013 \u0421\u0442\u0430\u043c\u0431\u0443\u043b.<\/div>\n<div id=\"genel_bilgiler\">\n<p style=\"text-align: justify;\"><div class=\"clearfix\" style=\"height: 30px\"><\/div>\n<p style=\"text-align: justify;\"><strong>\u0423\u0441\u0442\u0430\u0432\u043d\u044b\u0439 \u043a\u0430\u043f\u0438\u0442\u0430\u043b:<\/strong><\/p>\n<p style=\"text-align: justify;\">\u0423\u0441\u0442\u0430\u0432\u043d\u044b\u0439 \u043a\u0430\u043f\u0438\u0442\u0430\u043b \u043a\u043e\u043c\u043f\u0430\u043d\u0438\u0438 \u0441\u043e\u0441\u0442\u0430\u0432\u043b\u044f\u0435\u0442 1.000.000,00 \u0442\u0443\u0440\u0435\u0446\u043a\u0438\u0445 \u043b\u0438\u0440 (\u041e\u0434\u0438\u043d \u043c\u0438\u043b\u043b\u0438\u043e\u043d \u0442\u0443\u0440\u0435\u0446\u043a\u0438\u0445 \u043b\u0438\u0440) \u0438 \u0440\u0430\u0437\u0434\u0435\u043b\u0451\u043d \u043d\u0430 1.000.000 (\u041e\u0434\u0438\u043d \u043c\u0438\u043b\u043b\u0438\u043e\u043d) \u0430\u043a\u0446\u0438\u0439 \u043d\u0430 \u043f\u0440\u0435\u0434\u044a\u044f\u0432\u0438\u0442\u0435\u043b\u044f, \u043a\u0430\u0436\u0434\u0430\u044f \u043d\u043e\u043c\u0438\u043d\u0430\u043b\u044c\u043d\u043e\u0439 \u0441\u0442\u043e\u0438\u043c\u043e\u0441\u0442\u044c\u044e 1,00 \u0442\u0443\u0440\u0435\u0446\u043a\u0430\u044f \u043b\u0438\u0440\u0430. \u041f\u0440\u0435\u0434\u044b\u0434\u0443\u0449\u0438\u0439 \u043a\u0430\u043f\u0438\u0442\u0430\u043b \u043a\u043e\u043c\u043f\u0430\u043d\u0438\u0438 \u043f\u043e\u043b\u043d\u043e\u0441\u0442\u044c\u044e \u043e\u043f\u043b\u0430\u0447\u0435\u043d. \u0410\u043a\u0446\u0438\u0438 \u0432\u044b\u043f\u0443\u0449\u0435\u043d\u044b \u043d\u0430 \u043f\u0440\u0435\u0434\u044a\u044f\u0432\u0438\u0442\u0435\u043b\u044f. \u041f\u043e \u0440\u0435\u0448\u0435\u043d\u0438\u044e \u0421\u043e\u0432\u0435\u0442\u0430 \u0434\u0438\u0440\u0435\u043a\u0442\u043e\u0440\u043e\u0432 \u0430\u043a\u0446\u0438\u0438 \u043c\u043e\u0433\u0443\u0442 \u0431\u044b\u0442\u044c \u043d\u0430\u043f\u0435\u0447\u0430\u0442\u0430\u043d\u044b \u043a\u0443\u043f\u044e\u0440\u0430\u043c\u0438 \u0440\u0430\u0437\u043b\u0438\u0447\u043d\u043e\u0433\u043e \u043d\u043e\u043c\u0438\u043d\u0430\u043b\u0430.<\/p>\n<div class=\"clearfix\" style=\"height: 20px\"><\/div>\n<table style=\"height: 100%; width: 100%; border-collapse: collapse;\">\n<tbody>\n<tr>\n<td style=\"background-color: #1d386e; height: ; width: ;\"><span style=\"color: #ffffff;\"><strong>\u0421\u043e\u0441\u0442\u0430\u0432 \u0430\u043a\u0446\u0438\u043e\u043d\u0435\u0440\u043e\u0432<\/strong><\/span><\/td>\n<td style=\"background-color: #1d386e; height: ; width: ; text-align: right;\"><span style=\"color: #ffffff;\"><strong>\u0420\u0430\u0437\u043c\u0435\u0440 \u043a\u0430\u043f\u0438\u0442\u0430\u043b\u0430 (TL)<\/strong><\/span><\/td>\n<td style=\"background-color: #1d386e; width: ; text-align: right;\"><span style=\"color: #ffffff;\"><strong>\u041a\u043e\u043b\u0438\u0447\u0435\u0441\u0442\u0432\u043e \u0430\u043a\u0446\u0438\u0439<\/strong><\/span><\/td>\n<td style=\"background-color: #1d386e; height: ; width: ; text-align: right;\"><span style=\"color: #ffffff;\"><strong>\u0414\u043e\u043b\u044f (%)<\/strong><\/span><\/td>\n<\/tr>\n<tr>\n<td style=\"height: ; width: ;\">ENKA \u0130N\u015eAAT VE SANAY\u0130 A.\u015e.<\/td>\n<td style=\"height: ; width:; text-align: right;\">995 000.00<\/td>\n<td style=\"width: ; text-align: right;\">995 000.00<\/td>\n<td style=\"height: ; width:; text-align: right;\">99.50%<\/td>\n<\/tr>\n<tr>\n<td style=\"height: ; width: ;\">M\u0130KADO GAYR\u0130MENKUL YATIRIM T\u0130CARET ANON\u0130M \u015e\u0130RKET\u0130<\/td>\n<td style=\"height: ; width: ; text-align: right;\">5 000.00<\/td>\n<td style=\"width: ; text-align: right;\">5 000.00<\/td>\n<td style=\"height: ; width:; text-align: right;\">0.50%<\/td>\n<\/tr>\n<tr>\n<td style=\"height: ; width: ; text-align: right;\"><strong>\u0418\u0422\u041e\u0413\u041e\u00a0<\/strong><\/td>\n<td style=\"height: ; width: ; text-align: right;\"><strong>\u00a01 000 000.00<\/strong><\/td>\n<td style=\"width: ; text-align: right;\"><strong> \u00a01 000 000<\/strong><\/td>\n<td style=\"height: ; width: ; text-align: right;\"><strong>100%<\/strong><\/td>\n<\/tr>\n<\/tbody>\n<\/table>\n<\/div>\n<div id=\"genel_bilgiler\">\n<div class=\"clearfix\" style=\"height: 30px\"><\/div>\n<p><strong>\u0426\u0435\u043b\u0438 \u0438 \u0441\u0444\u0435\u0440\u044b \u0434\u0435\u044f\u0442\u0435\u043b\u044c\u043d\u043e\u0441\u0442\u0438:<\/strong><\/p>\n<p style=\"text-align: justify;\">\u0421\u0442\u0440\u043e\u0438\u0442\u0435\u043b\u044c\u0441\u0442\u0432\u043e \u0430\u0432\u0442\u043e\u043c\u043e\u0431\u0438\u043b\u044c\u043d\u044b\u0445 \u0434\u043e\u0440\u043e\u0433, \u043f\u043b\u043e\u0442\u0438\u043d \u0438 \u0438\u043d\u0436\u0435\u043d\u0435\u0440\u043d\u044b\u0445 \u0441\u043e\u043e\u0440\u0443\u0436\u0435\u043d\u0438\u0439; \u0432\u044b\u043f\u043e\u043b\u043d\u0435\u043d\u0438\u0435 \u0440\u0430\u0431\u043e\u0442 \u043f\u043e \u0437\u0435\u043c\u043b\u044f\u043d\u044b\u043c \u0440\u0430\u0437\u0440\u0430\u0431\u043e\u0442\u043a\u0430\u043c \u0438 \u043f\u0435\u0440\u0435\u0432\u043e\u0437\u043a\u0435; \u044d\u043a\u0441\u043f\u043b\u0443\u0430\u0442\u0430\u0446\u0438\u044f \u0441\u0442\u0430\u0431\u0438\u043b\u0438\u0437\u0430\u0446\u0438\u043e\u043d\u043d\u044b\u0445 \u043a\u0430\u0440\u044c\u0435\u0440\u043e\u0432, \u043a\u0430\u043c\u0435\u043d\u043d\u044b\u0445 \u043a\u0430\u0440\u044c\u0435\u0440\u043e\u0432, \u043f\u0435\u0441\u0447\u0430\u043d\u043e-\u0433\u0440\u0430\u0432\u0438\u0439\u043d\u044b\u0445 \u043a\u0430\u0440\u044c\u0435\u0440\u043e\u0432, \u043f\u0440\u043e\u043c\u044b\u0432\u043e\u0447\u043d\u043e-\u0441\u043e\u0440\u0442\u0438\u0440\u043e\u0432\u043e\u0447\u043d\u044b\u0445 \u0443\u0441\u0442\u0430\u043d\u043e\u0432\u043e\u043a \u0438 \u0434\u0440\u043e\u0431\u0438\u043b\u044c\u043d\u043e-\u0441\u043e\u0440\u0442\u0438\u0440\u043e\u0432\u043e\u0447\u043d\u044b\u0445 \u043a\u043e\u043c\u043f\u043b\u0435\u043a\u0441\u043e\u0432; \u0430 \u0442\u0430\u043a\u0436\u0435 \u0438\u043d\u044b\u0435 \u0432\u0438\u0434\u044b \u0434\u0435\u044f\u0442\u0435\u043b\u044c\u043d\u043e\u0441\u0442\u0438, \u043f\u0440\u0435\u0434\u0443\u0441\u043c\u043e\u0442\u0440\u0435\u043d\u043d\u044b\u0435 \u0438\u0437\u043c\u0435\u043d\u0435\u043d\u0438\u044f\u043c\u0438 \u0432 \u0423\u0441\u0442\u0430\u0432\u0435, \u0437\u0430\u0440\u0435\u0433\u0438\u0441\u0442\u0440\u0438\u0440\u043e\u0432\u0430\u043d\u043d\u043e\u043c 25 \u0430\u043f\u0440\u0435\u043b\u044f 2013 \u0433\u043e\u0434\u0430.<\/p>\n<\/div>\n[\/vc_column_text][\/vc_column][\/vc_row][vc_row][vc_column]<div class=\"ult-spacer spacer-69f428031f42d\" data-id=\"69f428031f42d\" data-height=\"20\" data-height-mobile=\"20\" data-height-tab=\"20\" data-height-tab-portrait=\"\" data-height-mobile-landscape=\"\" style=\"clear:both;display:block;\"><\/div><div id=\"ultimate-heading-613069f428031f47f\" class=\"uvc-heading ult-adjust-bottom-margin ultimate-heading-613069f428031f47f uvc-6972 \" data-hspacer=\"no_spacer\"  data-halign=\"center\" style=\"text-align:center\"><div class=\"uvc-heading-spacer no_spacer\" style=\"top\"><\/div><div class=\"uvc-main-heading ult-responsive\"  data-ultimate-target='.uvc-heading.ultimate-heading-613069f428031f47f h2'  data-responsive-json-new='{\"font-size\":\"\",\"line-height\":\"\"}' ><h2 style=\"font-weight:normal;\">\u042e\u0420\u0418\u0414\u0418\u0427\u0415\u0421\u041a\u0418\u0415 \u0414\u041e\u041a\u0423\u041c\u0415\u041d\u0422\u042b \u041a\u041e\u041c\u041f\u0410\u041d\u0418\u0418<\/h2><\/div><\/div><div class=\"ult-spacer spacer-69f428031f53c\" data-id=\"69f428031f53c\" data-height=\"30\" data-height-mobile=\"30\" data-height-tab=\"30\" data-height-tab-portrait=\"\" data-height-mobile-landscape=\"\" style=\"clear:both;display:block;\"><\/div>[\/vc_column][\/vc_row][vc_row equal_height=&#187;yes&#187;][vc_column width=&#187;1\/3&#8243;]\n\t\t<div class=\"info-box \"style=\"background:#e5e5e5\">\n\t\t\t<h4>\u0421\u0412\u0418\u0414\u0415\u0422\u0415\u041b\u042c\u0421\u0422\u0412\u041e \u041e \u0414\u0415\u042f\u0422\u0415\u041b\u042c\u041d\u041e\u0421\u0422\u0418<\/h4>\n\t\t\t<p><\/p>\n\t\t\t<a href=\"https:\/\/www.enka.com\/allfiles\/pdf\/TITAS_FAALIYET_BELGESI.pdf\" target=\"_blank\" class=\"button big\" >\u0421\u041a\u0410\u0427\u0410\u0422\u042c<\/a>\n\t\t<\/div>[\/vc_column][vc_column width=&#187;1\/3&#8243;]\n\t\t<div class=\"info-box \"style=\"background:#e5e5e5\">\n\t\t\t<h4>\u041f\u0420\u041e\u0422\u041e\u041a\u041e\u041b \u041e\u0411\u0429\u0415\u0413\u041e \u0421\u041e\u0411\u0420\u0410\u041d\u0418\u042f \u0410\u041a\u0426\u0418\u041e\u041d\u0415\u0420\u041e\u0412<\/h4>\n\t\t\t<p><\/p>\n\t\t\t<a href=\"https:\/\/www.enka.com\/allfiles\/pdf\/GENEL_KURUL_TOPLANTI_TUTANAGI.pdf\" target=\"_blank\" class=\"button big\" >\u0421\u041a\u0410\u0427\u0410\u0422\u042c<\/a>\n\t\t<\/div>[\/vc_column][vc_column width=&#187;1\/3&#8243;]\n\t\t<div class=\"info-box \"style=\"background:#e5e5e5\">\n\t\t\t<h4>\u0412\u042b\u041f\u0418\u0421\u041a\u0410 \u0418\u0417 \u0422\u041e\u0420\u0413\u041e\u0412\u041e\u0413\u041e \u0420\u0415\u0415\u0421\u0422\u0420\u0410<\/h4>\n\t\t\t<p><\/p>\n\t\t\t<a href=\"https:\/\/www.enka.com\/allfiles\/pdf\/SERMAYE_AZALIS_TICARET_SICIL_GAZETESI.pdf\" target=\"_blank\" class=\"button big\" >\u0421\u041a\u0410\u0427\u0410\u0422\u042c<\/a>\n\t\t<\/div>[\/vc_column][\/vc_row][vc_row][vc_column]<div class=\"ult-spacer spacer-69f428031f5ae\" data-id=\"69f428031f5ae\" data-height=\"30\" data-height-mobile=\"30\" data-height-tab=\"30\" data-height-tab-portrait=\"\" data-height-mobile-landscape=\"\" style=\"clear:both;display:block;\"><\/div>[\/vc_column][\/vc_row][vc_row equal_height=&#187;yes&#187;][vc_column width=&#187;1\/3&#8243;][\/vc_column][vc_column width=&#187;1\/3&#8243;]\n\t\t<div class=\"info-box \"style=\"background:#e5e5e5\">\n\t\t\t<h4>\u0421\u0412\u0418\u0414\u0415\u0422\u0415\u041b\u042c\u0421\u0422\u0412\u041e \u041e \u041d\u0410\u041b\u041e\u0413\u041e\u0412\u041e\u0419 \u0420\u0415\u0413\u0418\u0421\u0422\u0420\u0410\u0426\u0418\u0418<\/h4>\n\t\t\t<p><\/p>\n\t\t\t<a href=\"https:\/\/www.enka.com\/allfiles\/pdf\/TITAS_VERGI_LEVHASI.pdf\" target=\"_blank\" class=\"button big\" >\u0421\u041a\u0410\u0427\u0410\u0422\u042c<\/a>\n\t\t<\/div>[\/vc_column][vc_column width=&#187;1\/3&#8243;][\/vc_column][\/vc_row]\n<\/div>","protected":false},"excerpt":{"rendered":"<p>[vc_row][vc_column][vc_column_text css=&#187;&#187;]\u041e\u0411\u0429\u0410\u042f \u0418\u041d\u0424\u041e\u0420\u041c\u0410\u0426\u0418\u042f \u0410\u043a\u0446\u0438\u043e\u043d\u0435\u0440\u043d\u043e\u0435 \u043e\u0431\u0449\u0435\u0441\u0442\u0432\u043e Tita\u015f Toprak \u0130n\u015faat ve Taahh\u00fct A.\u015e. \u0437\u0430\u0440\u0435\u0433\u0438\u0441\u0442\u0440\u0438\u0440\u043e\u0432\u0430\u043d\u043e \u0432 \u0422\u043e\u0440\u0433\u043e\u0432\u043e\u0439 \u043f\u0430\u043b\u0430\u0442\u0435 \u0421\u0442\u0430\u043c\u0431\u0443\u043b\u0430 \u043f\u043e\u0434 \u2116 130170-0 \u0438 \u043e\u0441\u0443\u0449\u0435\u0441\u0442\u0432\u043b\u044f\u0435\u0442 \u0434\u0435\u044f\u0442\u0435\u043b\u044c\u043d\u043e\u0441\u0442\u044c \u043f\u043e \u0430\u0434\u0440\u0435\u0441\u0443: \u0440\u0430\u0439\u043e\u043d \u0411\u0430\u043b\u043c\u0443\u043c\u0434\u0436\u0443, \u0443\u043b. \u0417\u0438\u043d\u0434\u0436\u0438\u0440\u043b\u0438\u043a\u0443\u044e \u0419\u043e\u043b\u0443, \u0434. 10, \u0411\u0435\u0448\u0438\u043a\u0442\u0430\u0448 \u2013 \u0421\u0442\u0430\u043c\u0431\u0443\u043b. \u0423\u0441\u0442\u0430\u0432\u043d\u044b\u0439 \u043a\u0430\u043f\u0438\u0442\u0430\u043b: \u0423\u0441\u0442\u0430\u0432\u043d\u044b\u0439 \u043a\u0430\u043f\u0438\u0442\u0430\u043b \u043a\u043e\u043c\u043f\u0430\u043d\u0438\u0438 \u0441\u043e\u0441\u0442\u0430\u0432\u043b\u044f\u0435\u0442 1.000.000,00 \u0442\u0443\u0440\u0435\u0446\u043a\u0438\u0445 \u043b\u0438\u0440 (\u041e\u0434\u0438\u043d \u043c\u0438\u043b\u043b\u0438\u043e\u043d \u0442\u0443\u0440\u0435\u0446\u043a\u0438\u0445 \u043b\u0438\u0440) \u0438 \u0440\u0430\u0437\u0434\u0435\u043b\u0451\u043d \u043d\u0430 1.000.000 (\u041e\u0434\u0438\u043d \u043c\u0438\u043b\u043b\u0438\u043e\u043d) \u0430\u043a\u0446\u0438\u0439 \u043d\u0430 <a class=\"more-link\" href=\"https:\/\/www.enka.com\/ru\/subsidiaries\/titas\/\">Continue reading <i class=\"fa fa-chevron-right\"><\/i><\/a><\/p>\n","protected":false},"author":26,"featured_media":29256,"parent":29127,"menu_order":0,"comment_status":"closed","ping_status":"closed","template":"","meta":{"_acf_changed":false,"footnotes":""},"class_list":["post-87723","page","type-page","status-publish","has-post-thumbnail","hentry"],"aioseo_notices":[],"acf":[],"_links":{"self":[{"href":"https:\/\/www.enka.com\/ru\/wp-json\/wp\/v2\/pages\/87723","targetHints":{"allow":["GET"]}}],"collection":[{"href":"https:\/\/www.enka.com\/ru\/wp-json\/wp\/v2\/pages"}],"about":[{"href":"https:\/\/www.enka.com\/ru\/wp-json\/wp\/v2\/types\/page"}],"author":[{"embeddable":true,"href":"https:\/\/www.enka.com\/ru\/wp-json\/wp\/v2\/users\/26"}],"replies":[{"embeddable":true,"href":"https:\/\/www.enka.com\/ru\/wp-json\/wp\/v2\/comments?post=87723"}],"version-history":[{"count":0,"href":"https:\/\/www.enka.com\/ru\/wp-json\/wp\/v2\/pages\/87723\/revisions"}],"up":[{"embeddable":true,"href":"https:\/\/www.enka.com\/ru\/wp-json\/wp\/v2\/pages\/29127"}],"wp:featuredmedia":[{"embeddable":true,"href":"https:\/\/www.enka.com\/ru\/wp-json\/wp\/v2\/media\/29256"}],"wp:attachment":[{"href":"https:\/\/www.enka.com\/ru\/wp-json\/wp\/v2\/media?parent=87723"}],"curies":[{"name":"wp","href":"https:\/\/api.w.org\/{rel}","templated":true}]}}