{"id":10514,"date":"2021-05-23T22:15:47","date_gmt":"2021-05-23T19:15:47","guid":{"rendered":"https:\/\/www.enka.com\/sustainability\/report-2020\/"},"modified":"2025-04-09T11:39:42","modified_gmt":"2025-04-09T08:39:42","slug":"sustainability-reports","status":"publish","type":"page","link":"https:\/\/www.enka.com\/sustainability\/ru\/sustainability-reports\/","title":{"rendered":"\u041e\u0442\u0447\u0435\u0442\u044b \u043e\u0431 \u0443\u0441\u0442\u043e\u0439\u0447\u0438\u0432\u043e\u043c \u0440\u0430\u0437\u0432\u0438\u0442\u0438\u0438"},"content":{"rendered":"<div class=\"wpb-content-wrapper\">[vc_row gap=&#187;20&#8243; equal_height=&#187;yes&#187; bg_type=&#187;bg_color&#187; bg_color_value=&#187;#012169&#8243;][vc_column width=&#187;2\/3&#8243; css=&#187;.vc_custom_1621792623661{background-color: #f7f7f7 !important;background-position: center !important;background-repeat: no-repeat !important;background-size: cover !important;}&#187;]<div id=\"ultimate-heading-16769fc3a6b16e82\" class=\"uvc-heading ult-adjust-bottom-margin ultimate-heading-16769fc3a6b16e82 uvc-9169 \" data-hspacer=\"line_only\"  data-halign=\"left\" style=\"text-align:left\"><div class=\"uvc-main-heading ult-responsive\"  data-ultimate-target='.uvc-heading.ultimate-heading-16769fc3a6b16e82 h2'  data-responsive-json-new='{\"font-size\":\"\",\"line-height\":\"\"}' ><h2 style=\"font-weight:normal;\">\u041e\u0442\u0447\u0435\u0442 \u043e\u0431 \u0443\u0441\u0442\u043e\u0439\u0447\u0438\u0432\u043e\u043c \u0440\u0430\u0437\u0432\u0438\u0442\u0438\u0438 \u043a\u043e\u043c\u043f\u0430\u043d\u0438\u0438 \u00ab\u042d\u041d\u041a\u0410\u00bb \u0437\u0430 2024 \u0433.<\/h2><\/div><div class=\"uvc-heading-spacer line_only\" style=\"margin-top:10px;margin-bottom:10px;height:3px;\"><span class=\"uvc-headings-line\" style=\"border-style:solid;border-bottom-width:3px;border-color:#6CC22D;width:autopx;\"><\/span><\/div><\/div>[vc_column_text css_animation=&#187;fadeIn&#187; css=&#187;.vc_custom_1744187927798{padding-right: 35px !important;padding-left: 35px !important;}&#187;]\n<p style=\"text-align: justify;\">ENKA \u0130n\u015faat ve Sanayi A.\u015e. (ENKA) presents its sustainability strategy, which is based on environmental, social, and governance (ESG) principles, along with its sustainability performance, approach to material issues important to its stakeholders, and the initiatives it undertakes within this scope, goals, existing and potential risks, opportunities, and comparative sustainability indicators, for the information of its stakeholders, through corporate sustainability reports on an annual basis. This year, under the motto of \u201cBuilding Solidarity \u2013 A United Commitment,\u201d ENKA has published its 8th sustainability report, covering activities in T\u00fcrkiye and worldwide in 2024 (January 1, 2024 &#8212; December 31, 2024).<\/p>\n<p style=\"text-align: justify;\">The 2024 Sustainability Report has been prepared within the same scope as the ENKA Annual Report, which is published annually and includes the company\u2019s financial reporting. This approach ensures full compliance with the T\u00fcrkiye Sustainability Reporting Standards (TSRS). In this regard, the report covers data and activities of ENKA\u2019s Headquarters, its subsidiaries and projects in T\u00fcrkiye and abroad, and the ENKA Foundation.<\/p>\n[\/vc_column_text][vc_btn title=&#187;\u0417\u0410\u0413\u0420\u0423\u0417\u0418\u0422\u042c&#187; style=&#187;flat&#187; shape=&#187;square&#187; color=&#187;green&#187; align=&#187;left&#187; i_icon_fontawesome=&#187;fa fa-regular fa-file-pdf&#187; css=&#187;.vc_custom_1744187816422{padding-left: 35px !important;}&#187; add_icon=&#187;true&#187; link=&#187;url:https%3A%2F%2Fwww.enka.com%2Fallfiles%2Fpdf%2FENKA_Sustainability_Report_2024.pdf|target:_blank&#187;][\/vc_column][vc_column width=&#187;1\/3&#8243; css=&#187;.vc_custom_1744187605509{border-top-width: 1px !important;border-right-width: 1px !important;border-bottom-width: 1px !important;border-left-width: 1px !important;border-color: #ededed !important;}&#187;][vc_single_image image=&#187;14908&#8243; img_size=&#187;full&#187; alignment=&#187;center&#187; css_animation=&#187;none&#187; css=&#187;&#187;][\/vc_column][\/vc_row][vc_row][vc_column]<div class=\"ult-spacer spacer-69fc3a6b16f4f\" data-id=\"69fc3a6b16f4f\" data-height=\"32\" data-height-mobile=\"32\" data-height-tab=\"32\" data-height-tab-portrait=\"\" data-height-mobile-landscape=\"\" style=\"clear:both;display:block;\"><\/div>[\/vc_column][\/vc_row][vc_row gap=&#187;20&#8243; equal_height=&#187;yes&#187; css=&#187;.vc_custom_1482332206790{margin-top: 20px !important;}&#187;][vc_column width=&#187;2\/3&#8243; css=&#187;.vc_custom_1482332133400{border: 1px solid #ededed !important;}&#187;][vc_single_image image=&#187;14914&#8243; img_size=&#187;full&#187; alignment=&#187;center&#187; onclick=&#187;link_image&#187; css_animation=&#187;none&#187; css=&#187;&#187;][\/vc_column][vc_column width=&#187;1\/3&#8243; css=&#187;.vc_custom_1621792673497{background-color: #f7f7f7 !important;background-position: center !important;background-repeat: no-repeat !important;background-size: cover !important;}&#187;]<div class=\"ult-spacer spacer-69fc3a6b16f7f\" data-id=\"69fc3a6b16f7f\" data-height=\"20\" data-height-mobile=\"20\" data-height-tab=\"20\" data-height-tab-portrait=\"\" data-height-mobile-landscape=\"\" style=\"clear:both;display:block;\"><\/div>[vc_column_text css=&#187;.vc_custom_1744187946341{padding-right: 35px !important;padding-left: 35px !important;}&#187;]\n<p style=\"text-align: left;\">Dear Stakeholders,<\/p>\n<p style=\"text-align: left;\">As ENKA, we delivered strong results in 2024 despite the ongoing global challenges. The year was marked by international turbulence, with geopolitical tensions, inflationary pressures, rising costs of energy, and the persistent uncertainty stemming from climate change. While these challenges demand vigilance, our resilient performance and continued success demonstrate the strength of our business operations and our ability to adapt to shifting global dynamics&#8230;.<\/p>\n[\/vc_column_text]<div class=\"ult-spacer spacer-69fc3a6b16fa2\" data-id=\"69fc3a6b16fa2\" data-height=\"20\" data-height-mobile=\"20\" data-height-tab=\"20\" data-height-tab-portrait=\"\" data-height-mobile-landscape=\"\" style=\"clear:both;display:block;\"><\/div><div class=\"ult-spacer spacer-69fc3a6b16fc3\" data-id=\"69fc3a6b16fc3\" data-height=\"20\" data-height-mobile=\"20\" data-height-tab=\"20\" data-height-tab-portrait=\"\" data-height-mobile-landscape=\"\" style=\"clear:both;display:block;\"><\/div>[vc_btn title=&#187;\u0427\u0418\u0422\u0410\u0422\u042c \u0414\u0410\u041b\u0415\u0415&#187; style=&#187;flat&#187; color=&#187;green&#187; align=&#187;left&#187; css=&#187;.vc_custom_1744187784302{padding-left: 35px !important;}&#187; link=&#187;url:https%3A%2F%2Fwww.enka.com%2Fsustainability%2Fwp-content%2Fuploads%2F2025%2F04%2FENKA_Sustainability_Report_2024_Message.pdf|target:_blank&#187;][\/vc_column][\/vc_row][vc_row][vc_column]<div class=\"ult-spacer spacer-69fc3a6b16fe2\" data-id=\"69fc3a6b16fe2\" data-height=\"32\" data-height-mobile=\"32\" data-height-tab=\"32\" data-height-tab-portrait=\"\" data-height-mobile-landscape=\"\" style=\"clear:both;display:block;\"><\/div><div class=\"ult-spacer spacer-69fc3a6b17000\" data-id=\"69fc3a6b17000\" data-height=\"32\" data-height-mobile=\"32\" data-height-tab=\"32\" data-height-tab-portrait=\"\" data-height-mobile-landscape=\"\" style=\"clear:both;display:block;\"><\/div><div id=\"ultimate-heading-27969fc3a6b17047\" class=\"uvc-heading ult-adjust-bottom-margin ultimate-heading-27969fc3a6b17047 uvc-5773 \" data-hspacer=\"line_only\"  data-halign=\"center\" style=\"text-align:center\"><div class=\"uvc-sub-heading ult-responsive\"  data-ultimate-target='.uvc-heading.ultimate-heading-27969fc3a6b17047 .uvc-sub-heading '  data-responsive-json-new='{\"font-size\":\"\",\"line-height\":\"\"}'  style=\"font-weight:normal;\"><span style=\"font-size: 18pt;\">\u041e\u0422\u0427\u0415\u0422\u042b \u041e\u0411 \u0423\u0421\u0422\u041e\u0419\u0427\u0418\u0412\u041e\u041c \u0420\u0410\u0417\u0412\u0418\u0422\u0418\u0418 \u0417\u0410 \u041f\u0420\u0415\u0414\u042b\u0414\u0423\u0429\u0418\u0415 \u0413\u041e\u0414\u042b<\/span><\/div><div class=\"uvc-heading-spacer line_only\" style=\"margin-top:10px;margin-bottom:10px;height:3px;\"><span class=\"uvc-headings-line\" style=\"border-style:solid;border-bottom-width:3px;border-color:#012169;width:autopx;\"><\/span><\/div><\/div>[\/vc_column][\/vc_row][vc_row full_width=&#187;stretch_row&#187; gap=&#187;10&#8243;][vc_column width=&#187;1\/4&#8243;][vc_single_image image=&#187;14241&#8243; img_size=&#187;400&#215;600&#8243; alignment=&#187;center&#187; style=&#187;vc_box_shadow_3d&#187; css_animation=&#187;none&#187; css=&#187;&#187;][vc_btn title=&#187;\u041e\u0422\u0427\u0401\u0422 \u041e\u0411 \u0423\u0421\u0422\u041e\u0419\u0427\u0418\u0412\u041e\u041c \u0420\u0410\u0417\u0412\u0418\u0422\u0418\u0418 2023&#8243; style=&#187;flat&#187; shape=&#187;square&#187; color=&#187;green&#187; align=&#187;center&#187; css=&#187;&#187; button_block=&#187;true&#187; link=&#187;url:https%3A%2F%2Fwww.enka.com%2Fallfiles%2Fpdf%2FENKA_Sustainability_Report_2023.pdf|target:_blank&#187;][\/vc_column][vc_column width=&#187;1\/4&#8243;][vc_single_image image=&#187;14271&#8243; img_size=&#187;400&#215;600&#8243; alignment=&#187;center&#187; style=&#187;vc_box_shadow_3d&#187; css_animation=&#187;none&#187; css=&#187;&#187;][vc_btn title=&#187;\u041e\u0422\u0427\u0401\u0422 \u041e\u0411 \u0423\u0421\u0422\u041e\u0419\u0427\u0418\u0412\u041e\u041c \u0420\u0410\u0417\u0412\u0418\u0422\u0418\u0418 2022&#8243; style=&#187;flat&#187; shape=&#187;square&#187; color=&#187;green&#187; align=&#187;center&#187; css=&#187;&#187; button_block=&#187;true&#187; link=&#187;url:https%3A%2F%2Fwww.enka.com%2Fallfiles%2Fpdf%2FENKA_Sustainability_Report_2022.pdf|target:_blank&#187;][\/vc_column][vc_column width=&#187;1\/4&#8243;][vc_single_image image=&#187;13398&#8243; img_size=&#187;400&#215;600&#8243; alignment=&#187;center&#187; style=&#187;vc_box_shadow_3d&#187; css_animation=&#187;none&#187;][vc_btn title=&#187;\u041e\u0422\u0427\u0401\u0422 \u041e\u0411 \u0423\u0421\u0422\u041e\u0419\u0427\u0418\u0412\u041e\u041c \u0420\u0410\u0417\u0412\u0418\u0422\u0418\u0418 2021&#8243; style=&#187;flat&#187; shape=&#187;square&#187; color=&#187;green&#187; align=&#187;center&#187; button_block=&#187;true&#187; link=&#187;url:https%3A%2F%2Fwww.enka.com%2Fallfiles%2Fpdf%2FENKA_Sustainability_Report_2021.pdf|target:_blank&#187;][\/vc_column][vc_column width=&#187;1\/4&#8243;][vc_single_image image=&#187;11444&#8243; img_size=&#187;400&#215;600&#8243; alignment=&#187;center&#187; style=&#187;vc_box_shadow_3d&#187; css_animation=&#187;none&#187;][vc_btn title=&#187;\u041e\u0422\u0427\u0401\u0422 \u041e\u0411 \u0423\u0421\u0422\u041e\u0419\u0427\u0418\u0412\u041e\u041c \u0420\u0410\u0417\u0412\u0418\u0422\u0418\u0418 2020&#8243; style=&#187;flat&#187; shape=&#187;square&#187; color=&#187;green&#187; align=&#187;center&#187; button_block=&#187;true&#187; link=&#187;url:https%3A%2F%2Fwww.enka.com%2Fallfiles%2Fpdf%2FENKA_Sustainability_Report_2020.pdf|target:_blank&#187;][\/vc_column][\/vc_row][vc_row full_width=&#187;stretch_row&#187; gap=&#187;10&#8243;][vc_column width=&#187;1\/4&#8243;][vc_single_image image=&#187;11447&#8243; img_size=&#187;400&#215;600&#8243; alignment=&#187;center&#187; style=&#187;vc_box_shadow_3d&#187; css_animation=&#187;none&#187;][vc_btn title=&#187;\u041e\u0422\u0427\u0401\u0422 \u041e\u0411 \u0423\u0421\u0422\u041e\u0419\u0427\u0418\u0412\u041e\u041c \u0420\u0410\u0417\u0412\u0418\u0422\u0418\u0418 2019&#8243; style=&#187;flat&#187; shape=&#187;square&#187; color=&#187;green&#187; align=&#187;center&#187; button_block=&#187;true&#187; link=&#187;url:https%3A%2F%2Fwww.enka.com%2Fallfiles%2Fpdf%2FENKA_Sustainability_Report_2019.pdf|target:_blank&#187;][\/vc_column][vc_column width=&#187;1\/4&#8243;][vc_single_image image=&#187;11450&#8243; img_size=&#187;400&#215;600&#8243; alignment=&#187;center&#187; style=&#187;vc_box_shadow_3d&#187; css_animation=&#187;none&#187;][vc_btn title=&#187;\u041e\u0422\u0427\u0401\u0422 \u041e\u0411 \u0423\u0421\u0422\u041e\u0419\u0427\u0418\u0412\u041e\u041c \u0420\u0410\u0417\u0412\u0418\u0422\u0418\u0418 2018&#8243; style=&#187;flat&#187; shape=&#187;square&#187; color=&#187;green&#187; align=&#187;center&#187; button_block=&#187;true&#187; link=&#187;url:https%3A%2F%2Fwww.enka.com%2Fallfiles%2Fpdf%2FENKA_Sustainability_Report_2018.pdf|target:_blank&#187;][\/vc_column][vc_column width=&#187;1\/4&#8243;][vc_single_image image=&#187;11453&#8243; img_size=&#187;400&#215;600&#8243; alignment=&#187;center&#187; style=&#187;vc_box_shadow_3d&#187; css_animation=&#187;none&#187;][vc_btn title=&#187;\u041e\u0422\u0427\u0401\u0422 \u041e\u0411 \u0423\u0421\u0422\u041e\u0419\u0427\u0418\u0412\u041e\u041c \u0420\u0410\u0417\u0412\u0418\u0422\u0418\u0418 2017&#8243; style=&#187;flat&#187; shape=&#187;square&#187; color=&#187;green&#187; align=&#187;center&#187; button_block=&#187;true&#187; link=&#187;url:https%3A%2F%2Fwww.enka.com%2Fallfiles%2Fpdf%2FENKAI_SUSTAINABILITY_REPORT_2017.pdf|target:_blank&#187;][\/vc_column][vc_column width=&#187;1\/4&#8243;][\/vc_column][\/vc_row]\n<\/div>","protected":false},"excerpt":{"rendered":"<p>[vc_row gap=&#187;20&#8243; equal_height=&#187;yes&#187; bg_type=&#187;bg_color&#187; bg_color_value=&#187;#012169&#8243;][vc_column width=&#187;2\/3&#8243; css=&#187;.vc_custom_1621792623661{background-color: #f7f7f7 !important;background-position: center !important;background-repeat: no-repeat !important;background-size: cover !important;}&#187;][vc_column_text css_animation=&#187;fadeIn&#187; css=&#187;.vc_custom_1744187927798{padding-right: 35px !important;padding-left: 35px !important;}&#187;] ENKA \u0130n\u015faat ve Sanayi A.\u015e. (ENKA) presents its sustainability strategy, which is based on environmental, social, and governance (ESG) principles, along with its sustainability performance, approach to material issues important to its stakeholders, and <a class=\"more-link\" href=\"https:\/\/www.enka.com\/sustainability\/ru\/sustainability-reports\/\">Continue reading <i class=\"fa fa-chevron-right\"><\/i><\/a><\/p>\n","protected":false},"author":1,"featured_media":0,"parent":0,"menu_order":0,"comment_status":"closed","ping_status":"closed","template":"","meta":{"_acf_changed":false,"inline_featured_image":false,"footnotes":""},"class_list":["post-10514","page","type-page","status-publish","hentry"],"aioseo_notices":[],"acf":[],"_links":{"self":[{"href":"https:\/\/www.enka.com\/sustainability\/ru\/wp-json\/wp\/v2\/pages\/10514","targetHints":{"allow":["GET"]}}],"collection":[{"href":"https:\/\/www.enka.com\/sustainability\/ru\/wp-json\/wp\/v2\/pages"}],"about":[{"href":"https:\/\/www.enka.com\/sustainability\/ru\/wp-json\/wp\/v2\/types\/page"}],"author":[{"embeddable":true,"href":"https:\/\/www.enka.com\/sustainability\/ru\/wp-json\/wp\/v2\/users\/1"}],"replies":[{"embeddable":true,"href":"https:\/\/www.enka.com\/sustainability\/ru\/wp-json\/wp\/v2\/comments?post=10514"}],"version-history":[{"count":0,"href":"https:\/\/www.enka.com\/sustainability\/ru\/wp-json\/wp\/v2\/pages\/10514\/revisions"}],"wp:attachment":[{"href":"https:\/\/www.enka.com\/sustainability\/ru\/wp-json\/wp\/v2\/media?parent=10514"}],"curies":[{"name":"wp","href":"https:\/\/api.w.org\/{rel}","templated":true}]}}