{"id":10470,"date":"2021-05-23T22:15:47","date_gmt":"2021-05-23T19:15:47","guid":{"rendered":"https:\/\/www.enka.com\/sustainability\/?page_id=10470"},"modified":"2026-03-17T16:23:26","modified_gmt":"2026-03-17T13:23:26","slug":"surdurulebilirlik-raporlari","status":"publish","type":"page","link":"https:\/\/www.enka.com\/sustainability\/tr\/surdurulebilirlik-raporlari\/","title":{"rendered":"S\u00fcrd\u00fcr\u00fclebilirlik Raporlar\u0131"},"content":{"rendered":"<div class=\"wpb-content-wrapper\">[vc_row gap=&#8221;20&#8243; equal_height=&#8221;yes&#8221; bg_type=&#8221;bg_color&#8221; bg_color_value=&#8221;#012169&#8243;][vc_column css=&#8221;.vc_custom_1621792623661{background-color: #f7f7f7 !important;background-position: center !important;background-repeat: no-repeat !important;background-size: cover !important;}&#8221;][vc_single_image image=&#8221;15515&#8243; img_size=&#8221;full&#8221; alignment=&#8221;center&#8221; css_animation=&#8221;none&#8221; css=&#8221;.vc_custom_1773726235934{margin-bottom: 0px !important;}&#8221;]<div class=\"ult-spacer spacer-69faf4b30e7e7\" data-id=\"69faf4b30e7e7\" data-height=\"30\" data-height-mobile=\"30\" data-height-tab=\"30\" data-height-tab-portrait=\"\" data-height-mobile-landscape=\"\" style=\"clear:both;display:block;\"><\/div><div id=\"ultimate-heading-891669faf4b30e857\" class=\"uvc-heading ult-adjust-bottom-margin ultimate-heading-891669faf4b30e857 uvc-8292 \" data-hspacer=\"line_only\"  data-halign=\"left\" style=\"text-align:left\"><div class=\"uvc-main-heading ult-responsive\"  data-ultimate-target='.uvc-heading.ultimate-heading-891669faf4b30e857 h2'  data-responsive-json-new='{\"font-size\":\"\",\"line-height\":\"\"}' ><h2 style=\"font-weight:normal;\">S\u00dcRD\u00dcR\u00dcLEB\u0130L\u0130RL\u0130K RAPORU 2025<\/h2><\/div><div class=\"uvc-heading-spacer line_only\" style=\"margin-top:10px;margin-bottom:10px;height:3px;\"><span class=\"uvc-headings-line\" style=\"border-style:solid;border-bottom-width:3px;border-color:#6CC22D;width:autopx;\"><\/span><\/div><\/div><div class=\"ult-spacer spacer-69faf4b30e901\" data-id=\"69faf4b30e901\" data-height=\"30\" data-height-mobile=\"30\" data-height-tab=\"30\" data-height-tab-portrait=\"\" data-height-mobile-landscape=\"\" style=\"clear:both;display:block;\"><\/div>[vc_column_text css_animation=&#8221;fadeIn&#8221; css=&#8221;.vc_custom_1773725321525{margin-bottom: 0px !important;padding-right: 0px !important;padding-left: 0px !important;}&#8221;]\n<p style=\"text-align: justify;\">ENKA \u0130n\u015faat ve Sanayi A.\u015e. (ENKA), her y\u0131l yay\u0131mlad\u0131\u011f\u0131 S\u00fcrd\u00fcr\u00fclebilirlik Raporu arac\u0131l\u0131\u011f\u0131yla \u00e7evresel, sosyal ve y\u00f6neti\u015fim (ESG) alanlar\u0131ndaki stratejik yakla\u015f\u0131m\u0131n\u0131, performans\u0131n\u0131, hedeflerini ve bu kapsamda y\u00fcr\u00fctt\u00fc\u011f\u00fc \u00e7al\u0131\u015fmalar\u0131n\u0131, mevcut ve potansiyel risklerini ve f\u0131rsatlar\u0131n\u0131 ve kar\u015f\u0131la\u015ft\u0131rmal\u0131 bilgileri i\u00e7eren s\u00fcrd\u00fcr\u00fclebilirlik g\u00f6stergelerini \u015feffafl\u0131k ve hesap verebilirlik ilkesi do\u011frultusunda t\u00fcm payda\u015flar\u0131yla payla\u015fmaktad\u0131r. Bu y\u0131l \u2018\u2018Anticipate. Align. Advance.\u2019\u2019 mottosuyla haz\u0131rlanan ve ENKA\u2019n\u0131n 9. s\u00fcrd\u00fcr\u00fclebilirlik raporu olan bu rapor, \u015firketin ESG performans\u0131na ili\u015fkin ana kaynak olup, \u015firketin 1 Ocak 2025 &#8211; 31 Aral\u0131k 2025 tarihleri aras\u0131nda T\u00fcrkiye ve d\u00fcnya genelindeki faaliyetlerini kapsamaktad\u0131r.<\/p>\n<p style=\"text-align: justify;\">2025 S\u00fcrd\u00fcr\u00fclebilirlik Raporu, y\u0131ll\u0131k olarak yay\u0131mlanan ve \u015firketin finansal raporlamas\u0131n\u0131 i\u00e7eren ENKA Faaliyet Raporu ile ayn\u0131 kapsamda haz\u0131rlanm\u0131\u015ft\u0131r. Bu do\u011frultuda rapor, ENKA Merkez Ofis, ENKA\u2019n\u0131n T\u00fcrkiye ve yurt d\u0131\u015f\u0131ndaki i\u015ftirakleri, ba\u011fl\u0131 ortaklar\u0131, projeleri ile ENKA Vakf\u0131 verilerini ve faaliyetlerini kapsamaktad\u0131r. Raporlama kapsam\u0131nda yer alan t\u00fcm birimlerin detayl\u0131 listesi Ek 2\u2019de yer almaktad\u0131r.<\/p>\n[\/vc_column_text]<div class=\"ult-spacer spacer-69faf4b30e92c\" data-id=\"69faf4b30e92c\" data-height=\"30\" data-height-mobile=\"30\" data-height-tab=\"30\" data-height-tab-portrait=\"\" data-height-mobile-landscape=\"\" style=\"clear:both;display:block;\"><\/div>[vc_row_inner][vc_column_inner width=&#8221;1\/2&#8243;][vc_btn title=&#8221;S\u00dcRD\u00dcR\u00dcLEB\u0130L\u0130RL\u0130K RAPORU&#8221; style=&#8221;flat&#8221; shape=&#8221;square&#8221; color=&#8221;green&#8221; size=&#8221;lg&#8221; align=&#8221;left&#8221; i_icon_fontawesome=&#8221;fa fa-regular fa-file-pdf&#8221; css=&#8221;.vc_custom_1773744936504{margin-bottom: 0px !important;padding-left: 0px !important;}&#8221; button_block=&#8221;true&#8221; add_icon=&#8221;true&#8221; link=&#8221;url:https%3A%2F%2Fwww.enka.com%2Fallfiles%2Fpdf%2FENKA_Surdurulebilirlik_Raporu_2025.pdf|target:_blank&#8221;][\/vc_column_inner][vc_column_inner width=&#8221;1\/2&#8243;][vc_btn title=&#8221;TSRS UYUMLU S\u00dcRD\u00dcR\u00dcLEB\u0130L\u0130RL\u0130K RAPORU&#8221; style=&#8221;flat&#8221; shape=&#8221;square&#8221; color=&#8221;green&#8221; size=&#8221;lg&#8221; align=&#8221;left&#8221; i_icon_fontawesome=&#8221;fa fa-regular fa-file-pdf&#8221; css=&#8221;.vc_custom_1773753803328{margin-bottom: 0px !important;padding-left: 0px !important;}&#8221; button_block=&#8221;true&#8221; add_icon=&#8221;true&#8221; link=&#8221;url:https%3A%2F%2Fwww.enka.com%2Fallfiles%2Fpdf%2FENKA_Surdurulebilirlik_TSRS_Raporu_2025.pdf|target:_blank&#8221;][\/vc_column_inner][\/vc_row_inner][vc_row_inner][vc_column_inner]<div class=\"ult-spacer spacer-69faf4b30e950\" data-id=\"69faf4b30e950\" data-height=\"30\" data-height-mobile=\"30\" data-height-tab=\"30\" data-height-tab-portrait=\"\" data-height-mobile-landscape=\"\" style=\"clear:both;display:block;\"><\/div>[\/vc_column_inner][\/vc_row_inner][\/vc_column][\/vc_row][vc_row][vc_column]<div class=\"ult-spacer spacer-69faf4b30e970\" data-id=\"69faf4b30e970\" data-height=\"32\" data-height-mobile=\"32\" data-height-tab=\"32\" data-height-tab-portrait=\"\" data-height-mobile-landscape=\"\" style=\"clear:both;display:block;\"><\/div><div class=\"ult-spacer spacer-69faf4b30e990\" data-id=\"69faf4b30e990\" data-height=\"32\" data-height-mobile=\"32\" data-height-tab=\"32\" data-height-tab-portrait=\"\" data-height-mobile-landscape=\"\" style=\"clear:both;display:block;\"><\/div><div id=\"ultimate-heading-941569faf4b30e9bd\" class=\"uvc-heading ult-adjust-bottom-margin ultimate-heading-941569faf4b30e9bd uvc-4754 \" data-hspacer=\"line_only\"  data-halign=\"center\" style=\"text-align:center\"><div class=\"uvc-sub-heading ult-responsive\"  data-ultimate-target='.uvc-heading.ultimate-heading-941569faf4b30e9bd .uvc-sub-heading '  data-responsive-json-new='{\"font-size\":\"\",\"line-height\":\"\"}'  style=\"font-weight:normal;\"><span style=\"font-size: 18pt;\">GE\u00c7M\u0130\u015e S\u00dcRD\u00dcR\u00dcLEB\u0130L\u0130RL\u0130K RAPORLARI<\/span><\/div><div class=\"uvc-heading-spacer line_only\" style=\"margin-top:10px;margin-bottom:10px;height:3px;\"><span class=\"uvc-headings-line\" style=\"border-style:solid;border-bottom-width:3px;border-color:#012169;width:autopx;\"><\/span><\/div><\/div><div class=\"ult-spacer spacer-69faf4b30e9e9\" data-id=\"69faf4b30e9e9\" data-height=\"32\" data-height-mobile=\"32\" data-height-tab=\"32\" data-height-tab-portrait=\"\" data-height-mobile-landscape=\"\" style=\"clear:both;display:block;\"><\/div>[\/vc_column][\/vc_row][vc_row gap=&#8221;10&#8243;][vc_column width=&#8221;1\/4&#8243;][vc_single_image image=&#8221;14906&#8243; img_size=&#8221;400&#215;600&#8243; alignment=&#8221;center&#8221; style=&#8221;vc_box_shadow_3d&#8221; css_animation=&#8221;none&#8221; css=&#8221;&#8221;][vc_btn title=&#8221;2024 S\u00dcRD\u00dcR\u00dcLEB\u0130L\u0130RL\u0130K RAPORU&#8221; style=&#8221;flat&#8221; shape=&#8221;square&#8221; color=&#8221;green&#8221; align=&#8221;center&#8221; css=&#8221;&#8221; button_block=&#8221;true&#8221; link=&#8221;url:https%3A%2F%2Fwww.enka.com%2Fallfiles%2Fpdf%2FENKA_Surdurulebilirlik_Raporu_2024.pdf|target:_blank&#8221;][\/vc_column][vc_column width=&#8221;1\/4&#8243;][vc_single_image image=&#8221;14259&#8243; img_size=&#8221;400&#215;600&#8243; alignment=&#8221;center&#8221; style=&#8221;vc_box_shadow_3d&#8221; css_animation=&#8221;none&#8221; css=&#8221;&#8221;][vc_btn title=&#8221;2023 S\u00dcRD\u00dcR\u00dcLEB\u0130L\u0130RL\u0130K RAPORU&#8221; style=&#8221;flat&#8221; shape=&#8221;square&#8221; color=&#8221;green&#8221; align=&#8221;center&#8221; css=&#8221;&#8221; button_block=&#8221;true&#8221; link=&#8221;url:https%3A%2F%2Fwww.enka.com%2Fallfiles%2Fpdf%2FENKA_Surdurulebilirlik_Raporu_2023.pdf|target:_blank&#8221;][\/vc_column][vc_column width=&#8221;1\/4&#8243;][vc_single_image image=&#8221;13378&#8243; img_size=&#8221;400&#215;600&#8243; alignment=&#8221;center&#8221; style=&#8221;vc_box_shadow_3d&#8221; css_animation=&#8221;none&#8221; css=&#8221;&#8221;][vc_btn title=&#8221;2022 S\u00dcRD\u00dcR\u00dcLEB\u0130L\u0130RL\u0130K RAPORU&#8221; style=&#8221;flat&#8221; shape=&#8221;square&#8221; color=&#8221;green&#8221; align=&#8221;center&#8221; css=&#8221;&#8221; button_block=&#8221;true&#8221; link=&#8221;url:https%3A%2F%2Fwww.enka.com%2Fallfiles%2Fpdf%2FENKA_Surdurulebilirlik_Raporu_2022.pdf|target:_blank&#8221;][\/vc_column][vc_column width=&#8221;1\/4&#8243;][vc_single_image image=&#8221;13399&#8243; img_size=&#8221;400&#215;600&#8243; alignment=&#8221;center&#8221; style=&#8221;vc_box_shadow_3d&#8221; css_animation=&#8221;none&#8221;][vc_btn title=&#8221;2021 S\u00dcRD\u00dcR\u00dcLEB\u0130L\u0130RL\u0130K RAPORU&#8221; style=&#8221;flat&#8221; shape=&#8221;square&#8221; color=&#8221;green&#8221; align=&#8221;center&#8221; button_block=&#8221;true&#8221; link=&#8221;url:https%3A%2F%2Fwww.enka.com%2Fallfiles%2Fpdf%2FENKA_Surdurulebilirlik_Raporu_2021.pdf|target:_blank&#8221;][\/vc_column][\/vc_row][vc_row gap=&#8221;10&#8243;][vc_column width=&#8221;1\/4&#8243;][vc_single_image image=&#8221;11468&#8243; img_size=&#8221;400&#215;600&#8243; alignment=&#8221;center&#8221; style=&#8221;vc_box_shadow_3d&#8221; css_animation=&#8221;none&#8221;][vc_btn title=&#8221;2020 S\u00dcRD\u00dcR\u00dcLEB\u0130L\u0130RL\u0130K RAPORU&#8221; style=&#8221;flat&#8221; shape=&#8221;square&#8221; color=&#8221;green&#8221; align=&#8221;center&#8221; button_block=&#8221;true&#8221; link=&#8221;url:https%3A%2F%2Fwww.enka.com%2Fallfiles%2Fpdf%2FENKA_Surdurulebilirlik_Raporu_2020.pdf|target:_blank&#8221;][\/vc_column][vc_column width=&#8221;1\/4&#8243;][vc_single_image image=&#8221;11471&#8243; img_size=&#8221;400&#215;600&#8243; alignment=&#8221;center&#8221; style=&#8221;vc_box_shadow_3d&#8221; css_animation=&#8221;none&#8221;][vc_btn title=&#8221;2019 S\u00dcRD\u00dcR\u00dcLEB\u0130L\u0130RL\u0130K RAPORU&#8221; style=&#8221;flat&#8221; shape=&#8221;square&#8221; color=&#8221;green&#8221; align=&#8221;center&#8221; button_block=&#8221;true&#8221; link=&#8221;url:https%3A%2F%2Fwww.enka.com%2Fallfiles%2Fpdf%2FENKA_Surdurulebilirlik_Raporu_2019.pdf|target:_blank&#8221;][\/vc_column][vc_column width=&#8221;1\/4&#8243;][vc_single_image image=&#8221;11474&#8243; img_size=&#8221;400&#215;600&#8243; alignment=&#8221;center&#8221; style=&#8221;vc_box_shadow_3d&#8221; css_animation=&#8221;none&#8221;][vc_btn title=&#8221;2018 S\u00dcRD\u00dcR\u00dcLEB\u0130L\u0130RL\u0130K RAPORU&#8221; style=&#8221;flat&#8221; shape=&#8221;square&#8221; color=&#8221;green&#8221; align=&#8221;center&#8221; button_block=&#8221;true&#8221; link=&#8221;url:https%3A%2F%2Fwww.enka.com%2Fallfiles%2Fpdf%2FENKA_Surdurulebilirlik_Raporu_2018.pdf|target:_blank&#8221;][\/vc_column][vc_column width=&#8221;1\/4&#8243;][vc_single_image image=&#8221;11477&#8243; img_size=&#8221;400&#215;600&#8243; alignment=&#8221;center&#8221; style=&#8221;vc_box_shadow_3d&#8221; css_animation=&#8221;none&#8221;][vc_btn title=&#8221;2017 S\u00dcRD\u00dcR\u00dcLEB\u0130L\u0130RL\u0130K RAPORU&#8221; style=&#8221;flat&#8221; shape=&#8221;square&#8221; color=&#8221;green&#8221; align=&#8221;center&#8221; button_block=&#8221;true&#8221; link=&#8221;url:https%3A%2F%2Fwww.enka.com%2Fallfiles%2Fpdf%2FENKAI_SURDURULEBILIRLIK_RAPORU_2017.pdf|target:_blank&#8221;][\/vc_column][\/vc_row]\n<\/div>","protected":false},"excerpt":{"rendered":"<p>[vc_row gap=&#8221;20&#8243; equal_height=&#8221;yes&#8221; bg_type=&#8221;bg_color&#8221; bg_color_value=&#8221;#012169&#8243;][vc_column css=&#8221;.vc_custom_1621792623661{background-color: #f7f7f7 !important;background-position: center !important;background-repeat: no-repeat !important;background-size: cover !important;}&#8221;][vc_single_image image=&#8221;15515&#8243; img_size=&#8221;full&#8221; alignment=&#8221;center&#8221; css_animation=&#8221;none&#8221; css=&#8221;.vc_custom_1773726235934{margin-bottom: 0px !important;}&#8221;][vc_column_text css_animation=&#8221;fadeIn&#8221; css=&#8221;.vc_custom_1773725321525{margin-bottom: 0px !important;padding-right: 0px !important;padding-left: 0px !important;}&#8221;] ENKA \u0130n\u015faat ve Sanayi A.\u015e. (ENKA), her y\u0131l yay\u0131mlad\u0131\u011f\u0131 S\u00fcrd\u00fcr\u00fclebilirlik Raporu arac\u0131l\u0131\u011f\u0131yla \u00e7evresel, sosyal ve y\u00f6neti\u015fim (ESG) alanlar\u0131ndaki stratejik yakla\u015f\u0131m\u0131n\u0131, performans\u0131n\u0131, hedeflerini ve bu kapsamda y\u00fcr\u00fctt\u00fc\u011f\u00fc <a class=\"more-link\" href=\"https:\/\/www.enka.com\/sustainability\/tr\/surdurulebilirlik-raporlari\/\">Continue reading <i class=\"fa fa-chevron-right\"><\/i><\/a><\/p>\n","protected":false},"author":1,"featured_media":0,"parent":0,"menu_order":0,"comment_status":"closed","ping_status":"closed","template":"","meta":{"_acf_changed":false,"inline_featured_image":false,"footnotes":""},"class_list":["post-10470","page","type-page","status-publish","hentry"],"aioseo_notices":[],"acf":[],"_links":{"self":[{"href":"https:\/\/www.enka.com\/sustainability\/tr\/wp-json\/wp\/v2\/pages\/10470","targetHints":{"allow":["GET"]}}],"collection":[{"href":"https:\/\/www.enka.com\/sustainability\/tr\/wp-json\/wp\/v2\/pages"}],"about":[{"href":"https:\/\/www.enka.com\/sustainability\/tr\/wp-json\/wp\/v2\/types\/page"}],"author":[{"embeddable":true,"href":"https:\/\/www.enka.com\/sustainability\/tr\/wp-json\/wp\/v2\/users\/1"}],"replies":[{"embeddable":true,"href":"https:\/\/www.enka.com\/sustainability\/tr\/wp-json\/wp\/v2\/comments?post=10470"}],"version-history":[{"count":0,"href":"https:\/\/www.enka.com\/sustainability\/tr\/wp-json\/wp\/v2\/pages\/10470\/revisions"}],"wp:attachment":[{"href":"https:\/\/www.enka.com\/sustainability\/tr\/wp-json\/wp\/v2\/media?parent=10470"}],"curies":[{"name":"wp","href":"https:\/\/api.w.org\/{rel}","templated":true}]}}