{"id":10848,"date":"2021-07-01T16:31:30","date_gmt":"2021-07-01T13:31:30","guid":{"rendered":"https:\/\/www.enka.com\/sustainability\/?page_id=10848"},"modified":"2025-08-15T17:12:20","modified_gmt":"2025-08-15T14:12:20","slug":"enka-cdp-iklim-degisikligi-ve-su-guvenligi-2021-cevaplari","status":"publish","type":"page","link":"https:\/\/www.enka.com\/sustainability\/tr\/enka-cdp-iklim-degisikligi-ve-su-guvenligi-2021-cevaplari\/","title":{"rendered":"2021 ENKA CDP \u0130klim De\u011fi\u015fikli\u011fi ve Su G\u00fcvenli\u011fi Cevaplar\u0131"},"content":{"rendered":"<div class=\"wpb-content-wrapper\">[vc_row][vc_column][vc_single_image image=&#8221;10863&#8243; img_size=&#8221;full&#8221; alignment=&#8221;center&#8221; style=&#8221;vc_box_outline&#8221; border_color=&#8221;blue&#8221; onclick=&#8221;custom_link&#8221; img_link_target=&#8221;_blank&#8221;][\/vc_column][\/vc_row][vc_row][vc_column width=&#8221;1\/2&#8243;][vc_btn title=&#8221;ENKA CDP \u0130klim De\u011fi\u015fikli\u011fi 2021 Cevaplar\u0131 (\u0130ngilizce)&#8221; style=&#8221;outline&#8221; shape=&#8221;square&#8221; color=&#8221;green&#8221; align=&#8221;center&#8221; i_icon_fontawesome=&#8221;fas fa-file-pdf&#8221; button_block=&#8221;true&#8221; add_icon=&#8221;true&#8221; link=&#8221;url:https%3A%2F%2Fwww.enka.com\/sustainability%2Fwp-content%2Fuploads%2F2021%2F07%2FENKA_INSAAT_VE_SANAYI_A.S._CDP_Climate_Change_Questionnaire_2021.pdf|target:_blank&#8221;][\/vc_column][vc_column width=&#8221;1\/2&#8243;][vc_btn title=&#8221;ENKA CDP Su G\u00fcvenli\u011fi 2021 Cevaplar\u0131 (\u0130ngilizce)&#8221; style=&#8221;outline&#8221; shape=&#8221;square&#8221; color=&#8221;sky&#8221; align=&#8221;center&#8221; i_icon_fontawesome=&#8221;fas fa-file-pdf&#8221; button_block=&#8221;true&#8221; add_icon=&#8221;true&#8221; link=&#8221;url:https%3A%2F%2Fwww.enka.com\/sustainability%2Fwp-content%2Fuploads%2F2021%2F07%2FENKA_INSAAT_VE_SANAYI_A.S._CDP_Water_Security_Questionnaire_2021.pdf|target:_blank&#8221;][\/vc_column][\/vc_row]\n<\/div>","protected":false},"excerpt":{"rendered":"<p>[vc_row][vc_column][vc_single_image image=&#8221;10863&#8243; img_size=&#8221;full&#8221; alignment=&#8221;center&#8221; style=&#8221;vc_box_outline&#8221; border_color=&#8221;blue&#8221; onclick=&#8221;custom_link&#8221; img_link_target=&#8221;_blank&#8221;][\/vc_column][\/vc_row][vc_row][vc_column width=&#8221;1\/2&#8243;][vc_btn title=&#8221;ENKA CDP \u0130klim De\u011fi\u015fikli\u011fi 2021 Cevaplar\u0131 (\u0130ngilizce)&#8221; style=&#8221;outline&#8221; shape=&#8221;square&#8221; color=&#8221;green&#8221; align=&#8221;center&#8221; i_icon_fontawesome=&#8221;fas fa-file-pdf&#8221; button_block=&#8221;true&#8221; add_icon=&#8221;true&#8221; link=&#8221;url:https%3A%2F%2Fwww.enka.com\/sustainability%2Fwp-content%2Fuploads%2F2021%2F07%2FENKA_INSAAT_VE_SANAYI_A.S._CDP_Climate_Change_Questionnaire_2021.pdf|target:_blank&#8221;][\/vc_column][vc_column width=&#8221;1\/2&#8243;][vc_btn title=&#8221;ENKA CDP Su G\u00fcvenli\u011fi 2021 Cevaplar\u0131 (\u0130ngilizce)&#8221; style=&#8221;outline&#8221; shape=&#8221;square&#8221; color=&#8221;sky&#8221; align=&#8221;center&#8221; i_icon_fontawesome=&#8221;fas fa-file-pdf&#8221; button_block=&#8221;true&#8221; add_icon=&#8221;true&#8221; link=&#8221;url:https%3A%2F%2Fwww.enka.com\/sustainability%2Fwp-content%2Fuploads%2F2021%2F07%2FENKA_INSAAT_VE_SANAYI_A.S._CDP_Water_Security_Questionnaire_2021.pdf|target:_blank&#8221;][\/vc_column][\/vc_row]<\/p>\n","protected":false},"author":1,"featured_media":0,"parent":0,"menu_order":0,"comment_status":"closed","ping_status":"closed","template":"","meta":{"_acf_changed":false,"inline_featured_image":false,"footnotes":""},"class_list":["post-10848","page","type-page","status-publish","hentry"],"aioseo_notices":[],"acf":[],"_links":{"self":[{"href":"https:\/\/www.enka.com\/sustainability\/tr\/wp-json\/wp\/v2\/pages\/10848","targetHints":{"allow":["GET"]}}],"collection":[{"href":"https:\/\/www.enka.com\/sustainability\/tr\/wp-json\/wp\/v2\/pages"}],"about":[{"href":"https:\/\/www.enka.com\/sustainability\/tr\/wp-json\/wp\/v2\/types\/page"}],"author":[{"embeddable":true,"href":"https:\/\/www.enka.com\/sustainability\/tr\/wp-json\/wp\/v2\/users\/1"}],"replies":[{"embeddable":true,"href":"https:\/\/www.enka.com\/sustainability\/tr\/wp-json\/wp\/v2\/comments?post=10848"}],"version-history":[{"count":0,"href":"https:\/\/www.enka.com\/sustainability\/tr\/wp-json\/wp\/v2\/pages\/10848\/revisions"}],"wp:attachment":[{"href":"https:\/\/www.enka.com\/sustainability\/tr\/wp-json\/wp\/v2\/media?parent=10848"}],"curies":[{"name":"wp","href":"https:\/\/api.w.org\/{rel}","templated":true}]}}