{"id":13734,"date":"2023-06-14T10:24:00","date_gmt":"2023-06-14T07:24:00","guid":{"rendered":"https:\/\/www.enka.com\/sustainability\/enka-cdp-climate-change-water-security-2023-answers\/"},"modified":"2025-08-15T17:12:42","modified_gmt":"2025-08-15T14:12:42","slug":"enka-cdp-iklim-degisikligi-ve-su-guvenligi-2023-cevaplar","status":"publish","type":"page","link":"https:\/\/www.enka.com\/sustainability\/tr\/enka-cdp-iklim-degisikligi-ve-su-guvenligi-2023-cevaplar\/","title":{"rendered":"2023 ENKA CDP \u0130klim De\u011fi\u015fikli\u011fi ve Su G\u00fcvenli\u011fi Cevaplar"},"content":{"rendered":"<div class=\"wpb-content-wrapper\">[vc_row content_placement=&#8221;middle&#8221;][vc_column width=&#8221;1\/3&#8243; css=&#8221;.vc_custom_1686729367365{border-top-width: 1px !important;border-right-width: 1px !important;border-bottom-width: 1px !important;border-left-width: 1px !important;background-color: #f7f7f7 !important;border-left-color: #5fb538 !important;border-left-style: solid !important;border-right-color: #5fb538 !important;border-right-style: solid !important;border-top-color: #5fb538 !important;border-top-style: solid !important;border-bottom-color: #5fb538 !important;border-bottom-style: solid !important;}&#8221;][vc_row_inner][vc_column_inner width=&#8221;1\/4&#8243;][vc_icon icon_fontawesome=&#8221;fas fa-angle-double-down&#8221; color=&#8221;green&#8221; size=&#8221;xl&#8221; css_animation=&#8221;bounceInDown&#8221; link=&#8221;url:https%3A%2F%2Fwww.enka.com%2Fsustainability%2Fwp-content%2Fuploads%2F2023%2F06%2FENKA_INSAAT_VE_SANAYI_A.S._CDP_Climate_Change_Questionnaire_2023.pdf&#8221;][\/vc_column_inner][vc_column_inner width=&#8221;3\/4&#8243;][vc_btn title=&#8221; ENKA CDP \u0130klim De\u011fi\u015fikli\u011fi 2023 Cevaplar\u0131 (\u0130ngilizce)&#8221; style=&#8221;outline&#8221; shape=&#8221;square&#8221; color=&#8221;green&#8221; size=&#8221;lg&#8221; align=&#8221;center&#8221; i_icon_fontawesome=&#8221;fas fa-file-pdf&#8221; button_block=&#8221;true&#8221; add_icon=&#8221;true&#8221; link=&#8221;url:https%3A%2F%2Fwww.enka.com%2Fsustainability%2Fwp-content%2Fuploads%2F2023%2F06%2FENKA_INSAAT_VE_SANAYI_A.S._CDP_Climate_Change_Questionnaire_2023.pdf|target:_blank&#8221; el_class=&#8221;height: 100\/&#8221;][\/vc_column_inner][\/vc_row_inner][\/vc_column][vc_column width=&#8221;1\/3&#8243; css=&#8221;.vc_custom_1686729097683{border-top-width: 15px !important;border-right-width: 15px !important;border-bottom-width: 15px !important;border-left-width: 15px !important;border-left-color: rgba(8,129,165,0.65) !important;border-right-color: rgba(8,129,165,0.65) !important;border-top-color: rgba(8,129,165,0.65) !important;border-bottom-color: rgba(8,129,165,0.65) !important;}&#8221;][vc_single_image image=&#8221;13729&#8243; img_size=&#8221;full&#8221; alignment=&#8221;center&#8221; style=&#8221;vc_box_outline&#8221; border_color=&#8221;blue&#8221;][\/vc_column][vc_column width=&#8221;1\/3&#8243; css=&#8221;.vc_custom_1686729375016{border-top-width: 1px !important;border-right-width: 1px !important;border-bottom-width: 1px !important;border-left-width: 1px !important;background-color: #f7f7f7 !important;border-left-color: #1e73be !important;border-left-style: solid !important;border-right-color: #1e73be !important;border-right-style: solid !important;border-top-color: #1e73be !important;border-top-style: solid !important;border-bottom-color: #1e73be !important;border-bottom-style: solid !important;}&#8221;][vc_row_inner][vc_column_inner width=&#8221;1\/4&#8243;][vc_icon icon_fontawesome=&#8221;fas fa-angle-double-down&#8221; size=&#8221;xl&#8221; css_animation=&#8221;bounceInDown&#8221; link=&#8221;url:https%3A%2F%2Fwww.enka.com%2Fsustainability%2Fwp-content%2Fuploads%2F2023%2F06%2FENKA_INSAAT_VE_SANAYI_A.S._CDP_Water_Security_Questionnaire_2023.pdf&#8221;][\/vc_column_inner][vc_column_inner width=&#8221;3\/4&#8243;][vc_btn title=&#8221;ENKA CDP Su G\u00fcvenli\u011fi 2023 Cevaplar\u0131 (\u0130ngilizce)&#8221; style=&#8221;outline&#8221; shape=&#8221;square&#8221; color=&#8221;sky&#8221; size=&#8221;lg&#8221; align=&#8221;center&#8221; i_icon_fontawesome=&#8221;fas fa-file-pdf&#8221; button_block=&#8221;true&#8221; add_icon=&#8221;true&#8221; link=&#8221;url:https%3A%2F%2Fwww.enka.com%2Fsustainability%2Fwp-content%2Fuploads%2F2023%2F06%2FENKA_INSAAT_VE_SANAYI_A.S._CDP_Water_Security_Questionnaire_2023.pdf|target:_blank&#8221;][\/vc_column_inner][\/vc_row_inner][\/vc_column][\/vc_row]\n<\/div>","protected":false},"excerpt":{"rendered":"<p>[vc_row content_placement=&#8221;middle&#8221;][vc_column width=&#8221;1\/3&#8243; css=&#8221;.vc_custom_1686729367365{border-top-width: 1px !important;border-right-width: 1px !important;border-bottom-width: 1px !important;border-left-width: 1px !important;background-color: #f7f7f7 !important;border-left-color: #5fb538 !important;border-left-style: solid !important;border-right-color: #5fb538 !important;border-right-style: solid !important;border-top-color: #5fb538 !important;border-top-style: solid !important;border-bottom-color: #5fb538 !important;border-bottom-style: solid !important;}&#8221;][vc_row_inner][vc_column_inner width=&#8221;1\/4&#8243;][vc_icon icon_fontawesome=&#8221;fas fa-angle-double-down&#8221; color=&#8221;green&#8221; size=&#8221;xl&#8221; css_animation=&#8221;bounceInDown&#8221; link=&#8221;url:https%3A%2F%2Fwww.enka.com%2Fsustainability%2Fwp-content%2Fuploads%2F2023%2F06%2FENKA_INSAAT_VE_SANAYI_A.S._CDP_Climate_Change_Questionnaire_2023.pdf&#8221;][\/vc_column_inner][vc_column_inner width=&#8221;3\/4&#8243;][vc_btn title=&#8221; ENKA CDP \u0130klim De\u011fi\u015fikli\u011fi 2023 Cevaplar\u0131 (\u0130ngilizce)&#8221; style=&#8221;outline&#8221; shape=&#8221;square&#8221; color=&#8221;green&#8221; size=&#8221;lg&#8221; align=&#8221;center&#8221; i_icon_fontawesome=&#8221;fas fa-file-pdf&#8221; button_block=&#8221;true&#8221; add_icon=&#8221;true&#8221; <a class=\"more-link\" href=\"https:\/\/www.enka.com\/sustainability\/tr\/enka-cdp-iklim-degisikligi-ve-su-guvenligi-2023-cevaplar\/\">Continue reading <i class=\"fa fa-chevron-right\"><\/i><\/a><\/p>\n","protected":false},"author":1,"featured_media":0,"parent":0,"menu_order":0,"comment_status":"closed","ping_status":"closed","template":"","meta":{"_acf_changed":false,"inline_featured_image":false,"footnotes":""},"class_list":["post-13734","page","type-page","status-publish","hentry"],"aioseo_notices":[],"acf":[],"_links":{"self":[{"href":"https:\/\/www.enka.com\/sustainability\/tr\/wp-json\/wp\/v2\/pages\/13734","targetHints":{"allow":["GET"]}}],"collection":[{"href":"https:\/\/www.enka.com\/sustainability\/tr\/wp-json\/wp\/v2\/pages"}],"about":[{"href":"https:\/\/www.enka.com\/sustainability\/tr\/wp-json\/wp\/v2\/types\/page"}],"author":[{"embeddable":true,"href":"https:\/\/www.enka.com\/sustainability\/tr\/wp-json\/wp\/v2\/users\/1"}],"replies":[{"embeddable":true,"href":"https:\/\/www.enka.com\/sustainability\/tr\/wp-json\/wp\/v2\/comments?post=13734"}],"version-history":[{"count":0,"href":"https:\/\/www.enka.com\/sustainability\/tr\/wp-json\/wp\/v2\/pages\/13734\/revisions"}],"wp:attachment":[{"href":"https:\/\/www.enka.com\/sustainability\/tr\/wp-json\/wp\/v2\/media?parent=13734"}],"curies":[{"name":"wp","href":"https:\/\/api.w.org\/{rel}","templated":true}]}}