{"id":14180,"date":"2024-03-05T15:40:51","date_gmt":"2024-03-05T12:40:51","guid":{"rendered":"https:\/\/www.enka.com\/sustainability\/anasayfa\/etik-uyum\/supplier-code-of-conduct\/"},"modified":"2024-03-05T15:47:25","modified_gmt":"2024-03-05T12:47:25","slug":"tedarikci-davranis-kurallari","status":"publish","type":"page","link":"https:\/\/www.enka.com\/sustainability\/tr\/anasayfa\/etik-uyum\/tedarikci-davranis-kurallari\/","title":{"rendered":"Tedarik\u00e7i Davran\u0131\u015f Kurallar\u0131"},"content":{"rendered":"<div class=\"wpb-content-wrapper\">[vc_row][vc_column][vc_column_text]ENKA\u2019n\u0131n tedarik\u00e7i, alt y\u00fcklenici, dan\u0131\u015fman ve i\u015f ortaklar\u0131ndan (genel olarak \u201cTedarik\u00e7i\u201d olarak adland\u0131r\u0131lmaktad\u0131r) hangi davran\u0131\u015flar\u0131 bekledi\u011fini ortaya koymak ve i\u015f yapma anlay\u0131\u015f\u0131n\u0131n ne \u015fekilde oldu\u011funu k\u0131saca tan\u0131mlamak i\u00e7in ENKA Tedarik\u00e7i Davran\u0131\u015f Kurallar\u0131 tasarland\u0131.[\/vc_column_text][\/vc_column][\/vc_row][vc_row full_width=&#8221;stretch_row_content_no_spaces&#8221;][vc_column]<div class=\"ult-spacer spacer-69f2dca5dc882\" data-id=\"69f2dca5dc882\" data-height=\"40\" data-height-mobile=\"40\" data-height-tab=\"40\" data-height-tab-portrait=\"\" data-height-mobile-landscape=\"\" style=\"clear:both;display:block;\"><\/div><div id=\"ultimate-heading-191469f2dca5dc90d\" class=\"uvc-heading ult-adjust-bottom-margin ultimate-heading-191469f2dca5dc90d uvc-3545 \" data-hspacer=\"no_spacer\"  data-halign=\"center\" style=\"text-align:center\"><div class=\"uvc-heading-spacer no_spacer\" style=\"top\"><\/div><div class=\"uvc-main-heading ult-responsive\"  data-ultimate-target='.uvc-heading.ultimate-heading-191469f2dca5dc90d h2'  data-responsive-json-new='{\"font-size\":\"\",\"line-height\":\"\"}' ><h2 style=\"font-weight:normal;color:#025e9e;\">A\u015fa\u011f\u0131daki ba\u011flant\u0131y\u0131 kullanarak Tedarik\u00e7i Davran\u0131\u015f Kurallar\u0131 dosyas\u0131na eri\u015febilirsiniz<\/h2><\/div><\/div><div class=\"ult-spacer spacer-69f2dca5dc9ff\" data-id=\"69f2dca5dc9ff\" data-height=\"32\" data-height-mobile=\"32\" data-height-tab=\"32\" data-height-tab-portrait=\"\" data-height-mobile-landscape=\"\" style=\"clear:both;display:block;\"><\/div>[\/vc_column][\/vc_row][vc_row equal_height=&#8221;yes&#8221;][vc_column width=&#8221;1\/4&#8243;][vc_single_image image=&#8221;11296&#8243; img_size=&#8221;600&#215;424&#8243; alignment=&#8221;center&#8221; style=&#8221;vc_box_shadow_3d&#8221; onclick=&#8221;custom_link&#8221; img_link_target=&#8221;_blank&#8221; css_animation=&#8221;fadeIn&#8221; link=&#8221;https:\/\/www.enka.com\/allfiles\/media\/pdfs\/ENKA_Supplier_Code_of_Conduct_tr.pdf&#8221;][vc_btn title=&#8221;T\u00dcRK\u00c7E&#8221; style=&#8221;outline&#8221; shape=&#8221;square&#8221; color=&#8221;sky&#8221; align=&#8221;center&#8221; i_icon_fontawesome=&#8221;fas fa-file-pdf&#8221; button_block=&#8221;true&#8221; add_icon=&#8221;true&#8221; link=&#8221;url:https%3A%2F%2Fwww.enka.com%2Fallfiles%2Fmedia%2Fpdfs%2FENKA_Supplier_Code_of_Conduct_tr.pdf|target:_blank&#8221;][\/vc_column][vc_column width=&#8221;1\/4&#8243;][vc_single_image image=&#8221;11299&#8243; img_size=&#8221;600&#215;424&#8243; alignment=&#8221;center&#8221; style=&#8221;vc_box_shadow_3d&#8221; onclick=&#8221;custom_link&#8221; img_link_target=&#8221;_blank&#8221; css_animation=&#8221;fadeIn&#8221; link=&#8221;https:\/\/www.enka.com\/allfiles\/media\/pdfs\/ENKA_Supplier_Code_of_Conduct_en.pdf&#8221;][vc_btn title=&#8221;\u0130NG\u0130L\u0130ZCE&#8221; style=&#8221;outline&#8221; shape=&#8221;square&#8221; color=&#8221;sky&#8221; align=&#8221;center&#8221; i_icon_fontawesome=&#8221;fas fa-file-pdf&#8221; button_block=&#8221;true&#8221; add_icon=&#8221;true&#8221; link=&#8221;url:https%3A%2F%2Fwww.enka.com%2Fallfiles%2Fmedia%2Fpdfs%2FENKA_Supplier_Code_of_Conduct_en.pdf|target:_blank&#8221;][\/vc_column][vc_column width=&#8221;1\/4&#8243;][vc_single_image image=&#8221;11290&#8243; img_size=&#8221;600&#215;424&#8243; alignment=&#8221;center&#8221; style=&#8221;vc_box_shadow_3d&#8221; onclick=&#8221;custom_link&#8221; img_link_target=&#8221;_blank&#8221; css_animation=&#8221;fadeIn&#8221; link=&#8221;https:\/\/www.enka.com\/allfiles\/media\/pdfs\/ENKA_Supplier_Code_of_Conduct_ru.pdf&#8221;][vc_btn title=&#8221;RUS\u00c7A&#8221; style=&#8221;outline&#8221; shape=&#8221;square&#8221; color=&#8221;sky&#8221; align=&#8221;center&#8221; i_icon_fontawesome=&#8221;fas fa-file-pdf&#8221; button_block=&#8221;true&#8221; add_icon=&#8221;true&#8221; link=&#8221;url:https%3A%2F%2Fwww.enka.com%2Fallfiles%2Fmedia%2Fpdfs%2FENKA_Supplier_Code_of_Conduct_ru.pdf|target:_blank&#8221;][\/vc_column][vc_column width=&#8221;1\/4&#8243;][vc_single_image image=&#8221;11293&#8243; img_size=&#8221;600&#215;424&#8243; alignment=&#8221;center&#8221; style=&#8221;vc_box_shadow_3d&#8221; onclick=&#8221;custom_link&#8221; img_link_target=&#8221;_blank&#8221; css_animation=&#8221;fadeIn&#8221; link=&#8221;https:\/\/www.enka.com\/allfiles\/media\/pdfs\/ENKA_Supplier_Code_of_Conduct_ar.pdf&#8221;][vc_btn title=&#8221;ARAP\u00c7A&#8221; style=&#8221;outline&#8221; shape=&#8221;square&#8221; color=&#8221;sky&#8221; align=&#8221;center&#8221; i_icon_fontawesome=&#8221;fas fa-file-pdf&#8221; button_block=&#8221;true&#8221; add_icon=&#8221;true&#8221; link=&#8221;url:https%3A%2F%2Fwww.enka.com%2Fallfiles%2Fmedia%2Fpdfs%2FENKA_Supplier_Code_of_Conduct_ar.pdf|target:_blank&#8221;][\/vc_column][\/vc_row][vc_row equal_height=&#8221;yes&#8221;][vc_column width=&#8221;1\/4&#8243;][vc_single_image image=&#8221;11287&#8243; img_size=&#8221;600&#215;424&#8243; alignment=&#8221;center&#8221; style=&#8221;vc_box_shadow_3d&#8221; onclick=&#8221;custom_link&#8221; img_link_target=&#8221;_blank&#8221; css_animation=&#8221;fadeIn&#8221; link=&#8221;https:\/\/www.enka.com\/allfiles\/media\/pdfs\/ENKA_Supplier_Code_of_Conduct_sr.pdf&#8221;][vc_btn title=&#8221;SIRP\u00c7A&#8221; style=&#8221;outline&#8221; shape=&#8221;square&#8221; color=&#8221;sky&#8221; align=&#8221;center&#8221; i_icon_fontawesome=&#8221;fas fa-file-pdf&#8221; button_block=&#8221;true&#8221; add_icon=&#8221;true&#8221; link=&#8221;url:https%3A%2F%2Fwww.enka.com%2Fallfiles%2Fmedia%2Fpdfs%2FENKA_Supplier_Code_of_Conduct_sr.pdf|target:_blank&#8221;][\/vc_column][vc_column width=&#8221;1\/4&#8243;][vc_single_image image=&#8221;11284&#8243; img_size=&#8221;600&#215;424&#8243; alignment=&#8221;center&#8221; style=&#8221;vc_box_shadow_3d&#8221; onclick=&#8221;custom_link&#8221; img_link_target=&#8221;_blank&#8221; css_animation=&#8221;fadeIn&#8221; link=&#8221;https:\/\/www.enka.com\/allfiles\/media\/pdfs\/ENKA_Supplier_Code_of_Conduct_hnt.pdf&#8221;][vc_btn title=&#8221;H\u0130NT\u00c7E&#8221; style=&#8221;outline&#8221; shape=&#8221;square&#8221; color=&#8221;sky&#8221; align=&#8221;center&#8221; i_icon_fontawesome=&#8221;fas fa-file-pdf&#8221; button_block=&#8221;true&#8221; add_icon=&#8221;true&#8221; link=&#8221;url:https%3A%2F%2Fwww.enka.com%2Fallfiles%2Fmedia%2Fpdfs%2FENKA_Supplier_Code_of_Conduct_hnt.pdf|target:_blank&#8221;][\/vc_column][vc_column width=&#8221;1\/4&#8243;][\/vc_column][vc_column width=&#8221;1\/4&#8243;][\/vc_column][\/vc_row]\n<\/div>","protected":false},"excerpt":{"rendered":"<p>[vc_row][vc_column][vc_column_text]ENKA\u2019n\u0131n tedarik\u00e7i, alt y\u00fcklenici, dan\u0131\u015fman ve i\u015f ortaklar\u0131ndan (genel olarak \u201cTedarik\u00e7i\u201d olarak adland\u0131r\u0131lmaktad\u0131r) hangi davran\u0131\u015flar\u0131 bekledi\u011fini ortaya koymak ve i\u015f yapma anlay\u0131\u015f\u0131n\u0131n ne \u015fekilde oldu\u011funu k\u0131saca tan\u0131mlamak i\u00e7in ENKA Tedarik\u00e7i Davran\u0131\u015f Kurallar\u0131 tasarland\u0131.[\/vc_column_text][\/vc_column][\/vc_row][vc_row full_width=&#8221;stretch_row_content_no_spaces&#8221;][vc_column][\/vc_column][\/vc_row][vc_row equal_height=&#8221;yes&#8221;][vc_column width=&#8221;1\/4&#8243;][vc_single_image image=&#8221;11296&#8243; img_size=&#8221;600&#215;424&#8243; alignment=&#8221;center&#8221; style=&#8221;vc_box_shadow_3d&#8221; onclick=&#8221;custom_link&#8221; img_link_target=&#8221;_blank&#8221; css_animation=&#8221;fadeIn&#8221; link=&#8221;https:\/\/www.enka.com\/allfiles\/media\/pdfs\/ENKA_Supplier_Code_of_Conduct_tr.pdf&#8221;][vc_btn title=&#8221;T\u00dcRK\u00c7E&#8221; style=&#8221;outline&#8221; shape=&#8221;square&#8221; color=&#8221;sky&#8221; align=&#8221;center&#8221; i_icon_fontawesome=&#8221;fas fa-file-pdf&#8221; button_block=&#8221;true&#8221; add_icon=&#8221;true&#8221; link=&#8221;url:https%3A%2F%2Fwww.enka.com%2Fallfiles%2Fmedia%2Fpdfs%2FENKA_Supplier_Code_of_Conduct_tr.pdf|target:_blank&#8221;][\/vc_column][vc_column width=&#8221;1\/4&#8243;][vc_single_image <a class=\"more-link\" href=\"https:\/\/www.enka.com\/sustainability\/tr\/anasayfa\/etik-uyum\/tedarikci-davranis-kurallari\/\">Continue reading <i class=\"fa fa-chevron-right\"><\/i><\/a><\/p>\n","protected":false},"author":2,"featured_media":2317,"parent":566,"menu_order":0,"comment_status":"closed","ping_status":"closed","template":"","meta":{"_acf_changed":false,"inline_featured_image":false,"footnotes":""},"class_list":["post-14180","page","type-page","status-publish","has-post-thumbnail","hentry"],"aioseo_notices":[],"acf":[],"_links":{"self":[{"href":"https:\/\/www.enka.com\/sustainability\/tr\/wp-json\/wp\/v2\/pages\/14180","targetHints":{"allow":["GET"]}}],"collection":[{"href":"https:\/\/www.enka.com\/sustainability\/tr\/wp-json\/wp\/v2\/pages"}],"about":[{"href":"https:\/\/www.enka.com\/sustainability\/tr\/wp-json\/wp\/v2\/types\/page"}],"author":[{"embeddable":true,"href":"https:\/\/www.enka.com\/sustainability\/tr\/wp-json\/wp\/v2\/users\/2"}],"replies":[{"embeddable":true,"href":"https:\/\/www.enka.com\/sustainability\/tr\/wp-json\/wp\/v2\/comments?post=14180"}],"version-history":[{"count":0,"href":"https:\/\/www.enka.com\/sustainability\/tr\/wp-json\/wp\/v2\/pages\/14180\/revisions"}],"up":[{"embeddable":true,"href":"https:\/\/www.enka.com\/sustainability\/tr\/wp-json\/wp\/v2\/pages\/566"}],"wp:featuredmedia":[{"embeddable":true,"href":"https:\/\/www.enka.com\/sustainability\/tr\/wp-json\/wp\/v2\/media\/2317"}],"wp:attachment":[{"href":"https:\/\/www.enka.com\/sustainability\/tr\/wp-json\/wp\/v2\/media?parent=14180"}],"curies":[{"name":"wp","href":"https:\/\/api.w.org\/{rel}","templated":true}]}}