{"id":4136,"date":"2019-06-14T15:15:49","date_gmt":"2019-06-14T12:15:49","guid":{"rendered":"https:\/\/www.enka.com\/sustainability\/?page_id=4136"},"modified":"2022-09-06T15:53:42","modified_gmt":"2022-09-06T12:53:42","slug":"2018-raporu","status":"publish","type":"page","link":"https:\/\/www.enka.com\/sustainability\/tr\/2018-raporu\/","title":{"rendered":"2018 Raporu"},"content":{"rendered":"<div class=\"wpb-content-wrapper\">[vc_row][vc_column][vc_custom_heading text=&#8221;S\u00dcRD\u00dcR\u00dcLEB\u0130L\u0130RL\u0130K RAPORU 2018&#8243; font_container=&#8221;tag:h2|text_align:center|color:%232266e5&#8243; use_theme_fonts=&#8221;yes&#8221; link=&#8221;url:https%3A%2F%2Fwww.enka.com%2Fallfiles%2Fpdf%2FENKA_Surdurulebilirlik_Raporu_2018.pdf|title:ENKA%20S%C3%BCrd%C3%BCr%C3%BClebilirlik%20Raporu%202018|target:%20_blank|&#8221;][\/vc_column][\/vc_row][vc_row][vc_column width=&#8221;1\/4&#8243;][\/vc_column][vc_column width=&#8221;1\/2&#8243;][vc_single_image image=&#8221;4350&#8243; img_size=&#8221;full&#8221; alignment=&#8221;center&#8221; style=&#8221;vc_box_outline&#8221; border_color=&#8221;blue&#8221; onclick=&#8221;custom_link&#8221; img_link_target=&#8221;_blank&#8221; link=&#8221;https:\/\/www.enka.com\/allfiles\/pdf\/ENKA_Surdurulebilirlik_Raporu_2018.pdf&#8221;][\/vc_column][vc_column width=&#8221;1\/4&#8243;][\/vc_column][\/vc_row][vc_row][vc_column width=&#8221;1\/3&#8243;][vc_single_image image=&#8221;4353&#8243; img_size=&#8221;full&#8221; alignment=&#8221;center&#8221; style=&#8221;vc_box_outline&#8221; border_color=&#8221;blue&#8221; onclick=&#8221;custom_link&#8221; img_link_target=&#8221;_blank&#8221; link=&#8221;https:\/\/www.enka.com\/allfiles\/pdf\/03_ENKA_Surdurulebilirlik_Raporu_2018-ENKA_Hakkinda.pdf&#8221; css=&#8221;.vc_custom_1560516334139{margin-bottom: 5px !important;}&#8221;][vc_btn title=&#8221;ENKA Hakk\u0131nda&#8221; shape=&#8221;square&#8221; size=&#8221;lg&#8221; align=&#8221;center&#8221; button_block=&#8221;true&#8221; link=&#8221;url:https%3A%2F%2Fwww.enka.com%2Fallfiles%2Fpdf%2F02_ENKA_Surdurulebilirlik_Raporu_2018-Rapor_Hakkinda.pdf|title:ENKA%20Hakk%C4%B1nda|target:%20_blank|&#8221;][\/vc_column][vc_column width=&#8221;1\/3&#8243;][vc_single_image image=&#8221;4356&#8243; img_size=&#8221;full&#8221; alignment=&#8221;center&#8221; style=&#8221;vc_box_outline&#8221; border_color=&#8221;blue&#8221; onclick=&#8221;custom_link&#8221; img_link_target=&#8221;_blank&#8221; link=&#8221;https:\/\/www.enka.com\/allfiles\/pdf\/04_ENKA_Surdurulebilirlik_Raporu_2018-ENKA_isi_iyi_ve_Dogru_Yapmak.pdf&#8221; css=&#8221;.vc_custom_1560516418887{margin-bottom: 5px !important;}&#8221;][vc_btn title=&#8221;\u0130\u015fi \u0130yi ve Do\u011fru Yapmak&#8221; shape=&#8221;square&#8221; size=&#8221;lg&#8221; align=&#8221;center&#8221; button_block=&#8221;true&#8221; link=&#8221;url:https%3A%2F%2Fwww.enka.com%2Fallfiles%2Fpdf%2F04_ENKA_Surdurulebilirlik_Raporu_2018-ENKA_isi_iyi_ve_Dogru_Yapmak.pdf|title:%C4%B0%C5%9Fi%20%C4%B0yi%20ve%20Do%C4%9Fru%20Yapmak|target:%20_blank|&#8221;][\/vc_column][vc_column width=&#8221;1\/3&#8243;][vc_single_image image=&#8221;4359&#8243; img_size=&#8221;full&#8221; alignment=&#8221;center&#8221; style=&#8221;vc_box_outline&#8221; border_color=&#8221;blue&#8221; onclick=&#8221;custom_link&#8221; img_link_target=&#8221;_blank&#8221; link=&#8221;https:\/\/www.enka.com\/allfiles\/pdf\/05_ENKA_Surdurulebilirlik_Raporu_2018-Toplumu_Kalkindirmak.pdf&#8221; css=&#8221;.vc_custom_1560516431816{margin-bottom: 5px !important;}&#8221;][vc_btn title=&#8221;Toplumu Kalk\u0131nd\u0131rmak&#8221; shape=&#8221;square&#8221; size=&#8221;lg&#8221; align=&#8221;center&#8221; button_block=&#8221;true&#8221; link=&#8221;url:https%3A%2F%2Fwww.enka.com%2Fallfiles%2Fpdf%2F05_ENKA_Surdurulebilirlik_Raporu_2018-Toplumu_Kalkindirmak.pdf|title:Toplumu%20Kalk%C4%B1nd%C4%B1rmak|target:%20_blank|&#8221;][\/vc_column][\/vc_row][vc_row][vc_column width=&#8221;1\/3&#8243;][vc_single_image image=&#8221;4362&#8243; img_size=&#8221;full&#8221; alignment=&#8221;center&#8221; style=&#8221;vc_box_outline&#8221; border_color=&#8221;blue&#8221; onclick=&#8221;custom_link&#8221; img_link_target=&#8221;_blank&#8221; link=&#8221;https:\/\/www.enka.com\/allfiles\/pdf\/06_ENKA_Surdurulebilirlik_Raporu_2018-Calisana_Deger_Vermek.pdf&#8221; css=&#8221;.vc_custom_1560516485368{margin-bottom: 5px !important;}&#8221;][vc_btn title=&#8221;\u00c7al\u0131\u015fana De\u011fer Vermek&#8221; shape=&#8221;square&#8221; size=&#8221;lg&#8221; align=&#8221;center&#8221; button_block=&#8221;true&#8221; link=&#8221;url:https%3A%2F%2Fwww.enka.com%2Fallfiles%2Fpdf%2F06_ENKA_Surdurulebilirlik_Raporu_2018-Calisana_Deger_Vermek.pdf|title:%C3%87al%C4%B1%C5%9Fana%20De%C4%9Fer%20Vermek|target:%20_blank|&#8221;][\/vc_column][vc_column width=&#8221;1\/3&#8243;][vc_single_image image=&#8221;4366&#8243; img_size=&#8221;full&#8221; alignment=&#8221;center&#8221; style=&#8221;vc_box_outline&#8221; border_color=&#8221;blue&#8221; onclick=&#8221;custom_link&#8221; img_link_target=&#8221;_blank&#8221; link=&#8221;https:\/\/www.enka.com\/allfiles\/pdf\/07_ENKA_Surdurulebilirlik_Raporu_2018-Cevresel_Etkiyi_Azaltmak.pdf&#8221; css=&#8221;.vc_custom_1560516550168{margin-bottom: 5px !important;}&#8221;][vc_btn title=&#8221;\u00c7evresel Etkiyi Azaltmak&#8221; shape=&#8221;square&#8221; size=&#8221;lg&#8221; align=&#8221;center&#8221; button_block=&#8221;true&#8221; link=&#8221;url:https%3A%2F%2Fwww.enka.com%2Fallfiles%2Fpdf%2F07_ENKA_Surdurulebilirlik_Raporu_2018-Cevresel_Etkiyi_Azaltmak.pdf|title:%C3%87evresel%20Etkiyi%20Azaltmak|target:%20_blank|&#8221;][\/vc_column][vc_column width=&#8221;1\/3&#8243;][vc_single_image image=&#8221;4369&#8243; img_size=&#8221;full&#8221; alignment=&#8221;center&#8221; style=&#8221;vc_box_outline&#8221; border_color=&#8221;blue&#8221; onclick=&#8221;custom_link&#8221; img_link_target=&#8221;_blank&#8221; link=&#8221;https:\/\/www.enka.com\/allfiles\/pdf\/08_ENKA_Surdurulebilirlik_Raporu_2018-Gri_icerik_Endeksi.pdf&#8221; css=&#8221;.vc_custom_1560516616891{margin-bottom: 5px !important;}&#8221;][vc_btn title=&#8221;GRI \u0130\u00e7erik Endeksi&#8221; shape=&#8221;square&#8221; size=&#8221;lg&#8221; align=&#8221;center&#8221; button_block=&#8221;true&#8221; link=&#8221;url:https%3A%2F%2Fwww.enka.com%2Fallfiles%2Fpdf%2F08_ENKA_Surdurulebilirlik_Raporu_2018-Gri_icerik_Endeksi.pdf|title:GRI%20%C4%B0%C3%A7erik%20Endeksi|target:%20_blank|&#8221;][\/vc_column][\/vc_row][vc_row][vc_column width=&#8221;1\/3&#8243;][\/vc_column][vc_column width=&#8221;1\/3&#8243;][vc_single_image image=&#8221;4372&#8243; img_size=&#8221;full&#8221; alignment=&#8221;center&#8221; style=&#8221;vc_box_outline&#8221; border_color=&#8221;blue&#8221; onclick=&#8221;custom_link&#8221; img_link_target=&#8221;_blank&#8221; link=&#8221;https:\/\/www.enka.com\/allfiles\/pdf\/09_ENKA_Surdurulebilirlik_Raporu_2018-BMKiS_Endeksi.pdf&#8221; css=&#8221;.vc_custom_1560516681128{margin-bottom: 5px !important;}&#8221;][vc_btn title=&#8221;BMK\u0130S Endeksi&#8221; shape=&#8221;square&#8221; size=&#8221;lg&#8221; align=&#8221;center&#8221; button_block=&#8221;true&#8221; link=&#8221;url:https%3A%2F%2Fwww.enka.com%2Fallfiles%2Fpdf%2F09_ENKA_Surdurulebilirlik_Raporu_2018-BMKiS_Endeksi.pdf|title:BMK%C4%B0S%20Endeksi|target:%20_blank|&#8221;][\/vc_column][vc_column width=&#8221;1\/3&#8243;][\/vc_column][\/vc_row]\n<\/div>","protected":false},"excerpt":{"rendered":"<p>[vc_row][vc_column][vc_custom_heading text=&#8221;S\u00dcRD\u00dcR\u00dcLEB\u0130L\u0130RL\u0130K RAPORU 2018&#8243; font_container=&#8221;tag:h2|text_align:center|color:%232266e5&#8243; use_theme_fonts=&#8221;yes&#8221; link=&#8221;url:https%3A%2F%2Fwww.enka.com%2Fallfiles%2Fpdf%2FENKA_Surdurulebilirlik_Raporu_2018.pdf|title:ENKA%20S%C3%BCrd%C3%BCr%C3%BClebilirlik%20Raporu%202018|target:%20_blank|&#8221;][\/vc_column][\/vc_row][vc_row][vc_column width=&#8221;1\/4&#8243;][\/vc_column][vc_column width=&#8221;1\/2&#8243;][vc_single_image image=&#8221;4350&#8243; img_size=&#8221;full&#8221; alignment=&#8221;center&#8221; style=&#8221;vc_box_outline&#8221; border_color=&#8221;blue&#8221; onclick=&#8221;custom_link&#8221; img_link_target=&#8221;_blank&#8221; link=&#8221;https:\/\/www.enka.com\/allfiles\/pdf\/ENKA_Surdurulebilirlik_Raporu_2018.pdf&#8221;][\/vc_column][vc_column width=&#8221;1\/4&#8243;][\/vc_column][\/vc_row][vc_row][vc_column width=&#8221;1\/3&#8243;][vc_single_image image=&#8221;4353&#8243; img_size=&#8221;full&#8221; alignment=&#8221;center&#8221; style=&#8221;vc_box_outline&#8221; border_color=&#8221;blue&#8221; onclick=&#8221;custom_link&#8221; img_link_target=&#8221;_blank&#8221; link=&#8221;https:\/\/www.enka.com\/allfiles\/pdf\/03_ENKA_Surdurulebilirlik_Raporu_2018-ENKA_Hakkinda.pdf&#8221; css=&#8221;.vc_custom_1560516334139{margin-bottom: 5px !important;}&#8221;][vc_btn title=&#8221;ENKA Hakk\u0131nda&#8221; shape=&#8221;square&#8221; size=&#8221;lg&#8221; align=&#8221;center&#8221; button_block=&#8221;true&#8221; link=&#8221;url:https%3A%2F%2Fwww.enka.com%2Fallfiles%2Fpdf%2F02_ENKA_Surdurulebilirlik_Raporu_2018-Rapor_Hakkinda.pdf|title:ENKA%20Hakk%C4%B1nda|target:%20_blank|&#8221;][\/vc_column][vc_column width=&#8221;1\/3&#8243;][vc_single_image image=&#8221;4356&#8243; img_size=&#8221;full&#8221; alignment=&#8221;center&#8221; style=&#8221;vc_box_outline&#8221; border_color=&#8221;blue&#8221; onclick=&#8221;custom_link&#8221; img_link_target=&#8221;_blank&#8221; link=&#8221;https:\/\/www.enka.com\/allfiles\/pdf\/04_ENKA_Surdurulebilirlik_Raporu_2018-ENKA_isi_iyi_ve_Dogru_Yapmak.pdf&#8221; css=&#8221;.vc_custom_1560516418887{margin-bottom: 5px !important;}&#8221;][vc_btn title=&#8221;\u0130\u015fi \u0130yi ve Do\u011fru Yapmak&#8221; shape=&#8221;square&#8221; <a class=\"more-link\" href=\"https:\/\/www.enka.com\/sustainability\/tr\/2018-raporu\/\">Continue reading <i class=\"fa fa-chevron-right\"><\/i><\/a><\/p>\n","protected":false},"author":1,"featured_media":0,"parent":0,"menu_order":0,"comment_status":"closed","ping_status":"closed","template":"","meta":{"_acf_changed":false,"inline_featured_image":false,"footnotes":""},"class_list":["post-4136","page","type-page","status-publish","hentry"],"aioseo_notices":[],"acf":[],"_links":{"self":[{"href":"https:\/\/www.enka.com\/sustainability\/tr\/wp-json\/wp\/v2\/pages\/4136","targetHints":{"allow":["GET"]}}],"collection":[{"href":"https:\/\/www.enka.com\/sustainability\/tr\/wp-json\/wp\/v2\/pages"}],"about":[{"href":"https:\/\/www.enka.com\/sustainability\/tr\/wp-json\/wp\/v2\/types\/page"}],"author":[{"embeddable":true,"href":"https:\/\/www.enka.com\/sustainability\/tr\/wp-json\/wp\/v2\/users\/1"}],"replies":[{"embeddable":true,"href":"https:\/\/www.enka.com\/sustainability\/tr\/wp-json\/wp\/v2\/comments?post=4136"}],"version-history":[{"count":0,"href":"https:\/\/www.enka.com\/sustainability\/tr\/wp-json\/wp\/v2\/pages\/4136\/revisions"}],"wp:attachment":[{"href":"https:\/\/www.enka.com\/sustainability\/tr\/wp-json\/wp\/v2\/media?parent=4136"}],"curies":[{"name":"wp","href":"https:\/\/api.w.org\/{rel}","templated":true}]}}