{"id":4396,"date":"2019-06-17T15:11:20","date_gmt":"2019-06-17T12:11:20","guid":{"rendered":"https:\/\/www.enka.com\/sustainability\/?page_id=4396"},"modified":"2022-09-06T15:54:57","modified_gmt":"2022-09-06T12:54:57","slug":"yayinlar","status":"publish","type":"page","link":"https:\/\/www.enka.com\/sustainability\/tr\/yayinlar\/","title":{"rendered":"YAYINLAR"},"content":{"rendered":"<div class=\"wpb-content-wrapper\">[vc_row][vc_column][vc_custom_heading text=&#8221;S\u00dcRD\u00dcR\u00dcLEB\u0130L\u0130RL\u0130K RAPORU 2019&#8243; font_container=&#8221;tag:h2|text_align:center|color:%232266e5&#8243; use_theme_fonts=&#8221;yes&#8221; link=&#8221;url:https%3A%2F%2Fwww.enka.com%2Fallfiles%2Fpdf%2FENKA_Surdurulebilirlik_Raporu_2019.pdf|title:ENKA%20S%C3%BCrd%C3%BCr%C3%BClebilirlik%20Raporu%202019|target:%20_blank|&#8221;][\/vc_column][\/vc_row][vc_row][vc_column width=&#8221;1\/4&#8243;][\/vc_column][vc_column width=&#8221;1\/2&#8243;][vc_single_image image=&#8221;8084&#8243; img_size=&#8221;full&#8221; alignment=&#8221;center&#8221; style=&#8221;vc_box_outline&#8221; border_color=&#8221;blue&#8221; onclick=&#8221;custom_link&#8221; img_link_target=&#8221;_blank&#8221; link=&#8221;https:\/\/www.enka.com\/allfiles\/pdf\/ENKA_Surdurulebilirlik_Raporu_2019.pdf&#8221;][\/vc_column][vc_column width=&#8221;1\/4&#8243;][\/vc_column][\/vc_row][vc_row][vc_column width=&#8221;1\/2&#8243;][vc_single_image image=&#8221;8076&#8243; img_size=&#8221;full&#8221; alignment=&#8221;center&#8221; style=&#8221;vc_box_outline&#8221; border_color=&#8221;blue&#8221; onclick=&#8221;custom_link&#8221; img_link_target=&#8221;_blank&#8221; link=&#8221;https:\/\/www.enka.com\/allfiles\/pdf\/04_ENKA_Surdurulebilirlik_Raporu_2019-ENKA_Isi_iyi_ve_Dogru_Yapmak.pdf&#8221; css=&#8221;.vc_custom_1591966363653{margin-bottom: 5px !important;}&#8221;][vc_btn title=&#8221;\u0130\u015fi \u0130yi ve Do\u011fru Yapmak&#8221; style=&#8221;flat&#8221; shape=&#8221;square&#8221; color=&#8221;sky&#8221; size=&#8221;lg&#8221; align=&#8221;center&#8221; button_block=&#8221;true&#8221; link=&#8221;url:https%3A%2F%2Fwww.enka.com%2Fallfiles%2Fpdf%2F04_ENKA_Surdurulebilirlik_Raporu_2019-ENKA_Isi_iyi_ve_Dogru_Yapmak.pdf|title:%C4%B0%C5%9Fi%20%C4%B0yi%20ve%20Do%C4%9Fru%20Yapmak|target:%20_blank|&#8221;][\/vc_column][vc_column width=&#8221;1\/2&#8243;][vc_single_image image=&#8221;8073&#8243; img_size=&#8221;full&#8221; alignment=&#8221;center&#8221; style=&#8221;vc_box_outline&#8221; border_color=&#8221;blue&#8221; onclick=&#8221;custom_link&#8221; img_link_target=&#8221;_blank&#8221; link=&#8221;https:\/\/www.enka.com\/allfiles\/pdf\/05_ENKA_Surdurulebilirlik_Raporu_2019-Toplumu_Kalkindirmak.pdf&#8221; css=&#8221;.vc_custom_1591966416575{margin-bottom: 5px !important;}&#8221;][vc_btn title=&#8221;Toplumu Kalk\u0131nd\u0131rmak&#8221; style=&#8221;flat&#8221; shape=&#8221;square&#8221; color=&#8221;warning&#8221; size=&#8221;lg&#8221; align=&#8221;center&#8221; button_block=&#8221;true&#8221; link=&#8221;url:https%3A%2F%2Fwww.enka.com%2Fallfiles%2Fpdf%2F05_ENKA_Surdurulebilirlik_Raporu_2019-Toplumu_Kalkindirmak.pdf|title:Toplumu%20Kalk%C4%B1nd%C4%B1rmak|target:%20_blank|&#8221;][\/vc_column][\/vc_row][vc_row][vc_column width=&#8221;1\/2&#8243;][vc_single_image image=&#8221;8070&#8243; img_size=&#8221;full&#8221; alignment=&#8221;center&#8221; style=&#8221;vc_box_outline&#8221; border_color=&#8221;blue&#8221; onclick=&#8221;custom_link&#8221; img_link_target=&#8221;_blank&#8221; link=&#8221;https:\/\/www.enka.com\/allfiles\/pdf\/06_ENKA_Surdurulebilirlik_Raporu_2019-Calisana_Deger_Vermek.pdf&#8221; css=&#8221;.vc_custom_1591966431788{margin-bottom: 5px !important;}&#8221;][vc_btn title=&#8221;\u00c7al\u0131\u015fana De\u011fer Vermek&#8221; style=&#8221;flat&#8221; shape=&#8221;square&#8221; color=&#8221;orange&#8221; size=&#8221;lg&#8221; align=&#8221;center&#8221; button_block=&#8221;true&#8221; link=&#8221;url:https%3A%2F%2Fwww.enka.com%2Fallfiles%2Fpdf%2F06_ENKA_Surdurulebilirlik_Raporu_2019-Calisana_Deger_Vermek.pdf|title:%C3%87al%C4%B1%C5%9Fana%20De%C4%9Fer%20Vermek|target:%20_blank|&#8221;][\/vc_column][vc_column width=&#8221;1\/2&#8243;][vc_single_image image=&#8221;8067&#8243; img_size=&#8221;full&#8221; alignment=&#8221;center&#8221; style=&#8221;vc_box_outline&#8221; border_color=&#8221;blue&#8221; onclick=&#8221;custom_link&#8221; img_link_target=&#8221;_blank&#8221; link=&#8221;https:\/\/www.enka.com\/allfiles\/pdf\/07_ENKA_Surdurulebilirlik_Raporu_2019-Cevresel_Etkiyi_Azaltmak.pdf&#8221; css=&#8221;.vc_custom_1591966446857{margin-bottom: 5px !important;}&#8221;][vc_btn title=&#8221;\u00c7evresel Etkiyi Azaltmak&#8221; style=&#8221;flat&#8221; shape=&#8221;square&#8221; color=&#8221;success&#8221; size=&#8221;lg&#8221; align=&#8221;center&#8221; button_block=&#8221;true&#8221; link=&#8221;url:https%3A%2F%2Fwww.enka.com%2Fallfiles%2Fpdf%2F07_ENKA_Surdurulebilirlik_Raporu_2019-Cevresel_Etkiyi_Azaltmak.pdf|title:%C3%87evresel%20Etkiyi%20Azaltmak|target:%20_blank|&#8221;][\/vc_column][\/vc_row]\n<\/div>","protected":false},"excerpt":{"rendered":"<p>[vc_row][vc_column][vc_custom_heading text=&#8221;S\u00dcRD\u00dcR\u00dcLEB\u0130L\u0130RL\u0130K RAPORU 2019&#8243; font_container=&#8221;tag:h2|text_align:center|color:%232266e5&#8243; use_theme_fonts=&#8221;yes&#8221; link=&#8221;url:https%3A%2F%2Fwww.enka.com%2Fallfiles%2Fpdf%2FENKA_Surdurulebilirlik_Raporu_2019.pdf|title:ENKA%20S%C3%BCrd%C3%BCr%C3%BClebilirlik%20Raporu%202019|target:%20_blank|&#8221;][\/vc_column][\/vc_row][vc_row][vc_column width=&#8221;1\/4&#8243;][\/vc_column][vc_column width=&#8221;1\/2&#8243;][vc_single_image image=&#8221;8084&#8243; img_size=&#8221;full&#8221; alignment=&#8221;center&#8221; style=&#8221;vc_box_outline&#8221; border_color=&#8221;blue&#8221; onclick=&#8221;custom_link&#8221; img_link_target=&#8221;_blank&#8221; link=&#8221;https:\/\/www.enka.com\/allfiles\/pdf\/ENKA_Surdurulebilirlik_Raporu_2019.pdf&#8221;][\/vc_column][vc_column width=&#8221;1\/4&#8243;][\/vc_column][\/vc_row][vc_row][vc_column width=&#8221;1\/2&#8243;][vc_single_image image=&#8221;8076&#8243; img_size=&#8221;full&#8221; alignment=&#8221;center&#8221; style=&#8221;vc_box_outline&#8221; border_color=&#8221;blue&#8221; onclick=&#8221;custom_link&#8221; img_link_target=&#8221;_blank&#8221; link=&#8221;https:\/\/www.enka.com\/allfiles\/pdf\/04_ENKA_Surdurulebilirlik_Raporu_2019-ENKA_Isi_iyi_ve_Dogru_Yapmak.pdf&#8221; css=&#8221;.vc_custom_1591966363653{margin-bottom: 5px !important;}&#8221;][vc_btn title=&#8221;\u0130\u015fi \u0130yi ve Do\u011fru Yapmak&#8221; style=&#8221;flat&#8221; shape=&#8221;square&#8221; color=&#8221;sky&#8221; size=&#8221;lg&#8221; align=&#8221;center&#8221; button_block=&#8221;true&#8221; link=&#8221;url:https%3A%2F%2Fwww.enka.com%2Fallfiles%2Fpdf%2F04_ENKA_Surdurulebilirlik_Raporu_2019-ENKA_Isi_iyi_ve_Dogru_Yapmak.pdf|title:%C4%B0%C5%9Fi%20%C4%B0yi%20ve%20Do%C4%9Fru%20Yapmak|target:%20_blank|&#8221;][\/vc_column][vc_column width=&#8221;1\/2&#8243;][vc_single_image image=&#8221;8073&#8243; img_size=&#8221;full&#8221; alignment=&#8221;center&#8221; style=&#8221;vc_box_outline&#8221; border_color=&#8221;blue&#8221; onclick=&#8221;custom_link&#8221; img_link_target=&#8221;_blank&#8221; link=&#8221;https:\/\/www.enka.com\/allfiles\/pdf\/05_ENKA_Surdurulebilirlik_Raporu_2019-Toplumu_Kalkindirmak.pdf&#8221; css=&#8221;.vc_custom_1591966416575{margin-bottom: 5px !important;}&#8221;][vc_btn title=&#8221;Toplumu <a class=\"more-link\" href=\"https:\/\/www.enka.com\/sustainability\/tr\/yayinlar\/\">Continue reading <i class=\"fa fa-chevron-right\"><\/i><\/a><\/p>\n","protected":false},"author":2,"featured_media":0,"parent":0,"menu_order":0,"comment_status":"closed","ping_status":"closed","template":"","meta":{"_acf_changed":false,"inline_featured_image":false,"footnotes":""},"class_list":["post-4396","page","type-page","status-publish","hentry"],"aioseo_notices":[],"acf":[],"_links":{"self":[{"href":"https:\/\/www.enka.com\/sustainability\/tr\/wp-json\/wp\/v2\/pages\/4396","targetHints":{"allow":["GET"]}}],"collection":[{"href":"https:\/\/www.enka.com\/sustainability\/tr\/wp-json\/wp\/v2\/pages"}],"about":[{"href":"https:\/\/www.enka.com\/sustainability\/tr\/wp-json\/wp\/v2\/types\/page"}],"author":[{"embeddable":true,"href":"https:\/\/www.enka.com\/sustainability\/tr\/wp-json\/wp\/v2\/users\/2"}],"replies":[{"embeddable":true,"href":"https:\/\/www.enka.com\/sustainability\/tr\/wp-json\/wp\/v2\/comments?post=4396"}],"version-history":[{"count":0,"href":"https:\/\/www.enka.com\/sustainability\/tr\/wp-json\/wp\/v2\/pages\/4396\/revisions"}],"wp:attachment":[{"href":"https:\/\/www.enka.com\/sustainability\/tr\/wp-json\/wp\/v2\/media?parent=4396"}],"curies":[{"name":"wp","href":"https:\/\/api.w.org\/{rel}","templated":true}]}}