{"id":4449,"date":"2019-06-21T11:16:31","date_gmt":"2019-06-21T08:16:31","guid":{"rendered":"https:\/\/www.enka.com\/sustainability\/?page_id=4449"},"modified":"2025-08-15T17:12:11","modified_gmt":"2025-08-15T14:12:11","slug":"enka-cdp-iklim-degisikligi-ve-su-guvenligi-2018-cevaplari","status":"publish","type":"page","link":"https:\/\/www.enka.com\/sustainability\/tr\/enka-cdp-iklim-degisikligi-ve-su-guvenligi-2018-cevaplari\/","title":{"rendered":"2019 ENKA CDP \u0130klim De\u011fi\u015fikli\u011fi ve Su G\u00fcvenli\u011fi Cevaplar\u0131"},"content":{"rendered":"<div class=\"wpb-content-wrapper\">[vc_row][vc_column][vc_single_image image=&#8221;4437&#8243; img_size=&#8221;full&#8221; alignment=&#8221;center&#8221; style=&#8221;vc_box_outline&#8221; border_color=&#8221;blue&#8221; onclick=&#8221;custom_link&#8221; img_link_target=&#8221;_blank&#8221; link=&#8221;https:\/\/www.enka.com\/allfiles\/pdf\/ENKA_Sustainability_Report_2018.pdf&#8221;][\/vc_column][\/vc_row][vc_row][vc_column width=&#8221;1\/2&#8243;][vc_btn title=&#8221;ENKA CDP \u0130klim De\u011fi\u015fikli\u011fi 2019 Cevaplar\u0131 (\u0130ngilizce)&#8221; style=&#8221;outline&#8221; shape=&#8221;square&#8221; color=&#8221;green&#8221; align=&#8221;center&#8221; i_icon_fontawesome=&#8221;fas fa-file-pdf&#8221; button_block=&#8221;true&#8221; add_icon=&#8221;true&#8221; link=&#8221;url:https%3A%2F%2Fwww.enka.com\/sustainability%2Fwp-content%2Fuploads%2F2019%2F06%2FENKA-CDP-Climate-Change-2018-Answers.pdf||target:%20_blank|&#8221;][\/vc_column][vc_column width=&#8221;1\/2&#8243;][vc_btn title=&#8221;ENKA CDP Su G\u00fcvenli\u011fi 2019 Cevaplar\u0131 (\u0130ngilizce)&#8221; style=&#8221;outline&#8221; shape=&#8221;square&#8221; color=&#8221;sky&#8221; align=&#8221;center&#8221; i_icon_fontawesome=&#8221;fas fa-file-pdf&#8221; button_block=&#8221;true&#8221; add_icon=&#8221;true&#8221; link=&#8221;url:https%3A%2F%2Fwww.enka.com\/sustainability%2Fwp-content%2Fuploads%2F2019%2F06%2FENKA-CDP-Water-Security-2018-Answers.pdf||target:%20_blank|&#8221;][\/vc_column][\/vc_row]\n<\/div>","protected":false},"excerpt":{"rendered":"<p>[vc_row][vc_column][vc_single_image image=&#8221;4437&#8243; img_size=&#8221;full&#8221; alignment=&#8221;center&#8221; style=&#8221;vc_box_outline&#8221; border_color=&#8221;blue&#8221; onclick=&#8221;custom_link&#8221; img_link_target=&#8221;_blank&#8221; link=&#8221;https:\/\/www.enka.com\/allfiles\/pdf\/ENKA_Sustainability_Report_2018.pdf&#8221;][\/vc_column][\/vc_row][vc_row][vc_column width=&#8221;1\/2&#8243;][vc_btn title=&#8221;ENKA CDP \u0130klim De\u011fi\u015fikli\u011fi 2019 Cevaplar\u0131 (\u0130ngilizce)&#8221; style=&#8221;outline&#8221; shape=&#8221;square&#8221; color=&#8221;green&#8221; align=&#8221;center&#8221; i_icon_fontawesome=&#8221;fas fa-file-pdf&#8221; button_block=&#8221;true&#8221; add_icon=&#8221;true&#8221; link=&#8221;url:https%3A%2F%2Fwww.enka.com\/sustainability%2Fwp-content%2Fuploads%2F2019%2F06%2FENKA-CDP-Climate-Change-2018-Answers.pdf||target:%20_blank|&#8221;][\/vc_column][vc_column width=&#8221;1\/2&#8243;][vc_btn title=&#8221;ENKA CDP Su G\u00fcvenli\u011fi 2019 Cevaplar\u0131 (\u0130ngilizce)&#8221; style=&#8221;outline&#8221; shape=&#8221;square&#8221; color=&#8221;sky&#8221; align=&#8221;center&#8221; i_icon_fontawesome=&#8221;fas fa-file-pdf&#8221; button_block=&#8221;true&#8221; add_icon=&#8221;true&#8221; link=&#8221;url:https%3A%2F%2Fwww.enka.com\/sustainability%2Fwp-content%2Fuploads%2F2019%2F06%2FENKA-CDP-Water-Security-2018-Answers.pdf||target:%20_blank|&#8221;][\/vc_column][\/vc_row]<\/p>\n","protected":false},"author":1,"featured_media":0,"parent":0,"menu_order":0,"comment_status":"closed","ping_status":"closed","template":"","meta":{"_acf_changed":false,"inline_featured_image":false,"footnotes":""},"class_list":["post-4449","page","type-page","status-publish","hentry"],"aioseo_notices":[],"acf":[],"_links":{"self":[{"href":"https:\/\/www.enka.com\/sustainability\/tr\/wp-json\/wp\/v2\/pages\/4449","targetHints":{"allow":["GET"]}}],"collection":[{"href":"https:\/\/www.enka.com\/sustainability\/tr\/wp-json\/wp\/v2\/pages"}],"about":[{"href":"https:\/\/www.enka.com\/sustainability\/tr\/wp-json\/wp\/v2\/types\/page"}],"author":[{"embeddable":true,"href":"https:\/\/www.enka.com\/sustainability\/tr\/wp-json\/wp\/v2\/users\/1"}],"replies":[{"embeddable":true,"href":"https:\/\/www.enka.com\/sustainability\/tr\/wp-json\/wp\/v2\/comments?post=4449"}],"version-history":[{"count":0,"href":"https:\/\/www.enka.com\/sustainability\/tr\/wp-json\/wp\/v2\/pages\/4449\/revisions"}],"wp:attachment":[{"href":"https:\/\/www.enka.com\/sustainability\/tr\/wp-json\/wp\/v2\/media?parent=4449"}],"curies":[{"name":"wp","href":"https:\/\/api.w.org\/{rel}","templated":true}]}}