{"id":561,"date":"2017-11-29T12:43:21","date_gmt":"2017-11-29T12:43:21","guid":{"rendered":"https:\/\/www.enka.com\/sustainability\/sustainability-policy\/"},"modified":"2025-10-09T14:39:56","modified_gmt":"2025-10-09T11:39:56","slug":"surdurulebilirlik-politikasi","status":"publish","type":"page","link":"https:\/\/www.enka.com\/sustainability\/tr\/anasayfa\/strateji\/surdurulebilirlik-politikasi\/","title":{"rendered":"S\u00dcRD\u00dcR\u00dcLEB\u0130L\u0130RL\u0130K POL\u0130T\u0130KASI"},"content":{"rendered":"<div class=\"wpb-content-wrapper\">[vc_row full_width=&#8221;stretch_row_content_no_spaces&#8221;][vc_column]<div id=\"ultimate-heading-367769fcab441d77c\" class=\"uvc-heading ult-adjust-bottom-margin ultimate-heading-367769fcab441d77c uvc-1628 \" data-hspacer=\"no_spacer\"  data-halign=\"center\" style=\"text-align:center\"><div class=\"uvc-heading-spacer no_spacer\" style=\"top\"><\/div><div class=\"uvc-main-heading ult-responsive\"  data-ultimate-target='.uvc-heading.ultimate-heading-367769fcab441d77c h1'  data-responsive-json-new='{\"font-size\":\"\",\"line-height\":\"\"}' ><h1 style=\"font-weight:bold;color:#025e9e;\">S\u00dcRD\u00dcR\u00dcLEB\u0130L\u0130RL\u0130K POL\u0130T\u0130KASI<\/h1><\/div><\/div><div class=\"ult-spacer spacer-69fcab441d846\" data-id=\"69fcab441d846\" data-height=\"32\" data-height-mobile=\"32\" data-height-tab=\"32\" data-height-tab-portrait=\"\" data-height-mobile-landscape=\"\" style=\"clear:both;display:block;\"><\/div>[\/vc_column][\/vc_row][vc_row equal_height=&#8221;yes&#8221; css_animation=&#8221;fadeIn&#8221;][vc_column width=&#8221;1\/2&#8243;][vc_row_inner content_placement=&#8221;middle&#8221;][vc_column_inner width=&#8221;1\/6&#8243;][vc_single_image image=&#8221;2413&#8243; img_size=&#8221;full&#8221; alignment=&#8221;center&#8221; css_animation=&#8221;fadeIn&#8221; css=&#8221;&#8221;][\/vc_column_inner][vc_column_inner width=&#8221;5\/6&#8243;][vc_column_text css_animation=&#8221;fadeIn&#8221;]\n<p style=\"text-align: justify;\">Merkezi \u0130stanbul&#8217;da bulunan \u00f6nc\u00fc ve k\u00fcresel bir \u015firket olarak, faaliyet g\u00f6sterdi\u011fimiz t\u00fcm sekt\u00f6rlerde y\u00fcksek kalitede \u00fcr\u00fcn ve hizmetler sunar\u0131z.<\/p>\n[\/vc_column_text][\/vc_column_inner][\/vc_row_inner][vc_row_inner content_placement=&#8221;middle&#8221;][vc_column_inner width=&#8221;1\/6&#8243;][vc_single_image image=&#8221;2415&#8243; img_size=&#8221;full&#8221; alignment=&#8221;center&#8221; css_animation=&#8221;fadeIn&#8221; css=&#8221;&#8221;][\/vc_column_inner][vc_column_inner width=&#8221;5\/6&#8243;][vc_column_text css_animation=&#8221;fadeIn&#8221;]\n<p style=\"text-align: justify;\">Ger\u00e7ekle\u015ftirdi\u011fimiz projeler ile \u00fclkelerin kalk\u0131nmas\u0131na ve refah\u0131na katk\u0131 sa\u011flar; yapt\u0131\u011f\u0131m\u0131z i\u015flerde i\u015f g\u00fcvenli\u011fini, kaliteyi ve uygun maliyeti \u00f6n plana koyarak g\u00fcvenilirli\u011fi sa\u011flar\u0131z.<\/p>\n[\/vc_column_text][\/vc_column_inner][\/vc_row_inner][vc_row_inner content_placement=&#8221;middle&#8221;][vc_column_inner width=&#8221;1\/6&#8243;][vc_single_image image=&#8221;2417&#8243; img_size=&#8221;full&#8221; alignment=&#8221;center&#8221; css_animation=&#8221;fadeIn&#8221; css=&#8221;&#8221;][\/vc_column_inner][vc_column_inner width=&#8221;5\/6&#8243;][vc_column_text css_animation=&#8221;fadeIn&#8221;]\n<p style=\"text-align: justify;\">\u0130\u015fimizi etik, \u015feffaf ve hesap verebilir bir kurumsal y\u00f6netim anlay\u0131\u015f\u0131yla ve s\u00fcrd\u00fcr\u00fclebilir b\u00fcy\u00fcme vizyonuyla y\u00fcr\u00fct\u00fcr\u00fcz.<\/p>\n[\/vc_column_text][\/vc_column_inner][\/vc_row_inner][vc_row_inner content_placement=&#8221;middle&#8221;][vc_column_inner width=&#8221;1\/6&#8243;][vc_single_image image=&#8221;2419&#8243; img_size=&#8221;full&#8221; alignment=&#8221;center&#8221; css_animation=&#8221;fadeIn&#8221; css=&#8221;&#8221;][\/vc_column_inner][vc_column_inner width=&#8221;5\/6&#8243;][vc_column_text css_animation=&#8221;fadeIn&#8221;]\n<p style=\"text-align: justify;\">T\u00fcrkiye\u2019de ve yurt d\u0131\u015f\u0131nda binlerce insana istihdam ve yerel ekonomilere katk\u0131 sa\u011flar\u0131z. B\u00f6lge ihtiya\u00e7lar\u0131na destek olarak yerel sosyo-ekonomik kalk\u0131nmaya katk\u0131da bulunuruz.<\/p>\n[\/vc_column_text][\/vc_column_inner][\/vc_row_inner][vc_row_inner content_placement=&#8221;middle&#8221;][vc_column_inner width=&#8221;1\/6&#8243;][vc_single_image image=&#8221;2421&#8243; img_size=&#8221;full&#8221; alignment=&#8221;center&#8221; css_animation=&#8221;fadeIn&#8221; css=&#8221;&#8221;][\/vc_column_inner][vc_column_inner width=&#8221;5\/6&#8243;][vc_column_text css_animation=&#8221;fadeIn&#8221;]\n<p style=\"text-align: justify;\">Payda\u015f kat\u0131l\u0131m\u0131na \u00f6nem veririz. Kapsay\u0131c\u0131 stratejimiz, payda\u015flar\u0131m\u0131z\u0131n beklentilerini dikkate ald\u0131\u011f\u0131 gibi risklerimizi azalt\u0131r ve uzun d\u00f6nemli ve kal\u0131c\u0131 ili\u015fkiler kurmam\u0131za yard\u0131mc\u0131 olur.<\/p>\n[\/vc_column_text][\/vc_column_inner][\/vc_row_inner][\/vc_column][vc_column width=&#8221;1\/2&#8243;][vc_row_inner content_placement=&#8221;middle&#8221;][vc_column_inner width=&#8221;1\/6&#8243;][vc_single_image image=&#8221;2423&#8243; img_size=&#8221;full&#8221; alignment=&#8221;center&#8221; css_animation=&#8221;fadeIn&#8221; css=&#8221;&#8221;][\/vc_column_inner][vc_column_inner width=&#8221;5\/6&#8243;][vc_column_text css_animation=&#8221;fadeIn&#8221;]\n<p style=\"text-align: justify;\">\u00c7al\u0131\u015ft\u0131\u011f\u0131m\u0131z t\u00fcm co\u011frafyalarda insan haklar\u0131na sayg\u0131 g\u00f6sterir, her t\u00fcrl\u00fc ayr\u0131mc\u0131l\u0131\u011fa kar\u015f\u0131 \u00e7\u0131kar, f\u0131rsat e\u015fitli\u011fini te\u015fvik ederiz ve i\u015f ortaklar\u0131m\u0131zdan da ayn\u0131 hassasiyeti bekleriz.<\/p>\n[\/vc_column_text][\/vc_column_inner][\/vc_row_inner][vc_row_inner content_placement=&#8221;middle&#8221;][vc_column_inner width=&#8221;1\/6&#8243;][vc_single_image image=&#8221;2425&#8243; img_size=&#8221;full&#8221; alignment=&#8221;center&#8221; css_animation=&#8221;fadeIn&#8221; css=&#8221;&#8221;][\/vc_column_inner][vc_column_inner width=&#8221;5\/6&#8243;][vc_column_text css_animation=&#8221;fadeIn&#8221;]\n<p style=\"text-align: justify;\">En \u00f6ncelikli payda\u015f\u0131m\u0131z olan \u00e7al\u0131\u015fanlar\u0131m\u0131z\u0131n sa\u011fl\u0131k ve g\u00fcvenliklerini sa\u011flaman\u0131n yan\u0131 s\u0131ra onlara adil ve kat\u0131l\u0131mc\u0131 bir \u00e7al\u0131\u015fma ortam\u0131 sunar, geli\u015fimlerine yat\u0131r\u0131m yapar\u0131z.<\/p>\n[\/vc_column_text][\/vc_column_inner][\/vc_row_inner][vc_row_inner content_placement=&#8221;middle&#8221;][vc_column_inner width=&#8221;1\/6&#8243;][vc_single_image image=&#8221;2427&#8243; img_size=&#8221;full&#8221; alignment=&#8221;center&#8221; css_animation=&#8221;fadeIn&#8221; css=&#8221;&#8221;][\/vc_column_inner][vc_column_inner width=&#8221;5\/6&#8243;][vc_column_text css_animation=&#8221;fadeIn&#8221;]\n<p style=\"text-align: justify;\">Faaliyetlerimizin \u00e7evresel ve sosyal etkilerini \u00f6l\u00e7er ve de\u011ferlendiririz; olumsuz etkilerimizi azaltmaya y\u00f6nelik s\u00fcre\u00e7lerimizi iyile\u015ftiririz.<\/p>\n[\/vc_column_text][\/vc_column_inner][\/vc_row_inner][vc_row_inner content_placement=&#8221;middle&#8221;][vc_column_inner width=&#8221;1\/6&#8243;][vc_single_image image=&#8221;2429&#8243; img_size=&#8221;full&#8221; alignment=&#8221;center&#8221; css_animation=&#8221;fadeIn&#8221; css=&#8221;&#8221;][\/vc_column_inner][vc_column_inner width=&#8221;5\/6&#8243;][vc_column_text css_animation=&#8221;fadeIn&#8221;]\n<p style=\"text-align: justify;\">\u0130klim de\u011fi\u015fikli\u011fine y\u00f6nelik m\u00fccadeleye destek olur, do\u011fal kaynaklar\u0131n korunmas\u0131na \u00f6zen g\u00f6steririz.<\/p>\n[\/vc_column_text][\/vc_column_inner][\/vc_row_inner][vc_row_inner content_placement=&#8221;middle&#8221;][vc_column_inner width=&#8221;1\/6&#8243;][vc_single_image image=&#8221;2431&#8243; img_size=&#8221;full&#8221; alignment=&#8221;center&#8221; css_animation=&#8221;fadeIn&#8221; css=&#8221;&#8221;][\/vc_column_inner][vc_column_inner width=&#8221;5\/6&#8243;][vc_column_text css_animation=&#8221;fadeIn&#8221;]\n<p style=\"text-align: justify;\">Eg\u0306itim, k\u00fclt\u00fcr, sanat ve spora yat\u0131r\u0131m yaparak yeni nesillerin geli\u015fimine destek oluruz.<\/p>\n[\/vc_column_text][\/vc_column_inner][\/vc_row_inner][\/vc_column][\/vc_row][vc_row full_width=&#8221;stretch_row_content_no_spaces&#8221;][vc_column css_animation=&#8221;fadeIn&#8221;]<div id=\"ultimate-heading-876169fcab441d87c\" class=\"uvc-heading ult-adjust-bottom-margin ultimate-heading-876169fcab441d87c uvc-4230 \" data-hspacer=\"no_spacer\"  data-halign=\"center\" style=\"text-align:center\"><div class=\"uvc-heading-spacer no_spacer\" style=\"top\"><\/div><div class=\"uvc-main-heading ult-responsive\"  data-ultimate-target='.uvc-heading.ultimate-heading-876169fcab441d87c h2'  data-responsive-json-new='{\"font-size\":\"\",\"line-height\":\"\"}' ><h2 style=\"font-weight:normal;color:#025e9e;\">S\u00fcrd\u00fcr\u00fclebilirlik Politikas\u0131n\u0131 \u0130ndirin<\/h2><\/div><\/div><div class=\"ult-spacer spacer-69fcab441d8be\" data-id=\"69fcab441d8be\" data-height=\"32\" data-height-mobile=\"32\" data-height-tab=\"32\" data-height-tab-portrait=\"\" data-height-mobile-landscape=\"\" style=\"clear:both;display:block;\"><\/div>[\/vc_column][\/vc_row][vc_row][vc_column width=&#8221;1\/4&#8243;][vc_single_image image=&#8221;13570&#8243; img_size=&#8221;600&#215;828&#8243; alignment=&#8221;center&#8221; style=&#8221;vc_box_shadow_3d&#8221; onclick=&#8221;zoom&#8221; css_animation=&#8221;none&#8221;][vc_btn title=&#8221;T\u00dcRK\u00c7E&#8221; style=&#8221;outline&#8221; shape=&#8221;square&#8221; color=&#8221;sky&#8221; align=&#8221;center&#8221; i_icon_fontawesome=&#8221;fas fa-file-pdf&#8221; button_block=&#8221;true&#8221; add_icon=&#8221;true&#8221; link=&#8221;url:https%3A%2F%2Fwww.enka.com%2Fallfiles%2Fmedia%2Fpdfs%2FENKA_Sustainability_Policy_TUR.pdf||target:%20_blank|&#8221;][\/vc_column][vc_column width=&#8221;1\/4&#8243;][vc_single_image image=&#8221;13564&#8243; img_size=&#8221;600&#215;828&#8243; alignment=&#8221;center&#8221; style=&#8221;vc_box_shadow_3d&#8221; onclick=&#8221;zoom&#8221; css_animation=&#8221;none&#8221;][vc_btn title=&#8221;\u0130NG\u0130L\u0130ZCE&#8221; style=&#8221;outline&#8221; shape=&#8221;square&#8221; color=&#8221;sky&#8221; align=&#8221;center&#8221; i_icon_fontawesome=&#8221;fas fa-file-pdf&#8221; button_block=&#8221;true&#8221; add_icon=&#8221;true&#8221; link=&#8221;url:https%3A%2F%2Fwww.enka.com%2Fallfiles%2Fmedia%2Fpdfs%2FENKA_Sustainability_Policy_ENG.pdf||target:%20_blank|&#8221;][\/vc_column][vc_column width=&#8221;1\/4&#8243;][vc_single_image image=&#8221;13567&#8243; img_size=&#8221;600&#215;828&#8243; alignment=&#8221;center&#8221; style=&#8221;vc_box_shadow_3d&#8221; onclick=&#8221;zoom&#8221; css_animation=&#8221;fadeIn&#8221;][vc_btn title=&#8221;RUS\u00c7A&#8221; style=&#8221;outline&#8221; shape=&#8221;square&#8221; color=&#8221;sky&#8221; align=&#8221;center&#8221; i_icon_fontawesome=&#8221;fas fa-file-pdf&#8221; button_block=&#8221;true&#8221; add_icon=&#8221;true&#8221; link=&#8221;url:https%3A%2F%2Fwww.enka.com%2Fallfiles%2Fmedia%2Fpdfs%2FENKA_Sustainability_Policy_RUS.pdf||target:%20_blank|&#8221;][\/vc_column][vc_column width=&#8221;1\/4&#8243;][vc_single_image image=&#8221;13561&#8243; img_size=&#8221;600&#215;828&#8243; alignment=&#8221;center&#8221; style=&#8221;vc_box_shadow_3d&#8221; onclick=&#8221;zoom&#8221; css_animation=&#8221;fadeIn&#8221;][vc_btn title=&#8221;ARAP\u00c7A&#8221; style=&#8221;outline&#8221; shape=&#8221;square&#8221; color=&#8221;sky&#8221; align=&#8221;center&#8221; i_icon_fontawesome=&#8221;fas fa-file-pdf&#8221; button_block=&#8221;true&#8221; add_icon=&#8221;true&#8221; link=&#8221;url:https%3A%2F%2Fwww.enka.com%2Fallfiles%2Fmedia%2Fpdfs%2FENKA_Sustainability_Policy_ARAB.pdf||target:%20_blank|&#8221;][\/vc_column][\/vc_row]\n<\/div>","protected":false},"excerpt":{"rendered":"<p>[vc_row full_width=&#8221;stretch_row_content_no_spaces&#8221;][vc_column][\/vc_column][\/vc_row][vc_row equal_height=&#8221;yes&#8221; css_animation=&#8221;fadeIn&#8221;][vc_column width=&#8221;1\/2&#8243;][vc_row_inner content_placement=&#8221;middle&#8221;][vc_column_inner width=&#8221;1\/6&#8243;][vc_single_image image=&#8221;2413&#8243; img_size=&#8221;full&#8221; alignment=&#8221;center&#8221; css_animation=&#8221;fadeIn&#8221; css=&#8221;&#8221;][\/vc_column_inner][vc_column_inner width=&#8221;5\/6&#8243;][vc_column_text css_animation=&#8221;fadeIn&#8221;] Merkezi \u0130stanbul&#8217;da bulunan \u00f6nc\u00fc ve k\u00fcresel bir \u015firket olarak, faaliyet g\u00f6sterdi\u011fimiz t\u00fcm sekt\u00f6rlerde y\u00fcksek kalitede \u00fcr\u00fcn ve hizmetler sunar\u0131z. [\/vc_column_text][\/vc_column_inner][\/vc_row_inner][vc_row_inner content_placement=&#8221;middle&#8221;][vc_column_inner width=&#8221;1\/6&#8243;][vc_single_image image=&#8221;2415&#8243; img_size=&#8221;full&#8221; alignment=&#8221;center&#8221; css_animation=&#8221;fadeIn&#8221; css=&#8221;&#8221;][\/vc_column_inner][vc_column_inner width=&#8221;5\/6&#8243;][vc_column_text css_animation=&#8221;fadeIn&#8221;] Ger\u00e7ekle\u015ftirdi\u011fimiz projeler ile \u00fclkelerin kalk\u0131nmas\u0131na ve refah\u0131na katk\u0131 sa\u011flar; yapt\u0131\u011f\u0131m\u0131z i\u015flerde i\u015f <a class=\"more-link\" href=\"https:\/\/www.enka.com\/sustainability\/tr\/anasayfa\/strateji\/surdurulebilirlik-politikasi\/\">Continue reading <i class=\"fa fa-chevron-right\"><\/i><\/a><\/p>\n","protected":false},"author":1,"featured_media":0,"parent":13108,"menu_order":0,"comment_status":"closed","ping_status":"closed","template":"","meta":{"_acf_changed":false,"inline_featured_image":false,"footnotes":""},"class_list":["post-561","page","type-page","status-publish","hentry"],"aioseo_notices":[],"acf":[],"_links":{"self":[{"href":"https:\/\/www.enka.com\/sustainability\/tr\/wp-json\/wp\/v2\/pages\/561","targetHints":{"allow":["GET"]}}],"collection":[{"href":"https:\/\/www.enka.com\/sustainability\/tr\/wp-json\/wp\/v2\/pages"}],"about":[{"href":"https:\/\/www.enka.com\/sustainability\/tr\/wp-json\/wp\/v2\/types\/page"}],"author":[{"embeddable":true,"href":"https:\/\/www.enka.com\/sustainability\/tr\/wp-json\/wp\/v2\/users\/1"}],"replies":[{"embeddable":true,"href":"https:\/\/www.enka.com\/sustainability\/tr\/wp-json\/wp\/v2\/comments?post=561"}],"version-history":[{"count":0,"href":"https:\/\/www.enka.com\/sustainability\/tr\/wp-json\/wp\/v2\/pages\/561\/revisions"}],"up":[{"embeddable":true,"href":"https:\/\/www.enka.com\/sustainability\/tr\/wp-json\/wp\/v2\/pages\/13108"}],"wp:attachment":[{"href":"https:\/\/www.enka.com\/sustainability\/tr\/wp-json\/wp\/v2\/media?parent=561"}],"curies":[{"name":"wp","href":"https:\/\/api.w.org\/{rel}","templated":true}]}}