{"id":573,"date":"2017-11-30T08:52:27","date_gmt":"2017-11-30T08:52:27","guid":{"rendered":"https:\/\/www.enka.com\/sustainability\/sustainability\/ethics-compliance\/fighting-bribery-and-corruption\/"},"modified":"2023-09-28T13:59:33","modified_gmt":"2023-09-28T10:59:33","slug":"rusvet-ve-yolsuzlukla-mucadele","status":"publish","type":"page","link":"https:\/\/www.enka.com\/sustainability\/tr\/anasayfa\/etik-uyum\/rusvet-ve-yolsuzlukla-mucadele\/","title":{"rendered":"R\u00dc\u015eVET VE YOLSUZLUKLA M\u00dcCADELE"},"content":{"rendered":"<div class=\"wpb-content-wrapper\">[vc_row full_width=&#8221;stretch_row_content_no_spaces&#8221;][vc_column]<div id=\"ultimate-heading-91069e206e53760f\" class=\"uvc-heading ult-adjust-bottom-margin ultimate-heading-91069e206e53760f uvc-4220 \" data-hspacer=\"no_spacer\"  data-halign=\"center\" style=\"text-align:center\"><div class=\"uvc-heading-spacer no_spacer\" style=\"top\"><\/div><div class=\"uvc-main-heading ult-responsive\"  data-ultimate-target='.uvc-heading.ultimate-heading-91069e206e53760f h1'  data-responsive-json-new='{\"font-size\":\"\",\"line-height\":\"\"}' ><h1 style=\"font-weight:bold;color:#025e9e;\">R\u00dc\u015eVET &amp; YOLSUZLUKLA M\u00dcCADELE<\/h1><\/div><\/div><div class=\"ult-spacer spacer-69e206e537729\" data-id=\"69e206e537729\" data-height=\"32\" data-height-mobile=\"32\" data-height-tab=\"32\" data-height-tab-portrait=\"\" data-height-mobile-landscape=\"\" style=\"clear:both;display:block;\"><\/div>[\/vc_column][\/vc_row][vc_row equal_height=&#8221;yes&#8221; css_animation=&#8221;fadeIn&#8221;][vc_column][vc_column_text css_animation=&#8221;fadeIn&#8221;]\n<p style=\"text-align: justify;\">ENKA, sorumlu ve s\u00fcrd\u00fcr\u00fclebilir i\u015f yapma prensibi do\u011frultusunda imzac\u0131s\u0131 oldu\u011fu Birle\u015fmi\u015f Milletler K\u00fcresel \u0130lkeler S\u00f6zle\u015fmesi\u2019nin (United Nations Global Compact) 10 ilkesini benimsemektedir. ENKA, faaliyetlerini y\u00fcr\u00fct\u00fcrken her t\u00fcrl\u00fc r\u00fc\u015fvet ve yolsuzlu\u011fun kar\u015f\u0131s\u0131ndad\u0131r ve \u00f6zel veya t\u00fczel ki\u015filerin do\u011frudan veya \u00fc\u00e7\u00fcnc\u00fc ki\u015filer \u00fczerinden r\u00fc\u015fvet al\u0131p vermelerine, i\u015f kayb\u0131na veya gecikmelere neden olsa bile izin vermeyecektir.<\/p>\n<p style=\"text-align: justify;\">ENKA, r\u00fc\u015fvet ve yolsuzlukla ilgili s\u0131f\u0131r ho\u015fg\u00f6r\u00fc prensibini ENKA Davran\u0131\u015f Kurallar\u0131 i\u00e7erisinde a\u00e7\u0131k\u00e7a belirtmektedir.<\/p>\n[\/vc_column_text][\/vc_column][\/vc_row][vc_row css_animation=&#8221;fadeIn&#8221;][vc_column]<div id=\"ultimate-heading-499569e206e537777\" class=\"uvc-heading ult-adjust-bottom-margin ultimate-heading-499569e206e537777 uvc-5974 \" data-hspacer=\"no_spacer\"  data-halign=\"center\" style=\"text-align:center\"><div class=\"uvc-heading-spacer no_spacer\" style=\"top\"><\/div><div class=\"uvc-main-heading ult-responsive\"  data-ultimate-target='.uvc-heading.ultimate-heading-499569e206e537777 h2'  data-responsive-json-new='{\"font-size\":\"\",\"line-height\":\"\"}' ><h2 style=\"font-weight:normal;color:#025e9e;\">R\u00fc\u015fvet \u0130\u00e7in S\u0131f\u0131r Ho\u015fg\u00f6r\u00fc<\/h2><\/div><\/div><div class=\"ult-spacer spacer-69e206e5377f1\" data-id=\"69e206e5377f1\" data-height=\"32\" data-height-mobile=\"32\" data-height-tab=\"32\" data-height-tab-portrait=\"\" data-height-mobile-landscape=\"\" style=\"clear:both;display:block;\"><\/div>[vc_column_text]\n<p style=\"text-align: justify;\">ENKA, \u00f6zel veya t\u00fczel ki\u015filerin do\u011frudan veya \u00fc\u00e7\u00fcnc\u00fc ki\u015filer \u00fczerinden r\u00fc\u015fvetlerine, i\u015f kaybetmemize veya gecikmelerle kar\u015f\u0131la\u015fmam\u0131za neden olacak olsa bile izin vermemektedir.<\/p>\n<p style=\"text-align: justify;\">R\u00fc\u015fvet, \u00f6zel veya t\u00fczel \u00fc\u00e7\u00fcnc\u00fc ki\u015filerin faaliyetlerini uygunsuz bir bi\u00e7imde etkilemek i\u00e7in de\u011ferli herhangi bir \u015fey veya ba\u015fka bir avantaj\u0131n verilmesi veya verilme vaadidir. Para, hediye, seyahat veya di\u011fer harcamalar, konaklama, indirimler, iltimaslar, i\u015f veya i\u015fe al\u0131m f\u0131rsatlar\u0131, politik veya hay\u0131r ama\u00e7l\u0131 katk\u0131lar veya herhangi bir do\u011frudan veya dolayl\u0131 bedel r\u00fc\u015fvet olarak de\u011ferlendirilebilir. Ki\u015filerin konumunu kullanarak r\u00fc\u015fvet niteli\u011fi ta\u015f\u0131yan tavizlere g\u00f6z yummas\u0131 etik kural ihlali olarak de\u011ferlendirilir.<\/p>\n<p style=\"text-align: justify;\">R\u00fc\u015fvet niteli\u011finde davran\u0131\u015flar yolsuzlukla m\u00fccadeleye ili\u015fkin yasa maddeleri ve ilgili mevzuat\u0131 ihlal etmektedir. T\u00fcm \u00e7al\u0131\u015fanlar g\u00f6revlerinde ilgili yerel ve di\u011fer uygulanabilir yolsuzlukla m\u00fccadele kanunlar\u0131n\u0131 bilmek ve bunlara uymak zorundad\u0131r. Yolsuzlukla m\u00fccadele kanunlar\u0131n\u0131 ihlal etmenin sonu\u00e7lar\u0131 hem \u015firketimiz i\u00e7in hem de ilgili bireyler i\u00e7in a\u011f\u0131rd\u0131r ve bu sonu\u00e7lar hukuki ve cezai yapt\u0131r\u0131mlar\u0131 i\u00e7erebilir.<\/p>\n<p style=\"text-align: justify;\">R\u00fc\u015fvet vermeyi reddeden \u00e7al\u0131\u015fana, herhangi bir ceza veya yapt\u0131r\u0131m kesinlikle uygulanmamaktad\u0131r.<\/p>\n<p style=\"text-align: justify;\">M\u00fc\u015fterek giri\u015fim ortaklar\u0131m\u0131zdan, tedarik\u00e7ilerimizden, y\u00fcklenicilerimizden, dan\u0131\u015fmanlar\u0131m\u0131zdan ve di\u011fer i\u015f ortaklar\u0131m\u0131zdan r\u00fc\u015fvet konusunda s\u0131f\u0131r ho\u015fg\u00f6r\u00fc politikas\u0131n\u0131 uygulamalar\u0131n\u0131 talep etmekteyiz.<\/p>\n[\/vc_column_text][vc_row_inner][vc_column_inner]<div id=\"ultimate-heading-610669e206e537823\" class=\"uvc-heading ult-adjust-bottom-margin ultimate-heading-610669e206e537823 uvc-4877 \" data-hspacer=\"no_spacer\"  data-halign=\"center\" style=\"text-align:center\"><div class=\"uvc-heading-spacer no_spacer\" style=\"top\"><\/div><div class=\"uvc-main-heading ult-responsive\"  data-ultimate-target='.uvc-heading.ultimate-heading-610669e206e537823 h2'  data-responsive-json-new='{\"font-size\":\"\",\"line-height\":\"\"}' ><h2 style=\"font-weight:normal;color:#025e9e;\">Sorumlu ve \u015eeffaf Y\u00f6netim<\/h2><\/div><\/div><div class=\"ult-spacer spacer-69e206e537867\" data-id=\"69e206e537867\" data-height=\"32\" data-height-mobile=\"32\" data-height-tab=\"32\" data-height-tab-portrait=\"\" data-height-mobile-landscape=\"\" style=\"clear:both;display:block;\"><\/div>[\/vc_column_inner][\/vc_row_inner][vc_row_inner][vc_column_inner width=&#8221;2\/3&#8243;][vc_column_text css_animation=&#8221;fadeIn&#8221;]\n<p style=\"text-align: justify;\">ENKA denetim ve de\u011ferlendirmelerin, s\u00fcrekli iyile\u015fme ve risk tespiti i\u00e7in temel unsurlar oldu\u011fu g\u00f6r\u00fc\u015f\u00fcndedir. ENKA nezdinde r\u00fc\u015fvet ve yolsuzlukla m\u00fccadele ve risklerin erken tespiti kapsam\u0131nda i\u00e7 denetim \u00e7al\u0131\u015fmalar\u0131 y\u00fcr\u00fct\u00fclmektedir.<\/p>\n<p style=\"text-align: justify;\">ENKA Merkez Ofis departmanlar\u0131, i\u015ftirakleri ve t\u00fcm projelerinde; ENKA Finans ve Muhasebe, Mali Kontrol, Kalite Y\u00f6netimi, S\u00fcrd\u00fcr\u00fclebilirlik ve Uyum, \u0130nsan Kaynaklar\u0131 uzmanlar\u0131ndan olu\u015fan \u201c\u0130\u00e7 Denetim Komitesi\u201d taraf\u0131ndan denetimler ger\u00e7ekle\u015ftirilmektedir.<\/p>\n<p style=\"text-align: justify;\">\u0130\u00e7 Denetim Komitesi, y\u0131ll\u0131k olarak yay\u0131nlad\u0131\u011f\u0131 denetim plan\u0131 kapsam\u0131nda, s\u00fcre\u00e7 kontrol\u00fc, finansal tablolar ve raporlar, mali kontrol, yerel ve uluslararas\u0131 mevzuat ve uygunluk, r\u00fc\u015fvet ve yolsuzluk ve kalite denetimlerini i\u00e7eren geni\u015f kapsaml\u0131 denetim \u00e7al\u0131\u015fmalar\u0131 y\u00fcr\u00fctmektedir.<\/p>\n<p style=\"text-align: justify;\">Bu denetimler, 30\u2019dan fazla, alan\u0131nda uzman ve deneyimli i\u00e7 denet\u00e7i kadrosuyla, Uluslararas\u0131 Denetim Standartlar\u0131na uygun olarak ger\u00e7ekle\u015ftirilip, raporlanmakta; tespit edilen uygunsuzluklara ili\u015fkin d\u00fczeltici faaliyetler ivedilikle hayata ge\u00e7irilmektedir.<\/p>\n<p style=\"text-align: justify;\">T\u00fcm \u015firket \u00e7al\u0131\u015fanlar\u0131m\u0131zdan, bu denetimler s\u00fcresince, kendi s\u00fcre\u00e7leri ve \u00e7al\u0131\u015fmalar\u0131 konusunda \u015feffaf ve a\u00e7\u0131k bir tutum sergilemelerini beklemekteyiz.<\/p>\n<p style=\"text-align: justify;\">Bu do\u011frultuda ENKA i\u00e7 denetim ekipleri, ISO 9001, ISO 27001, ISO 14001, ISO 45001 standartlar\u0131, Merkez Kalite, \u00c7GS, S\u00fcrd\u00fcr\u00fclebilirlik ve Uyum, Finans ve Muhasebe ve \u0130nsan Kaynaklar\u0131 gereklilikleri ve prosed\u00fcrleri, ENKA Davran\u0131\u015f Kurallar\u0131, yerel ve uluslararas\u0131 yasa ve mevzuatlar ve s\u00f6zle\u015fme gerekliliklerine uyumluluk kapsam\u0131nda denetimler ger\u00e7ekle\u015ftirmektedir. 2022 y\u0131l\u0131nda ENKA projelerinin ve i\u015ftiraklerinin tamam\u0131 \u00a0bu kapsamda denetlenmi\u015ftir. Rutin i\u00e7 denetimlere ek olarak 2019 y\u0131l\u0131ndan itibaren ENKA projelerinde ve i\u015ftiraklerinde insan haklar\u0131, \u00e7al\u0131\u015fan haklar\u0131 ve r\u00fc\u015fvet ve yolsuzlukla m\u00fccadele ba\u015fl\u0131klar\u0131n\u0131 a\u011f\u0131rl\u0131kl\u0131 olarak i\u00e7erecek \u015fekilde Etik ve Uyum denetimleri ger\u00e7ekle\u015ftirilmeye ba\u015flanm\u0131\u015ft\u0131r.<\/p>\n[\/vc_column_text][\/vc_column_inner][vc_column_inner width=&#8221;1\/3&#8243;][vc_single_image image=&#8221;477&#8243; img_size=&#8221;500&#215;650&#8243; alignment=&#8221;right&#8221; css_animation=&#8221;fadeIn&#8221;][\/vc_column_inner][\/vc_row_inner][\/vc_column][\/vc_row][vc_row][vc_column][vc_column_text]\n<p style=\"text-align: justify;\">Ayn\u0131 zamanda, Tedarik\u00e7i S\u00fcrd\u00fcr\u00fclebilirlik Denetim Program\u0131 arac\u0131l\u0131\u011f\u0131yla, tedarik zinciri risklerini y\u00f6netmekte ve tedarik\u00e7ilerimizin ve alt y\u00fcklenicilerimizin ENKA standartlar\u0131na ve uluslararas\u0131 standartlara uyumunu sa\u011flamaktay\u0131z. ENKA taraf\u0131ndan 2018 y\u0131l\u0131nda, \u00e7evresel, sosyal ve etik y\u00f6netimi, insan haklar\u0131 ve \u00e7al\u0131\u015fan haklar\u0131, i\u015f sa\u011fl\u0131\u011f\u0131 ve g\u00fcvenli\u011fi ile r\u00fc\u015fvet ve yolsuzlukla m\u00fccadele politikalar\u0131na uyumlar\u0131n\u0131 de\u011ferlendirmek \u00fczere tedarik\u00e7i s\u00fcrd\u00fcr\u00fclebilirlik denetimleri ger\u00e7ekle\u015ftirilmeye ba\u015flanm\u0131\u015ft\u0131r. Denetimlerde tespit edilen iyile\u015ftirme alanlar\u0131 ve uygunsuzluklar i\u00e7in d\u00fczeltici faaliyetler planlanmakta ve uygulamalar\u0131 takip edilmektedir. ENKA de\u011ferlendirme alan\u0131n\u0131, i\u015ftiraklerinin de katk\u0131lar\u0131yla, daha fazla tedarik\u00e7i ve alt-y\u00fckleniciyi kapsayacak \u015fekilde her y\u0131l geni\u015fletmeyi hedeflemektedir.<\/p>\n<p style=\"text-align: justify;\">ENKA i\u00e7 denetim prosed\u00fcr\u00fcne uygun \u015fekilde ger\u00e7ekle\u015ftirilen bu denetimlerin yan\u0131 s\u0131ra, ENKA ba\u011f\u0131ms\u0131z denetim \u015firketleri taraf\u0131ndan d\u00fczenli olarak yap\u0131lan denetimler ve yay\u0131nlanan raporlar\u0131 ile, \u015feffaf ve sorumlu y\u00f6netim yap\u0131s\u0131n\u0131 g\u00fcvence alt\u0131na almaktad\u0131r.<\/p>\n[\/vc_column_text][\/vc_column][\/vc_row][vc_row][vc_column width=&#8221;1\/6&#8243;][\/vc_column][vc_column width=&#8221;2\/3&#8243;][vc_btn title=&#8221;Daha Fazla Bilgi i\u00e7in L\u00fctfen Davran\u0131\u015f Kurallar\u0131m\u0131z\u0131 \u0130ndirin&#8221; style=&#8221;outline&#8221; shape=&#8221;square&#8221; color=&#8221;sky&#8221; align=&#8221;center&#8221; i_icon_fontawesome=&#8221;fas fa-file-pdf&#8221; add_icon=&#8221;true&#8221; link=&#8221;url:https%3A%2F%2Fwww.enka.com%2Fallfiles%2Fmedia%2Fpdfs%2FENKA_Supplier_Code_of_Conduct_tr.pdf|target:_blank&#8221;][\/vc_column][vc_column width=&#8221;1\/6&#8243;][\/vc_column][\/vc_row]\n<\/div>","protected":false},"excerpt":{"rendered":"<p>[vc_row full_width=&#8221;stretch_row_content_no_spaces&#8221;][vc_column][\/vc_column][\/vc_row][vc_row equal_height=&#8221;yes&#8221; css_animation=&#8221;fadeIn&#8221;][vc_column][vc_column_text css_animation=&#8221;fadeIn&#8221;] ENKA, sorumlu ve s\u00fcrd\u00fcr\u00fclebilir i\u015f yapma prensibi do\u011frultusunda imzac\u0131s\u0131 oldu\u011fu Birle\u015fmi\u015f Milletler K\u00fcresel \u0130lkeler S\u00f6zle\u015fmesi\u2019nin (United Nations Global Compact) 10 ilkesini benimsemektedir. ENKA, faaliyetlerini y\u00fcr\u00fct\u00fcrken her t\u00fcrl\u00fc r\u00fc\u015fvet ve yolsuzlu\u011fun kar\u015f\u0131s\u0131ndad\u0131r ve \u00f6zel veya t\u00fczel ki\u015filerin do\u011frudan veya \u00fc\u00e7\u00fcnc\u00fc ki\u015filer \u00fczerinden r\u00fc\u015fvet al\u0131p vermelerine, i\u015f kayb\u0131na veya gecikmelere neden olsa <a class=\"more-link\" href=\"https:\/\/www.enka.com\/sustainability\/tr\/anasayfa\/etik-uyum\/rusvet-ve-yolsuzlukla-mucadele\/\">Continue reading <i class=\"fa fa-chevron-right\"><\/i><\/a><\/p>\n","protected":false},"author":1,"featured_media":0,"parent":566,"menu_order":0,"comment_status":"closed","ping_status":"closed","template":"","meta":{"_acf_changed":false,"inline_featured_image":false,"footnotes":""},"class_list":["post-573","page","type-page","status-publish","hentry"],"aioseo_notices":[],"acf":[],"_links":{"self":[{"href":"https:\/\/www.enka.com\/sustainability\/tr\/wp-json\/wp\/v2\/pages\/573","targetHints":{"allow":["GET"]}}],"collection":[{"href":"https:\/\/www.enka.com\/sustainability\/tr\/wp-json\/wp\/v2\/pages"}],"about":[{"href":"https:\/\/www.enka.com\/sustainability\/tr\/wp-json\/wp\/v2\/types\/page"}],"author":[{"embeddable":true,"href":"https:\/\/www.enka.com\/sustainability\/tr\/wp-json\/wp\/v2\/users\/1"}],"replies":[{"embeddable":true,"href":"https:\/\/www.enka.com\/sustainability\/tr\/wp-json\/wp\/v2\/comments?post=573"}],"version-history":[{"count":0,"href":"https:\/\/www.enka.com\/sustainability\/tr\/wp-json\/wp\/v2\/pages\/573\/revisions"}],"up":[{"embeddable":true,"href":"https:\/\/www.enka.com\/sustainability\/tr\/wp-json\/wp\/v2\/pages\/566"}],"wp:attachment":[{"href":"https:\/\/www.enka.com\/sustainability\/tr\/wp-json\/wp\/v2\/media?parent=573"}],"curies":[{"name":"wp","href":"https:\/\/api.w.org\/{rel}","templated":true}]}}