{"id":605,"date":"2017-11-30T07:50:25","date_gmt":"2017-11-30T07:50:25","guid":{"rendered":"https:\/\/www.enka.com\/sustainability\/sustainability\/ethics-compliance\/enka-ethics-hotline\/"},"modified":"2023-09-27T14:51:12","modified_gmt":"2023-09-27T11:51:12","slug":"enka-etik-hatti","status":"publish","type":"page","link":"https:\/\/www.enka.com\/sustainability\/tr\/anasayfa\/etik-uyum\/enka-etik-hatti\/","title":{"rendered":"ENKA ET\u0130K HATTI"},"content":{"rendered":"<div class=\"wpb-content-wrapper\">[vc_row full_width=&#8221;stretch_row&#8221;][vc_column]<div id=\"ultimate-heading-932969e34b4766bf7\" class=\"uvc-heading ult-adjust-bottom-margin ultimate-heading-932969e34b4766bf7 uvc-5170 \" data-hspacer=\"no_spacer\"  data-halign=\"center\" style=\"text-align:center\"><div class=\"uvc-heading-spacer no_spacer\" style=\"top\"><\/div><div class=\"uvc-main-heading ult-responsive\"  data-ultimate-target='.uvc-heading.ultimate-heading-932969e34b4766bf7 h1'  data-responsive-json-new='{\"font-size\":\"\",\"line-height\":\"\"}' ><h1 style=\"font-weight:bold;color:#025e9e;\">ENKA ET\u0130K HATTI<\/h1><\/div><\/div><div class=\"ult-spacer spacer-69e34b4766cb2\" data-id=\"69e34b4766cb2\" data-height=\"32\" data-height-mobile=\"32\" data-height-tab=\"32\" data-height-tab-portrait=\"\" data-height-mobile-landscape=\"\" style=\"clear:both;display:block;\"><\/div>[\/vc_column][\/vc_row][vc_row equal_height=&#8221;yes&#8221; css_animation=&#8221;fadeIn&#8221;][vc_column][vc_column_text css_animation=&#8221;fadeIn&#8221;]\n<p style=\"text-align: justify;\">ENKA\u2019n\u0131n, a\u00e7\u0131k ve \u015feffaf ileti\u015fimin sa\u011flanabilmesi, \u00e7al\u0131\u015fanlar\u0131n, yerel halklar\u0131n ve i\u015f ili\u015fkisi s\u00fcrd\u00fcrd\u00fc\u011f\u00fc t\u00fcm taraflar\u0131n (tedarik\u00e7i, alt y\u00fcklenici, alt y\u00fcklenici \u00e7al\u0131\u015fanlar\u0131, i\u015fveren, i\u015f ortaklar\u0131, vb.) Davran\u0131\u015f Kurallar\u0131n\u0131 veya \u015firket politikalar\u0131n\u0131 ihlal eden davran\u0131\u015flar\u0131 bildirebilmeleri ve bu alanda \u015f\u00fcphe duyduklar\u0131 konularda tavsiye alabilmeleri i\u00e7in Etik Hatt\u0131 mevcuttur. \u00c7al\u0131\u015fanlar ve t\u00fcm ilgili payda\u015flar, y\u00f6neticileriyle veya yerel proje y\u00f6netimleriyle g\u00f6r\u00fc\u015ferek gideremeyecekleri kayg\u0131lar\u0131n\u0131 Etik Hatt\u0131\u2019na veya Etik e-posta adresine (<a href=\"mailto:ethics@enka.com\">ethics@enka.com<\/a>) bildirebilmektedir.<\/p>\n[\/vc_column_text][\/vc_column][\/vc_row][vc_row equal_height=&#8221;yes&#8221; css_animation=&#8221;fadeIn&#8221;][vc_column][vc_column_text css_animation=&#8221;fadeIn&#8221;]\n<p style=\"text-align: justify;\">Bu t\u00fcr kayg\u0131lar olu\u015ftu\u011funda, \u00e7al\u0131\u015fanlar\u0131n Merkez Ofisle ileti\u015fime ge\u00e7meden \u00f6nce amirlerine veya yerel proje y\u00f6netimine dan\u0131\u015fmalar\u0131n\u0131 \u00f6neriyoruz. Kayg\u0131lar\u0131 bu yolla giderilmedi\u011fi durumda, \u00e7al\u0131\u015fanlar Merkez Ofis\u2019e a\u015fa\u011f\u0131daki numaray\u0131 kullanarak veya e-posta ile ula\u015fabilir.<\/p>\n[\/vc_column_text][\/vc_column][\/vc_row][vc_row equal_height=&#8221;yes&#8221; css_animation=&#8221;fadeIn&#8221;][vc_column width=&#8221;1\/2&#8243;][vc_column_text css_animation=&#8221;fadeIn&#8221;]\u0130hbar edilebilecek ihlal veya uygunsuz davran\u0131\u015f bi\u00e7imlerinden baz\u0131lar\u0131 \u015funlard\u0131r:<\/p>\n<p>\u2022 Finansal raporlama ve i\u00e7 denetim meseleleri<br \/>\n\u2022 \u00c7evre, sa\u011fl\u0131k ve g\u00fcvenlik meseleleri<br \/>\n\u2022 \u0130\u015fyeri anla\u015fmazl\u0131klar\u0131 ve g\u00f6revi k\u00f6t\u00fcye kullanma<br \/>\n\u2022 Bilgi koruma ve veri gizlili\u011fi<br \/>\n\u2022 Tehdit ve fiziksel \u015fiddet uygulama<br \/>\n\u2022 Yasal ve denetleme meseleleri<br \/>\n\u2022 \u0130nsan haklar\u0131 ve \u00e7al\u0131\u015fan haklar\u0131 problemleri ve\/veya ihlal \u015f\u00fcpheleri<br \/>\n\u2022 R\u00fc\u015fvet ve \u00f6l\u00e7\u00fcs\u00fcz hediyeler<br \/>\n\u2022 Haks\u0131z ve \u015fahsi menfaat sa\u011flanmas\u0131<br \/>\n\u2022 Gizli bilgilerin s\u0131zd\u0131r\u0131lmas\u0131<br \/>\n\u2022 Y\u00f6neticilerin \u00e7al\u0131\u015fanlar\u0131 \u00f6zel i\u015flerinde kullanmas\u0131<br \/>\n\u2022 Performans de\u011ferlendirmesinde adil olmamak<br \/>\n\u2022 \u00c7al\u0131\u015fanlara e\u015fit muamele edilmemesi<br \/>\n\u2022 G\u00f6revi ihmal ve k\u00f6t\u00fcye kullanma[\/vc_column_text][\/vc_column][vc_column width=&#8221;1\/2&#8243;][vc_single_image image=&#8221;9414&#8243; img_size=&#8221;400&#215;300&#8243; alignment=&#8221;center&#8221;][\/vc_column][\/vc_row][vc_row css_animation=&#8221;fadeInUp&#8221;][vc_column]<div id=\"ultimate-heading-737069e34b4766cf2\" class=\"uvc-heading ult-adjust-bottom-margin ultimate-heading-737069e34b4766cf2 uvc-3015 \" data-hspacer=\"no_spacer\"  data-halign=\"center\" style=\"text-align:center\"><div class=\"uvc-heading-spacer no_spacer\" style=\"top\"><\/div><div class=\"uvc-main-heading ult-responsive\"  data-ultimate-target='.uvc-heading.ultimate-heading-737069e34b4766cf2 h1'  data-responsive-json-new='{\"font-size\":\"\",\"line-height\":\"\"}' ><h1 style=\"font-weight:bold;color:#025e9e;\">\u0130leti\u015fim Bilgileri<\/h1><\/div><\/div><div class=\"ult-spacer spacer-69e34b4766d3b\" data-id=\"69e34b4766d3b\" data-height=\"32\" data-height-mobile=\"32\" data-height-tab=\"32\" data-height-tab-portrait=\"\" data-height-mobile-landscape=\"\" style=\"clear:both;display:block;\"><\/div>[\/vc_column][\/vc_row][vc_row gap=&#8221;30&#8243;][vc_column width=&#8221;1\/2&#8243;][vc_column_text]\n<p style=\"text-align: justify;\">ENKA gizlili\u011fin m\u00fcmk\u00fcn oldu\u011funca korunmas\u0131 ilkesine ba\u011fl\u0131d\u0131r ve bildirimde bulunan iyi niyetli ki\u015filere kar\u015f\u0131 yapt\u0131r\u0131m yap\u0131lmas\u0131 kesinlikle yasakt\u0131r.<\/p>\n<p style=\"text-align: justify;\">ENKA Etik Hatt\u0131\u2019na Pazartesi-Cuma g\u00fcnleri 09:00 \u2013 18:00 saatleri aras\u0131 eri\u015filebilmektedir.<\/p>\n<p style=\"text-align: justify;\">\u0130hbar iste\u011fe ba\u011fl\u0131 isimsiz olarak; T\u00fcrk\u00e7e, \u0130ngilizce, Rus\u00e7a ve Kazak\u00e7a dillerinde yap\u0131labilmektedir.<\/p>\n[\/vc_column_text][\/vc_column][vc_column width=&#8221;1\/2&#8243;][vc_row_inner css=&#8221;.vc_custom_1604668347679{border-top-width: 4px !important;border-right-width: 4px !important;border-bottom-width: 4px !important;border-left-width: 4px !important;background-color: #f7f7f7 !important;border-left-color: #e5e5e5 !important;border-left-style: solid !important;border-right-color: #e5e5e5 !important;border-right-style: solid !important;border-top-color: #e5e5e5 !important;border-top-style: solid !important;border-bottom-color: #e5e5e5 !important;border-bottom-style: solid !important;}&#8221;][vc_column_inner width=&#8221;1\/3&#8243;][vc_single_image image=&#8221;9229&#8243; img_size=&#8221;100&#215;100&#8243; alignment=&#8221;center&#8221;][\/vc_column_inner][vc_column_inner width=&#8221;2\/3&#8243;]<div class=\"ult-spacer spacer-69e34b4766d5c\" data-id=\"69e34b4766d5c\" data-height=\"20\" data-height-mobile=\"20\" data-height-tab=\"20\" data-height-tab-portrait=\"\" data-height-mobile-landscape=\"\" style=\"clear:both;display:block;\"><\/div>[vc_column_text]<span style=\"font-size: 14pt;\">ENKA Etik Hatt\u0131 Telefon:<\/span><br \/>\n<span style=\"font-size: 14pt;\"><strong>+90 (212) 376 10 10<\/strong><\/span><br \/>\nENKA Etik E-posta Adresi:<br \/>\n<span style=\"font-size: 14pt;\"><strong><a href=\"mailto:ethics@enka.com\">ethics@enka.com<\/a><\/strong><\/span>[\/vc_column_text][\/vc_column_inner][\/vc_row_inner][\/vc_column][\/vc_row][vc_row gap=&#8221;30&#8243;][vc_column][vc_column_text]\n<p style=\"text-align: justify;\">ENKA Etik Hatt\u0131 kapsam\u0131nda yapaca\u011f\u0131n\u0131z bildirim, \u015fikayet, \u00f6neri ve talepleriniz kapsam\u0131nda i\u015flenecek ki\u015fisel verilerinize ili\u015fkin ayd\u0131nlatma metnini incelemek i\u00e7in <a href=\"https:\/\/www.enka.com\/sustainability\/wp-content\/uploads\/2023\/09\/ENKA-Etik-Hatti-Aydinlatma-Metni.pdf\" target=\"_blank\" rel=\"noopener\"><u>buray\u0131<\/u><\/a> ziyaret edebilirsiniz.<\/p>\n[\/vc_column_text][\/vc_column][\/vc_row]\n<\/div>","protected":false},"excerpt":{"rendered":"<p>[vc_row full_width=&#8221;stretch_row&#8221;][vc_column][\/vc_column][\/vc_row][vc_row equal_height=&#8221;yes&#8221; css_animation=&#8221;fadeIn&#8221;][vc_column][vc_column_text css_animation=&#8221;fadeIn&#8221;] ENKA\u2019n\u0131n, a\u00e7\u0131k ve \u015feffaf ileti\u015fimin sa\u011flanabilmesi, \u00e7al\u0131\u015fanlar\u0131n, yerel halklar\u0131n ve i\u015f ili\u015fkisi s\u00fcrd\u00fcrd\u00fc\u011f\u00fc t\u00fcm taraflar\u0131n (tedarik\u00e7i, alt y\u00fcklenici, alt y\u00fcklenici \u00e7al\u0131\u015fanlar\u0131, i\u015fveren, i\u015f ortaklar\u0131, vb.) Davran\u0131\u015f Kurallar\u0131n\u0131 veya \u015firket politikalar\u0131n\u0131 ihlal eden davran\u0131\u015flar\u0131 bildirebilmeleri ve bu alanda \u015f\u00fcphe duyduklar\u0131 konularda tavsiye alabilmeleri i\u00e7in Etik Hatt\u0131 mevcuttur. \u00c7al\u0131\u015fanlar ve t\u00fcm ilgili <a class=\"more-link\" href=\"https:\/\/www.enka.com\/sustainability\/tr\/anasayfa\/etik-uyum\/enka-etik-hatti\/\">Continue reading <i class=\"fa fa-chevron-right\"><\/i><\/a><\/p>\n","protected":false},"author":1,"featured_media":0,"parent":566,"menu_order":0,"comment_status":"closed","ping_status":"closed","template":"","meta":{"_acf_changed":false,"inline_featured_image":false,"footnotes":""},"class_list":["post-605","page","type-page","status-publish","hentry"],"aioseo_notices":[],"acf":[],"_links":{"self":[{"href":"https:\/\/www.enka.com\/sustainability\/tr\/wp-json\/wp\/v2\/pages\/605","targetHints":{"allow":["GET"]}}],"collection":[{"href":"https:\/\/www.enka.com\/sustainability\/tr\/wp-json\/wp\/v2\/pages"}],"about":[{"href":"https:\/\/www.enka.com\/sustainability\/tr\/wp-json\/wp\/v2\/types\/page"}],"author":[{"embeddable":true,"href":"https:\/\/www.enka.com\/sustainability\/tr\/wp-json\/wp\/v2\/users\/1"}],"replies":[{"embeddable":true,"href":"https:\/\/www.enka.com\/sustainability\/tr\/wp-json\/wp\/v2\/comments?post=605"}],"version-history":[{"count":0,"href":"https:\/\/www.enka.com\/sustainability\/tr\/wp-json\/wp\/v2\/pages\/605\/revisions"}],"up":[{"embeddable":true,"href":"https:\/\/www.enka.com\/sustainability\/tr\/wp-json\/wp\/v2\/pages\/566"}],"wp:attachment":[{"href":"https:\/\/www.enka.com\/sustainability\/tr\/wp-json\/wp\/v2\/media?parent=605"}],"curies":[{"name":"wp","href":"https:\/\/api.w.org\/{rel}","templated":true}]}}