{"id":10432,"date":"2021-05-23T22:15:47","date_gmt":"2021-05-23T19:15:47","guid":{"rendered":"https:\/\/www.enka.com\/sustainability\/?page_id=10432"},"modified":"2026-03-17T16:15:55","modified_gmt":"2026-03-17T13:15:55","slug":"sustainability-reports","status":"publish","type":"page","link":"https:\/\/www.enka.com\/sustainability\/sustainability-reports\/","title":{"rendered":"Sustainability Reports"},"content":{"rendered":"<div class=\"wpb-content-wrapper\">[vc_row bg_type=&#8221;bg_color&#8221; bg_color_value=&#8221;#012169&#8243; css=&#8221;.vc_custom_1773724698744{padding: 10px !important;}&#8221;][vc_column css=&#8221;.vc_custom_1621792623661{background-color: #f7f7f7 !important;background-position: center !important;background-repeat: no-repeat !important;background-size: cover !important;}&#8221;][vc_single_image image=&#8221;15501&#8243; img_size=&#8221;full&#8221; alignment=&#8221;center&#8221; css_animation=&#8221;none&#8221; css=&#8221;.vc_custom_1773724568566{margin-bottom: 0px !important;}&#8221;]<div class=\"ult-spacer spacer-69fd1784275ec\" data-id=\"69fd1784275ec\" data-height=\"30\" data-height-mobile=\"30\" data-height-tab=\"30\" data-height-tab-portrait=\"\" data-height-mobile-landscape=\"\" style=\"clear:both;display:block;\"><\/div><div id=\"ultimate-heading-808469fd178427668\" class=\"uvc-heading ult-adjust-bottom-margin ultimate-heading-808469fd178427668 uvc-4381 \" data-hspacer=\"line_only\"  data-halign=\"left\" style=\"text-align:left\"><div class=\"uvc-main-heading ult-responsive\"  data-ultimate-target='.uvc-heading.ultimate-heading-808469fd178427668 h2'  data-responsive-json-new='{\"font-size\":\"\",\"line-height\":\"\"}' ><h2 style=\"font-weight:normal;\">SUSTAINABILITY REPORT 2025<\/h2><\/div><div class=\"uvc-heading-spacer line_only\" style=\"margin-top:10px;margin-bottom:10px;height:3px;\"><span class=\"uvc-headings-line\" style=\"border-style:solid;border-bottom-width:3px;border-color:#6CC22D;width:autopx;\"><\/span><\/div><\/div><div class=\"ult-spacer spacer-69fd178427722\" data-id=\"69fd178427722\" data-height=\"30\" data-height-mobile=\"30\" data-height-tab=\"30\" data-height-tab-portrait=\"\" data-height-mobile-landscape=\"\" style=\"clear:both;display:block;\"><\/div>[vc_column_text css_animation=&#8221;fadeIn&#8221; css=&#8221;.vc_custom_1773724757086{margin-bottom: 0px !important;}&#8221;]\n<p style=\"text-align: justify;\">ENKA \u0130n\u015faat ve Sanayi A.\u015e. (ENKA) presents its strategic approach in the environmental, social, and governance (ESG) areas, together with its sustainability performance, goals, and the initiatives carried out within this scope, as well as its existing and potential risks and opportunities, and comparative sustainability indicators, for the information of its stakeholders through its annual Sustainability Report, in line with the principles of transparency and accountability. Prepared under the motto \u201cAnticipate. Align. Advance.\u201d, this report marks ENKA\u2019s 9th Sustainability Report and serves as the primary reference for the Company\u2019s ESG performance. The report covers ENKA\u2019s operations in T\u00fcrkiye and globally for the period between 1 January 2025 and 31 December 2025.<\/p>\n<p style=\"text-align: justify;\">The 2025 Sustainability Report has been prepared within the same scope as the ENKA Annual Report, which is published annually and includes the Company\u2019s financial reporting. In this regard, the report covers data and activities of ENKA\u2019s Headquarters, its subsidiaries, affiliates and projects in T\u00fcrkiye and abroad, and the ENKA Foundation. A detailed list of all units included in the reporting scope is provided in the Annex 2.<\/p>\n[\/vc_column_text]<div class=\"ult-spacer spacer-69fd178427751\" data-id=\"69fd178427751\" data-height=\"30\" data-height-mobile=\"30\" data-height-tab=\"30\" data-height-tab-portrait=\"\" data-height-mobile-landscape=\"\" style=\"clear:both;display:block;\"><\/div>[vc_row_inner][vc_column_inner width=&#8221;1\/2&#8243;][vc_btn title=&#8221;SUSTAINABILITY REPORT&#8221; style=&#8221;flat&#8221; shape=&#8221;square&#8221; color=&#8221;green&#8221; size=&#8221;lg&#8221; align=&#8221;left&#8221; i_icon_fontawesome=&#8221;fa fa-regular fa-file-pdf&#8221; css=&#8221;.vc_custom_1773724631082{margin-bottom: 0px !important;padding-left: 0px !important;}&#8221; button_block=&#8221;true&#8221; add_icon=&#8221;true&#8221; link=&#8221;url:https%3A%2F%2Fwww.enka.com%2Fallfiles%2Fpdf%2FENKA_Sustainability_Report_2025.pdf|target:_blank&#8221;][\/vc_column_inner][vc_column_inner width=&#8221;1\/2&#8243;][vc_btn title=&#8221;TSRS-ALIGNED SUSTAINABILITY REPORT&#8221; style=&#8221;flat&#8221; shape=&#8221;square&#8221; color=&#8221;green&#8221; size=&#8221;lg&#8221; align=&#8221;left&#8221; i_icon_fontawesome=&#8221;fa fa-regular fa-file-pdf&#8221; css=&#8221;.vc_custom_1773753352501{margin-bottom: 0px !important;padding-left: 0px !important;}&#8221; button_block=&#8221;true&#8221; add_icon=&#8221;true&#8221; link=&#8221;url:https%3A%2F%2Fwww.enka.com%2Fallfiles%2Fpdf%2FENKA_Surdurulebilirlik_TSRS_Raporu_2025.pdf|target:_blank&#8221;][\/vc_column_inner][\/vc_row_inner][vc_row_inner][vc_column_inner]<div class=\"ult-spacer spacer-69fd178427774\" data-id=\"69fd178427774\" data-height=\"30\" data-height-mobile=\"30\" data-height-tab=\"30\" data-height-tab-portrait=\"\" data-height-mobile-landscape=\"\" style=\"clear:both;display:block;\"><\/div>[\/vc_column_inner][\/vc_row_inner][\/vc_column][\/vc_row][vc_row][vc_column]<div class=\"ult-spacer spacer-69fd178427796\" data-id=\"69fd178427796\" data-height=\"32\" data-height-mobile=\"32\" data-height-tab=\"32\" data-height-tab-portrait=\"\" data-height-mobile-landscape=\"\" style=\"clear:both;display:block;\"><\/div><div class=\"ult-spacer spacer-69fd1784277b5\" data-id=\"69fd1784277b5\" data-height=\"32\" data-height-mobile=\"32\" data-height-tab=\"32\" data-height-tab-portrait=\"\" data-height-mobile-landscape=\"\" style=\"clear:both;display:block;\"><\/div><div id=\"ultimate-heading-594769fd1784277e9\" class=\"uvc-heading ult-adjust-bottom-margin ultimate-heading-594769fd1784277e9 uvc-9971 \" data-hspacer=\"line_only\"  data-halign=\"center\" style=\"text-align:center\"><div class=\"uvc-sub-heading ult-responsive\"  data-ultimate-target='.uvc-heading.ultimate-heading-594769fd1784277e9 .uvc-sub-heading '  data-responsive-json-new='{\"font-size\":\"\",\"line-height\":\"\"}'  style=\"font-weight:normal;\"><span style=\"font-size: 18pt;\">PREVIOUS SUSTAINABILITY REPORTS<\/span><\/div><div class=\"uvc-heading-spacer line_only\" style=\"margin-top:10px;margin-bottom:10px;height:3px;\"><span class=\"uvc-headings-line\" style=\"border-style:solid;border-bottom-width:3px;border-color:#012169;width:autopx;\"><\/span><\/div><\/div>[\/vc_column][\/vc_row][vc_row gap=&#8221;10&#8243;][vc_column width=&#8221;1\/4&#8243;][vc_single_image image=&#8221;14907&#8243; img_size=&#8221;400&#215;600&#8243; alignment=&#8221;center&#8221; style=&#8221;vc_box_shadow_3d&#8221; css_animation=&#8221;none&#8221; css=&#8221;&#8221;][vc_btn title=&#8221;2024 SUSTAINABILITY REPORT&#8221; style=&#8221;flat&#8221; shape=&#8221;square&#8221; color=&#8221;green&#8221; align=&#8221;center&#8221; css=&#8221;&#8221; button_block=&#8221;true&#8221; link=&#8221;url:https%3A%2F%2Fwww.enka.com%2Fallfiles%2Fpdf%2FENKA_Sustainability_Report_2024.pdf|target:_blank&#8221;][\/vc_column][vc_column width=&#8221;1\/4&#8243;][vc_single_image image=&#8221;14240&#8243; img_size=&#8221;400&#215;600&#8243; alignment=&#8221;center&#8221; style=&#8221;vc_box_shadow_3d&#8221; css_animation=&#8221;none&#8221; css=&#8221;&#8221;][vc_btn title=&#8221;2023 SUSTAINABILITY REPORT&#8221; style=&#8221;flat&#8221; shape=&#8221;square&#8221; color=&#8221;green&#8221; align=&#8221;center&#8221; css=&#8221;&#8221; button_block=&#8221;true&#8221; link=&#8221;url:https%3A%2F%2Fwww.enka.com%2Fallfiles%2Fpdf%2FENKA_Sustainability_Report_2023.pdf|target:_blank&#8221;][\/vc_column][vc_column width=&#8221;1\/4&#8243;][vc_single_image image=&#8221;14270&#8243; img_size=&#8221;400&#215;600&#8243; alignment=&#8221;center&#8221; style=&#8221;vc_box_shadow_3d&#8221; css_animation=&#8221;none&#8221; css=&#8221;&#8221;][vc_btn title=&#8221;2022 SUSTAINABILITY REPORT&#8221; style=&#8221;flat&#8221; shape=&#8221;square&#8221; color=&#8221;green&#8221; align=&#8221;center&#8221; css=&#8221;&#8221; button_block=&#8221;true&#8221; link=&#8221;url:https%3A%2F%2Fwww.enka.com%2Fallfiles%2Fpdf%2FENKA_Sustainability_Report_2022.pdf|target:_blank&#8221;][\/vc_column][vc_column width=&#8221;1\/4&#8243;][vc_single_image image=&#8221;13397&#8243; img_size=&#8221;400&#215;600&#8243; alignment=&#8221;center&#8221; style=&#8221;vc_box_shadow_3d&#8221; css_animation=&#8221;none&#8221;][vc_btn title=&#8221;2021 SUSTAINABILITY REPORT&#8221; style=&#8221;flat&#8221; shape=&#8221;square&#8221; color=&#8221;green&#8221; align=&#8221;center&#8221; button_block=&#8221;true&#8221; link=&#8221;url:https%3A%2F%2Fwww.enka.com%2Fallfiles%2Fpdf%2FENKA_Sustainability_Report_2021.pdf|target:_blank&#8221;][\/vc_column][\/vc_row][vc_row gap=&#8221;10&#8243;][vc_column width=&#8221;1\/4&#8243;][vc_single_image image=&#8221;11444&#8243; img_size=&#8221;400&#215;600&#8243; alignment=&#8221;center&#8221; style=&#8221;vc_box_shadow_3d&#8221; css_animation=&#8221;none&#8221;][vc_btn title=&#8221;2020 SUSTAINABILITY REPORT&#8221; style=&#8221;flat&#8221; shape=&#8221;square&#8221; color=&#8221;green&#8221; align=&#8221;center&#8221; button_block=&#8221;true&#8221; link=&#8221;url:https%3A%2F%2Fwww.enka.com%2Fallfiles%2Fpdf%2FENKA_Sustainability_Report_2020.pdf|target:_blank&#8221;][\/vc_column][vc_column width=&#8221;1\/4&#8243;][vc_single_image image=&#8221;11447&#8243; img_size=&#8221;400&#215;600&#8243; alignment=&#8221;center&#8221; style=&#8221;vc_box_shadow_3d&#8221; css_animation=&#8221;none&#8221;][vc_btn title=&#8221;2019 SUSTAINABILITY REPORT&#8221; style=&#8221;flat&#8221; shape=&#8221;square&#8221; color=&#8221;green&#8221; align=&#8221;center&#8221; button_block=&#8221;true&#8221; link=&#8221;url:https%3A%2F%2Fwww.enka.com%2Fallfiles%2Fpdf%2FENKA_Sustainability_Report_2019.pdf|target:_blank&#8221;][\/vc_column][vc_column width=&#8221;1\/4&#8243;][vc_single_image image=&#8221;11450&#8243; img_size=&#8221;400&#215;600&#8243; alignment=&#8221;center&#8221; style=&#8221;vc_box_shadow_3d&#8221; css_animation=&#8221;none&#8221;][vc_btn title=&#8221;2018 SUSTAINABILITY REPORT&#8221; style=&#8221;flat&#8221; shape=&#8221;square&#8221; color=&#8221;green&#8221; align=&#8221;center&#8221; button_block=&#8221;true&#8221; link=&#8221;url:https%3A%2F%2Fwww.enka.com%2Fallfiles%2Fpdf%2FENKA_Sustainability_Report_2018.pdf|target:_blank&#8221;][\/vc_column][vc_column width=&#8221;1\/4&#8243;][vc_single_image image=&#8221;11453&#8243; img_size=&#8221;400&#215;600&#8243; alignment=&#8221;center&#8221; style=&#8221;vc_box_shadow_3d&#8221; css_animation=&#8221;none&#8221;][vc_btn title=&#8221;2017 SUSTAINABILITY REPORT&#8221; style=&#8221;flat&#8221; shape=&#8221;square&#8221; color=&#8221;green&#8221; align=&#8221;center&#8221; button_block=&#8221;true&#8221; link=&#8221;url:https%3A%2F%2Fwww.enka.com%2Fallfiles%2Fpdf%2FENKAI_SUSTAINABILITY_REPORT_2017.pdf|target:_blank&#8221;][\/vc_column][\/vc_row]\n<\/div>","protected":false},"excerpt":{"rendered":"<p>[vc_row bg_type=&#8221;bg_color&#8221; bg_color_value=&#8221;#012169&#8243; css=&#8221;.vc_custom_1773724698744{padding: 10px !important;}&#8221;][vc_column css=&#8221;.vc_custom_1621792623661{background-color: #f7f7f7 !important;background-position: center !important;background-repeat: no-repeat !important;background-size: cover !important;}&#8221;][vc_single_image image=&#8221;15501&#8243; img_size=&#8221;full&#8221; alignment=&#8221;center&#8221; css_animation=&#8221;none&#8221; css=&#8221;.vc_custom_1773724568566{margin-bottom: 0px !important;}&#8221;][vc_column_text css_animation=&#8221;fadeIn&#8221; css=&#8221;.vc_custom_1773724757086{margin-bottom: 0px !important;}&#8221;] ENKA \u0130n\u015faat ve Sanayi A.\u015e. (ENKA) presents its strategic approach in the environmental, social, and governance (ESG) areas, together with its sustainability performance, goals, and the initiatives carried out <a class=\"more-link\" href=\"https:\/\/www.enka.com\/sustainability\/sustainability-reports\/\">Continue reading <i class=\"fa fa-chevron-right\"><\/i><\/a><\/p>\n","protected":false},"author":1,"featured_media":0,"parent":0,"menu_order":0,"comment_status":"closed","ping_status":"closed","template":"","meta":{"_acf_changed":false,"inline_featured_image":false,"footnotes":""},"class_list":["post-10432","page","type-page","status-publish","hentry"],"aioseo_notices":[],"acf":[],"_links":{"self":[{"href":"https:\/\/www.enka.com\/sustainability\/wp-json\/wp\/v2\/pages\/10432","targetHints":{"allow":["GET"]}}],"collection":[{"href":"https:\/\/www.enka.com\/sustainability\/wp-json\/wp\/v2\/pages"}],"about":[{"href":"https:\/\/www.enka.com\/sustainability\/wp-json\/wp\/v2\/types\/page"}],"author":[{"embeddable":true,"href":"https:\/\/www.enka.com\/sustainability\/wp-json\/wp\/v2\/users\/1"}],"replies":[{"embeddable":true,"href":"https:\/\/www.enka.com\/sustainability\/wp-json\/wp\/v2\/comments?post=10432"}],"version-history":[{"count":0,"href":"https:\/\/www.enka.com\/sustainability\/wp-json\/wp\/v2\/pages\/10432\/revisions"}],"wp:attachment":[{"href":"https:\/\/www.enka.com\/sustainability\/wp-json\/wp\/v2\/media?parent=10432"}],"curies":[{"name":"wp","href":"https:\/\/api.w.org\/{rel}","templated":true}]}}