{"id":24023,"date":"2016-01-20T14:39:41","date_gmt":"2016-01-20T11:39:41","guid":{"rendered":"http:\/\/172.30.28.12\/en\/tr\/?page_id=24023"},"modified":"2024-07-04T10:40:17","modified_gmt":"2024-07-04T07:40:17","slug":"basvuru-formu","status":"publish","type":"page","link":"https:\/\/www.enka.com\/tr\/yatirimci-iliskileri\/basvuru-formu\/","title":{"rendered":"Ba\u015fvuru Formu"},"content":{"rendered":"<div class=\"wpb-content-wrapper\">[vc_row][vc_column]<div id=\"ultimate-heading-554869f38c4dcfdd2\" class=\"uvc-heading ult-adjust-bottom-margin ultimate-heading-554869f38c4dcfdd2 uvc-2107 \" data-hspacer=\"no_spacer\"  data-halign=\"center\" style=\"text-align:center\"><div class=\"uvc-heading-spacer no_spacer\" style=\"top\"><\/div><div class=\"uvc-main-heading ult-responsive\"  data-ultimate-target='.uvc-heading.ultimate-heading-554869f38c4dcfdd2 h1'  data-responsive-json-new='{\"font-size\":\"\",\"line-height\":\"\"}' ><h1 style=\"font-weight:normal;color:#025e9e;\">BA\u015eVURU FORMU<\/h1><\/div><\/div><div class=\"ult-spacer spacer-69f38c4dcfe49\" data-id=\"69f38c4dcfe49\" data-height=\"20\" data-height-mobile=\"20\" data-height-tab=\"20\" data-height-tab-portrait=\"\" data-height-mobile-landscape=\"\" style=\"clear:both;display:block;\"><\/div><div class=\"ult-spacer spacer-69f38c4dcfe6a\" data-id=\"69f38c4dcfe6a\" data-height=\"20\" data-height-mobile=\"20\" data-height-tab=\"20\" data-height-tab-portrait=\"\" data-height-mobile-landscape=\"\" style=\"clear:both;display:block;\"><\/div>[\/vc_column][\/vc_row][vc_row][vc_column]<div id=\"ultimate-heading-862769f38c4dcfe93\" class=\"uvc-heading ult-adjust-bottom-margin ultimate-heading-862769f38c4dcfe93 uvc-883 \" data-hspacer=\"no_spacer\"  data-halign=\"left\" style=\"text-align:left\"><div class=\"uvc-heading-spacer no_spacer\" style=\"top\"><\/div><div class=\"uvc-main-heading ult-responsive\"  data-ultimate-target='.uvc-heading.ultimate-heading-862769f38c4dcfe93 h2'  data-responsive-json-new='{\"font-size\":\"\",\"line-height\":\"\"}' ><h2 style=\"font-weight:bold;\">Genel Kurul Toplant\u0131s\u0131 i\u00e7in Vekaleten Oy Kullanma Formu nas\u0131l haz\u0131rlanmal\u0131d\u0131r?<\/h2><\/div><\/div><div class=\"ult-spacer spacer-69f38c4dcfecb\" data-id=\"69f38c4dcfecb\" data-height=\"20\" data-height-mobile=\"20\" data-height-tab=\"20\" data-height-tab-portrait=\"\" data-height-mobile-landscape=\"\" style=\"clear:both;display:block;\"><\/div>[vc_column_text]\n<p style=\"text-align: justify;\">Bir vekil atamak i\u00e7in kullan\u0131lmakta olan bu form, kurumsal bir hissedar taraf\u0131ndan d\u00fczenleniyorsa, yetkili imza sahipleri taraf\u0131ndan imzalan\u0131p ka\u015felenmeli ve sunulmal\u0131d\u0131r. Bireysel hissedarlar i\u00e7in, form noter taraf\u0131ndan onaylanmal\u0131d\u0131r. Vekaleten Oy Kullanma Formlar\u0131,Balmumcu Mahallesi, Zincirlikuyu Yolu No: 10, 34349, Be\u015fikta\u015f \u0130stanbul, T\u00fcrkiye adresindeki Yat\u0131r\u0131mc\u0131 \u0130li\u015fkileri B\u00f6l\u00fcm\u00fcne g\u00f6nderilmelidir.<\/p>\n[\/vc_column_text][\/vc_column][\/vc_row][vc_row][vc_column width=&#8221;1\/3&#8243;][\/vc_column][vc_column width=&#8221;1\/3&#8243; css=&#8221;.vc_custom_1673614176057{background-color: #f5f5f5 !important;}&#8221;]<div id=\"ultimate-heading-18569f38c4dcfef1\" class=\"uvc-heading ult-adjust-bottom-margin ultimate-heading-18569f38c4dcfef1 uvc-824 \" data-hspacer=\"no_spacer\"  data-halign=\"center\" style=\"text-align:center\"><div class=\"uvc-heading-spacer no_spacer\" style=\"top\"><\/div><div class=\"uvc-main-heading ult-responsive\"  data-ultimate-target='.uvc-heading.ultimate-heading-18569f38c4dcfef1 h4'  data-responsive-json-new='{\"font-size\":\"\",\"line-height\":\"\"}' ><h4 style=\"font-weight:normal;\">Ba\u015fvuru Formu<\/h4><\/div><\/div><div class=\"ult-spacer spacer-69f38c4dcff25\" data-id=\"69f38c4dcff25\" data-height=\"20\" data-height-mobile=\"20\" data-height-tab=\"20\" data-height-tab-portrait=\"\" data-height-mobile-landscape=\"\" style=\"clear:both;display:block;\"><\/div><div class=\" ubtn-ctn-center \"><a class=\"ubtn-link ult-adjust-bottom-margin ubtn-center ubtn-normal \" href=\"https:\/\/www.enka.com\/allfiles\/pdf\/Basvuru_Formu_Vekaletname.doc\" title=\"https:\/\/www.enka.com\/allfiles\/pdf\/Basvuru_Formu_Vekaletname.doc\" target=\"_blank\" rel=\"noopener\" ><button type=\"button\" id=\"ubtn-6112\"  class=\"ubtn ult-adjust-bottom-margin ult-responsive ubtn-normal ubtn-fade-bg  none  ubtn-center   tooltip-69f38c4dcff4b\"  data-hover=\"\" data-border-color=\"\" data-bg=\"#008fd5\" data-hover-bg=\"\" data-border-hover=\"\" data-shadow-hover=\"\" data-shadow-click=\"none\" data-shadow=\"\" data-shd-shadow=\"\"  data-ultimate-target='#ubtn-6112'  data-responsive-json-new='{\"font-size\":\"\",\"line-height\":\"\"}'  style=\"font-weight:normal;border:none;background: #008fd5;color: #ffffff;\"><span class=\"ubtn-hover\" style=\"background-color:\"><\/span><span class=\"ubtn-data ubtn-text \" >\u0130ND\u0130R\u0130N<\/span><\/button><\/a><\/div>[\/vc_column][vc_column width=&#8221;1\/3&#8243;][\/vc_column][\/vc_row]\n<\/div>","protected":false},"excerpt":{"rendered":"<p>[vc_row][vc_column][\/vc_column][\/vc_row][vc_row][vc_column][vc_column_text] Bir vekil atamak i\u00e7in kullan\u0131lmakta olan bu form, kurumsal bir hissedar taraf\u0131ndan d\u00fczenleniyorsa, yetkili imza sahipleri taraf\u0131ndan imzalan\u0131p ka\u015felenmeli ve sunulmal\u0131d\u0131r. Bireysel hissedarlar i\u00e7in, form noter taraf\u0131ndan onaylanmal\u0131d\u0131r. Vekaleten Oy Kullanma Formlar\u0131,Balmumcu Mahallesi, Zincirlikuyu Yolu No: 10, 34349, Be\u015fikta\u015f \u0130stanbul, T\u00fcrkiye adresindeki Yat\u0131r\u0131mc\u0131 \u0130li\u015fkileri B\u00f6l\u00fcm\u00fcne g\u00f6nderilmelidir. [\/vc_column_text][\/vc_column][\/vc_row][vc_row][vc_column width=&#8221;1\/3&#8243;][\/vc_column][vc_column width=&#8221;1\/3&#8243; css=&#8221;.vc_custom_1673614176057{background-color: #f5f5f5 !important;}&#8221;][\/vc_column][vc_column width=&#8221;1\/3&#8243;][\/vc_column][\/vc_row]<\/p>\n","protected":false},"author":25,"featured_media":23749,"parent":19745,"menu_order":0,"comment_status":"open","ping_status":"closed","template":"","meta":{"_acf_changed":false,"footnotes":""},"class_list":["post-24023","page","type-page","status-publish","has-post-thumbnail","hentry"],"aioseo_notices":[],"acf":[],"_links":{"self":[{"href":"https:\/\/www.enka.com\/tr\/wp-json\/wp\/v2\/pages\/24023","targetHints":{"allow":["GET"]}}],"collection":[{"href":"https:\/\/www.enka.com\/tr\/wp-json\/wp\/v2\/pages"}],"about":[{"href":"https:\/\/www.enka.com\/tr\/wp-json\/wp\/v2\/types\/page"}],"author":[{"embeddable":true,"href":"https:\/\/www.enka.com\/tr\/wp-json\/wp\/v2\/users\/25"}],"replies":[{"embeddable":true,"href":"https:\/\/www.enka.com\/tr\/wp-json\/wp\/v2\/comments?post=24023"}],"version-history":[{"count":0,"href":"https:\/\/www.enka.com\/tr\/wp-json\/wp\/v2\/pages\/24023\/revisions"}],"up":[{"embeddable":true,"href":"https:\/\/www.enka.com\/tr\/wp-json\/wp\/v2\/pages\/19745"}],"wp:featuredmedia":[{"embeddable":true,"href":"https:\/\/www.enka.com\/tr\/wp-json\/wp\/v2\/media\/23749"}],"wp:attachment":[{"href":"https:\/\/www.enka.com\/tr\/wp-json\/wp\/v2\/media?parent=24023"}],"curies":[{"name":"wp","href":"https:\/\/api.w.org\/{rel}","templated":true}]}}