{"id":24080,"date":"2016-01-20T15:59:06","date_gmt":"2016-01-20T13:59:06","guid":{"rendered":"http:\/\/172.30.28.12\/en\/tr\/?page_id=24080"},"modified":"2026-03-27T17:42:51","modified_gmt":"2026-03-27T14:42:51","slug":"ortaklik-yapisi","status":"publish","type":"page","link":"https:\/\/www.enka.com\/tr\/yatirimci-iliskileri\/ortaklik-yapisi\/","title":{"rendered":"Ortakl\u0131k Yap\u0131s\u0131"},"content":{"rendered":"<div class=\"wpb-content-wrapper\">[vc_row][vc_column]<div id=\"ultimate-heading-92069e42fa10412e\" class=\"uvc-heading ult-adjust-bottom-margin ultimate-heading-92069e42fa10412e uvc-2720 \" data-hspacer=\"no_spacer\"  data-halign=\"center\" style=\"text-align:center\"><div class=\"uvc-heading-spacer no_spacer\" style=\"top\"><\/div><div class=\"uvc-main-heading ult-responsive\"  data-ultimate-target='.uvc-heading.ultimate-heading-92069e42fa10412e h1'  data-responsive-json-new='{\"font-size\":\"\",\"line-height\":\"\"}' ><h1 style=\"font-weight:bold;color:#025e9e;\">ORTAKLIK YAPISI<\/h1><\/div><\/div><div class=\"ult-spacer spacer-69e42fa1041eb\" data-id=\"69e42fa1041eb\" data-height=\"32\" data-height-mobile=\"32\" data-height-tab=\"32\" data-height-tab-portrait=\"\" data-height-mobile-landscape=\"\" style=\"clear:both;display:block;\"><\/div>[\/vc_column][\/vc_row][vc_row][vc_column][vc_column_text css=&#8221;&#8221;]\n<table style=\"width: 100%;\">\n<tbody>\n<tr>\n<td style=\"background-color: #f5f5f5; text-align: center;\" colspan=\"3\"><strong>ENKA \u0130N\u015eAAT VE SANAY\u0130 A.\u015e.<br \/>\n27.03.2026 TAR\u0130H\u0130 \u0130T\u0130BARIYLA ORTAKLIK YAPISI<br \/>\n<\/strong><\/td>\n<\/tr>\n<tr>\n<td style=\"background-color: #001e62; width: 100%; height: 100%;\"><span style=\"color: #ffffff;\"><strong>PAY SAH\u0130PLER\u0130N\u0130N ADI SOYADI \/ UNVANI <\/strong><\/span><\/td>\n<td style=\"background-color: #001e62; text-align: center; width: 100%; height: 100%;\"><span style=\"color: #ffffff;\"><strong>H\u0130SSE ADED\u0130<\/strong><\/span><\/td>\n<td style=\"background-color: #001e62; text-align: center; width: 100%; height: 100%;\"><span style=\"color: #ffffff;\"><strong>ORAN (%)<\/strong><\/span><\/td>\n<\/tr>\n<tr>\n<td style=\"width: 100%; height: 100%;\">TARA HOLD\u0130NG A.\u015e.<\/td>\n<td style=\"width: 100%; text-align: center;\" width=\"\">2.987.988.118<\/td>\n<td style=\"width: 100%; height: 100%; text-align: center;\">49,80<\/td>\n<\/tr>\n<tr>\n<td style=\"width: 100%; height: 100%;\">V\u0130LDAN G\u00dcLCEL\u0130K<\/td>\n<td style=\"width: 100%; text-align: center;\" width=\"\">479.507.279<\/td>\n<td style=\"width: 100%; height: 100%; text-align: center;\">7,99<\/td>\n<\/tr>\n<tr style=\"height: 100%;\">\n<td style=\"width: 100%; height: 100%;\">SEVDA G\u00dcL\u00c7EL\u0130K<\/td>\n<td style=\"width: 100%; text-align: center;\" width=\"\">385.595.958<\/td>\n<td style=\"width: 100%; height: 100%; text-align: center;\">6,43<\/td>\n<\/tr>\n<tr style=\"height: 100%;\">\n<td style=\"width: 100%; height: 100%;\">ENKA SPOR E\u011e\u0130T\u0130M VE SOSYAL YARDIM VAKFI<\/td>\n<td style=\"width: 100%; text-align: center;\" width=\"\">352.102.865<\/td>\n<td style=\"width: 100%; height: 100%; text-align: center;\">5,87<\/td>\n<\/tr>\n<tr style=\"height: 100%;\">\n<td style=\"width: 100%; height: 100%;\">AL\u0130 G\u00dcL\u00c7EL\u0130K<\/td>\n<td style=\"width: 100%; text-align: center;\" width=\"\">269.999.920<\/td>\n<td style=\"width: 100%; height: 100%; text-align: center;\">4,50<\/td>\n<\/tr>\n<tr style=\"height: 100%;\">\n<td style=\"width: 100%; height: 100%;\">M\u0130KADO GAYR\u0130MENKUL YATIRIM T\u0130CARET A.\u015e.<\/td>\n<td style=\"width: 100%; text-align: center;\" width=\"\">262.197.495<\/td>\n<td style=\"width: 100%; height: 100%; text-align: center;\">4,37<\/td>\n<\/tr>\n<tr style=\"height: 100%;\">\n<td style=\"width: 100%; height: 100%;\">B\u0130LG\u0130 G\u00dcL\u00c7EL\u0130K<\/td>\n<td style=\"width: 100%; text-align: center;\" width=\"\">258.573.488<\/td>\n<td style=\"width: 100%; height: 100%; text-align: center;\">4,31<\/td>\n<\/tr>\n<tr style=\"height: 100%;\">\n<td style=\"width: 100%; height: 100%;\">NURDAN G\u00dcL\u00c7EL\u0130K<\/td>\n<td style=\"width: 100%; text-align: center;\" width=\"\">93.227.154<\/td>\n<td style=\"width: 100%; height: 100%; text-align: center;\">1,55<\/td>\n<\/tr>\n<tr style=\"height: 100%;\">\n<td style=\"width: 100%; height: 100%;\">SEL\u0130M G\u00dcL\u00c7EL\u0130K<\/td>\n<td style=\"width: 100%; text-align: center;\" width=\"\">93.155.035<\/td>\n<td style=\"width: 100%; height: 100%; text-align: center;\">1,55<\/td>\n<\/tr>\n<tr>\n<td>MEHMET S\u0130NAN TARA<\/td>\n<td style=\"text-align: center;\">66.000.000<\/td>\n<td style=\"text-align: center;\">1,10<\/td>\n<\/tr>\n<tr style=\"height: 100%;\">\n<td style=\"height: 100%;\">AY\u015eE VERDA G\u00dcL\u00c7EL\u0130K<\/td>\n<td style=\"text-align: center;\" width=\"\">41.104.155<\/td>\n<td style=\"height: 100%; text-align: center;\">0,69<\/td>\n<\/tr>\n<tr style=\"height: 100%;\">\n<td style=\"width: 100%; height: 100%;\">ENKA \u0130N\u015eAAT VE SANAY\u0130 A.\u015e.<\/td>\n<td style=\"width: 100%; text-align: center;\" width=\"\">137.256.418<\/td>\n<td style=\"width: 100%; height: 100%; text-align: center;\">2,29<\/td>\n<\/tr>\n<tr style=\"height: 100%;\">\n<td style=\"width: 100%; height: 100%;\">HALKA A\u00c7IK KISIM VE D\u0130\u011eERLER\u0130<\/td>\n<td style=\"width: 100%; text-align: center;\" width=\"\">573.292.115<\/td>\n<td style=\"width: 100%; height: 100%; text-align: center;\">9,56<\/td>\n<\/tr>\n<tr style=\"height: 100%;\">\n<td style=\"background-color: #f5f5f5; height: 100%; width: 100%;\"><strong>TOPLAM\u00a0<\/strong><\/td>\n<td style=\"background-color: #f5f5f5; height: 100%; width: 100%; text-align: center;\"><strong>6.000.000.000<\/strong><\/td>\n<td style=\"background-color: #f5f5f5; height: 100%; width: 100%; text-align: center;\"><strong>100,00<\/strong><\/td>\n<\/tr>\n<\/tbody>\n<\/table>\n<p>&nbsp;<\/p>\n<table style=\"width: 100%;\" width=\"100%\">\n<tbody>\n<tr>\n<td style=\"width: %; background-color: #f5f5f5; text-align: center;\" colspan=\"2\" width=\"\"><strong>ENKA \u0130N\u015eAAT VE SANAY\u0130 A.\u015e.<\/strong><\/td>\n<\/tr>\n<tr>\n<td style=\"background-color: #f5f5f5; text-align: center;\" colspan=\"2\"><strong>27.03.2026 TAR\u0130H\u0130 \u0130T\u0130BARIYLA N\u0130HA\u0130 FAYDA SAH\u0130PLER\u0130 L\u0130STES\u0130<\/strong><\/td>\n<\/tr>\n<tr>\n<td style=\"background-color: #001e62;\"><span style=\"color: #ffffff;\">ADI SOYADI<\/span><\/td>\n<td style=\"background-color: #001e62; text-align: right;\"><span style=\"color: #ffffff;\">ORAN (%)<\/span><\/td>\n<\/tr>\n<tr>\n<td width=\"\">MEHMET S\u0130NAN TARA<\/td>\n<td style=\"text-align: right;\" width=\"\">17.79<\/td>\n<\/tr>\n<tr>\n<td width=\"\">CEYDA LALE TARA<\/td>\n<td style=\"text-align: right;\" width=\"\">8.48<\/td>\n<\/tr>\n<tr>\n<td width=\"\">YASEM\u0130N ZEYNEP KEYMAN<\/td>\n<td style=\"text-align: right;\" width=\"\">8.48<\/td>\n<\/tr>\n<tr>\n<td width=\"\">LEYLA TARA SUYABATMAZ<\/td>\n<td style=\"text-align: right;\" width=\"\">8.48<\/td>\n<\/tr>\n<tr>\n<td width=\"\">V\u0130LDAN G\u00dcL\u00c7EL\u0130K<\/td>\n<td style=\"text-align: right;\" width=\"\">7.99<\/td>\n<\/tr>\n<tr>\n<td width=\"\">SEVDA G\u00dcL\u00c7EL\u0130K<\/td>\n<td style=\"text-align: right;\" width=\"\">6.43<\/td>\n<\/tr>\n<tr>\n<td width=\"\">ENKA SPOR E\u011e\u0130T\u0130M VE SOS. YARD. VAKFI<\/td>\n<td style=\"text-align: right;\" width=\"\">5.87<\/td>\n<\/tr>\n<tr>\n<td width=\"\">AY\u015eE VERDA G\u00dcL\u00c7EL\u0130K<\/td>\n<td style=\"text-align: right;\" width=\"\">5.05<\/td>\n<\/tr>\n<tr>\n<td width=\"\">AL\u0130 G\u00dcL\u00c7EL\u0130K<\/td>\n<td style=\"text-align: right;\" width=\"\">4.50<\/td>\n<\/tr>\n<tr>\n<td width=\"\">B\u0130LG\u0130 G\u00dcL\u00c7EL\u0130K<\/td>\n<td style=\"text-align: right;\" width=\"\">4.31<\/td>\n<\/tr>\n<tr>\n<td width=\"\">AGAH MEHMET TARA<\/td>\n<td style=\"text-align: right;\" width=\"\">3.04<\/td>\n<\/tr>\n<tr>\n<td width=\"\">\u015eARIK \u00d6MER TARA<\/td>\n<td style=\"text-align: right;\" width=\"\">3.00<\/td>\n<\/tr>\n<tr>\n<td width=\"\">FATMA ESRA TARA<\/td>\n<td style=\"text-align: right;\" width=\"\">2.83<\/td>\n<\/tr>\n<tr>\n<td width=\"\">NURDAN G\u00dcL\u00c7EL\u0130K<\/td>\n<td style=\"text-align: right;\" width=\"\">1.55<\/td>\n<\/tr>\n<tr>\n<td width=\"\">SEL\u0130M G\u00dcL\u00c7EL\u0130K<\/td>\n<td style=\"text-align: right;\" width=\"\">1.55<\/td>\n<\/tr>\n<tr>\n<td width=\"\">ENKA INSAAT VE SANAY\u0130 A.S.<\/td>\n<td style=\"text-align: right;\" width=\"\">2.29<\/td>\n<\/tr>\n<tr>\n<td width=\"\">HALKA A\u00c7IK KISIM VE D\u0130\u011eERLER\u0130<\/td>\n<td style=\"text-align: right;\" width=\"\">8.35<\/td>\n<\/tr>\n<tr>\n<td style=\"background-color: #f5f5f5;\" width=\"\"><strong>TOPLAM<\/strong><\/td>\n<td style=\"background-color: #f5f5f5; text-align: right;\" width=\"\"><strong>100,00<\/strong><\/td>\n<\/tr>\n<\/tbody>\n<\/table>\n[\/vc_column_text][\/vc_column][\/vc_row]\n<\/div>","protected":false},"excerpt":{"rendered":"<p>[vc_row][vc_column][\/vc_column][\/vc_row][vc_row][vc_column][vc_column_text css=&#8221;&#8221;] ENKA \u0130N\u015eAAT VE SANAY\u0130 A.\u015e. 27.03.2026 TAR\u0130H\u0130 \u0130T\u0130BARIYLA ORTAKLIK YAPISI PAY SAH\u0130PLER\u0130N\u0130N ADI SOYADI \/ UNVANI H\u0130SSE ADED\u0130 ORAN (%) TARA HOLD\u0130NG A.\u015e. 2.987.988.118 49,80 V\u0130LDAN G\u00dcLCEL\u0130K 479.507.279 7,99 SEVDA G\u00dcL\u00c7EL\u0130K 385.595.958 6,43 ENKA SPOR E\u011e\u0130T\u0130M VE SOSYAL YARDIM VAKFI 352.102.865 5,87 AL\u0130 G\u00dcL\u00c7EL\u0130K 269.999.920 4,50 M\u0130KADO GAYR\u0130MENKUL YATIRIM T\u0130CARET A.\u015e. 262.197.495 4,37 <a class=\"more-link\" href=\"https:\/\/www.enka.com\/tr\/yatirimci-iliskileri\/ortaklik-yapisi\/\">Continue reading <i class=\"fa fa-chevron-right\"><\/i><\/a><\/p>\n","protected":false},"author":25,"featured_media":23781,"parent":19745,"menu_order":0,"comment_status":"closed","ping_status":"closed","template":"","meta":{"_acf_changed":false,"footnotes":""},"class_list":["post-24080","page","type-page","status-publish","has-post-thumbnail","hentry"],"aioseo_notices":[],"acf":[],"_links":{"self":[{"href":"https:\/\/www.enka.com\/tr\/wp-json\/wp\/v2\/pages\/24080","targetHints":{"allow":["GET"]}}],"collection":[{"href":"https:\/\/www.enka.com\/tr\/wp-json\/wp\/v2\/pages"}],"about":[{"href":"https:\/\/www.enka.com\/tr\/wp-json\/wp\/v2\/types\/page"}],"author":[{"embeddable":true,"href":"https:\/\/www.enka.com\/tr\/wp-json\/wp\/v2\/users\/25"}],"replies":[{"embeddable":true,"href":"https:\/\/www.enka.com\/tr\/wp-json\/wp\/v2\/comments?post=24080"}],"version-history":[{"count":0,"href":"https:\/\/www.enka.com\/tr\/wp-json\/wp\/v2\/pages\/24080\/revisions"}],"up":[{"embeddable":true,"href":"https:\/\/www.enka.com\/tr\/wp-json\/wp\/v2\/pages\/19745"}],"wp:featuredmedia":[{"embeddable":true,"href":"https:\/\/www.enka.com\/tr\/wp-json\/wp\/v2\/media\/23781"}],"wp:attachment":[{"href":"https:\/\/www.enka.com\/tr\/wp-json\/wp\/v2\/media?parent=24080"}],"curies":[{"name":"wp","href":"https:\/\/api.w.org\/{rel}","templated":true}]}}