{"id":24083,"date":"2016-01-20T15:43:12","date_gmt":"2016-01-20T12:43:12","guid":{"rendered":"http:\/\/172.30.28.12\/en\/tr\/?page_id=24083"},"modified":"2025-10-07T12:39:46","modified_gmt":"2025-10-07T09:39:46","slug":"kurumsal-belgeler","status":"publish","type":"page","link":"https:\/\/www.enka.com\/tr\/yatirimci-iliskileri\/kurumsal-belgeler\/","title":{"rendered":"Kurumsal Bilgi ve Belgeler"},"content":{"rendered":"<div class=\"wpb-content-wrapper\">[vc_row][vc_column]<div id=\"ultimate-heading-27176a0a398c60550\" class=\"uvc-heading ult-adjust-bottom-margin ultimate-heading-27176a0a398c60550 uvc-2931 \" data-hspacer=\"no_spacer\"  data-halign=\"center\" style=\"text-align:center\"><div class=\"uvc-heading-spacer no_spacer\" style=\"top\"><\/div><div class=\"uvc-main-heading ult-responsive\"  data-ultimate-target='.uvc-heading.ultimate-heading-27176a0a398c60550 h1'  data-responsive-json-new='{\"font-size\":\"\",\"line-height\":\"\"}' ><h1 style=\"font-weight:bold;color:#025e9e;\">KURUMSAL BELGELER<\/h1><\/div><\/div><div class=\"ult-spacer spacer-6a0a398c605fc\" data-id=\"6a0a398c605fc\" data-height=\"20\" data-height-mobile=\"20\" data-height-tab=\"20\" data-height-tab-portrait=\"\" data-height-mobile-landscape=\"\" style=\"clear:both;display:block;\"><\/div>[\/vc_column][\/vc_row][vc_row gap=&#8221;10&#8243;][vc_column width=&#8221;1\/2&#8243; css=&#8221;.vc_custom_1673878173416{background-color: #f5f5f5 !important;border-radius: 2px !important;}&#8221;]<div id=\"ultimate-heading-46516a0a398c6062c\" class=\"uvc-heading ult-adjust-bottom-margin ultimate-heading-46516a0a398c6062c uvc-3890 \" data-hspacer=\"no_spacer\"  data-halign=\"center\" style=\"text-align:center\"><div class=\"uvc-heading-spacer no_spacer\" style=\"top\"><\/div><div class=\"uvc-main-heading ult-responsive\"  data-ultimate-target='.uvc-heading.ultimate-heading-46516a0a398c6062c h4'  data-responsive-json-new='{\"font-size\":\"\",\"line-height\":\"\"}' ><h4 style=\"font-weight:normal;\">Ana S\u00f6zle\u015fme<\/h4><\/div><\/div><div class=\"ult-spacer spacer-6a0a398c6066b\" data-id=\"6a0a398c6066b\" data-height=\"20\" data-height-mobile=\"20\" data-height-tab=\"20\" data-height-tab-portrait=\"\" data-height-mobile-landscape=\"\" style=\"clear:both;display:block;\"><\/div>[vc_btn title=&#8221;\u0130ND\u0130R\u0130N&#8221; shape=&#8221;square&#8221; color=&#8221;primary&#8221; align=&#8221;center&#8221; link=&#8221;url:https%3A%2F%2Fwww.enka.com%2Fallfiles%2Fpdf%2FENKA-INSAAT-VE-SANAYI-A.S.-ANA-SOZLESMESI.pdf|title:https%3A%2F%2Fwww.enka.com%2Fallfiles%2Fpdf%2FENKA-INSAAT-VE-SANAYI-A.S.-ANA-SOZLESMESI.pdf|target:_blank&#8221;]<div class=\"ult-spacer spacer-6a0a398c6068d\" data-id=\"6a0a398c6068d\" data-height=\"20\" data-height-mobile=\"20\" data-height-tab=\"20\" data-height-tab-portrait=\"\" data-height-mobile-landscape=\"\" style=\"clear:both;display:block;\"><\/div>[\/vc_column][vc_column width=&#8221;1\/2&#8243; css=&#8221;.vc_custom_1673878384121{background-color: #f5f5f5 !important;border-radius: 2px !important;}&#8221;]<div id=\"ultimate-heading-90266a0a398c606b2\" class=\"uvc-heading ult-adjust-bottom-margin ultimate-heading-90266a0a398c606b2 uvc-8205 \" data-hspacer=\"no_spacer\"  data-halign=\"center\" style=\"text-align:center\"><div class=\"uvc-heading-spacer no_spacer\" style=\"top\"><\/div><div class=\"uvc-main-heading ult-responsive\"  data-ultimate-target='.uvc-heading.ultimate-heading-90266a0a398c606b2 h4'  data-responsive-json-new='{\"font-size\":\"\",\"line-height\":\"\"}' ><h4 style=\"font-weight:normal;\">Kurulu\u015f S\u00f6zle\u015fmesi<\/h4><\/div><div class=\"uvc-sub-heading ult-responsive\"  data-ultimate-target='.uvc-heading.ultimate-heading-90266a0a398c606b2 .uvc-sub-heading '  data-responsive-json-new='{\"font-size\":\"\",\"line-height\":\"\"}'  style=\"font-weight:normal;\">\n<\/div><\/div><div class=\"ult-spacer spacer-6a0a398c606ec\" data-id=\"6a0a398c606ec\" data-height=\"20\" data-height-mobile=\"20\" data-height-tab=\"20\" data-height-tab-portrait=\"\" data-height-mobile-landscape=\"\" style=\"clear:both;display:block;\"><\/div>[vc_btn title=&#8221;\u0130ND\u0130R\u0130N&#8221; shape=&#8221;square&#8221; color=&#8221;primary&#8221; align=&#8221;center&#8221; link=&#8221;url:https%3A%2F%2Fwww.enka.com%2Fallfiles%2Fpdf%2FTicaret_Sicil_Gazetesi_Ilan.pdf|title:https%3A%2F%2Fwww.enka.com%2Fallfiles%2Fpdf%2FTicaret_Sicil_Gazetesi_Ilan.pdf|target:_blank&#8221;]<div class=\"ult-spacer spacer-6a0a398c6070f\" data-id=\"6a0a398c6070f\" data-height=\"20\" data-height-mobile=\"20\" data-height-tab=\"20\" data-height-tab-portrait=\"\" data-height-mobile-landscape=\"\" style=\"clear:both;display:block;\"><\/div>[\/vc_column][\/vc_row][vc_row][vc_column]<div class=\"ult-spacer spacer-6a0a398c6072b\" data-id=\"6a0a398c6072b\" data-height=\"20\" data-height-mobile=\"20\" data-height-tab=\"20\" data-height-tab-portrait=\"\" data-height-mobile-landscape=\"\" style=\"clear:both;display:block;\"><\/div>[vc_column_text]\n<table border=\"1px\">\n<tbody>\n<tr>\n<td style=\"text-align: center;\" colspan=\"4\"><span style=\"font-size: 10pt;\">KURULU\u015e VE KURULU\u015eTAN BU YANA ESAS S\u00d6ZLE\u015eME DE\u011e\u0130\u015e\u0130KL\u0130KLER\u0130N\u0130N YAYIMLANDI\u011eI<br \/>\nT\u00dcRK\u0130YE T\u0130CARET S\u0130C\u0130L\u0130 GAZETELER\u0130<\/span><\/td>\n<\/tr>\n<tr>\n<td colspan=\"4\"><span style=\"font-size: 10pt;\">\u00a0<\/span><span style=\"font-size: 10pt;\">\u00a0<\/span><span style=\"font-size: 10pt;\">\u00a0<\/span><span style=\"font-size: 10pt;\">\u00a0<\/span><\/td>\n<\/tr>\n<tr>\n<td><span style=\"font-size: 10pt;\">TTSG Tarihi<\/span><\/td>\n<td><span style=\"font-size: 10pt;\">TTSG No<\/span><\/td>\n<td><span style=\"font-size: 10pt;\">De\u011fi\u015fen Madde Numaralar\u0131<\/span><\/td>\n<td><span style=\"font-size: 10pt;\">De\u011fi\u015fim Konusu<\/span><\/td>\n<\/tr>\n<tr>\n<td><span style=\"font-size: 10pt;\">12.04.2021<\/span><\/td>\n<td><span style=\"font-size: 10pt;\">10307<\/span><\/td>\n<td><span style=\"font-size: 10pt;\">Madde 6 <\/span><\/td>\n<td><span style=\"font-size: 10pt;\">Kay\u0131tl\u0131 Sermaye Tavan Art\u0131\u015f\u0131<\/span><\/td>\n<\/tr>\n<tr>\n<td><span style=\"font-size: 10pt;\">04.06.2020<\/span><\/td>\n<td><span style=\"font-size: 10pt;\">10090<\/span><\/td>\n<td><span style=\"font-size: 10pt;\">Madde 6<\/span><\/td>\n<td><span style=\"font-size: 10pt;\">Sermaye Art\u0131r\u0131m\u0131<\/span><\/td>\n<\/tr>\n<tr>\n<td width=\"\"><span style=\"font-size: 10pt;\">29.05.2018<\/span><\/td>\n<td width=\"\"><span style=\"font-size: 10pt;\">9588<\/span><\/td>\n<td width=\"\"><span style=\"font-size: 10pt;\">Madde 6<\/span><\/td>\n<td width=\"\"><span style=\"font-size: 10pt;\">Sermaye Art\u0131r\u0131m\u0131<\/span><\/td>\n<\/tr>\n<tr>\n<td width=\"\"><span style=\"font-size: 10pt;\">06.04.2018<\/span><\/td>\n<td width=\"\"><span style=\"font-size: 10pt;\">9553<\/span><\/td>\n<td width=\"\"><span style=\"font-size: 10pt;\">Madde 6 ve Madde 27<\/span><\/td>\n<td width=\"\"><span style=\"font-size: 10pt;\">Sermaye Yap\u0131s\u0131 ve Oy Haklar\u0131<\/span><\/td>\n<\/tr>\n<tr>\n<td><span style=\"font-size: 10pt;\">08.05.2017<\/span><\/td>\n<td><span style=\"font-size: 10pt;\">9321<\/span><\/td>\n<td><span style=\"font-size: 10pt;\">Madde 6<\/span><\/td>\n<td><span style=\"font-size: 10pt;\">Sermaye Art\u0131r\u0131m\u0131<\/span><\/td>\n<\/tr>\n<tr>\n<td><span style=\"font-size: 10pt;\">25.05.2016<\/span><\/td>\n<td><span style=\"font-size: 10pt;\">9082<\/span><\/td>\n<td><span style=\"font-size: 10pt;\">Madde 6<\/span><\/td>\n<td><span style=\"font-size: 10pt;\">Sermaye Art\u0131r\u0131m\u0131<\/span><\/td>\n<\/tr>\n<tr>\n<td><span style=\"font-size: 10pt;\">18.04.2016<\/span><\/td>\n<td><span style=\"font-size: 10pt;\">9056<\/span><\/td>\n<td><span style=\"font-size: 10pt;\">Madde 6<\/span><\/td>\n<td><span style=\"font-size: 10pt;\">Kay\u0131tl\u0131 Sermaye Tavan Art\u0131\u015f\u0131<\/span><\/td>\n<\/tr>\n<tr>\n<td><span style=\"font-size: 10pt;\">13.05.2015<\/span><\/td>\n<td><span style=\"font-size: 10pt;\">8819<\/span><\/td>\n<td><span style=\"font-size: 10pt;\">Madde 6<\/span><\/td>\n<td><span style=\"font-size: 10pt;\">Sermaye Art\u0131r\u0131m\u0131<\/span><\/td>\n<\/tr>\n<tr>\n<td><span style=\"font-size: 10pt;\">23.05.2014<\/span><\/td>\n<td><span style=\"font-size: 10pt;\">8575<\/span><\/td>\n<td><span style=\"font-size: 10pt;\">Madde 6<\/span><\/td>\n<td><span style=\"font-size: 10pt;\">Sermaye Art\u0131r\u0131m\u0131<\/span><\/td>\n<\/tr>\n<tr>\n<td><span style=\"font-size: 10pt;\">25.06.2013<\/span><\/td>\n<td><span style=\"font-size: 10pt;\">8349<\/span><\/td>\n<td><span style=\"font-size: 10pt;\">Madde 6<\/span><\/td>\n<td><span style=\"font-size: 10pt;\">Sermaye Art\u0131r\u0131m\u0131<\/span><\/td>\n<\/tr>\n<tr>\n<td><span style=\"font-size: 10pt;\">29.04.2013<\/span><\/td>\n<td><span style=\"font-size: 10pt;\">8309<\/span><\/td>\n<td><span style=\"font-size: 10pt;\">Madde 4, 6, 17, 18, 23, 24, 26, 32, 33, 37, 39 ve 41 de\u011fi\u015fiklik Ge\u00e7ici madde-1 kald\u0131r\u0131lmas\u0131<\/span><\/td>\n<td><span style=\"font-size: 10pt;\">T\u00fcrk Ticaret Kanunu h\u00fck\u00fcmlerine uyum<\/span><\/td>\n<\/tr>\n<tr>\n<td><span style=\"font-size: 10pt;\">26.04.2012<\/span><\/td>\n<td><span style=\"font-size: 10pt;\">8056<\/span><\/td>\n<td><span style=\"font-size: 10pt;\">Madde 3, 6, 13, 14, 19, 20, 21, 22, 25, 29, 31, 35 ve 36<\/span><\/td>\n<td><span style=\"font-size: 10pt;\">Kay\u0131tl\u0131 Sermaye Tavan Art\u0131\u015f\u0131 ve SPK Seri: IV No: 56 Say\u0131l\u0131 Tebli\u011f d\u00fczenlemeleri<\/span><\/td>\n<\/tr>\n<tr>\n<td><span style=\"font-size: 10pt;\">25.12.2009<\/span><\/td>\n<td><span style=\"font-size: 10pt;\">7466<\/span><\/td>\n<td><span style=\"font-size: 10pt;\">Madde 6 &#8211; Ge\u00e7ici Madde 1<\/span><\/td>\n<td><span style=\"font-size: 10pt;\">Kay\u0131tl\u0131 Sermaye Tavan Art\u0131\u015f\u0131, Yeni TL&#8217;ye ge\u00e7i\u015f<\/span><\/td>\n<\/tr>\n<tr>\n<td><span style=\"font-size: 10pt;\">28.09.2007<\/span><\/td>\n<td><span style=\"font-size: 10pt;\">6905<\/span><\/td>\n<td><span style=\"font-size: 10pt;\">Madde 6<\/span><\/td>\n<td><span style=\"font-size: 10pt;\">Kay\u0131tl\u0131 Sermaye Tavan Art\u0131\u015f\u0131<\/span><\/td>\n<\/tr>\n<tr>\n<td><span style=\"font-size: 10pt;\">16.09.2005<\/span><\/td>\n<td><span style=\"font-size: 10pt;\">6391<\/span><\/td>\n<td><span style=\"font-size: 10pt;\">Madde 6<\/span><\/td>\n<td><span style=\"font-size: 10pt;\">Kay\u0131tl\u0131 Sermaye Tavan Art\u0131\u015f\u0131<\/span><\/td>\n<\/tr>\n<tr>\n<td><span style=\"font-size: 10pt;\">23.09.2004<\/span><\/td>\n<td><span style=\"font-size: 10pt;\">6142<\/span><\/td>\n<td><span style=\"font-size: 10pt;\">Madde 36<\/span><\/td>\n<td><span style=\"font-size: 10pt;\">Kar Da\u011f\u0131t\u0131m Maddesi<\/span><\/td>\n<\/tr>\n<tr>\n<td><span style=\"font-size: 10pt;\">04.12.2003<\/span><\/td>\n<td><span style=\"font-size: 10pt;\">5939<\/span><\/td>\n<td><span style=\"font-size: 10pt;\">Madde 6<\/span><\/td>\n<td><span style=\"font-size: 10pt;\">Kay\u0131tl\u0131 Sermaye Tavan Art\u0131\u015f\u0131<\/span><\/td>\n<\/tr>\n<tr>\n<td><span style=\"font-size: 10pt;\">20.06.2002<\/span><\/td>\n<td><span style=\"font-size: 10pt;\">5574<\/span><\/td>\n<td><span style=\"font-size: 10pt;\">Madde 2 &#8211; 38<\/span><\/td>\n<td><span style=\"font-size: 10pt;\">Sermaye Piyasas\u0131 Kanunu&#8217;na Uyum De\u011fi\u015fiklikleri<\/span><\/td>\n<\/tr>\n<tr>\n<td><span style=\"font-size: 10pt;\">16.10.2001<\/span><\/td>\n<td><span style=\"font-size: 10pt;\">5404<\/span><\/td>\n<td><span style=\"font-size: 10pt;\">Madde 6 ve 8<\/span><\/td>\n<td><span style=\"font-size: 10pt;\">Sermaye Art\u0131r\u0131m\u0131<\/span><\/td>\n<\/tr>\n<tr>\n<td><span style=\"font-size: 10pt;\">15.11.2000<\/span><\/td>\n<td><span style=\"font-size: 10pt;\">5175<\/span><\/td>\n<td><span style=\"font-size: 10pt;\">Madde 6 ve 8<\/span><\/td>\n<td><span style=\"font-size: 10pt;\">Sermaye Art\u0131r\u0131m\u0131<\/span><\/td>\n<\/tr>\n<tr>\n<td><span style=\"font-size: 10pt;\">22.09.1999<\/span><\/td>\n<td><span style=\"font-size: 10pt;\">4882<\/span><\/td>\n<td><span style=\"font-size: 10pt;\">Madde 6 ve 8<\/span><\/td>\n<td><span style=\"font-size: 10pt;\">Sermaye Art\u0131r\u0131m\u0131<\/span><\/td>\n<\/tr>\n<tr>\n<td><span style=\"font-size: 10pt;\">25.11.1998<\/span><\/td>\n<td><span style=\"font-size: 10pt;\">4677<\/span><\/td>\n<td><span style=\"font-size: 10pt;\">Madde 6 ve 8<\/span><\/td>\n<td><span style=\"font-size: 10pt;\">Sermaye Art\u0131r\u0131m\u0131<\/span><\/td>\n<\/tr>\n<tr>\n<td><span style=\"font-size: 10pt;\">11.11.1997<\/span><\/td>\n<td><span style=\"font-size: 10pt;\">4416<\/span><\/td>\n<td><span style=\"font-size: 10pt;\">Madde 6 ve 8<\/span><\/td>\n<td><span style=\"font-size: 10pt;\">Sermaye Art\u0131r\u0131m\u0131<\/span><\/td>\n<\/tr>\n<tr>\n<td><span style=\"font-size: 10pt;\">20.11.1996<\/span><\/td>\n<td><span style=\"font-size: 10pt;\">4170<\/span><\/td>\n<td><span style=\"font-size: 10pt;\">Madde 6 ve 8<\/span><\/td>\n<td><span style=\"font-size: 10pt;\">Sermaye Art\u0131r\u0131m\u0131<\/span><\/td>\n<\/tr>\n<tr>\n<td><span style=\"font-size: 10pt;\">06.12.1995<\/span><\/td>\n<td><span style=\"font-size: 10pt;\">3930<\/span><\/td>\n<td><span style=\"font-size: 10pt;\">Madde 6 ve 8<\/span><\/td>\n<td><span style=\"font-size: 10pt;\">Sermaye Art\u0131r\u0131m\u0131<\/span><\/td>\n<\/tr>\n<tr>\n<td><span style=\"font-size: 10pt;\">03.10.1994<\/span><\/td>\n<td><span style=\"font-size: 10pt;\">3629<\/span><\/td>\n<td><span style=\"font-size: 10pt;\">Madde 6 ve 8<\/span><\/td>\n<td><span style=\"font-size: 10pt;\">Sermaye Art\u0131r\u0131m\u0131<\/span><\/td>\n<\/tr>\n<tr>\n<td><span style=\"font-size: 10pt;\">07.05.1993<\/span><\/td>\n<td><span style=\"font-size: 10pt;\">3276<\/span><\/td>\n<td><span style=\"font-size: 10pt;\">Madde 6 ve 8<\/span><\/td>\n<td><span style=\"font-size: 10pt;\">Sermaye Art\u0131r\u0131m\u0131<\/span><\/td>\n<\/tr>\n<tr>\n<td><span style=\"font-size: 10pt;\">15.01.1992<\/span><\/td>\n<td><span style=\"font-size: 10pt;\">2945<\/span><\/td>\n<td><span style=\"font-size: 10pt;\">Madde 3<\/span><\/td>\n<td><span style=\"font-size: 10pt;\">\u015eirketin \u0130\u015f Tan\u0131m\u0131<\/span><\/td>\n<\/tr>\n<tr>\n<td><span style=\"font-size: 10pt;\">05.02.1991<\/span><\/td>\n<td><span style=\"font-size: 10pt;\">2709<\/span><\/td>\n<td><span style=\"font-size: 10pt;\">Madde 6 ve 8<\/span><\/td>\n<td><span style=\"font-size: 10pt;\">Sermaye Art\u0131r\u0131m\u0131<\/span><\/td>\n<\/tr>\n<tr>\n<td><span style=\"font-size: 10pt;\">19.04.1990<\/span><\/td>\n<td><span style=\"font-size: 10pt;\">2511<\/span><\/td>\n<td><span style=\"font-size: 10pt;\">Madde 6 ve 8<\/span><\/td>\n<td><span style=\"font-size: 10pt;\">Sermaye Art\u0131r\u0131m\u0131<\/span><\/td>\n<\/tr>\n<tr>\n<td><span style=\"font-size: 10pt;\">01.07.1986<\/span><\/td>\n<td><span style=\"font-size: 10pt;\">1544<\/span><\/td>\n<td><span style=\"font-size: 10pt;\">Madde 6 ve 8<\/span><\/td>\n<td><span style=\"font-size: 10pt;\">Sermaye Art\u0131r\u0131m\u0131<\/span><\/td>\n<\/tr>\n<tr>\n<td><span style=\"font-size: 10pt;\">09.01.1985<\/span><\/td>\n<td><span style=\"font-size: 10pt;\">1175<\/span><\/td>\n<td><span style=\"font-size: 10pt;\">Madde 6 ve 8<\/span><\/td>\n<td><span style=\"font-size: 10pt;\">Sermaye Art\u0131r\u0131m\u0131<\/span><\/td>\n<\/tr>\n<tr>\n<td><span style=\"font-size: 10pt;\">20.07.1983<\/span><\/td>\n<td><span style=\"font-size: 10pt;\">800<\/span><\/td>\n<td><span style=\"font-size: 10pt;\">Madde 3<\/span><\/td>\n<td><span style=\"font-size: 10pt;\">\u015eirketin \u0130\u015f Tan\u0131m\u0131<\/span><\/td>\n<\/tr>\n<tr>\n<td><span style=\"font-size: 10pt;\">09.06.1983<\/span><\/td>\n<td><span style=\"font-size: 10pt;\">774<\/span><\/td>\n<td><span style=\"font-size: 10pt;\">Madde 12<\/span><\/td>\n<td><span style=\"font-size: 10pt;\">\u0130dare Meclis \u00dcye Say\u0131s\u0131<\/span><\/td>\n<\/tr>\n<tr>\n<td><span style=\"font-size: 10pt;\">29.07.1980<\/span><\/td>\n<td><span style=\"font-size: 10pt;\">52<\/span><\/td>\n<td><span style=\"font-size: 10pt;\">Madde 6 ve 8<\/span><\/td>\n<td><span style=\"font-size: 10pt;\">Sermaye Art\u0131r\u0131m\u0131<\/span><\/td>\n<\/tr>\n<tr>\n<td><span style=\"font-size: 10pt;\">03.08.1979<\/span><\/td>\n<td><span style=\"font-size: 10pt;\">204<\/span><\/td>\n<td><span style=\"font-size: 10pt;\">Madde 6 ve 8<\/span><\/td>\n<td><span style=\"font-size: 10pt;\">Sermaye Art\u0131r\u0131m\u0131<\/span><\/td>\n<\/tr>\n<tr>\n<td><span style=\"font-size: 10pt;\">30.06.1978<\/span><\/td>\n<td><span style=\"font-size: 10pt;\">506<\/span><\/td>\n<td><span style=\"font-size: 10pt;\">Madde 3<\/span><\/td>\n<td><span style=\"font-size: 10pt;\">\u015eirketin \u0130\u015f Tan\u0131m\u0131<\/span><\/td>\n<\/tr>\n<tr>\n<td><span style=\"font-size: 10pt;\">07.09.1977<\/span><\/td>\n<td><span style=\"font-size: 10pt;\">302<\/span><\/td>\n<td><span style=\"font-size: 10pt;\">Madde 12<\/span><\/td>\n<td><span style=\"font-size: 10pt;\">\u0130dare Meclis \u00dcyeleri<\/span><\/td>\n<\/tr>\n<tr>\n<td><span style=\"font-size: 10pt;\">08.08.1977<\/span><\/td>\n<td><span style=\"font-size: 10pt;\">281<\/span><\/td>\n<td><span style=\"font-size: 10pt;\">Madde 3, 8, 9 ve 33<\/span><\/td>\n<td><span style=\"font-size: 10pt;\">\u015eirketin \u0130\u015f Tan\u0131m\u0131, Hisse ve \u0130ntifa Senetleri, Kar\u0131n Tevzii<\/span><\/td>\n<\/tr>\n<tr>\n<td><span style=\"font-size: 10pt;\">11.06.1975<\/span><\/td>\n<td><span style=\"font-size: 10pt;\">150<\/span><\/td>\n<td><span style=\"font-size: 10pt;\">Madde 20 ve 21<\/span><\/td>\n<td><span style=\"font-size: 10pt;\">Murak\u0131p Atanmas\u0131<\/span><\/td>\n<\/tr>\n<tr>\n<td><span style=\"font-size: 10pt;\">15.02.1974<\/span><\/td>\n<td><span style=\"font-size: 10pt;\">5074<\/span><\/td>\n<td><span style=\"font-size: 10pt;\">Madde 6 ve 8<\/span><\/td>\n<td><span style=\"font-size: 10pt;\">Sermaye Art\u0131r\u0131m\u0131<\/span><\/td>\n<\/tr>\n<tr>\n<td><span style=\"font-size: 10pt;\">04.12.1967<\/span><\/td>\n<td><span style=\"font-size: 10pt;\">3223<\/span><\/td>\n<td><span style=\"font-size: 10pt;\">Kurulu\u015f<\/span><\/td>\n<td><span style=\"font-size: 10pt;\">Kurulu\u015f<\/span><\/td>\n<\/tr>\n<\/tbody>\n<\/table>\n[\/vc_column_text][\/vc_column][\/vc_row]\n<\/div>","protected":false},"excerpt":{"rendered":"<p>[vc_row][vc_column][\/vc_column][\/vc_row][vc_row gap=&#8221;10&#8243;][vc_column width=&#8221;1\/2&#8243; css=&#8221;.vc_custom_1673878173416{background-color: #f5f5f5 !important;border-radius: 2px !important;}&#8221;][vc_btn title=&#8221;\u0130ND\u0130R\u0130N&#8221; shape=&#8221;square&#8221; color=&#8221;primary&#8221; align=&#8221;center&#8221; link=&#8221;url:https%3A%2F%2Fwww.enka.com%2Fallfiles%2Fpdf%2FENKA-INSAAT-VE-SANAYI-A.S.-ANA-SOZLESMESI.pdf|title:https%3A%2F%2Fwww.enka.com%2Fallfiles%2Fpdf%2FENKA-INSAAT-VE-SANAYI-A.S.-ANA-SOZLESMESI.pdf|target:_blank&#8221;][\/vc_column][vc_column width=&#8221;1\/2&#8243; css=&#8221;.vc_custom_1673878384121{background-color: #f5f5f5 !important;border-radius: 2px !important;}&#8221;][vc_btn title=&#8221;\u0130ND\u0130R\u0130N&#8221; shape=&#8221;square&#8221; color=&#8221;primary&#8221; align=&#8221;center&#8221; link=&#8221;url:https%3A%2F%2Fwww.enka.com%2Fallfiles%2Fpdf%2FTicaret_Sicil_Gazetesi_Ilan.pdf|title:https%3A%2F%2Fwww.enka.com%2Fallfiles%2Fpdf%2FTicaret_Sicil_Gazetesi_Ilan.pdf|target:_blank&#8221;][\/vc_column][\/vc_row][vc_row][vc_column][vc_column_text] KURULU\u015e VE KURULU\u015eTAN BU YANA ESAS S\u00d6ZLE\u015eME DE\u011e\u0130\u015e\u0130KL\u0130KLER\u0130N\u0130N YAYIMLANDI\u011eI T\u00dcRK\u0130YE T\u0130CARET S\u0130C\u0130L\u0130 GAZETELER\u0130 \u00a0\u00a0\u00a0\u00a0 TTSG Tarihi TTSG No De\u011fi\u015fen Madde Numaralar\u0131 De\u011fi\u015fim Konusu 12.04.2021 10307 Madde 6 Kay\u0131tl\u0131 Sermaye Tavan Art\u0131\u015f\u0131 <a class=\"more-link\" href=\"https:\/\/www.enka.com\/tr\/yatirimci-iliskileri\/kurumsal-belgeler\/\">Continue reading <i class=\"fa fa-chevron-right\"><\/i><\/a><\/p>\n","protected":false},"author":25,"featured_media":23752,"parent":19745,"menu_order":0,"comment_status":"closed","ping_status":"closed","template":"","meta":{"_acf_changed":false,"footnotes":""},"class_list":["post-24083","page","type-page","status-publish","has-post-thumbnail","hentry"],"aioseo_notices":[],"acf":[],"_links":{"self":[{"href":"https:\/\/www.enka.com\/tr\/wp-json\/wp\/v2\/pages\/24083","targetHints":{"allow":["GET"]}}],"collection":[{"href":"https:\/\/www.enka.com\/tr\/wp-json\/wp\/v2\/pages"}],"about":[{"href":"https:\/\/www.enka.com\/tr\/wp-json\/wp\/v2\/types\/page"}],"author":[{"embeddable":true,"href":"https:\/\/www.enka.com\/tr\/wp-json\/wp\/v2\/users\/25"}],"replies":[{"embeddable":true,"href":"https:\/\/www.enka.com\/tr\/wp-json\/wp\/v2\/comments?post=24083"}],"version-history":[{"count":0,"href":"https:\/\/www.enka.com\/tr\/wp-json\/wp\/v2\/pages\/24083\/revisions"}],"up":[{"embeddable":true,"href":"https:\/\/www.enka.com\/tr\/wp-json\/wp\/v2\/pages\/19745"}],"wp:featuredmedia":[{"embeddable":true,"href":"https:\/\/www.enka.com\/tr\/wp-json\/wp\/v2\/media\/23752"}],"wp:attachment":[{"href":"https:\/\/www.enka.com\/tr\/wp-json\/wp\/v2\/media?parent=24083"}],"curies":[{"name":"wp","href":"https:\/\/api.w.org\/{rel}","templated":true}]}}