{"id":24117,"date":"2016-01-20T16:28:32","date_gmt":"2016-01-20T14:28:32","guid":{"rendered":"http:\/\/172.30.28.12\/en\/tr\/?page_id=24117"},"modified":"2026-02-19T11:31:33","modified_gmt":"2026-02-19T08:31:33","slug":"hisse-bilgileri","status":"publish","type":"page","link":"https:\/\/www.enka.com\/tr\/yatirimci-iliskileri\/hisse-bilgileri\/","title":{"rendered":"Hisse Bilgileri"},"content":{"rendered":"<div class=\"wpb-content-wrapper\">[vc_row][vc_column][vc_btn title=&#8221;YEN\u0130LE&#8221; style=&#8221;classic&#8221; shape=&#8221;square&#8221; color=&#8221;primary&#8221; size=&#8221;sm&#8221; i_icon_fontawesome=&#8221;fas fa-sync-alt&#8221; add_icon=&#8221;true&#8221; link=&#8221;url:https%3A%2F%2Fwww.enka.com%2Ftr%2Fyatirimci-iliskileri%2Fhisse-bilgileri%2F|title:https%3A%2F%2Fwww.enka.com%2Ftr%2Fyatirimci-iliskileri%2Fhisse-bilgileri%2F&#8221;][\/vc_column][\/vc_row][vc_row][vc_column][vc_column_text css=&#8221;&#8221;]\n<!-- iframe plugin v.6.0 wordpress.org\/plugins\/iframe\/ -->\n<iframe loading=\"lazy\" src=\"https:\/\/imkb.enka.com\/\" width=\"100%\" height=\"1000\" scrolling=\"yes\" class=\"iframe-class\" frameborder=\"0\"><\/iframe>\n[\/vc_column_text][\/vc_column][\/vc_row][vc_row][vc_column][vc_separator color=&#8221;blue&#8221; border_width=&#8221;3&#8243; css=&#8221;&#8221;][vc_column_text css=&#8221;&#8221;]<strong>\u00a9 B\u0130ST Verileri<\/strong> Matriks taraf\u0131ndan <strong>15 dakika<\/strong> gecikmeli sa\u011flanmaktad\u0131r.<\/p>\n<p>BIST piyasalar\u0131nda olu\u015fan t\u00fcm verilere ait telif haklar\u0131 tamamen BIST\u2019e ait olup, bu veriler tekrar yay\u0131nlanamaz. Pay Piyasas\u0131, Bor\u00e7lanma Ara\u00e7lar\u0131 Piyasas\u0131, Vadeli \u0130\u015flem ve Opsiyon Piyasas\u0131 verileri BIST kaynakl\u0131 <strong>en az 15 dakika<\/strong> gecikmeli verilerdir.<\/p>\n<p>&nbsp;<\/p>\n<p><strong>Veri Sa\u011flay\u0131c\u0131 Notu:<\/strong><\/p>\n<p><img loading=\"lazy\" decoding=\"async\" class=\"alignnone size-full wp-image-89132\" src=\"https:\/\/www.enka.com\/wp-content\/uploads\/2026\/02\/matriks.png\" alt=\"\" width=\"205\" height=\"38\" \/><\/p>\n<p><span style=\"font-size: 12px;\">*(Veriler Matriks Finansal Teknolojiler A.\u015e. taraf\u0131ndan sa\u011flanmaktad\u0131r) Matriks taraf\u0131ndan sa\u011flanan Pay Piyasas\u0131, Bor\u00e7lanma Ara\u00e7lar\u0131 Piyasas\u0131, Vadeli \u0130\u015flem ve Opsiyon Piyasas\u0131 verileri BIST kaynakl\u0131 en az 15 dakika gecikmeli verilerdir. BIST isim ve logosu Koruma Marka Belgesi alt\u0131nda korunmakta olup izinsiz kullan\u0131lamaz, iktibas edilemez, de\u011fi\u015ftirilemez. BIST ismi alt\u0131nda a\u00e7\u0131klanan t\u00fcm belgelerin telif haklar\u0131 tamamen BIST&#8217;ye ait olup, tekrar yay\u0131nlanamaz. BIST, verinin sekans\u0131, do\u011frulu\u011fu ve taml\u0131\u011f\u0131 konusunda herhangi bir garanti vermez. Veri yay\u0131n\u0131nda olu\u015fabilecek aksakl\u0131klar, verinin ula\u015fmamas\u0131, gecikmesi, eksik ula\u015fmas\u0131, yanl\u0131\u015f olmas\u0131, veri yay\u0131n sistemindeki perfomans\u0131n d\u00fc\u015fmesi veya kesintili olmas\u0131 gibi hallerde Al\u0131c\u0131, Alt Al\u0131c\u0131 ve \/ veya Kullan\u0131c\u0131larda olu\u015fabilecek herhangi bir zarardan BIST sorumlu de\u011fildir.<\/span><\/p>\n[\/vc_column_text][\/vc_column][\/vc_row]\n<\/div>","protected":false},"excerpt":{"rendered":"<p>[vc_row][vc_column][vc_btn title=&#8221;YEN\u0130LE&#8221; style=&#8221;classic&#8221; shape=&#8221;square&#8221; color=&#8221;primary&#8221; size=&#8221;sm&#8221; i_icon_fontawesome=&#8221;fas fa-sync-alt&#8221; add_icon=&#8221;true&#8221; link=&#8221;url:https%3A%2F%2Fwww.enka.com%2Ftr%2Fyatirimci-iliskileri%2Fhisse-bilgileri%2F|title:https%3A%2F%2Fwww.enka.com%2Ftr%2Fyatirimci-iliskileri%2Fhisse-bilgileri%2F&#8221;][\/vc_column][\/vc_row][vc_row][vc_column][vc_column_text css=&#8221;&#8221;][\/vc_column_text][\/vc_column][\/vc_row][vc_row][vc_column][vc_separator color=&#8221;blue&#8221; border_width=&#8221;3&#8243; css=&#8221;&#8221;][vc_column_text css=&#8221;&#8221;]\u00a9 B\u0130ST Verileri Matriks taraf\u0131ndan 15 dakika gecikmeli sa\u011flanmaktad\u0131r. BIST piyasalar\u0131nda olu\u015fan t\u00fcm verilere ait telif haklar\u0131 tamamen BIST\u2019e ait olup, bu veriler tekrar yay\u0131nlanamaz. Pay Piyasas\u0131, Bor\u00e7lanma Ara\u00e7lar\u0131 Piyasas\u0131, Vadeli \u0130\u015flem ve Opsiyon Piyasas\u0131 verileri BIST kaynakl\u0131 en az 15 <a class=\"more-link\" href=\"https:\/\/www.enka.com\/tr\/yatirimci-iliskileri\/hisse-bilgileri\/\">Continue reading <i class=\"fa fa-chevron-right\"><\/i><\/a><\/p>\n","protected":false},"author":25,"featured_media":23783,"parent":19745,"menu_order":0,"comment_status":"open","ping_status":"closed","template":"","meta":{"_acf_changed":false,"footnotes":""},"class_list":["post-24117","page","type-page","status-publish","has-post-thumbnail","hentry"],"acf":[],"_links":{"self":[{"href":"https:\/\/www.enka.com\/tr\/wp-json\/wp\/v2\/pages\/24117","targetHints":{"allow":["GET"]}}],"collection":[{"href":"https:\/\/www.enka.com\/tr\/wp-json\/wp\/v2\/pages"}],"about":[{"href":"https:\/\/www.enka.com\/tr\/wp-json\/wp\/v2\/types\/page"}],"author":[{"embeddable":true,"href":"https:\/\/www.enka.com\/tr\/wp-json\/wp\/v2\/users\/25"}],"replies":[{"embeddable":true,"href":"https:\/\/www.enka.com\/tr\/wp-json\/wp\/v2\/comments?post=24117"}],"version-history":[{"count":0,"href":"https:\/\/www.enka.com\/tr\/wp-json\/wp\/v2\/pages\/24117\/revisions"}],"up":[{"embeddable":true,"href":"https:\/\/www.enka.com\/tr\/wp-json\/wp\/v2\/pages\/19745"}],"wp:featuredmedia":[{"embeddable":true,"href":"https:\/\/www.enka.com\/tr\/wp-json\/wp\/v2\/media\/23783"}],"wp:attachment":[{"href":"https:\/\/www.enka.com\/tr\/wp-json\/wp\/v2\/media?parent=24117"}],"curies":[{"name":"wp","href":"https:\/\/api.w.org\/{rel}","templated":true}]}}