{"id":24122,"date":"2016-01-20T16:37:48","date_gmt":"2016-01-20T14:37:48","guid":{"rendered":"http:\/\/172.30.28.12\/en\/tr\/?page_id=24122"},"modified":"2023-01-23T15:54:32","modified_gmt":"2023-01-23T12:54:32","slug":"ticaret-sicili","status":"publish","type":"page","link":"https:\/\/www.enka.com\/tr\/yatirimci-iliskileri\/ticaret-sicili\/","title":{"rendered":"Ticaret Sicili"},"content":{"rendered":"<div class=\"wpb-content-wrapper\">[vc_row][vc_column]<div id=\"ultimate-heading-72806a0a39af03ea6\" class=\"uvc-heading ult-adjust-bottom-margin ultimate-heading-72806a0a39af03ea6 uvc-9083 \" data-hspacer=\"no_spacer\"  data-halign=\"center\" style=\"text-align:center\"><div class=\"uvc-heading-spacer no_spacer\" style=\"top\"><\/div><div class=\"uvc-main-heading ult-responsive\"  data-ultimate-target='.uvc-heading.ultimate-heading-72806a0a39af03ea6 h1'  data-responsive-json-new='{\"font-size\":\"\",\"line-height\":\"\"}' ><h1 style=\"font-weight:bold;color:#025e9e;\">T\u0130CARET S\u0130C\u0130L\u0130<\/h1><\/div><\/div><div class=\"ult-spacer spacer-6a0a39af03f12\" data-id=\"6a0a39af03f12\" data-height=\"32\" data-height-mobile=\"32\" data-height-tab=\"32\" data-height-tab-portrait=\"\" data-height-mobile-landscape=\"\" style=\"clear:both;display:block;\"><\/div>[\/vc_column][\/vc_row][vc_row][vc_column][vc_column_text]\n<p style=\"text-align: center;\"><span style=\"font-family: enka_font;\"><strong>Ba\u011fl\u0131 Bulundu\u011fu Oda:<\/strong> Istanbul Ticaret Odas\u0131<\/span><\/p>\n<p style=\"text-align: center;\"><span style=\"font-family: enka_font;\"><strong>Sicil No<\/strong>: 68194<\/span><\/p>\n[\/vc_column_text][\/vc_column][\/vc_row]\n<\/div>","protected":false},"excerpt":{"rendered":"<p>[vc_row][vc_column][\/vc_column][\/vc_row][vc_row][vc_column][vc_column_text] Ba\u011fl\u0131 Bulundu\u011fu Oda: Istanbul Ticaret Odas\u0131 Sicil No: 68194 [\/vc_column_text][\/vc_column][\/vc_row]<\/p>\n","protected":false},"author":25,"featured_media":23784,"parent":19745,"menu_order":0,"comment_status":"closed","ping_status":"closed","template":"","meta":{"_acf_changed":false,"footnotes":""},"class_list":["post-24122","page","type-page","status-publish","has-post-thumbnail","hentry"],"aioseo_notices":[],"acf":[],"_links":{"self":[{"href":"https:\/\/www.enka.com\/tr\/wp-json\/wp\/v2\/pages\/24122","targetHints":{"allow":["GET"]}}],"collection":[{"href":"https:\/\/www.enka.com\/tr\/wp-json\/wp\/v2\/pages"}],"about":[{"href":"https:\/\/www.enka.com\/tr\/wp-json\/wp\/v2\/types\/page"}],"author":[{"embeddable":true,"href":"https:\/\/www.enka.com\/tr\/wp-json\/wp\/v2\/users\/25"}],"replies":[{"embeddable":true,"href":"https:\/\/www.enka.com\/tr\/wp-json\/wp\/v2\/comments?post=24122"}],"version-history":[{"count":0,"href":"https:\/\/www.enka.com\/tr\/wp-json\/wp\/v2\/pages\/24122\/revisions"}],"up":[{"embeddable":true,"href":"https:\/\/www.enka.com\/tr\/wp-json\/wp\/v2\/pages\/19745"}],"wp:featuredmedia":[{"embeddable":true,"href":"https:\/\/www.enka.com\/tr\/wp-json\/wp\/v2\/media\/23784"}],"wp:attachment":[{"href":"https:\/\/www.enka.com\/tr\/wp-json\/wp\/v2\/media?parent=24122"}],"curies":[{"name":"wp","href":"https:\/\/api.w.org\/{rel}","templated":true}]}}