{"id":24935,"date":"2015-12-30T14:05:21","date_gmt":"2015-12-30T12:05:21","guid":{"rendered":"http:\/\/172.30.28.12\/en\/tr\/mosenka\/"},"modified":"2026-04-20T10:50:10","modified_gmt":"2026-04-20T07:50:10","slug":"mosenka","status":"publish","type":"page","link":"https:\/\/www.enka.com\/tr\/istirakler\/mosenka\/","title":{"rendered":"Mosenka"},"content":{"rendered":"<div class=\"wpb-content-wrapper\">[vc_row css_animation=&#8221;fadeIn&#8221;][vc_column]<div id=\"highlight-box-wrap-2868\"  data-ultimate-target='#highlight-box-wrap-2868'  data-responsive-json-new='{\"font-size\":\"desktop:32px;\",\"line-height\":\"desktop:32px;\"}'  class=\"ultimate-call-to-action ult-adjust-bottom-margin  ctaction-text-center ult-responsive\" style=\"font-weight:normal;color:#ffffff;background:#1e73be;padding-top:20px;padding-bottom:20px;\"  data-background=\"#1e73be\"  data-background-hover=\"#012169\"  data-override=\"0\" ><div class=\"uvc-ctaction-data uvc-ctaction-data-no-effect ult-responsive\">ENKA taraf\u0131ndan 1991 y\u0131l\u0131nda kurulmu\u015ftur<\/div><\/div>[\/vc_column][\/vc_row][vc_row full_width=&#8221;stretch_row_content&#8221; css_animation=&#8221;fadeIn&#8221;][vc_column width=&#8221;1\/4&#8243;]<div class=\"aio-icon-component    style_1\"><a class=\"aio-icon-box-link\" href=\"http:\/\/www.mosenka.ru\/en\/\" title=\"mosenka\" target=\"_blank\" rel=\"noopener\" ><div id=\"Info-box-wrap-9452\" class=\"aio-icon-box top-icon\" style=\"\"  ><div class=\"aio-icon-top\"><div class=\"ult-just-icon-wrapper  \"><div class=\"align-icon\" style=\"text-align:center;\">\n<div class=\"aio-icon-img \" style=\"font-size:400px;display:inline-block;\" data-animation=\"fadeIn\" data-animation-delay=\"03\">\n\t<img decoding=\"async\" class=\"img-icon\" alt=\"null\" src=\"https:\/\/www.enka.com\/wp-content\/uploads\/2023\/01\/Building-M2-004_640x427.jpg\"\/>\n<\/div><\/div><\/div><\/div><div class=\"aio-icon-header\" ><h3 class=\"aio-icon-title ult-responsive\"  data-ultimate-target='#Info-box-wrap-9452 .aio-icon-title'  data-responsive-json-new='{\"font-size\":\"desktop:26px;\",\"line-height\":\"\"}'  style=\"font-weight:bold;color:#1e73be;\">MOSENKA 2<\/h3><\/div> <!-- header --><div class=\"aio-icon-description ult-responsive\"  data-ultimate-target='#Info-box-wrap-9452 .aio-icon-description'  data-responsive-json-new='{\"font-size\":\"desktop:20px;\",\"line-height\":\"\"}'  style=\"color:#012169;\">Mevcut 6 katl\u0131 \u201cL\u00fcks S\u0131n\u0131f\u201d Ofis Binas\u0131n\u0131n restorasyonu ve yenilenmesi.<\/div> <!-- description --><\/div> <!-- aio-icon-box --><\/a><\/div> <!-- aio-icon-component -->[\/vc_column][vc_column width=&#8221;1\/4&#8243;]<div class=\"aio-icon-component    style_1\"><a class=\"aio-icon-box-link\" href=\"http:\/\/www.mosenka.ru\/en\/\" title=\"mosenka\" target=\"_blank\" rel=\"noopener\" ><div id=\"Info-box-wrap-3938\" class=\"aio-icon-box top-icon\" style=\"\"  ><div class=\"aio-icon-top\"><div class=\"ult-just-icon-wrapper  \"><div class=\"align-icon\" style=\"text-align:center;\">\n<div class=\"aio-icon-img \" style=\"font-size:400px;display:inline-block;\" data-animation=\"fadeIn\" data-animation-delay=\"03\">\n\t<img decoding=\"async\" class=\"img-icon\" alt=\"null\" src=\"https:\/\/www.enka.com\/wp-content\/uploads\/2015\/10\/MOSENKA_OFFICE_003-e1450273643585.jpg\"\/>\n<\/div><\/div><\/div><\/div><div class=\"aio-icon-header\" ><h3 class=\"aio-icon-title ult-responsive\"  data-ultimate-target='#Info-box-wrap-3938 .aio-icon-title'  data-responsive-json-new='{\"font-size\":\"desktop:26px;\",\"line-height\":\"\"}'  style=\"font-weight:bold;color:#1e73be;\">MOSENKA 3<\/h3><\/div> <!-- header --><div class=\"aio-icon-description ult-responsive\"  data-ultimate-target='#Info-box-wrap-3938 .aio-icon-description'  data-responsive-json-new='{\"font-size\":\"desktop:20px;\",\"line-height\":\"\"}'  style=\"color:#012169;\">Yeralt\u0131 garaj\u0131na sahip 8 katl\u0131 \u201cL\u00fcks S\u0131n\u0131f\u201d Ofis Binas\u0131n\u0131n restorasyonu.<\/div> <!-- description --><\/div> <!-- aio-icon-box --><\/a><\/div> <!-- aio-icon-component -->[\/vc_column][vc_column width=&#8221;1\/4&#8243;]<div class=\"aio-icon-component    style_1\"><a class=\"aio-icon-box-link\" href=\"http:\/\/www.mosenka.ru\/en\/\" title=\"mosenka\" target=\"_blank\" rel=\"noopener\" ><div id=\"Info-box-wrap-3907\" class=\"aio-icon-box top-icon\" style=\"\"  ><div class=\"aio-icon-top\"><div class=\"ult-just-icon-wrapper  \"><div class=\"align-icon\" style=\"text-align:center;\">\n<div class=\"aio-icon-img \" style=\"font-size:400px;display:inline-block;\" data-animation=\"fadeIn\" data-animation-delay=\"03\">\n\t<img decoding=\"async\" class=\"img-icon\" alt=\"null\" src=\"https:\/\/www.enka.com\/wp-content\/uploads\/2015\/10\/MOSENKA_OFFICE_004-e1450273727116.jpg\"\/>\n<\/div><\/div><\/div><\/div><div class=\"aio-icon-header\" ><h3 class=\"aio-icon-title ult-responsive\"  data-ultimate-target='#Info-box-wrap-3907 .aio-icon-title'  data-responsive-json-new='{\"font-size\":\"desktop:26px;\",\"line-height\":\"\"}'  style=\"font-weight:bold;color:#1e73be;\">MOSENKA 4<\/h3><\/div> <!-- header --><div class=\"aio-icon-description ult-responsive\"  data-ultimate-target='#Info-box-wrap-3907 .aio-icon-description'  data-responsive-json-new='{\"font-size\":\"desktop:20px;\",\"line-height\":\"\"}'  style=\"color:#012169;\">Mosenka JV\u2019nin m\u00fclkiyeti alt\u0131nda bulunan ve yabanc\u0131 \u015firketlere kiralanan veya sat\u0131lan modern bir i\u015f kompleksinin tasar\u0131m\u0131 ve in\u015fas\u0131.<\/div> <!-- description --><\/div> <!-- aio-icon-box --><\/a><\/div> <!-- aio-icon-component -->[\/vc_column][vc_column width=&#8221;1\/4&#8243;]<div class=\"aio-icon-component    style_1\"><a class=\"aio-icon-box-link\" href=\"http:\/\/www.mosenka.ru\/en\/\" title=\"mosenka\" target=\"_blank\" rel=\"noopener\" ><div id=\"Info-box-wrap-2398\" class=\"aio-icon-box top-icon\" style=\"\"  ><div class=\"aio-icon-top\"><div class=\"ult-just-icon-wrapper  \"><div class=\"align-icon\" style=\"text-align:center;\">\n<div class=\"aio-icon-img \" style=\"font-size:400px;display:inline-block;\" data-animation=\"fadeIn\" data-animation-delay=\"03\">\n\t<img decoding=\"async\" class=\"img-icon\" alt=\"null\" src=\"https:\/\/www.enka.com\/wp-content\/uploads\/2015\/10\/MOSENKA_OFFICE_006.jpg\"\/>\n<\/div><\/div><\/div><\/div><div class=\"aio-icon-header\" ><h3 class=\"aio-icon-title ult-responsive\"  data-ultimate-target='#Info-box-wrap-2398 .aio-icon-title'  data-responsive-json-new='{\"font-size\":\"desktop:26px;\",\"line-height\":\"\"}'  style=\"font-weight:bold;color:#1e73be;\">MOSENKA 6<\/h3><\/div> <!-- header --><div class=\"aio-icon-description ult-responsive\"  data-ultimate-target='#Info-box-wrap-2398 .aio-icon-description'  data-responsive-json-new='{\"font-size\":\"desktop:20px;\",\"line-height\":\"\"}'  style=\"color:#012169;\">Yeralt\u0131 garaj\u0131 bulunan 4 katl\u0131 bir \u201cL\u00fcks S\u0131n\u0131f\u201d Ofis Binas\u0131n\u0131n tasar\u0131m\u0131 ve in\u015fas\u0131.<\/div> <!-- description --><\/div> <!-- aio-icon-box --><\/a><\/div> <!-- aio-icon-component -->[\/vc_column][\/vc_row][vc_row css_animation=&#8221;fadeIn&#8221;][vc_column][vc_column_text css=&#8221;&#8221;]\n<p style=\"text-align: justify;\">1991 y\u0131l\u0131nda ENKA, serbest piyasa ekonomisinin geli\u015fimiyle birlikte Moskova\u2019da benzersiz yat\u0131r\u0131m f\u0131rsatlar\u0131n\u0131n olu\u015faca\u011f\u0131n\u0131 \u00f6ng\u00f6rm\u00fc\u015f ve bu vizyon do\u011frultusunda \u015fehrin ilk gayrimenkul yat\u0131r\u0131m \u015firketi olan MosENKA\u2019y\u0131 kurmu\u015ftur.<\/p>\n<p style=\"text-align: justify;\">MosENKA, \u015fehirde artan ofis alan\u0131 talebini kar\u015f\u0131lamak ve pazara giren yerli ve uluslararas\u0131 \u015firketlere Bat\u0131 standartlar\u0131nda y\u00fcksek kaliteli hizmet sunmak amac\u0131yla kurulmu\u015ftur.<\/p>\n<p style=\"text-align: justify;\">\u015eirket k\u0131sa s\u00fcrede g\u00fcvenilir bir gayrimenkul geli\u015ftirme \u015firketi olarak kendini kan\u0131tlam\u0131\u015f ve yerel i\u015f ortam\u0131na ba\u015far\u0131yla entegre olmu\u015ftur.<\/p>\n<p style=\"text-align: justify;\">Bug\u00fcn ENKA\u2019n\u0131n %100 sahibi oldu\u011fu MosENKA, Moskova\u2019da giderek artan talebi kar\u015f\u0131lamak amac\u0131yla ofis alanlar\u0131n\u0131 yenileyip kiralamaktad\u0131r.<\/p>\n<p style=\"text-align: justify;\">\u015eirket bug\u00fcne kadar toplam 46.500 m\u00b2 in\u015faat alan\u0131na sahip 6 tarihi binay\u0131 yeniden in\u015fa ederek modern ofis binalar\u0131na d\u00f6n\u00fc\u015ft\u00fcrm\u00fc\u015ft\u00fcr. 2012 y\u0131l\u0131nda ilk restore edilen bina M1, 2019 y\u0131l sonu itibar\u0131yla ise M5 binas\u0131 geri teslim edilmi\u015ftir. \u015eirket, g\u00fcn\u00fcm\u00fczde kendisine ait modernize edilmi\u015f 4 binan\u0131n i\u015fletme faaliyetlerini y\u00fcr\u00fctmektedir.<\/p>\n[\/vc_column_text]<div class=\" ubtn-ctn-center \"><a class=\"ubtn-link ult-adjust-bottom-margin ubtn-center ubtn-block \" href=\"http:\/\/www.mosenka.ru\/en\" title=\"mosenka\" target=\"_blank\" rel=\"noopener\" ><button type=\"button\" id=\"ubtn-2902\"  class=\"ubtn ult-adjust-bottom-margin ult-responsive ubtn-block ubtn-no-hover-bg  none  ubtn-sep-icon ubtn-sep-icon-at-left  ubtn-center   tooltip-6a0a39b689f77 ubtn-block\"  data-hover=\"#000000\" data-border-color=\"\" data-bg=\"#1e73be\" data-hover-bg=\"#f7f7f7\" data-border-hover=\"\" data-shadow-hover=\"\" data-shadow-click=\"none\" data-shadow=\"\" data-shd-shadow=\"\"  data-ultimate-target='#ubtn-2902'  data-responsive-json-new='{\"font-size\":\"\",\"line-height\":\"\"}'  style=\"font-weight:normal;border:none;background: #1e73be;color: #ffffff;\"><span class=\"ubtn-data ubtn-icon\"><i class=\"Defaults-link\" style=\"font-size:32px;color:;\"><\/i><\/span><span class=\"ubtn-hover\" style=\"background-color:#f7f7f7\"><\/span><span class=\"ubtn-data ubtn-text \" >Daha fazla bilgi i\u00e7in a\u015fa\u011f\u0131daki adresi ziyaret edebilirsiniz : http:\/\/www.mosenka.ru\/en<\/span><\/button><\/a><\/div><div class=\"ult-spacer spacer-6a0a39b689fbc\" data-id=\"6a0a39b689fbc\" data-height=\"20\" data-height-mobile=\"20\" data-height-tab=\"20\" data-height-tab-portrait=\"\" data-height-mobile-landscape=\"\" style=\"clear:both;display:block;\"><\/div>[vc_media_grid element_width=&#8221;2&#8243; gap=&#8221;2&#8243; css=&#8221;&#8221; grid_id=&#8221;vc_gid:1776671336433-a994b115-3d84-10&#8243; include=&#8221;23661,23664,23662,23660,78084,39085&#8243;][\/vc_column][\/vc_row]\n<\/div>","protected":false},"excerpt":{"rendered":"<p>[vc_row css_animation=&#8221;fadeIn&#8221;][vc_column][\/vc_column][\/vc_row][vc_row full_width=&#8221;stretch_row_content&#8221; css_animation=&#8221;fadeIn&#8221;][vc_column width=&#8221;1\/4&#8243;][\/vc_column][vc_column width=&#8221;1\/4&#8243;][\/vc_column][vc_column width=&#8221;1\/4&#8243;][\/vc_column][vc_column width=&#8221;1\/4&#8243;][\/vc_column][\/vc_row][vc_row css_animation=&#8221;fadeIn&#8221;][vc_column][vc_column_text css=&#8221;&#8221;] 1991 y\u0131l\u0131nda ENKA, serbest piyasa ekonomisinin geli\u015fimiyle birlikte Moskova\u2019da benzersiz yat\u0131r\u0131m f\u0131rsatlar\u0131n\u0131n olu\u015faca\u011f\u0131n\u0131 \u00f6ng\u00f6rm\u00fc\u015f ve bu vizyon do\u011frultusunda \u015fehrin ilk gayrimenkul yat\u0131r\u0131m \u015firketi olan MosENKA\u2019y\u0131 kurmu\u015ftur. MosENKA, \u015fehirde artan ofis alan\u0131 talebini kar\u015f\u0131lamak ve pazara giren yerli ve uluslararas\u0131 \u015firketlere Bat\u0131 standartlar\u0131nda y\u00fcksek kaliteli hizmet <a class=\"more-link\" href=\"https:\/\/www.enka.com\/tr\/istirakler\/mosenka\/\">Continue reading <i class=\"fa fa-chevron-right\"><\/i><\/a><\/p>\n","protected":false},"author":25,"featured_media":23661,"parent":25459,"menu_order":0,"comment_status":"closed","ping_status":"closed","template":"","meta":{"_acf_changed":false,"footnotes":""},"class_list":["post-24935","page","type-page","status-publish","has-post-thumbnail","hentry"],"aioseo_notices":[],"acf":[],"_links":{"self":[{"href":"https:\/\/www.enka.com\/tr\/wp-json\/wp\/v2\/pages\/24935","targetHints":{"allow":["GET"]}}],"collection":[{"href":"https:\/\/www.enka.com\/tr\/wp-json\/wp\/v2\/pages"}],"about":[{"href":"https:\/\/www.enka.com\/tr\/wp-json\/wp\/v2\/types\/page"}],"author":[{"embeddable":true,"href":"https:\/\/www.enka.com\/tr\/wp-json\/wp\/v2\/users\/25"}],"replies":[{"embeddable":true,"href":"https:\/\/www.enka.com\/tr\/wp-json\/wp\/v2\/comments?post=24935"}],"version-history":[{"count":2,"href":"https:\/\/www.enka.com\/tr\/wp-json\/wp\/v2\/pages\/24935\/revisions"}],"predecessor-version":[{"id":89700,"href":"https:\/\/www.enka.com\/tr\/wp-json\/wp\/v2\/pages\/24935\/revisions\/89700"}],"up":[{"embeddable":true,"href":"https:\/\/www.enka.com\/tr\/wp-json\/wp\/v2\/pages\/25459"}],"wp:featuredmedia":[{"embeddable":true,"href":"https:\/\/www.enka.com\/tr\/wp-json\/wp\/v2\/media\/23661"}],"wp:attachment":[{"href":"https:\/\/www.enka.com\/tr\/wp-json\/wp\/v2\/media?parent=24935"}],"curies":[{"name":"wp","href":"https:\/\/api.w.org\/{rel}","templated":true}]}}