{"id":24936,"date":"2015-12-30T14:06:30","date_gmt":"2015-12-30T12:06:30","guid":{"rendered":"http:\/\/172.30.28.12\/en\/tr\/moskva-krasnye-holmy\/"},"modified":"2026-03-13T15:36:55","modified_gmt":"2026-03-13T12:36:55","slug":"moskva-krasnye-holmy","status":"publish","type":"page","link":"https:\/\/www.enka.com\/tr\/istirakler\/moskva-krasnye-holmy\/","title":{"rendered":"Moskva Krasnye Holmy"},"content":{"rendered":"<div class=\"wpb-content-wrapper\">[vc_row css_animation=&#8221;fadeIn&#8221;][vc_column]<div id=\"highlight-box-wrap-2250\"  data-ultimate-target='#highlight-box-wrap-2250'  data-responsive-json-new='{\"font-size\":\"desktop:32px;\",\"line-height\":\"desktop:32px;\"}'  class=\"ultimate-call-to-action ult-adjust-bottom-margin  ctaction-text-center ult-responsive\" style=\"font-weight:normal;color:#ffffff;background:#1e73be;padding-top:20px;padding-bottom:20px;\"  data-background=\"#1e73be\"  data-background-hover=\"#012169\"  data-override=\"0\" ><div class=\"uvc-ctaction-data uvc-ctaction-data-no-effect ult-responsive\">ENKA taraf\u0131ndan 1995 y\u0131l\u0131nda kurulmu\u015ftur<\/div><\/div>[\/vc_column][\/vc_row][vc_row css_animation=&#8221;fadeIn&#8221;][vc_column width=&#8221;1\/3&#8243;]<div class=\"aio-icon-component    style_1\"><a class=\"aio-icon-box-link\" href=\"http:\/\/www.mosenka.ru\/en\/\" title=\"mosenka\" target=\"_blank\" rel=\"noopener\" ><div id=\"Info-box-wrap-1323\" class=\"aio-icon-box top-icon\" style=\"\"  ><div class=\"aio-icon-top\"><div class=\"ult-just-icon-wrapper  \"><div class=\"align-icon\" style=\"text-align:center;\">\n<div class=\"aio-icon-img \" style=\"font-size:400px;display:inline-block;\" data-animation=\"fadeIn\" data-animation-delay=\"03\">\n\t<img decoding=\"async\" class=\"img-icon\" alt=\"null\" src=\"https:\/\/www.enka.com\/wp-content\/uploads\/2015\/07\/web_MosENKA-box.jpg\"\/>\n<\/div><\/div><\/div><\/div><div class=\"aio-icon-header\" ><h3 class=\"aio-icon-title ult-responsive\"  data-ultimate-target='#Info-box-wrap-1323 .aio-icon-title'  data-responsive-json-new='{\"font-size\":\"desktop:26px;\",\"line-height\":\"\"}'  style=\"font-weight:bold;color:#1e73be;\">MOSENKA<\/h3><\/div> <!-- header --><div class=\"aio-icon-description ult-responsive\"  data-ultimate-target='#Info-box-wrap-1323 .aio-icon-description'  data-responsive-json-new='{\"font-size\":\"desktop:20px;\",\"line-height\":\"\"}'  style=\"color:#012169;\">28.100 m<sup>2<\/sup> K\u0130RALIK ALAN<\/div> <!-- description --><\/div> <!-- aio-icon-box --><\/a><\/div> <!-- aio-icon-component -->[\/vc_column][vc_column width=&#8221;1\/3&#8243; css=&#8221;.vc_custom_1551430224562{background-color: #1e73be !important;}&#8221;]<div class=\"aio-icon-component    style_1\"><a class=\"aio-icon-box-link\" href=\"http:\/\/www.mkh.ru\/en\/\" title=\"mkh\" target=\"_blank\" rel=\"noopener\" ><div id=\"Info-box-wrap-3456\" class=\"aio-icon-box top-icon\" style=\"\"  ><div class=\"aio-icon-top\"><div class=\"ult-just-icon-wrapper  \"><div class=\"align-icon\" style=\"text-align:center;\">\n<div class=\"aio-icon-img \" style=\"font-size:400px;display:inline-block;\" data-animation=\"fadeIn\" data-animation-delay=\"03\">\n\t<img decoding=\"async\" class=\"img-icon\" alt=\"null\" src=\"https:\/\/www.enka.com\/wp-content\/uploads\/web_Riverside-box.jpg\"\/>\n<\/div><\/div><\/div><\/div><div class=\"aio-icon-header\" ><h3 class=\"aio-icon-title ult-responsive\"  data-ultimate-target='#Info-box-wrap-3456 .aio-icon-title'  data-responsive-json-new='{\"font-size\":\"desktop:26px;\",\"line-height\":\"\"}'  style=\"font-weight:bold;color:#ffffff;\">MOSKVA KRASNYE HOLMY<\/h3><\/div> <!-- header --><div class=\"aio-icon-description ult-responsive\"  data-ultimate-target='#Info-box-wrap-3456 .aio-icon-description'  data-responsive-json-new='{\"font-size\":\"desktop:20px;\",\"line-height\":\"\"}'  style=\"color:#ffffff;\">\n<div id=\"Info-box-wrap-7762\" class=\"aio-icon-box top-icon\">\n<div class=\"aio-icon-description ult-responsive\" data-ultimate-target=\"#Info-box-wrap-7762 .aio-icon-description\" data-responsive-json-new=\"{&quot;font-size&quot;:&quot;desktop:20px;&quot;,&quot;line-height&quot;:&quot;&quot;}\">65.500 m<sup>2<\/sup> K\u0130RALIK ALAN<\/div>\n<\/div>\n<\/div> <!-- description --><\/div> <!-- aio-icon-box --><\/a><\/div> <!-- aio-icon-component -->[\/vc_column][vc_column width=&#8221;1\/3&#8243;]<div class=\"ult-spacer spacer-69e1dd316a722\" data-id=\"69e1dd316a722\" data-height=\"32\" data-height-mobile=\"32\" data-height-tab=\"32\" data-height-tab-portrait=\"\" data-height-mobile-landscape=\"\" style=\"clear:both;display:block;\"><\/div><div class=\"aio-icon-component    style_1\"><a class=\"aio-icon-box-link\" href=\"http:\/\/enkatc.com\/\" title=\"enka tc\" target=\"_blank\" rel=\"noopener\" ><div id=\"Info-box-wrap-2100\" class=\"aio-icon-box top-icon\" style=\"\"  ><div class=\"aio-icon-top\"><div class=\"ult-just-icon-wrapper  \"><div class=\"align-icon\" style=\"text-align:center;\">\n<div class=\"aio-icon-img \" style=\"font-size:400px;display:inline-block;\" data-animation=\"fadeIn\" data-animation-delay=\"03\">\n\t<img decoding=\"async\" class=\"img-icon\" alt=\"null\" src=\"https:\/\/www.enka.com\/wp-content\/uploads\/web_Kuntsevo-box.jpg\"\/>\n<\/div><\/div><\/div><\/div><div class=\"aio-icon-header\" ><h3 class=\"aio-icon-title ult-responsive\"  data-ultimate-target='#Info-box-wrap-2100 .aio-icon-title'  data-responsive-json-new='{\"font-size\":\"desktop:26px;\",\"line-height\":\"\"}'  style=\"font-weight:bold;color:#1e73be;\">ENKA TC<\/h3><\/div> <!-- header --><div class=\"aio-icon-description ult-responsive\"  data-ultimate-target='#Info-box-wrap-2100 .aio-icon-description'  data-responsive-json-new='{\"font-size\":\"desktop:20px;\",\"line-height\":\"\"}'  style=\"color:#012169;\">\n<div id=\"Info-box-wrap-3359\" class=\"aio-icon-box top-icon\">\n<div class=\"aio-icon-description ult-responsive\" data-ultimate-target=\"#Info-box-wrap-3359 .aio-icon-description\" data-responsive-json-new=\"{&quot;font-size&quot;:&quot;desktop:20px;&quot;,&quot;line-height&quot;:&quot;&quot;}\">400.000 m<sup>2<\/sup> K\u0130RALIK ALAN<\/div>\n<\/div>\n<\/div> <!-- description --><\/div> <!-- aio-icon-box --><\/a><\/div> <!-- aio-icon-component -->[\/vc_column][\/vc_row][vc_row css_animation=&#8221;fadeIn&#8221;][vc_column]<div class=\"ult-spacer spacer-69e1dd316a8bb\" data-id=\"69e1dd316a8bb\" data-height=\"32\" data-height-mobile=\"32\" data-height-tab=\"32\" data-height-tab-portrait=\"\" data-height-mobile-landscape=\"\" style=\"clear:both;display:block;\"><\/div>[\/vc_column][\/vc_row][vc_row css_animation=&#8221;fadeIn&#8221;][vc_column width=&#8221;1\/5&#8243;]<div class=\"aio-icon-component    style_1\"><a class=\"aio-icon-box-link\" href=\"http:\/\/en.ccioffices.ru\/\" title=\"cci\" target=\"_blank\" rel=\"noopener\" ><div id=\"Info-box-wrap-6727\" class=\"aio-icon-box top-icon\" style=\"\"  ><div class=\"aio-icon-top\"><div class=\"ult-just-icon-wrapper  \"><div class=\"align-icon\" style=\"text-align:center;\">\n<div class=\"aio-icon-img \" style=\"font-size:400px;display:inline-block;\" data-animation=\"fadeIn\" data-animation-delay=\"03\">\n\t<img decoding=\"async\" class=\"img-icon\" alt=\"null\" src=\"https:\/\/www.enka.com\/wp-content\/uploads\/web_Naberezhnaya-box.jpg\"\/>\n<\/div><\/div><\/div><\/div><div class=\"aio-icon-header\" ><h3 class=\"aio-icon-title ult-responsive\"  data-ultimate-target='#Info-box-wrap-6727 .aio-icon-title'  data-responsive-json-new='{\"font-size\":\"desktop:26px;\",\"line-height\":\"\"}'  style=\"font-weight:bold;color:#1e73be;\">CITY CENTER INVESTMENT B.V.<\/h3><\/div> <!-- header --><div class=\"aio-icon-description ult-responsive\"  data-ultimate-target='#Info-box-wrap-6727 .aio-icon-description'  data-responsive-json-new='{\"font-size\":\"desktop:20px;\",\"line-height\":\"\"}'  style=\"color:#012169;\">\n<div id=\"Info-box-wrap-4089\" class=\"aio-icon-box top-icon\">\n<div class=\"aio-icon-description ult-responsive\" data-ultimate-target=\"#Info-box-wrap-4089 .aio-icon-description\" data-responsive-json-new=\"{&quot;font-size&quot;:&quot;desktop:20px;&quot;,&quot;line-height&quot;:&quot;&quot;}\">163.700 m<sup>2<\/sup> K\u0130RALIK ALAN<\/div>\n<\/div>\n<\/div> <!-- description --><\/div> <!-- aio-icon-box --><\/a><\/div> <!-- aio-icon-component -->[\/vc_column][vc_column width=&#8221;1\/5&#8243;]<div class=\"aio-icon-component    style_1\"><a class=\"aio-icon-box-link\" href=\"http:\/\/www.paveletskayaplaza.ru\/\" title=\"enka invest\" target=\"_blank\" rel=\"noopener\" ><div id=\"Info-box-wrap-1377\" class=\"aio-icon-box top-icon\" style=\"\"  ><div class=\"aio-icon-top\"><div class=\"ult-just-icon-wrapper  \"><div class=\"align-icon\" style=\"text-align:center;\">\n<div class=\"aio-icon-img \" style=\"font-size:400px;display:inline-block;\" data-animation=\"fadeIn\" data-animation-delay=\"03\">\n\t<img decoding=\"async\" class=\"img-icon\" alt=\"null\" src=\"https:\/\/www.enka.com\/wp-content\/uploads\/web_PaveletskayaPlaza-box.jpg\"\/>\n<\/div><\/div><\/div><\/div><div class=\"aio-icon-header\" ><h3 class=\"aio-icon-title ult-responsive\"  data-ultimate-target='#Info-box-wrap-1377 .aio-icon-title'  data-responsive-json-new='{\"font-size\":\"desktop:26px;\",\"line-height\":\"\"}'  style=\"font-weight:bold;color:#1e73be;\">ENKA INVEST<\/h3><\/div> <!-- header --><div class=\"aio-icon-description ult-responsive\"  data-ultimate-target='#Info-box-wrap-1377 .aio-icon-description'  data-responsive-json-new='{\"font-size\":\"desktop:20px;\",\"line-height\":\"\"}'  style=\"color:#012169;\">\n<div id=\"Info-box-wrap-7764\" class=\"aio-icon-box top-icon\">\n<div class=\"aio-icon-description ult-responsive\" data-ultimate-target=\"#Info-box-wrap-7764 .aio-icon-description\" data-responsive-json-new=\"{&quot;font-size&quot;:&quot;desktop:20px;&quot;,&quot;line-height&quot;:&quot;&quot;}\">76.000 m<sup>2<\/sup> K\u0130RALIK ALAN<\/div>\n<\/div>\n<\/div> <!-- description --><\/div> <!-- aio-icon-box --><\/a><\/div> <!-- aio-icon-component -->[\/vc_column][vc_column width=&#8221;1\/5&#8243;]<div class=\"aio-icon-component    style_1\"><a class=\"aio-icon-box-link\" href=\"http:\/\/www.flexity.ru\" title=\"flexity\" target=\"_blank\" rel=\"noopener\" ><div id=\"Info-box-wrap-5859\" class=\"aio-icon-box top-icon\" style=\"\"  ><div class=\"aio-icon-top\"><div class=\"ult-just-icon-wrapper  \"><div class=\"align-icon\" style=\"text-align:center;\">\n<div class=\"aio-icon-img \" style=\"font-size:400px;display:inline-block;\" data-animation=\"fadeIn\" data-animation-delay=\"03\">\n\t<img decoding=\"async\" class=\"img-icon\" alt=\"null\" src=\"https:\/\/www.enka.com\/wp-content\/uploads\/2022\/07\/ENKA_Flexity_fi.jpg\"\/>\n<\/div><\/div><\/div><\/div><div class=\"aio-icon-header\" ><h3 class=\"aio-icon-title ult-responsive\"  data-ultimate-target='#Info-box-wrap-5859 .aio-icon-title'  data-responsive-json-new='{\"font-size\":\"desktop:26px;\",\"line-height\":\"\"}'  style=\"font-weight:bold;color:#1e73be;\">FLEXITY<\/h3><\/div> <!-- header --><div class=\"aio-icon-description ult-responsive\"  data-ultimate-target='#Info-box-wrap-5859 .aio-icon-description'  data-responsive-json-new='{\"font-size\":\"desktop:20px;\",\"line-height\":\"\"}'  style=\"color:#012169;\">\n<div id=\"Info-box-wrap-7764\" class=\"aio-icon-box top-icon\">\n<div class=\"aio-icon-description ult-responsive\" data-ultimate-target=\"#Info-box-wrap-7764 .aio-icon-description\" data-responsive-json-new=\"{&quot;font-size&quot;:&quot;desktop:20px;&quot;,&quot;line-height&quot;:&quot;&quot;}\">29.000 m<sup>2<\/sup> K\u0130RALIK ALAN<\/div>\n<\/div>\n<\/div> <!-- description --><\/div> <!-- aio-icon-box --><\/a><\/div> <!-- aio-icon-component -->[\/vc_column][vc_column width=&#8221;1\/5&#8243;]<div class=\"aio-icon-component    style_1\"><a class=\"aio-icon-box-link\" ><div id=\"Info-box-wrap-1724\" class=\"aio-icon-box top-icon\" style=\"\"  ><div class=\"aio-icon-top\"><div class=\"ult-just-icon-wrapper  \"><div class=\"align-icon\" style=\"text-align:center;\">\n<div class=\"aio-icon-img \" style=\"font-size:400px;display:inline-block;\" data-animation=\"fadeIn\" data-animation-delay=\"03\">\n\t<img decoding=\"async\" class=\"img-icon\" alt=\"null\" src=\"https:\/\/www.enka.com\/wp-content\/uploads\/2023\/01\/ovc-box.jpg\"\/>\n<\/div><\/div><\/div><\/div><div class=\"aio-icon-header\" ><h3 class=\"aio-icon-title ult-responsive\"  data-ultimate-target='#Info-box-wrap-1724 .aio-icon-title'  data-responsive-json-new='{\"font-size\":\"desktop:26px;\",\"line-height\":\"\"}'  style=\"font-weight:bold;color:#1e73be;\">ENKAMOS REGION B.V.<\/h3><\/div> <!-- header --><div class=\"aio-icon-description ult-responsive\"  data-ultimate-target='#Info-box-wrap-1724 .aio-icon-description'  data-responsive-json-new='{\"font-size\":\"desktop:20px;\",\"line-height\":\"\"}'  style=\"color:#012169;\">\n<div id=\"Info-box-wrap-7764\" class=\"aio-icon-box top-icon\">\n<div class=\"aio-icon-description ult-responsive\" data-ultimate-target=\"#Info-box-wrap-7764 .aio-icon-description\" data-responsive-json-new=\"{&quot;font-size&quot;:&quot;desktop:20px;&quot;,&quot;line-height&quot;:&quot;&quot;}\">20.700 m<sup>2<\/sup> K\u0130RALIK ALAN<\/div>\n<\/div>\n<\/div> <!-- description --><\/div> <!-- aio-icon-box --><\/a><\/div> <!-- aio-icon-component -->[\/vc_column][vc_column width=&#8221;1\/5&#8243;]<div class=\"aio-icon-component    style_1\"><a class=\"aio-icon-box-link\" ><div id=\"Info-box-wrap-2415\" class=\"aio-icon-box top-icon\" style=\"\"  ><div class=\"aio-icon-top\"><div class=\"ult-just-icon-wrapper  \"><div class=\"align-icon\" style=\"text-align:center;\">\n<div class=\"aio-icon-img \" style=\"font-size:400px;display:inline-block;\" data-animation=\"fadeIn\" data-animation-delay=\"03\">\n\t<img decoding=\"async\" class=\"img-icon\" alt=\"null\" src=\"https:\/\/www.enka.com\/wp-content\/uploads\/2026\/02\/251112-Park-House-Drone-21-box.jpg\"\/>\n<\/div><\/div><\/div><\/div><div class=\"aio-icon-header\" ><h3 class=\"aio-icon-title ult-responsive\"  data-ultimate-target='#Info-box-wrap-2415 .aio-icon-title'  data-responsive-json-new='{\"font-size\":\"desktop:26px;\",\"line-height\":\"\"}'  style=\"font-weight:bold;color:#1e73be;\">ENKA UK PROPERTIES<\/h3><\/div> <!-- header --><div class=\"aio-icon-description ult-responsive\"  data-ultimate-target='#Info-box-wrap-2415 .aio-icon-description'  data-responsive-json-new='{\"font-size\":\"desktop:20px;\",\"line-height\":\"\"}'  style=\"color:#012169;\">\n<div id=\"Info-box-wrap-7764\" class=\"aio-icon-box top-icon\">\n<div class=\"aio-icon-description ult-responsive\" data-ultimate-target=\"#Info-box-wrap-7764 .aio-icon-description\" data-responsive-json-new=\"{&quot;font-size&quot;:&quot;desktop:20px;&quot;,&quot;line-height&quot;:&quot;&quot;}\">18.200 m<sup>2<\/sup> K\u0130RALIK ALAN<\/div>\n<\/div>\n<\/div> <!-- description --><\/div> <!-- aio-icon-box --><\/a><\/div> <!-- aio-icon-component -->[\/vc_column][\/vc_row][vc_row css_animation=&#8221;fadeIn&#8221;][vc_column][vc_column_text css=&#8221;&#8221;]\n<p style=\"text-align: justify;\">1995 y\u0131l\u0131nda ENKA, Moskova Belediyesi dahil olmak \u00fczere bir\u00e7ok yerel ortakla bir yat\u0131r\u0131m anla\u015fmas\u0131 imzalam\u0131\u015f ve Rus K\u00fclt\u00fcr Merkezi\u2019ni in\u015fa etmek amac\u0131yla Moskva Krasnye Holmy\u2019i (MKH) kurmu\u015ftur. Kremlin Adas\u0131\u2019n\u0131n do\u011fu ucundan ba\u015flayarak s\u0131n\u0131rlar\u0131 Moskova Nehri ve Vodootvodny Kanal\u0131 ile \u00e7izilen yedi hektarl\u0131k bir arazi \u00fczerinde hayata ge\u00e7irilen proje; ofis binalar\u0131n\u0131n yan\u0131 s\u0131ra ticari, k\u00fclt\u00fcrel ve spor yap\u0131lar\u0131n\u0131 da i\u00e7ermektedir.<\/p>\n<p style=\"text-align: justify;\">MKH, bug\u00fcne kadar Riverside Towers (Nehir Kuleleri) b\u00fcnyesindeki 65.500 m\u00b2 kiralanabilir ofis alan\u0131 dahil olmak \u00fczere toplam 156.000 m\u00b2 b\u00fcy\u00fckl\u00fc\u011f\u00fcnde bir\u00e7ok simge niteli\u011finde binay\u0131 tamamlam\u0131\u015ft\u0131r. \u015eirketin tamam\u0131 bug\u00fcn ENKA\u2019ya aittir.<\/p>\n<p style=\"text-align: justify;\">Kompleksin i\u00e7erisinde 235 odal\u0131, be\u015f y\u0131ld\u0131zl\u0131 Swissotel Krasnye Holmy oteli yer almaktad\u0131r. Etkileyici panoramik manzaras\u0131yla \u00f6ne \u00e7\u0131kan otelin \u00e7at\u0131 kat\u0131nda yer alan City Space Bar &amp; Restaurant, d\u00fcnyan\u0131n en iyi barlar\u0131 aras\u0131nda g\u00f6sterilmekte olup World Travel Awards taraf\u0131ndan da \u00f6d\u00fcllendirilmi\u015ftir.<\/p>\n<p style=\"text-align: justify;\">Ayr\u0131ca, Konferans Merkezi, kap\u0131lar\u0131n\u0131 a\u00e7t\u0131\u011f\u0131 g\u00fcnden itibaren \u00f6nemli bir cazibe merkezi haline gelmi\u015f olup, se\u00e7kin m\u00fc\u015fterilerine y\u00f6nelik \u00e7ok say\u0131da konferans, seminer ve farkl\u0131 etkinli\u011fe ev sahipli\u011fi yapmaktad\u0131r.<\/p>\n<p style=\"text-align: justify;\">Rus K\u00fclt\u00fcr Merkezi, eski sanayi b\u00f6lgesini canl\u0131 bir karma kullan\u0131m alan\u0131na d\u00f6n\u00fc\u015ft\u00fcrerek Moskova siluetinin ay\u0131rt edici simgelerinden biri haline gelmi\u015ftir.<\/p>\n[\/vc_column_text]<div class=\" ubtn-ctn-center \"><a class=\"ubtn-link ult-adjust-bottom-margin ubtn-center ubtn-block \" href=\"http:\/\/www.mkh.ru\/\" title=\"mkh\" target=\"_blank\" rel=\"noopener\" ><button type=\"button\" id=\"ubtn-1197\"  class=\"ubtn ult-adjust-bottom-margin ult-responsive ubtn-block ubtn-no-hover-bg  none  ubtn-sep-icon ubtn-sep-icon-at-left  ubtn-center   tooltip-69e1dd316b03b ubtn-block\"  data-hover=\"#000000\" data-border-color=\"\" data-bg=\"#1e73be\" data-hover-bg=\"#f7f7f7\" data-border-hover=\"\" data-shadow-hover=\"\" data-shadow-click=\"none\" data-shadow=\"\" data-shd-shadow=\"\"  data-ultimate-target='#ubtn-1197'  data-responsive-json-new='{\"font-size\":\"\",\"line-height\":\"\"}'  style=\"font-weight:normal;border:none;background: #1e73be;color: #ffffff;\"><span class=\"ubtn-data ubtn-icon\"><i class=\"Defaults-link\" style=\"font-size:32px;color:;\"><\/i><\/span><span class=\"ubtn-hover\" style=\"background-color:#f7f7f7\"><\/span><span class=\"ubtn-data ubtn-text \" >Daha fazla bilgi i\u00e7in a\u015fa\u011f\u0131daki adresi ziyaret edebilirsiniz : http:\/\/www.mkh.ru\/<\/span><\/button><\/a><\/div><div class=\"ult-spacer spacer-69e1dd316b09c\" data-id=\"69e1dd316b09c\" data-height=\"20\" data-height-mobile=\"20\" data-height-tab=\"20\" data-height-tab-portrait=\"\" data-height-mobile-landscape=\"\" style=\"clear:both;display:block;\"><\/div>[vc_media_grid element_width=&#8221;2&#8243; gap=&#8221;2&#8243; grid_id=&#8221;vc_gid:1773405333437-c3329cd8-69c5-0&#8243; include=&#8221;23669,22462,22460,22454,22457,20687&#8243;][\/vc_column][\/vc_row]\n<\/div>","protected":false},"excerpt":{"rendered":"<p>[vc_row css_animation=&#8221;fadeIn&#8221;][vc_column][\/vc_column][\/vc_row][vc_row css_animation=&#8221;fadeIn&#8221;][vc_column width=&#8221;1\/3&#8243;][\/vc_column][vc_column width=&#8221;1\/3&#8243; css=&#8221;.vc_custom_1551430224562{background-color: #1e73be !important;}&#8221;][\/vc_column][vc_column width=&#8221;1\/3&#8243;][\/vc_column][\/vc_row][vc_row css_animation=&#8221;fadeIn&#8221;][vc_column][\/vc_column][\/vc_row][vc_row css_animation=&#8221;fadeIn&#8221;][vc_column width=&#8221;1\/5&#8243;][\/vc_column][vc_column width=&#8221;1\/5&#8243;][\/vc_column][vc_column width=&#8221;1\/5&#8243;][\/vc_column][vc_column width=&#8221;1\/5&#8243;][\/vc_column][vc_column width=&#8221;1\/5&#8243;][\/vc_column][\/vc_row][vc_row css_animation=&#8221;fadeIn&#8221;][vc_column][vc_column_text css=&#8221;&#8221;] 1995 y\u0131l\u0131nda ENKA, Moskova Belediyesi dahil olmak \u00fczere bir\u00e7ok yerel ortakla bir yat\u0131r\u0131m anla\u015fmas\u0131 imzalam\u0131\u015f ve Rus K\u00fclt\u00fcr Merkezi\u2019ni in\u015fa etmek amac\u0131yla Moskva Krasnye Holmy\u2019i (MKH) kurmu\u015ftur. Kremlin Adas\u0131\u2019n\u0131n do\u011fu ucundan ba\u015flayarak s\u0131n\u0131rlar\u0131 Moskova Nehri ve Vodootvodny <a class=\"more-link\" href=\"https:\/\/www.enka.com\/tr\/istirakler\/moskva-krasnye-holmy\/\">Continue reading <i class=\"fa fa-chevron-right\"><\/i><\/a><\/p>\n","protected":false},"author":25,"featured_media":23688,"parent":25459,"menu_order":0,"comment_status":"closed","ping_status":"closed","template":"","meta":{"_acf_changed":false,"footnotes":""},"class_list":["post-24936","page","type-page","status-publish","has-post-thumbnail","hentry"],"aioseo_notices":[],"acf":[],"_links":{"self":[{"href":"https:\/\/www.enka.com\/tr\/wp-json\/wp\/v2\/pages\/24936","targetHints":{"allow":["GET"]}}],"collection":[{"href":"https:\/\/www.enka.com\/tr\/wp-json\/wp\/v2\/pages"}],"about":[{"href":"https:\/\/www.enka.com\/tr\/wp-json\/wp\/v2\/types\/page"}],"author":[{"embeddable":true,"href":"https:\/\/www.enka.com\/tr\/wp-json\/wp\/v2\/users\/25"}],"replies":[{"embeddable":true,"href":"https:\/\/www.enka.com\/tr\/wp-json\/wp\/v2\/comments?post=24936"}],"version-history":[{"count":0,"href":"https:\/\/www.enka.com\/tr\/wp-json\/wp\/v2\/pages\/24936\/revisions"}],"up":[{"embeddable":true,"href":"https:\/\/www.enka.com\/tr\/wp-json\/wp\/v2\/pages\/25459"}],"wp:featuredmedia":[{"embeddable":true,"href":"https:\/\/www.enka.com\/tr\/wp-json\/wp\/v2\/media\/23688"}],"wp:attachment":[{"href":"https:\/\/www.enka.com\/tr\/wp-json\/wp\/v2\/media?parent=24936"}],"curies":[{"name":"wp","href":"https:\/\/api.w.org\/{rel}","templated":true}]}}