{"id":24984,"date":"2015-11-18T17:22:19","date_gmt":"2015-11-18T15:22:19","guid":{"rendered":"http:\/\/172.30.28.12\/en\/tr\/trade\/"},"modified":"2025-12-02T15:32:32","modified_gmt":"2025-12-02T12:32:32","slug":"ticaret","status":"publish","type":"page","link":"https:\/\/www.enka.com\/tr\/faaliyet-alanlari\/ticaret\/","title":{"rendered":"Ticaret"},"content":{"rendered":"<div class=\"wpb-content-wrapper\">[vc_row][vc_column]<div id=\"ultimate-heading-645769ef754998da5\" class=\"uvc-heading ult-adjust-bottom-margin ultimate-heading-645769ef754998da5 uvc-1857 \" data-hspacer=\"no_spacer\"  data-halign=\"center\" style=\"text-align:center\"><div class=\"uvc-heading-spacer no_spacer\" style=\"top\"><\/div><div class=\"uvc-main-heading ult-responsive\"  data-ultimate-target='.uvc-heading.ultimate-heading-645769ef754998da5 h1'  data-responsive-json-new='{\"font-size\":\"\",\"line-height\":\"\"}' ><h1 style=\"font-weight:bold;color:#025e9e;\">T\u0130CARET<\/h1><\/div><\/div><div class=\"ult-spacer spacer-69ef754998eb1\" data-id=\"69ef754998eb1\" data-height=\"32\" data-height-mobile=\"32\" data-height-tab=\"32\" data-height-tab-portrait=\"\" data-height-mobile-landscape=\"\" style=\"clear:both;display:block;\"><\/div>[\/vc_column][\/vc_row][vc_row][vc_column width=&#8221;1\/3&#8243;][vc_single_image image=&#8221;69968&#8243; img_size=&#8221;full&#8221; alignment=&#8221;center&#8221; css=&#8221;&#8221;]<div id=\"ultimate-heading-830769ef754998efa\" class=\"uvc-heading ult-adjust-bottom-margin ultimate-heading-830769ef754998efa uvc-772 \" data-hspacer=\"no_spacer\"  data-halign=\"center\" style=\"text-align:center\"><div class=\"uvc-heading-spacer no_spacer\" style=\"top\"><\/div><div class=\"uvc-main-heading ult-responsive\"  data-ultimate-target='.uvc-heading.ultimate-heading-830769ef754998efa h1'  data-responsive-json-new='{\"font-size\":\"\",\"line-height\":\"\"}' ><h1 style=\"font-weight:normal;color:#025e9e;\">ENKA PAZARLAMA<\/h1><\/div><div class=\"uvc-sub-heading ult-responsive\"  data-ultimate-target='.uvc-heading.ultimate-heading-830769ef754998efa .uvc-sub-heading '  data-responsive-json-new='{\"font-size\":\"desktop:40px;\",\"line-height\":\"\"}'  style=\"font-weight:normal;\">\n<h4>KURULU\u015e:\u00a01972<\/h4>\n<\/div><\/div><div class=\"ult-spacer spacer-69ef754998f61\" data-id=\"69ef754998f61\" data-height=\"10\" data-height-mobile=\"10\" data-height-tab=\"10\" data-height-tab-portrait=\"\" data-height-mobile-landscape=\"\" style=\"clear:both;display:block;\"><\/div>[vc_column_text]\n<p style=\"text-align: justify;\">1972 y\u0131l\u0131nda kurulan ENKA Pazarlama, Hitachi ekskavat\u00f6rleri ve Kawasaki lastik tekerlekli y\u00fckleyicilerinin sat\u0131\u015f\u0131 ve servisi ile girdi\u011fi i\u015f makineleri pazar\u0131nda, d\u00fcnyan\u0131n g\u00fcvenilir markalar\u0131n\u0131n m\u00fcmessilli\u011fini yaparak faaliyette bulunmaktad\u0131r. Daha fazla bilgi i\u00e7in a\u015fa\u011f\u0131daki adresi ziyaret edebilirsiniz:<\/p>\n<p style=\"text-align: justify;\"><a href=\"http:\/\/www.enka.com.tr\/\">http:\/\/www.enka.com.tr\/<\/a><\/p>\n[\/vc_column_text][\/vc_column][vc_column width=&#8221;1\/3&#8243;][vc_single_image image=&#8221;69964&#8243; img_size=&#8221;full&#8221; alignment=&#8221;center&#8221; css=&#8221;&#8221;]<div id=\"ultimate-heading-74769ef754998f98\" class=\"uvc-heading ult-adjust-bottom-margin ultimate-heading-74769ef754998f98 uvc-9087 \" data-hspacer=\"no_spacer\"  data-halign=\"center\" style=\"text-align:center\"><div class=\"uvc-heading-spacer no_spacer\" style=\"top\"><\/div><div class=\"uvc-main-heading ult-responsive\"  data-ultimate-target='.uvc-heading.ultimate-heading-74769ef754998f98 h1'  data-responsive-json-new='{\"font-size\":\"\",\"line-height\":\"\"}' ><h1 style=\"font-weight:normal;color:#025e9e;\">ENTA\u015e<\/h1><\/div><div class=\"uvc-sub-heading ult-responsive\"  data-ultimate-target='.uvc-heading.ultimate-heading-74769ef754998f98 .uvc-sub-heading '  data-responsive-json-new='{\"font-size\":\"desktop:40px;\",\"line-height\":\"\"}'  style=\"font-weight:normal;\">\n<h4>KURULU\u015e: 1976<\/h4>\n<\/div><\/div><div class=\"ult-spacer spacer-69ef754998fec\" data-id=\"69ef754998fec\" data-height=\"10\" data-height-mobile=\"10\" data-height-tab=\"10\" data-height-tab-portrait=\"\" data-height-mobile-landscape=\"\" style=\"clear:both;display:block;\"><\/div>[vc_column_text]\n<p style=\"text-align: justify;\">1976 y\u0131l\u0131nda kurulan Enta\u015f, 1982 y\u0131l\u0131nda IATA (International Air Transport Association) \u00fcyesi olmu\u015ftur.\u00a0Turizm ve seyahat acentas\u0131 hizmetlerinde 40 y\u0131l\u0131 a\u015fk\u0131n bir tecr\u00fcbeye sahip Enta\u015f hakk\u0131nda daha fazla bilgi i\u00e7in a\u015fa\u011f\u0131daki adresi ziyaret edebilirsiniz:<\/p>\n<p style=\"text-align: justify;\"><a href=\"https:\/\/www.entas.com.tr\/\">https:\/\/www.entas.com.tr\/<\/a><\/p>\n[\/vc_column_text][\/vc_column][vc_column width=&#8221;1\/3&#8243;][vc_single_image image=&#8221;69972&#8243; img_size=&#8221;full&#8221; alignment=&#8221;center&#8221; css=&#8221;&#8221;]<div id=\"ultimate-heading-427569ef754999021\" class=\"uvc-heading ult-adjust-bottom-margin ultimate-heading-427569ef754999021 uvc-3265 \" data-hspacer=\"no_spacer\"  data-halign=\"center\" style=\"text-align:center\"><div class=\"uvc-heading-spacer no_spacer\" style=\"top\"><\/div><div class=\"uvc-main-heading ult-responsive\"  data-ultimate-target='.uvc-heading.ultimate-heading-427569ef754999021 h1'  data-responsive-json-new='{\"font-size\":\"\",\"line-height\":\"\"}' ><h1 style=\"font-weight:normal;color:#025e9e;\">AIRENKA<\/h1><\/div><div class=\"uvc-sub-heading ult-responsive\"  data-ultimate-target='.uvc-heading.ultimate-heading-427569ef754999021 .uvc-sub-heading '  data-responsive-json-new='{\"font-size\":\"desktop:40px;\",\"line-height\":\"\"}'  style=\"font-weight:normal;\">\n<h4>KURULU\u015e: 2002<\/h4>\n<\/div><\/div><div class=\"ult-spacer spacer-69ef754999070\" data-id=\"69ef754999070\" data-height=\"10\" data-height-mobile=\"10\" data-height-tab=\"10\" data-height-tab-portrait=\"\" data-height-mobile-landscape=\"\" style=\"clear:both;display:block;\"><\/div>[vc_column_text css=&#8221;&#8221;]\n<p style=\"text-align: justify;\">AirENKA, Sivil Havac\u0131l\u0131k Genel M\u00fcd\u00fcrl\u00fc\u011f\u00fc\u2019n\u00fcn 22 Nisan 2002 y\u00fcr\u00fcrl\u00fck tarihli ve 2002-HT-04 numaral\u0131 \u0130\u015fletme Ruhsat\u0131 ile kurulmu\u015f ve bu tarih itibar\u0131yla i\u00e7 ve d\u0131\u015f hatlarda hava taksi i\u015fletmecili\u011fi yapmaya yetkili k\u0131l\u0131nm\u0131\u015ft\u0131r. Daha fazla bilgi i\u00e7in a\u015fa\u011f\u0131daki adresi ziyaret edebilirsiniz:<\/p>\n<p style=\"text-align: justify;\"><a href=\"https:\/\/www.airenka.com\/tr\/\">https:\/\/www.airenka.com\/tr\/<\/a><\/p>\n[\/vc_column_text][\/vc_column][\/vc_row][vc_row full_width=&#8221;stretch_row&#8221; bg_type=&#8221;image&#8221; parallax_style=&#8221;vcpb-default&#8221; bg_image_new=&#8221;id^19622|url^https:\/\/www.enka.com\/wp-content\/uploads\/Pazarlama_BG.jpg|caption^null|alt^null|title^Pazarlama_BG|description^null&#8221; bg_image_size=&#8221;initial&#8221; bg_img_attach=&#8221;fixed&#8221;][vc_column]<div id=\"ultimate-heading-528469ef7549990a3\" class=\"uvc-heading ult-adjust-bottom-margin ultimate-heading-528469ef7549990a3 uvc-872 \" data-hspacer=\"no_spacer\"  data-halign=\"center\" style=\"text-align:center\"><div class=\"uvc-heading-spacer no_spacer\" style=\"top\"><\/div><div class=\"uvc-main-heading ult-responsive\"  data-ultimate-target='.uvc-heading.ultimate-heading-528469ef7549990a3 h1'  data-responsive-json-new='{\"font-size\":\"\",\"line-height\":\"\"}' ><h1 style=\"font-weight:bold;color:#ffffff;\">ENKA Pazarlama \u0130hracat \u0130thalat A.\u015e.<\/h1><\/div><\/div><div class=\"ult-spacer spacer-69ef7549990ef\" data-id=\"69ef7549990ef\" data-height=\"32\" data-height-mobile=\"32\" data-height-tab=\"32\" data-height-tab-portrait=\"\" data-height-mobile-landscape=\"\" style=\"clear:both;display:block;\"><\/div>[vc_column_text]\n<p style=\"text-align: justify;\"><span style=\"color: #ffffff;\">1972 y\u0131l\u0131nda kurulan ENKA Pazarlama, Hitachi ekskavat\u00f6rleri ve Kawasaki lastik tekerlekli y\u00fckleyicilerinin sat\u0131\u015f\u0131 ve servisi ile girdi\u011fi i\u015f makineleri pazar\u0131nda, d\u00fcnyan\u0131n g\u00fcvenilir markalar\u0131n\u0131n m\u00fcmessilli\u011fini yaparak faaliyette bulunmaktad\u0131r. \u0130\u015f makineleri, a\u011f\u0131r ta\u015f\u0131tlar, tar\u0131m makineleri ve end\u00fcstri \u00fcr\u00fcnlerine odaklanan ENKA Pazarlama, 71 bayisi, 5 b\u00f6lge m\u00fcd\u00fcrl\u00fc\u011f\u00fc, 1 \u015fubesi ve 1 irtibat ofisi ile t\u00fcm T\u00fcrkiye\u2019ye hizmet vermekte ve tamam\u0131 TSE sertifikas\u0131 ve ISO 9001:2008 kalite belgesine sahip 4 servis merkezi ile t\u00fcm kullan\u0131c\u0131lar\u0131na sat\u0131\u015f sonras\u0131 hizmet deste\u011fi sunmaktad\u0131r.<\/span><\/p>\n<p style=\"text-align: justify;\"><span style=\"color: #ffffff;\">ENKA Pazarlama, ba\u015fta \u0130stanbul Tuzla Merkez olmak \u00fczere; \u0130stanbul\u2019da 15.200 m\u00b2 arsa \u00fczerinde 7.500 m\u00b2 kapal\u0131 alan\u0131, Ankara\u2019da 12.000 m\u00b2 arsa \u00fczerinde 4.800 m\u00b2 kapal\u0131 alan\u0131, \u0130zmir\u2019de 13.450 m\u00b2 arsa \u00fczerinde 4.882 m\u00b2 kapal\u0131 alan\u0131 ve Adana\u2019da 8.400 m\u00b2\u00a0arsa \u00fczerinde 1.800 m\u00b2 kapal\u0131 alan\u0131 ve 2013 y\u0131l\u0131nda yap\u0131m\u0131 tamamlanan Mersin Serbest B\u00f6lge i\u00e7erisinde yer alan 3.970 m\u00b2 bulunan kendi m\u00fclk\u00fc olan \u015fubelerinde t\u00fcm \u00fcr\u00fcnlerin sat\u0131\u015f ve sat\u0131\u015f sonras\u0131 hizmetlerini m\u00fc\u015fterilerine sunmaktad\u0131r.<\/span><\/p>\n<p style=\"text-align: justify;\"><span style=\"color: #ffffff;\">ENKA Pazarlama, sahip oldu\u011fu teknik bilgi ve m\u00fc\u015fteri odakl\u0131 insan kayna\u011f\u0131 ile T\u00fcrkiye\u2019nin bilinen kurumsal firmas\u0131 olmas\u0131 ve m\u00fc\u015fterilere kaliteli hizmetle ekonomik \u00e7\u00f6z\u00fcm sunmas\u0131, s\u00fcrekli geli\u015fen teknolojileri takip etmesi ile vizyon ve misyon sahibi olmas\u0131ndan dolay\u0131 2010 y\u0131l\u0131nda ISO kalite belgesi alm\u0131\u015ft\u0131r. ENKA Pazarlama, kurum i\u00e7i ve kurum d\u0131\u015f\u0131nda etkin kullan\u0131m ile ERP sistemi olarak SAP\u2019ye ve m\u00fc\u015fteri ili\u015fkilerinde CRM mod\u00fcl\u00fcne entegrasyon s\u00fcrecini tamamlam\u0131\u015ft\u0131r.<\/span><\/p>\n<div class=\"row\">\n<p style=\"text-align: justify;\"><span style=\"color: #ffffff;\">ENKA Pazarlama, 40 y\u0131l\u0131 a\u015fk\u0131n tecr\u00fcbesinden ald\u0131\u011f\u0131 g\u00fc\u00e7le gelece\u011fe y\u00f6nelik yapt\u0131\u011f\u0131 yat\u0131r\u0131mlarla g\u00fcvenilir ve kaliteli hizmet anlay\u0131\u015f\u0131n\u0131 devam ettirmeyi hedeflemektedir.<\/span><\/p>\n<p style=\"text-align: justify;\"><span style=\"color: #ffffff;\">ENKA Pazarlama\u2019n\u0131n, d\u00fcnyan\u0131n \u00f6nde gelen \u00fcreticilerinin distrib\u00fct\u00f6r\u00fc olarak temsil etti\u011fi \u00fcr\u00fcnler \u015firket b\u00fcnyesinde a\u015fa\u011f\u0131daki \u015fekilde grupland\u0131r\u0131lm\u0131\u015ft\u0131r:<\/span><\/p>\n<ul class=\"list check-style\">\n<li style=\"text-align: justify;\"><span style=\"color: #ffffff;\">Makine Grubu<\/span><\/li>\n<li style=\"text-align: justify;\"><span style=\"color: #ffffff;\">Madencilik, Vin\u00e7 ve Yol Ekipmanlar\u0131 Grubu<\/span><\/li>\n<li style=\"text-align: justify;\"><span style=\"color: #ffffff;\">Geri D\u00f6n\u00fc\u015f\u00fcm Ekipmanlar\u0131<\/span><\/li>\n<li style=\"text-align: justify;\"><span style=\"color: #ffffff;\">End\u00fcstriyel \u00dcr\u00fcnler<\/span><\/li>\n<li style=\"text-align: justify;\"><span style=\"color: #ffffff;\">Elle\u00e7leme ve \u0130stifleme Ekipmanlar\u0131<\/span><\/li>\n<\/ul>\n<\/div>\n[\/vc_column_text][\/vc_column][\/vc_row][vc_row full_width=&#8221;stretch_row&#8221; bg_type=&#8221;image&#8221; parallax_style=&#8221;vcpb-default&#8221; bg_image_new=&#8221;id^19625|url^https:\/\/www.enka.com\/wp-content\/uploads\/ENTAS_BG.jpg|caption^null|alt^null|title^ENTAS_BG|description^null&#8221; bg_image_size=&#8221;initial&#8221; bg_img_attach=&#8221;fixed&#8221;][vc_column]<div id=\"ultimate-heading-703269ef754999121\" class=\"uvc-heading ult-adjust-bottom-margin ultimate-heading-703269ef754999121 uvc-765 \" data-hspacer=\"no_spacer\"  data-halign=\"center\" style=\"text-align:center\"><div class=\"uvc-heading-spacer no_spacer\" style=\"top\"><\/div><div class=\"uvc-main-heading ult-responsive\"  data-ultimate-target='.uvc-heading.ultimate-heading-703269ef754999121 h1'  data-responsive-json-new='{\"font-size\":\"\",\"line-height\":\"\"}' ><h1 style=\"font-weight:bold;color:#025e9e;\">ENTA\u015e Nakliyat ve Turizm A.\u015e.<\/h1><\/div><\/div><div class=\"ult-spacer spacer-69ef754999173\" data-id=\"69ef754999173\" data-height=\"32\" data-height-mobile=\"32\" data-height-tab=\"32\" data-height-tab-portrait=\"\" data-height-mobile-landscape=\"\" style=\"clear:both;display:block;\"><\/div>[vc_column_text]\n<p style=\"text-align: justify;\"><strong><em>1976 y\u0131l\u0131nda kurulan Enta\u015f, 1982 y\u0131l\u0131nda IATA (International Air Transport Association) \u00fcyesi olmu\u015ftur.<\/em><\/strong>\u00a0\u015eirket ASTA (American Society of Travel Agents) ile UFTAA (Universal Federation of Travel Agents Associations) \u00fcyeli\u011finin yan\u0131 s\u0131ra, yerel mesleki kurulu\u015flardan T\u00dcRSAB (T\u00fcrkiye Seyahat Acenteleri Birli\u011fi) ile \u0130SAD (\u0130stanbul Seyahat Acenteleri Birli\u011fi) \u00fcyesidir.<\/p>\n<p style=\"text-align: justify;\"><strong><em>\u00dcst\u00fcn ve kaliteli servis anlay\u0131\u015f\u0131yla sekt\u00f6rde kal\u0131c\u0131 bir yer edinmi\u015f olan Enta\u015f, yerli ve yabanc\u0131 m\u00fc\u015fterilerinin ferdi ve grup ihtiya\u00e7lar\u0131n\u0131 kar\u015f\u0131lamak \u00fczere \u00e7e\u015fitli k\u00fclt\u00fcrel ve i\u015f ama\u00e7l\u0131 seyahat se\u00e7enekleri sunmaktad\u0131r.<\/em><\/strong><\/p>\n<p style=\"text-align: justify;\">Misyonu; talepleri do\u011fru alg\u0131lamak, hizmet verilen alanlarda kaliteyi y\u00fckseltmek, d\u00fcnyadaki geli\u015fmeleri yak\u0131ndan takip ederek \u00fclkemizde de uygulanmas\u0131n\u0131 sa\u011flamak, mesle\u011fin ve sekt\u00f6r\u00fcn geli\u015fmesine katk\u0131 sa\u011flayacak \u00e7al\u0131\u015fmalarda bulunmak ve en \u00f6nemlisi, mutlak m\u00fc\u015fteri memnuniyeti yaratarak, s\u0131n\u0131rs\u0131z hizmet anlay\u0131\u015f\u0131n\u0131 ve kal\u0131c\u0131 bir i\u015fbirli\u011fini devam ettirmektir.<\/p>\n<p style=\"text-align: justify;\">Enta\u015f, uluslararas\u0131 rezervasyon sistemlerinde en son teknolojiyi temsil eden Amadeus, Galileo ve Troya sistemleri sayesinde m\u00fc\u015fterilerine d\u00fcnya \u00e7ap\u0131nda u\u00e7ak bileti, otel rezervasyonu, ara\u00e7 kiralama, \u00f6zel ya da i\u015f seyahati ve tatil organizasyonlar\u0131, rehberli ve rehbersiz \u015fehir turlar\u0131, transferler, \u00f6zel u\u00e7ak kiralama ve VIP hizmetleri, kongre, seminer, fuar, sempozyum organizasyonlar\u0131, bayi toplant\u0131s\u0131 ve motivasyon gezisi organizasyonlar\u0131, catering hizmetleri ile personel yemekleri, \u00f6d\u00fcl t\u00f6renleri, \u00f6zel g\u00fcnler ve a\u00e7\u0131l\u0131\u015f gibi \u015firket i\u00e7i organizasyonlar, sanat\u00e7\u0131 temini, teknik ekipman, s\u00fcsleme, sahne tasar\u0131m hizmetleri, tekne gezisi organizasyonlar\u0131, mavi yolculuk ve \u00f6zel tren ve cruise paketleri, k\u00fclt\u00fcr, inan\u00e7, spor, sa\u011fl\u0131k, macera ve do\u011fa turizmine y\u00f6nelik \u00f6zel paketler, e\u011fitim ve dil okullar\u0131na y\u00f6nelik \u00f6zel programlar, ki\u015fi ve gruplara \u00f6zel l\u00fcks paketler, vize hizmetleri ve seyahat sigortas\u0131 hizmetleri sunmaktad\u0131r.<\/p>\n<p style=\"text-align: justify;\">Enta\u015f, \u00e7a\u011fr\u0131 merkezi hizmetlerinin yan\u0131 s\u0131ra, kurumsal m\u00fc\u015fterilerinin istekleri do\u011frultusunda ayr\u0131nt\u0131l\u0131 sat\u0131n alma raporlar\u0131 haz\u0131rlayabilmekte ve bu raporlar\u0131 yine m\u00fc\u015fterilerinin istedi\u011fi d\u00f6nemlerde otomatik olarak ilgili ki\u015filere iletebilmektedir.<\/p>\n<p style=\"text-align: justify;\">Enta\u015f, 10 y\u0131l\u0131 a\u015fk\u0131n bir s\u00fcredir, T\u00fcrkiye\u2019de en y\u00fcksek u\u00e7ak bileti cirosuna sahip ilk 5 seyahat acentesinden biridir ve \u015fubesiz, tek noktadan hizmet veren, T\u00fcrkiye\u2019nin en y\u00fcksek cirosuna sahip seyahat acentesi konumundad\u0131r.<\/p>\n[\/vc_column_text][\/vc_column][\/vc_row][vc_row full_width=&#8221;stretch_row&#8221; bg_type=&#8221;image&#8221; parallax_style=&#8221;vcpb-default&#8221; bg_image_new=&#8221;id^19631|url^https:\/\/www.enka.com\/wp-content\/uploads\/AirEnka_BG.jpg|caption^null|alt^null|title^AirEnka_BG|description^null&#8221; bg_image_size=&#8221;initial&#8221; bg_img_attach=&#8221;fixed&#8221;][vc_column]<div id=\"ultimate-heading-827469ef7549991a7\" class=\"uvc-heading ult-adjust-bottom-margin ultimate-heading-827469ef7549991a7 uvc-9955 \" data-hspacer=\"no_spacer\"  data-halign=\"center\" style=\"text-align:center\"><div class=\"uvc-heading-spacer no_spacer\" style=\"top\"><\/div><div class=\"uvc-main-heading ult-responsive\"  data-ultimate-target='.uvc-heading.ultimate-heading-827469ef7549991a7 h1'  data-responsive-json-new='{\"font-size\":\"\",\"line-height\":\"\"}' ><h1 style=\"font-weight:bold;color:#ffffff;\">AirENKA Hava Ta\u015f\u0131mac\u0131l\u0131\u011f\u0131 A.\u015e.<\/h1><\/div><\/div><div class=\"ult-spacer spacer-69ef7549991ea\" data-id=\"69ef7549991ea\" data-height=\"32\" data-height-mobile=\"32\" data-height-tab=\"32\" data-height-tab-portrait=\"\" data-height-mobile-landscape=\"\" style=\"clear:both;display:block;\"><\/div>[vc_column_text]\n<p style=\"text-align: justify;\"><span style=\"color: #ffffff;\">AirENKA, Sivil Havac\u0131l\u0131k Genel M\u00fcd\u00fcrl\u00fc\u011f\u00fc\u2019n\u00fcn 22 Nisan 2002 y\u00fcr\u00fcrl\u00fck tarihli ve 2002-HT-04 numaral\u0131 \u0130\u015fletme Ruhsat\u0131 ile kurulmu\u015f ve bu tarih itibar\u0131yla i\u00e7 ve d\u0131\u015f hatlarda hava taksi i\u015fletmecili\u011fi yapmaya yetkili k\u0131l\u0131nm\u0131\u015ft\u0131r.<\/span><\/p>\n<p style=\"text-align: justify;\"><span style=\"color: #ffffff;\">AirENKA, 2009 y\u0131l\u0131nda \u00fcretilmi\u015f olan Hawker 900XP tipi son sistem u\u00e7u\u015f teknolojisine sahip jet u\u00e7a\u011f\u0131 ile hizmet vermektedir. \u015eirketin u\u00e7u\u015f ekibi uluslararas\u0131 havac\u0131l\u0131k kurallar\u0131na uygun, e\u011fitimlerini d\u00fczenli olarak ABD\u2019de devam ettiren, deneyimli bir kadrodan olu\u015fmaktad\u0131r. \u015eirket, 2014 y\u0131l\u0131nda 3 k\u0131tada yer alan 41 \u015fehre ger\u00e7ekle\u015ftirdi\u011fi muhtelif u\u00e7u\u015flarla toplam 445 saat u\u00e7u\u015f ger\u00e7ekle\u015ftirmi\u015ftir.<\/span><\/p>\n[\/vc_column_text][\/vc_column][\/vc_row]\n<\/div>","protected":false},"excerpt":{"rendered":"<p>[vc_row][vc_column][\/vc_column][\/vc_row][vc_row][vc_column width=&#8221;1\/3&#8243;][vc_single_image image=&#8221;69968&#8243; img_size=&#8221;full&#8221; alignment=&#8221;center&#8221; css=&#8221;&#8221;][vc_column_text] 1972 y\u0131l\u0131nda kurulan ENKA Pazarlama, Hitachi ekskavat\u00f6rleri ve Kawasaki lastik tekerlekli y\u00fckleyicilerinin sat\u0131\u015f\u0131 ve servisi ile girdi\u011fi i\u015f makineleri pazar\u0131nda, d\u00fcnyan\u0131n g\u00fcvenilir markalar\u0131n\u0131n m\u00fcmessilli\u011fini yaparak faaliyette bulunmaktad\u0131r. Daha fazla bilgi i\u00e7in a\u015fa\u011f\u0131daki adresi ziyaret edebilirsiniz: http:\/\/www.enka.com.tr\/ [\/vc_column_text][\/vc_column][vc_column width=&#8221;1\/3&#8243;][vc_single_image image=&#8221;69964&#8243; img_size=&#8221;full&#8221; alignment=&#8221;center&#8221; css=&#8221;&#8221;][vc_column_text] 1976 y\u0131l\u0131nda kurulan Enta\u015f, 1982 y\u0131l\u0131nda IATA <a class=\"more-link\" href=\"https:\/\/www.enka.com\/tr\/faaliyet-alanlari\/ticaret\/\">Continue reading <i class=\"fa fa-chevron-right\"><\/i><\/a><\/p>\n","protected":false},"author":25,"featured_media":35618,"parent":25219,"menu_order":0,"comment_status":"closed","ping_status":"closed","template":"","meta":{"_acf_changed":false,"footnotes":""},"class_list":["post-24984","page","type-page","status-publish","has-post-thumbnail","hentry"],"aioseo_notices":[],"acf":[],"_links":{"self":[{"href":"https:\/\/www.enka.com\/tr\/wp-json\/wp\/v2\/pages\/24984","targetHints":{"allow":["GET"]}}],"collection":[{"href":"https:\/\/www.enka.com\/tr\/wp-json\/wp\/v2\/pages"}],"about":[{"href":"https:\/\/www.enka.com\/tr\/wp-json\/wp\/v2\/types\/page"}],"author":[{"embeddable":true,"href":"https:\/\/www.enka.com\/tr\/wp-json\/wp\/v2\/users\/25"}],"replies":[{"embeddable":true,"href":"https:\/\/www.enka.com\/tr\/wp-json\/wp\/v2\/comments?post=24984"}],"version-history":[{"count":0,"href":"https:\/\/www.enka.com\/tr\/wp-json\/wp\/v2\/pages\/24984\/revisions"}],"up":[{"embeddable":true,"href":"https:\/\/www.enka.com\/tr\/wp-json\/wp\/v2\/pages\/25219"}],"wp:featuredmedia":[{"embeddable":true,"href":"https:\/\/www.enka.com\/tr\/wp-json\/wp\/v2\/media\/35618"}],"wp:attachment":[{"href":"https:\/\/www.enka.com\/tr\/wp-json\/wp\/v2\/media?parent=24984"}],"curies":[{"name":"wp","href":"https:\/\/api.w.org\/{rel}","templated":true}]}}