{"id":24985,"date":"2015-12-31T09:33:05","date_gmt":"2015-12-31T07:33:05","guid":{"rendered":"http:\/\/172.30.28.12\/en\/tr\/entas\/"},"modified":"2025-09-19T15:14:01","modified_gmt":"2025-09-19T12:14:01","slug":"entas","status":"publish","type":"page","link":"https:\/\/www.enka.com\/tr\/istirakler\/entas\/","title":{"rendered":"Enta\u015f"},"content":{"rendered":"<div class=\"wpb-content-wrapper\">[vc_row][vc_column]<div id=\"ultimate-heading-450769f55a2aa21b3\" class=\"uvc-heading ult-adjust-bottom-margin ultimate-heading-450769f55a2aa21b3 uvc-3431 \" data-hspacer=\"no_spacer\"  data-halign=\"center\" style=\"text-align:center\"><div class=\"uvc-heading-spacer no_spacer\" style=\"top\"><\/div><div class=\"uvc-main-heading ult-responsive\"  data-ultimate-target='.uvc-heading.ultimate-heading-450769f55a2aa21b3 h1'  data-responsive-json-new='{\"font-size\":\"\",\"line-height\":\"\"}' ><h1 style=\"font-weight:bold;color:#025e9e;\">ENTA\u015e NAKL\u0130YAT VE TURIZM A.\u015e.<\/h1><\/div><\/div><div class=\"ult-spacer spacer-69f55a2aa225a\" data-id=\"69f55a2aa225a\" data-height=\"32\" data-height-mobile=\"32\" data-height-tab=\"32\" data-height-tab-portrait=\"\" data-height-mobile-landscape=\"\" style=\"clear:both;display:block;\"><\/div>[\/vc_column][\/vc_row][vc_row][vc_column][vc_column_text]\n<p style=\"text-align: justify;\"><strong><em>1976 y\u0131l\u0131nda kurulan Enta\u015f, 1982 y\u0131l\u0131nda IATA (International Air Transport Association) \u00fcyesi olmu\u015ftur.<\/em><\/strong>\u00a0\u015eirket ASTA (American Society of Travel Agents) ile UFTAA (Universal Federation of Travel Agents Associations) \u00fcyeli\u011finin yan\u0131 s\u0131ra, yerel mesleki kurulu\u015flardan T\u00dcRSAB (T\u00fcrkiye Seyahat Acenteleri Birli\u011fi) ile \u0130SAD (\u0130stanbul Seyahat Acenteleri Birli\u011fi) \u00fcyesidir.<\/p>\n<p style=\"text-align: justify;\"><strong><em>\u00dcst\u00fcn ve kaliteli servis anlay\u0131\u015f\u0131yla sekt\u00f6rde kal\u0131c\u0131 bir yer edinmi\u015f olan Enta\u015f, yerli ve yabanc\u0131 m\u00fc\u015fterilerinin ferdi ve grup ihtiya\u00e7lar\u0131n\u0131 kar\u015f\u0131lamak \u00fczere \u00e7e\u015fitli k\u00fclt\u00fcrel ve i\u015f ama\u00e7l\u0131 seyahat se\u00e7enekleri sunmaktad\u0131r.\u00a0<\/em><\/strong><\/p>\n<p style=\"text-align: justify;\">Misyonu; talepleri do\u011fru alg\u0131lamak, hizmet verilen alanlarda kaliteyi y\u00fckseltmek, d\u00fcnyadaki geli\u015fmeleri yak\u0131ndan takip ederek \u00fclkemizde de uygulanmas\u0131n\u0131 sa\u011flamak, mesle\u011fin ve sekt\u00f6r\u00fcn geli\u015fmesine katk\u0131 sa\u011flayacak \u00e7al\u0131\u015fmalarda bulunmak ve en \u00f6nemlisi, mutlak m\u00fc\u015fteri memnuniyeti yaratarak, s\u0131n\u0131rs\u0131z hizmet anlay\u0131\u015f\u0131n\u0131 ve kal\u0131c\u0131 bir i\u015fbirli\u011fini devam ettirmektir.<\/p>\n<p style=\"text-align: justify;\">Enta\u015f, uluslararas\u0131 rezervasyon sistemlerinde en son teknolojiyi temsil eden Amadeus, Galileo ve Troya sistemleri sayesinde m\u00fc\u015fterilerine d\u00fcnya \u00e7ap\u0131nda u\u00e7ak bileti, otel rezervasyonu, ara\u00e7 kiralama, \u00f6zel ya da i\u015f seyahati ve tatil organizasyonlar\u0131, rehberli ve rehbersiz \u015fehir turlar\u0131, transferler, \u00f6zel u\u00e7ak kiralama ve VIP hizmetleri, kongre, seminer, fuar, sempozyum organizasyonlar\u0131, bayi toplant\u0131s\u0131 ve motivasyon gezisi organizasyonlar\u0131, catering hizmetleri ile personel yemekleri, \u00f6d\u00fcl t\u00f6renleri, \u00f6zel g\u00fcnler ve a\u00e7\u0131l\u0131\u015f gibi \u015firket i\u00e7i organizasyonlar, sanat\u00e7\u0131 temini, teknik ekipman, s\u00fcsleme, sahne tasar\u0131m hizmetleri, tekne gezisi organizasyonlar\u0131, mavi yolculuk ve \u00f6zel tren ve cruise paketleri, k\u00fclt\u00fcr, inan\u00e7, spor, sa\u011fl\u0131k, macera ve do\u011fa turizmine y\u00f6nelik \u00f6zel paketler, e\u011fitim ve dil okullar\u0131na y\u00f6nelik \u00f6zel programlar, ki\u015fi ve gruplara \u00f6zel l\u00fcks paketler, vize hizmetleri ve seyahat sigortas\u0131 hizmetleri sunmaktad\u0131r.<\/p>\n<p style=\"text-align: justify;\">Enta\u015f, \u00e7a\u011fr\u0131 merkezi hizmetlerinin yan\u0131 s\u0131ra, kurumsal m\u00fc\u015fterilerinin istekleri do\u011frultusunda ayr\u0131nt\u0131l\u0131 sat\u0131n alma raporlar\u0131 haz\u0131rlayabilmekte ve bu raporlar\u0131 yine m\u00fc\u015fterilerinin istedi\u011fi d\u00f6nemlerde otomatik olarak ilgili ki\u015filere iletebilmektedir.<\/p>\n<p style=\"text-align: justify;\">Enta\u015f, 10 y\u0131l\u0131 a\u015fk\u0131n bir s\u00fcredir, T\u00fcrkiye\u2019de en y\u00fcksek u\u00e7ak bileti cirosuna sahip ilk 5 seyahat acentesinden biridir ve \u015fubesiz, tek noktadan hizmet veren, T\u00fcrkiye\u2019nin en y\u00fcksek cirosuna sahip seyahat acentesi konumundad\u0131r.<\/p>\n[\/vc_column_text][\/vc_column][\/vc_row][vc_row full_width=&#8221;stretch_row&#8221; bg_type=&#8221;bg_color&#8221; bg_color_value=&#8221;#d6d6d6&#8243;][vc_column width=&#8221;3\/4&#8243;]<div class=\"ult-spacer spacer-69f55a2aa227c\" data-id=\"69f55a2aa227c\" data-height=\"20\" data-height-mobile=\"20\" data-height-tab=\"20\" data-height-tab-portrait=\"\" data-height-mobile-landscape=\"\" style=\"clear:both;display:block;\"><\/div><div id=\"ultimate-heading-250069f55a2aa22a7\" class=\"uvc-heading ult-adjust-bottom-margin ultimate-heading-250069f55a2aa22a7 uvc-4580 \" data-hspacer=\"no_spacer\"  data-halign=\"left\" style=\"text-align:left\"><div class=\"uvc-heading-spacer no_spacer\" style=\"top\"><\/div><div class=\"uvc-main-heading ult-responsive\"  data-ultimate-target='.uvc-heading.ultimate-heading-250069f55a2aa22a7 h1'  data-responsive-json-new='{\"font-size\":\"\",\"line-height\":\"\"}' ><h1 style=\"font-weight:normal;\">ENTA\u015e Resmi Web Sitesi<\/h1><\/div><\/div><div class=\"ult-spacer spacer-69f55a2aa22ee\" data-id=\"69f55a2aa22ee\" data-height=\"20\" data-height-mobile=\"20\" data-height-tab=\"20\" data-height-tab-portrait=\"\" data-height-mobile-landscape=\"\" style=\"clear:both;display:block;\"><\/div>[\/vc_column][vc_column width=&#8221;1\/4&#8243;]<div class=\"ult-spacer spacer-69f55a2aa230e\" data-id=\"69f55a2aa230e\" data-height=\"20\" data-height-mobile=\"20\" data-height-tab=\"20\" data-height-tab-portrait=\"\" data-height-mobile-landscape=\"\" style=\"clear:both;display:block;\"><\/div>[vc_btn title=&#8221;TIKLAYINIZ&#8221; shape=&#8221;square&#8221; color=&#8221;primary&#8221; align=&#8221;right&#8221; i_icon_fontawesome=&#8221;fas fa-exclamation-circle&#8221; add_icon=&#8221;true&#8221; link=&#8221;url:http%3A%2F%2Fwww.entas.com.tr%2F|title:http%3A%2F%2Fwww.entas.com.tr%2F|target:_blank&#8221;]<div class=\"ult-spacer spacer-69f55a2aa2327\" data-id=\"69f55a2aa2327\" data-height=\"20\" data-height-mobile=\"20\" data-height-tab=\"20\" data-height-tab-portrait=\"\" data-height-mobile-landscape=\"\" style=\"clear:both;display:block;\"><\/div>[\/vc_column][\/vc_row][vc_row][vc_column]<div class=\"ult-spacer spacer-69f55a2aa233f\" data-id=\"69f55a2aa233f\" data-height=\"45\" data-height-mobile=\"45\" data-height-tab=\"45\" data-height-tab-portrait=\"\" data-height-mobile-landscape=\"\" style=\"clear:both;display:block;\"><\/div>[vc_media_grid element_width=&#8221;2&#8243; gap=&#8221;2&#8243; grid_id=&#8221;vc_gid:1758283999335-fb7306f1-7847-9&#8243; include=&#8221;22693,22699,22698,22697,22696,22695&#8243;][\/vc_column][\/vc_row]\n<\/div>","protected":false},"excerpt":{"rendered":"<p>[vc_row][vc_column][\/vc_column][\/vc_row][vc_row][vc_column][vc_column_text] 1976 y\u0131l\u0131nda kurulan Enta\u015f, 1982 y\u0131l\u0131nda IATA (International Air Transport Association) \u00fcyesi olmu\u015ftur.\u00a0\u015eirket ASTA (American Society of Travel Agents) ile UFTAA (Universal Federation of Travel Agents Associations) \u00fcyeli\u011finin yan\u0131 s\u0131ra, yerel mesleki kurulu\u015flardan T\u00dcRSAB (T\u00fcrkiye Seyahat Acenteleri Birli\u011fi) ile \u0130SAD (\u0130stanbul Seyahat Acenteleri Birli\u011fi) \u00fcyesidir. \u00dcst\u00fcn ve kaliteli servis anlay\u0131\u015f\u0131yla sekt\u00f6rde kal\u0131c\u0131 bir yer <a class=\"more-link\" href=\"https:\/\/www.enka.com\/tr\/istirakler\/entas\/\">Continue reading <i class=\"fa fa-chevron-right\"><\/i><\/a><\/p>\n","protected":false},"author":25,"featured_media":23445,"parent":25459,"menu_order":0,"comment_status":"closed","ping_status":"closed","template":"","meta":{"_acf_changed":false,"footnotes":""},"class_list":["post-24985","page","type-page","status-publish","has-post-thumbnail","hentry"],"aioseo_notices":[],"acf":[],"_links":{"self":[{"href":"https:\/\/www.enka.com\/tr\/wp-json\/wp\/v2\/pages\/24985","targetHints":{"allow":["GET"]}}],"collection":[{"href":"https:\/\/www.enka.com\/tr\/wp-json\/wp\/v2\/pages"}],"about":[{"href":"https:\/\/www.enka.com\/tr\/wp-json\/wp\/v2\/types\/page"}],"author":[{"embeddable":true,"href":"https:\/\/www.enka.com\/tr\/wp-json\/wp\/v2\/users\/25"}],"replies":[{"embeddable":true,"href":"https:\/\/www.enka.com\/tr\/wp-json\/wp\/v2\/comments?post=24985"}],"version-history":[{"count":0,"href":"https:\/\/www.enka.com\/tr\/wp-json\/wp\/v2\/pages\/24985\/revisions"}],"up":[{"embeddable":true,"href":"https:\/\/www.enka.com\/tr\/wp-json\/wp\/v2\/pages\/25459"}],"wp:featuredmedia":[{"embeddable":true,"href":"https:\/\/www.enka.com\/tr\/wp-json\/wp\/v2\/media\/23445"}],"wp:attachment":[{"href":"https:\/\/www.enka.com\/tr\/wp-json\/wp\/v2\/media?parent=24985"}],"curies":[{"name":"wp","href":"https:\/\/api.w.org\/{rel}","templated":true}]}}