{"id":25189,"date":"2015-11-04T13:39:46","date_gmt":"2015-11-04T11:39:46","guid":{"rendered":"http:\/\/172.30.28.12\/en\/tr\/about-us\/company-profile\/"},"modified":"2025-11-04T15:00:49","modified_gmt":"2025-11-04T12:00:49","slug":"sirket-profili","status":"publish","type":"page","link":"https:\/\/www.enka.com\/tr\/hakkimizda\/sirket-profili\/","title":{"rendered":"\u015eirket Profili"},"content":{"rendered":"<div class=\"wpb-content-wrapper\">[vc_row][vc_column]<div id=\"ultimate-heading-215169ef8ae3d57bd\" class=\"uvc-heading ult-adjust-bottom-margin ultimate-heading-215169ef8ae3d57bd uvc-235 \" data-hspacer=\"no_spacer\"  data-halign=\"center\" style=\"text-align:center\"><div class=\"uvc-heading-spacer no_spacer\" style=\"top\"><\/div><div class=\"uvc-main-heading ult-responsive\"  data-ultimate-target='.uvc-heading.ultimate-heading-215169ef8ae3d57bd h1'  data-responsive-json-new='{\"font-size\":\"\",\"line-height\":\"\"}' ><h1 style=\"font-weight:bold;color:#025e9e;\">\u015e\u0130RKET PROF\u0130L\u0130<\/h1><\/div><\/div><div class=\"ult-spacer spacer-69ef8ae3d5879\" data-id=\"69ef8ae3d5879\" data-height=\"32\" data-height-mobile=\"32\" data-height-tab=\"32\" data-height-tab-portrait=\"\" data-height-mobile-landscape=\"\" style=\"clear:both;display:block;\"><\/div>[\/vc_column][\/vc_row][vc_row][vc_column][vc_column_text css=&#8221;&#8221;]\n<table style=\"height: 100%; width: 100%; border-color: #ffffff; background-color: #ffffff;\" border=\"0\" cellspacing=\"0\" cellpadding=\"0\">\n<tbody>\n<tr style=\"border-color: #ffffff; background-color: #ffffff;\">\n<td style=\"height: 100%; width: 36.6014%;\" valign=\"top\" width=\"180\"><strong>Tescilli \u015eirket Ad\u0131:<\/strong><\/td>\n<td style=\"width: 98.3986%; height: 100%;\" valign=\"top\">ENKA \u0130n\u015faat ve Sanayi A.\u015e.<\/td>\n<\/tr>\n<tr style=\"border-color: #ffffff; background-color: #ffffff;\">\n<td style=\"height: 100%; width: 36.6014%;\" valign=\"top\"><strong>Tescil veya Kurulu\u015f Tarihi:<\/strong><\/td>\n<td style=\"width: 98.3986%; height: 100%;\" valign=\"top\">1957<\/td>\n<\/tr>\n<tr style=\"border-color: #ffffff; background-color: #ffffff;\">\n<td style=\"height: 100%; width: 36.6014%;\" valign=\"top\"><strong>Kay\u0131tl\u0131 Oldu\u011fu \u015eehir\u00a0\/ \u00dclke:<\/strong><\/td>\n<td style=\"width: 98.3986%; height: 100%;\" valign=\"top\">Istanbul \/ T\u00fcrkiye<\/td>\n<\/tr>\n<tr style=\"border-color: #ffffff; background-color: #ffffff;\">\n<td style=\"height: 100%; width: 36.6014%;\" valign=\"top\"><strong>Ticaret Odas\u0131 Sicil Numaras\u0131:<\/strong><\/td>\n<td style=\"width: 98.3986%; height: 100%;\" valign=\"top\">68194<\/td>\n<\/tr>\n<tr style=\"border-color: #ffffff; background-color: #ffffff;\">\n<td style=\"height: 100%; width: 36.6014%;\" valign=\"top\"><strong>Vergi Dairesi ve Numaras\u0131:<\/strong><\/td>\n<td style=\"width: 98.3986%; height: 100%;\" valign=\"top\">B\u00fcy\u00fck M\u00fckellefler &#8211; 335 004 8955<\/td>\n<\/tr>\n<tr style=\"border-color: #ffffff; background-color: #ffffff;\">\n<td style=\"height: 100%; width: 36.6014%;\" valign=\"top\"><strong>\u00d6denmi\u015f Sermaye:<\/strong><\/td>\n<td style=\"width: 98.3986%; height: 100%;\" valign=\"top\">6.000.000.000 TL (T\u00fcrk Liras\u0131) 2,751,958,581 ABD Dolar\u0131 (e\u015fde\u011feri)<\/td>\n<\/tr>\n<tr style=\"border-color: #ffffff; background-color: #ffffff;\">\n<td style=\"height: 100%; width: 36.6014%;\" valign=\"top\"><strong>BS EN ISO 9001 Sertifika<\/strong><strong>\u00a0No:<\/strong><\/td>\n<td style=\"width: 98.3986%; height: 100%;\" valign=\"top\">FS 57544 (2015 Kay\u0131tl\u0131)<\/td>\n<\/tr>\n<tr style=\"border-color: #ffffff; background-color: #ffffff;\">\n<td style=\"height: 100%; width: 36.6014%;\" valign=\"top\"><strong>BS EN ISO 14001 Sertifika<\/strong><strong>\u00a0No:<\/strong><\/td>\n<td style=\"width: 98.3986%; height: 100%;\" valign=\"top\">FS EMS 71388 (2015 Kay\u0131tl\u0131)<\/td>\n<\/tr>\n<tr style=\"border-color: #ffffff; background-color: #ffffff;\">\n<td style=\"height: 100%; width: 36.6014%;\" valign=\"top\"><strong>BS EN ISO 45001:2018 Sertifika No<\/strong><strong>:<\/strong><\/td>\n<td style=\"width: 98.3986%; height: 100%;\" valign=\"top\">OHS 71389 (2018 Kay\u0131tl\u0131)<\/td>\n<\/tr>\n<tr style=\"border-color: #ffffff; background-color: #ffffff;\">\n<td style=\"height: 100%; width: 36.6014%;\" valign=\"top\"><strong>BS ISO\/IEC 27001:2022 <strong>Sertifika<\/strong><strong>\u00a0No<\/strong><strong>:<\/strong><\/strong><\/td>\n<td style=\"width: 98.3986%; height: 100%;\">IS 715596 (2020 Kay\u0131tl\u0131)<\/td>\n<\/tr>\n<tr style=\"border-color: #ffffff; background-color: #ffffff;\">\n<td style=\"height: 100%; width: 36.6014%;\" valign=\"top\"><strong>ASME A Sertifika<\/strong><strong>\u00a0No:<\/strong><\/td>\n<td style=\"width: 98.3986%; height: 100%;\" valign=\"top\">45151 (2023 Kay\u0131tl\u0131)<\/td>\n<\/tr>\n<tr style=\"border-color: #ffffff; background-color: #ffffff;\">\n<td style=\"height: 100%; width: 36.6014%;\" valign=\"top\"><strong>ASME U Sertifika<\/strong><strong>\u00a0No:<\/strong><\/td>\n<td style=\"width: 98.3986%; height: 100%;\" valign=\"top\">45152 (2023 Kay\u0131tl\u0131)<\/td>\n<\/tr>\n<tr style=\"border-color: #ffffff; background-color: #ffffff;\">\n<td style=\"height: 100%; width: 36.6014%;\" valign=\"top\"><strong>ASME U2 Sertifika<\/strong><strong>\u00a0No:<\/strong><\/td>\n<td style=\"width: 98.3986%; height: 100%;\" valign=\"top\">45153 (2023 Kay\u0131tl\u0131)<\/td>\n<\/tr>\n<tr style=\"border-color: #ffffff; background-color: #ffffff;\">\n<td style=\"height: 100%; width: 36.6014%;\" valign=\"top\"><strong>ASME S Sertifika<\/strong><strong>\u00a0No:<\/strong><\/td>\n<td style=\"width: 98.3986%; height: 100%;\" valign=\"top\">45154 (2023 Kay\u0131tl\u0131)<\/td>\n<\/tr>\n<tr>\n<td style=\"width: 36.6014%;\"><strong>NB R Stamp:<\/strong><\/td>\n<td style=\"width: 98.3986%;\">11092 (2023 Kay\u0131tl\u0131)<\/td>\n<\/tr>\n<tr style=\"border-color: #ffffff; background-color: #ffffff;\">\n<td style=\"height: 100%; width: 36.6014%;\" valign=\"top\"><strong>Kurumsal Y\u00f6netim Notu:<\/strong><\/td>\n<td style=\"width: 98.3986%; height: 100%;\" valign=\"top\">9.43 (Kas\u0131m 2025 \u2013 Saha Kurumsal Y\u00f6netim ve Kredi Derecelendirme A.\u015e.)<\/td>\n<\/tr>\n<tr style=\"border-color: #ffffff; background-color: #ffffff;\">\n<td style=\"height: 100%; width: 36.6014%;\" valign=\"top\"><strong>Merkez Ofis Adresi:<\/strong><\/td>\n<td style=\"width: 98.3986%; height: 100%;\" valign=\"top\">Balmumcu Mah. Zincirlikuyu Yolu No:10, 34349, Be\u015fikta\u015f \/ \u0130stanbul \/ T\u00fcrkiye<\/td>\n<\/tr>\n<tr style=\"border-color: #ffffff; background-color: #ffffff;\">\n<td style=\"height: 100%; width: 36.6014%;\" valign=\"top\"><strong>Telefon:<\/strong><\/td>\n<td style=\"width: 98.3986%; height: 100%;\" valign=\"top\">+90 212 376 1000 (pbx)<\/td>\n<\/tr>\n<tr style=\"border-color: #ffffff; background-color: #ffffff;\">\n<td style=\"height: 100%; width: 36.6014%;\" valign=\"top\"><strong>Fax:<\/strong><\/td>\n<td style=\"width: 98.3986%; height: 100%;\" valign=\"top\">+90 212 376 1980<\/td>\n<\/tr>\n<tr style=\"border-color: #ffffff; background-color: #ffffff;\">\n<td style=\"height: 100%; width: 36.6014%;\" valign=\"top\"><strong>Resmi \u0130nternet Sitesi:<\/strong><\/td>\n<td style=\"width: 98.3986%; height: 100%;\" valign=\"top\"><a href=\"http:\/\/www.enka.com\" target=\"_blank\" rel=\"noopener noreferrer\">http:\/\/www.enka.com<\/a><\/td>\n<\/tr>\n<tr style=\"border-color: #ffffff; background-color: #ffffff;\">\n<td style=\"height: 100%; width: 36.6014%;\" valign=\"top\"><strong>E-Posta:<\/strong><\/td>\n<td style=\"width: 98.3986%; height: 100%;\" valign=\"top\"><a href=\"mailto:enka@enka.com\" target=\"_blank\" rel=\"noopener noreferrer\">enka@enka.com<\/a><\/td>\n<\/tr>\n<\/tbody>\n<\/table>\n[\/vc_column_text][\/vc_column][\/vc_row]\n<\/div>","protected":false},"excerpt":{"rendered":"<p>[vc_row][vc_column][\/vc_column][\/vc_row][vc_row][vc_column][vc_column_text css=&#8221;&#8221;] Tescilli \u015eirket Ad\u0131: ENKA \u0130n\u015faat ve Sanayi A.\u015e. Tescil veya Kurulu\u015f Tarihi: 1957 Kay\u0131tl\u0131 Oldu\u011fu \u015eehir\u00a0\/ \u00dclke: Istanbul \/ T\u00fcrkiye Ticaret Odas\u0131 Sicil Numaras\u0131: 68194 Vergi Dairesi ve Numaras\u0131: B\u00fcy\u00fck M\u00fckellefler &#8211; 335 004 8955 \u00d6denmi\u015f Sermaye: 6.000.000.000 TL (T\u00fcrk Liras\u0131) 2,751,958,581 ABD Dolar\u0131 (e\u015fde\u011feri) BS EN ISO 9001 Sertifika\u00a0No: FS 57544 (2015 <a class=\"more-link\" href=\"https:\/\/www.enka.com\/tr\/hakkimizda\/sirket-profili\/\">Continue reading <i class=\"fa fa-chevron-right\"><\/i><\/a><\/p>\n","protected":false},"author":25,"featured_media":23252,"parent":25179,"menu_order":0,"comment_status":"closed","ping_status":"closed","template":"","meta":{"_acf_changed":false,"footnotes":""},"class_list":["post-25189","page","type-page","status-publish","has-post-thumbnail","hentry"],"aioseo_notices":[],"acf":[],"_links":{"self":[{"href":"https:\/\/www.enka.com\/tr\/wp-json\/wp\/v2\/pages\/25189","targetHints":{"allow":["GET"]}}],"collection":[{"href":"https:\/\/www.enka.com\/tr\/wp-json\/wp\/v2\/pages"}],"about":[{"href":"https:\/\/www.enka.com\/tr\/wp-json\/wp\/v2\/types\/page"}],"author":[{"embeddable":true,"href":"https:\/\/www.enka.com\/tr\/wp-json\/wp\/v2\/users\/25"}],"replies":[{"embeddable":true,"href":"https:\/\/www.enka.com\/tr\/wp-json\/wp\/v2\/comments?post=25189"}],"version-history":[{"count":0,"href":"https:\/\/www.enka.com\/tr\/wp-json\/wp\/v2\/pages\/25189\/revisions"}],"up":[{"embeddable":true,"href":"https:\/\/www.enka.com\/tr\/wp-json\/wp\/v2\/pages\/25179"}],"wp:featuredmedia":[{"embeddable":true,"href":"https:\/\/www.enka.com\/tr\/wp-json\/wp\/v2\/media\/23252"}],"wp:attachment":[{"href":"https:\/\/www.enka.com\/tr\/wp-json\/wp\/v2\/media?parent=25189"}],"curies":[{"name":"wp","href":"https:\/\/api.w.org\/{rel}","templated":true}]}}