{"id":25358,"date":"2015-06-21T13:20:27","date_gmt":"2015-06-21T11:20:27","guid":{"rendered":"http:\/\/172.30.28.12\/en\/tr\/merkez-gruplari\/information-technologies\/"},"modified":"2025-09-15T16:03:20","modified_gmt":"2025-09-15T13:03:20","slug":"bilgi-teknolojileri","status":"publish","type":"page","link":"https:\/\/www.enka.com\/tr\/merkez-gruplari\/bilgi-teknolojileri\/","title":{"rendered":"Bilgi Teknolojileri"},"content":{"rendered":"<div class=\"wpb-content-wrapper\">[vc_row][vc_column]<div id=\"ultimate-heading-317769ef8e18db815\" class=\"uvc-heading ult-adjust-bottom-margin ultimate-heading-317769ef8e18db815 uvc-2689 \" data-hspacer=\"no_spacer\"  data-halign=\"center\" style=\"text-align:center\"><div class=\"uvc-heading-spacer no_spacer\" style=\"top\"><\/div><div class=\"uvc-main-heading ult-responsive\"  data-ultimate-target='.uvc-heading.ultimate-heading-317769ef8e18db815 h1'  data-responsive-json-new='{\"font-size\":\"\",\"line-height\":\"\"}' ><h1 style=\"font-weight:bold;color:#025e9e;\">B\u0130LG\u0130 TEKNOLOJ\u0130LER\u0130<\/h1><\/div><\/div><div class=\"ult-spacer spacer-69ef8e18db8f8\" data-id=\"69ef8e18db8f8\" data-height=\"32\" data-height-mobile=\"32\" data-height-tab=\"32\" data-height-tab-portrait=\"\" data-height-mobile-landscape=\"\" style=\"clear:both;display:block;\"><\/div>[\/vc_column][\/vc_row][vc_row][vc_column][vc_column_text]\n<p style=\"text-align: justify;\">Olduk\u00e7a yo\u011fun rekabete sahip piyasa ko\u015fullar\u0131 alt\u0131nda ilerlemek i\u00e7in, projelerini en y\u00fcksek kalite ve en ideal maliyetlerle tamamlamaya kendini adam\u0131\u015f ENKA\u2019da, en \u00e7a\u011fda\u015f teknolojilerin kullan\u0131m\u0131n\u0131n hedeflerimize ula\u015fmak i\u00e7in kilit \u00f6neme sahip oldu\u011funa inanmaktay\u0131z.<\/p>\n<p style=\"text-align: justify;\">ENKA BT Departman\u0131 ticari olarak merkezi i\u015flem biriminin, midi ve mini bilgisayarlar\u0131n kullan\u0131ld\u0131\u011f\u0131 1970\u2019li y\u0131llar\u0131n ortalar\u0131nda kurulmu\u015ftur. ENKA bu tarihten itibaren h\u0131zl\u0131 de\u011fi\u015fen ortama ve \u015fiddetle geli\u015fen teknolojiye g\u00f6re evrimle\u015fen i\u015f yaz\u0131l\u0131m\u0131n\u0131 ve uygulama portf\u00f6y\u00fcn\u00fc tasarlam\u0131\u015f ve geli\u015ftirmi\u015ftir. Felsefemiz b\u00fct\u00fcn ofisleri ve i\u015f sahalar\u0131n\u0131 d\u00fcnya \u00fczerinde en uzak b\u00f6lgelere da\u011f\u0131lm\u0131\u015f olsalar bile her zaman irtibat halinde tutmak ve bilgi g\u00fcvenli\u011fini sa\u011flamak olmu\u015ftur.<\/p>\n<p style=\"text-align: justify;\">ENKA kendi ileti\u015fim ve bilgi altyap\u0131lar\u0131n\u0131 tesis etmek i\u00e7in en \u00e7a\u011fda\u015f teknoloji ve end\u00fcstri standartlar\u0131na s\u0131k\u0131 s\u0131k\u0131ya ba\u011fl\u0131 kalmaktad\u0131r.<\/p>\n[\/vc_column_text][\/vc_column][\/vc_row][vc_row][vc_column][vc_custom_heading text=&#8221;<strong>BT Altyap\u0131s\u0131<\/strong>&#8221; font_container=&#8221;tag:h2|text_align:left|color:%23025e9e&#8221; google_fonts=&#8221;font_family:Roboto%20Condensed%3A300%2C300italic%2Cregular%2Citalic%2C700%2C700italic|font_style:400%20regular%3A400%3Anormal&#8221;][\/vc_column][\/vc_row][vc_row][vc_column][vc_column_text]\n<p style=\"text-align: justify;\">ENKA BT, bir proje veya ofis i\u00e7in sistemlerin kurulumu s\u00fcrecinde, a\u015fa\u011f\u0131daki noktalar\u0131n kapsaml\u0131 \u015fekilde g\u00f6z \u00f6n\u00fcne al\u0131nd\u0131\u011f\u0131ndan emin olmaktad\u0131r:<\/p>\n<ul style=\"list-style-type: square;\">\n<li style=\"text-align: justify;\">B\u00fct\u00fcn risklerin net bir \u015fekilde tan\u0131mlanmas\u0131 ve felaket durumdan toparlanma plan\u0131nda g\u00fcvenlik risklerine ve tehditlerine kar\u015f\u0131 al\u0131nacak \u00f6nlemlerin belirtilmesi gerekmektedir<\/li>\n<li style=\"text-align: justify;\">B\u00fct\u00fcn ofisler ve \u00e7al\u0131\u015fma sahalar\u0131 makul bant geni\u015fli\u011fine sahip olacak \u015fekilde internet eri\u015fimine sahip olmal\u0131 ve g\u00fcvenli VPN ba\u011flant\u0131lar\u0131yla merkez ofise ba\u011fl\u0131 olmal\u0131d\u0131r<\/li>\n<li style=\"text-align: justify;\">B\u00fct\u00fcn geni\u015f alan ba\u011flant\u0131lar\u0131 uygun g\u00fcvenlik duvarlar\u0131, anti-vir\u00fcs yaz\u0131l\u0131mlar\u0131, k\u00f6t\u00fc ama\u00e7l\u0131 yaz\u0131l\u0131mlara kar\u015f\u0131 yaz\u0131l\u0131mlar ve sald\u0131r\u0131 tespit sistemleri kullan\u0131larak g\u00fcvenlik alt\u0131na al\u0131nmal\u0131d\u0131r<\/li>\n<li style=\"text-align: justify;\">Organizasyon b\u00fcnyesindeki b\u00fct\u00fcn veri odalar\u0131 end\u00fcstrinin standartlar\u0131na uygun olarak donat\u0131lmal\u0131 ve bunlar\u0131n g\u00fcvenlikleri uygun \u015fekilde sa\u011flanmal\u0131d\u0131r. Veri odalar\u0131 yeterli ve yedekli UPS (Kesintisiz G\u00fc\u00e7 Kaynaklar\u0131) ve iklimlendirme ayg\u0131tlar\u0131yla donat\u0131lmal\u0131d\u0131r<\/li>\n<li style=\"text-align: justify;\">G\u00fc\u00e7 t\u00fcketimi d\u00fczenli olarak takip edilmeli ve \u00e7evre i\u00e7in makul d\u00fczeylerde tutulmal\u0131d\u0131r. D\u00fc\u015f\u00fck enerji t\u00fcketimine sahip ayg\u0131tlar tercih edilmelidir<\/li>\n<li style=\"text-align: justify;\">\u0130\u015fletim sistemleri, ofis otomasyon yaz\u0131l\u0131mlar\u0131, \u015febekeler ve ara\u00e7lar g\u00fcvenlik risklerine ve tehditlerine kar\u015f\u0131 d\u00fczenli olarak g\u00fcncellenmelidir<\/li>\n<li style=\"text-align: justify;\">B\u00fct\u00fcn kaynaklara eri\u015fimler rol tabanl\u0131 izinler ve g\u00fc\u00e7l\u00fc \u015fifreler kullan\u0131larak yetkilendirilmelidir<\/li>\n<li style=\"text-align: justify;\">Kullan\u0131c\u0131lar g\u00fcvenlik riskleri ve kabul edilebilir kullan\u0131m ilkeleri konusunda d\u00fczenli olarak e\u011fitilmelidirler<\/li>\n<li style=\"text-align: justify;\">Merkez Ofis (\u0130stanbul) veri odas\u0131 i\u00e7in bir felaket durum sitesi olu\u015fturulmal\u0131d\u0131r. Yedeklemeler g\u00fcnl\u00fck, haftal\u0131k ve ayl\u0131k zaman dilimlerine dayal\u0131 olarak do\u011fru \u015fekilde s\u00fcrd\u00fcr\u00fclmelidir. Yedekleme ar\u015fivleri yang\u0131n ve h\u0131rs\u0131zl\u0131klara kar\u015f\u0131 g\u00fcvenli yerlerde saklanmal\u0131 ve kalite planlar\u0131nda g\u00f6sterilen ilgili zaman dilimlerinde s\u00fcrd\u00fcr\u00fclmelidir<\/li>\n<li style=\"text-align: justify;\">Eski veya ilgisiz veriler h\u0131rs\u0131zl\u0131k ve s\u0131z\u0131nt\u0131lara kar\u015f\u0131 uygun \u015fekilde imha edilmelidir. Art\u0131k kullan\u0131lmayan donan\u0131mlar \u00e7evreye zarar vermemek i\u00e7in sorumlu bir \u015fekilde geri d\u00f6n\u00fc\u015f\u00fcm i\u00e7in ayr\u0131lmal\u0131d\u0131r.<\/li>\n<\/ul>\n[\/vc_column_text][\/vc_column][\/vc_row][vc_row][vc_column][vc_custom_heading text=&#8221;<strong>Proje Y\u00f6netim Fonksiyonlar\u0131 &amp; ENKA Entegre Proje Y\u00f6netim Ara\u00e7lar\u0131<\/strong>&#8221; font_container=&#8221;tag:h2|text_align:left|color:%23025e9e&#8221; google_fonts=&#8221;font_family:Roboto%20Condensed%3A300%2C300italic%2Cregular%2Citalic%2C700%2C700italic|font_style:400%20regular%3A400%3Anormal&#8221;][\/vc_column][\/vc_row][vc_row][vc_column][vc_column_text]\n<p style=\"text-align: justify;\">A\u015fa\u011f\u0131daki diyagram Proje Y\u00f6netim Fonksiyonlar\u0131 ve ENKA \u0130\u015f Y\u00f6netim Ara\u00e7lar\u0131 aras\u0131nda mevcut bulunan kar\u015f\u0131l\u0131kl\u0131 ili\u015fkileri g\u00f6stermektedir.<\/p>\n<p style=\"text-align: justify;\">ENKA BT Departman\u0131, t\u00fcm projelerde standart olarak kullan\u0131lan, Entegre Proje Y\u00f6netim Ara\u00e7lar\u0131\u2019n\u0131n, tasar\u0131m\u0131 ve geli\u015ftirilmesi s\u0131ras\u0131nda, ENKA Kalite Departman\u0131 ile ortak bir \u00e7al\u0131\u015fma y\u00fcr\u00fctmektedir.<\/p>\n[\/vc_column_text][\/vc_column][\/vc_row][vc_row][vc_column][vc_single_image image=&#8221;23917&#8243; img_size=&#8221;full&#8221; alignment=&#8221;center&#8221;][\/vc_column][\/vc_row]\n<\/div>","protected":false},"excerpt":{"rendered":"<p>[vc_row][vc_column][\/vc_column][\/vc_row][vc_row][vc_column][vc_column_text] Olduk\u00e7a yo\u011fun rekabete sahip piyasa ko\u015fullar\u0131 alt\u0131nda ilerlemek i\u00e7in, projelerini en y\u00fcksek kalite ve en ideal maliyetlerle tamamlamaya kendini adam\u0131\u015f ENKA\u2019da, en \u00e7a\u011fda\u015f teknolojilerin kullan\u0131m\u0131n\u0131n hedeflerimize ula\u015fmak i\u00e7in kilit \u00f6neme sahip oldu\u011funa inanmaktay\u0131z. ENKA BT Departman\u0131 ticari olarak merkezi i\u015flem biriminin, midi ve mini bilgisayarlar\u0131n kullan\u0131ld\u0131\u011f\u0131 1970\u2019li y\u0131llar\u0131n ortalar\u0131nda kurulmu\u015ftur. ENKA bu tarihten itibaren <a class=\"more-link\" href=\"https:\/\/www.enka.com\/tr\/merkez-gruplari\/bilgi-teknolojileri\/\">Continue reading <i class=\"fa fa-chevron-right\"><\/i><\/a><\/p>\n","protected":false},"author":25,"featured_media":23840,"parent":25319,"menu_order":0,"comment_status":"closed","ping_status":"closed","template":"","meta":{"_acf_changed":false,"footnotes":""},"class_list":["post-25358","page","type-page","status-publish","has-post-thumbnail","hentry"],"aioseo_notices":[],"acf":[],"_links":{"self":[{"href":"https:\/\/www.enka.com\/tr\/wp-json\/wp\/v2\/pages\/25358","targetHints":{"allow":["GET"]}}],"collection":[{"href":"https:\/\/www.enka.com\/tr\/wp-json\/wp\/v2\/pages"}],"about":[{"href":"https:\/\/www.enka.com\/tr\/wp-json\/wp\/v2\/types\/page"}],"author":[{"embeddable":true,"href":"https:\/\/www.enka.com\/tr\/wp-json\/wp\/v2\/users\/25"}],"replies":[{"embeddable":true,"href":"https:\/\/www.enka.com\/tr\/wp-json\/wp\/v2\/comments?post=25358"}],"version-history":[{"count":0,"href":"https:\/\/www.enka.com\/tr\/wp-json\/wp\/v2\/pages\/25358\/revisions"}],"up":[{"embeddable":true,"href":"https:\/\/www.enka.com\/tr\/wp-json\/wp\/v2\/pages\/25319"}],"wp:featuredmedia":[{"embeddable":true,"href":"https:\/\/www.enka.com\/tr\/wp-json\/wp\/v2\/media\/23840"}],"wp:attachment":[{"href":"https:\/\/www.enka.com\/tr\/wp-json\/wp\/v2\/media?parent=25358"}],"curies":[{"name":"wp","href":"https:\/\/api.w.org\/{rel}","templated":true}]}}