{"id":25361,"date":"2015-06-18T14:30:33","date_gmt":"2015-06-18T12:30:33","guid":{"rendered":"http:\/\/172.30.28.12\/en\/tr\/finance\/"},"modified":"2025-09-15T17:07:47","modified_gmt":"2025-09-15T14:07:47","slug":"finans","status":"publish","type":"page","link":"https:\/\/www.enka.com\/tr\/merkez-gruplari\/finans-muhasebe\/finans\/","title":{"rendered":"Finans"},"content":{"rendered":"<div class=\"wpb-content-wrapper\">[vc_row][vc_column]<div id=\"ultimate-heading-845069ee0ba3d502d\" class=\"uvc-heading ult-adjust-bottom-margin ultimate-heading-845069ee0ba3d502d uvc-652 \" data-hspacer=\"no_spacer\"  data-halign=\"center\" style=\"text-align:center\"><div class=\"uvc-heading-spacer no_spacer\" style=\"top\"><\/div><div class=\"uvc-main-heading ult-responsive\"  data-ultimate-target='.uvc-heading.ultimate-heading-845069ee0ba3d502d h1'  data-responsive-json-new='{\"font-size\":\"\",\"line-height\":\"\"}' ><h1 style=\"font-weight:bold;color:#025e9e;\">F\u0130NANS<\/h1><\/div><\/div><div class=\"ult-spacer spacer-69ee0ba3d50d8\" data-id=\"69ee0ba3d50d8\" data-height=\"32\" data-height-mobile=\"32\" data-height-tab=\"32\" data-height-tab-portrait=\"\" data-height-mobile-landscape=\"\" style=\"clear:both;display:block;\"><\/div>[\/vc_column][\/vc_row][vc_row][vc_column][vc_column_text]\n<p style=\"text-align: justify;\">ENKA \u00e7e\u015fitli end\u00fcstriyel sekt\u00f6rlerde faaliyet g\u00f6steren d\u00fcnya \u00e7ap\u0131nda bir \u015firket oldu\u011fu i\u00e7in \u00f6zellikle Finans Departman\u0131\u2019n\u0131n yurt i\u00e7inde faaliyet g\u00f6steren di\u011fer \u015firketlerin finans departmanlar\u0131 ile k\u0131yasland\u0131\u011f\u0131nda \u00e7ok daha farkl\u0131 bir yap\u0131ya ve \u015firketin faaliyetlerini y\u00fcr\u00fct\u00fcrken duyabilece\u011fi b\u00fct\u00fcn farkl\u0131 ihtiya\u00e7lar\u0131n\u0131 h\u0131zl\u0131 bir \u015fekilde kar\u015f\u0131layabilecek gerekli kapasiteye sahip olmas\u0131 gerekmektedir. Bu ba\u011flamda en temel gereksinimlerden birisi, gerekli finansal bilgilerin,\u00a0 projelere ve grup \u015firketlerine sa\u011flanan finansal desteklerin \u00f6n tedarik haz\u0131rl\u0131\u011f\u0131d\u0131r.<\/p>\n<p style=\"text-align: justify;\">\u0130\u015f ak\u0131\u015f\u0131n\u0131n herhangi bir \u015fekilde gecikmeye maruz kalmamas\u0131 ve bunun sonucu olarak konuya ili\u015fkin risklerin en aza indirilmesi i\u00e7in ihtiya\u00e7 duyulan finansal deste\u011fi makul bir maliyetle ve uygun ko\u015fullar alt\u0131nda, zaman\u0131nda temin etme yetene\u011fi genel ba\u015far\u0131ya ula\u015fmak i\u00e7in temel unsurlardan birisidir. Bunu sa\u011flamak i\u00e7in ileriye y\u00f6nelik finansal gereksinimlerin kar\u015f\u0131lanmas\u0131 amac\u0131yla gerekli haz\u0131rl\u0131klar\u0131n yap\u0131lmas\u0131 bak\u0131m\u0131ndan bir\u00e7ok ulusal ve uluslararas\u0131 finans kurulu\u015fu ile yak\u0131n i\u015fbirli\u011finin ger\u00e7ekle\u015ftirilmesi gereklidir.<\/p>\n<p style=\"text-align: justify;\">Finans Departman\u0131, projelerin desteklenmesi amac\u0131yla teminat tahvilleri, avans teminat mektuplar\u0131, kesin teminat mektuplar\u0131, al\u0131koyma garantileri ve teminat s\u00fcresi senetleri gibi finansal ara\u00e7lar\u0131 sa\u011flamak i\u00e7in \u00e7al\u0131\u015f\u0131r. Ayr\u0131ca, b\u00fcy\u00fck tedarik\u00e7iler ve projelerin karl\u0131l\u0131\u011f\u0131n\u0131 sabitleme amac\u0131yla finansal riskten korunma ara\u00e7lar\u0131n\u0131n kullan\u0131lmas\u0131 i\u00e7in akreditif mektuplar\u0131n\u0131n (L\/C) \u00f6n tedarik haz\u0131rl\u0131klar\u0131n\u0131 yapar. Finans Departman\u0131, merkezin genel b\u00fct\u00e7esini haz\u0131rlar, b\u00fct\u00e7eyi planlar, vadeli \u00f6deme ve tahsilat i\u015flemlerini takip eder ve ger\u00e7ekle\u015ftirir. Bunun yan\u0131 s\u0131ra, b\u00fct\u00e7e ger\u00e7ekle\u015fmelerini takip edip, raporlar ve her t\u00fcrl\u00fc finansal bilgiyi \u00fcst y\u00f6netime sunar.<\/p>\n[\/vc_column_text][\/vc_column][\/vc_row]\n<\/div>","protected":false},"excerpt":{"rendered":"<p>[vc_row][vc_column][\/vc_column][\/vc_row][vc_row][vc_column][vc_column_text] ENKA \u00e7e\u015fitli end\u00fcstriyel sekt\u00f6rlerde faaliyet g\u00f6steren d\u00fcnya \u00e7ap\u0131nda bir \u015firket oldu\u011fu i\u00e7in \u00f6zellikle Finans Departman\u0131\u2019n\u0131n yurt i\u00e7inde faaliyet g\u00f6steren di\u011fer \u015firketlerin finans departmanlar\u0131 ile k\u0131yasland\u0131\u011f\u0131nda \u00e7ok daha farkl\u0131 bir yap\u0131ya ve \u015firketin faaliyetlerini y\u00fcr\u00fct\u00fcrken duyabilece\u011fi b\u00fct\u00fcn farkl\u0131 ihtiya\u00e7lar\u0131n\u0131 h\u0131zl\u0131 bir \u015fekilde kar\u015f\u0131layabilecek gerekli kapasiteye sahip olmas\u0131 gerekmektedir. Bu ba\u011flamda en temel gereksinimlerden birisi, gerekli <a class=\"more-link\" href=\"https:\/\/www.enka.com\/tr\/merkez-gruplari\/finans-muhasebe\/finans\/\">Continue reading <i class=\"fa fa-chevron-right\"><\/i><\/a><\/p>\n","protected":false},"author":25,"featured_media":23765,"parent":25362,"menu_order":0,"comment_status":"closed","ping_status":"closed","template":"","meta":{"_acf_changed":false,"footnotes":""},"class_list":["post-25361","page","type-page","status-publish","has-post-thumbnail","hentry"],"aioseo_notices":[],"acf":[],"_links":{"self":[{"href":"https:\/\/www.enka.com\/tr\/wp-json\/wp\/v2\/pages\/25361","targetHints":{"allow":["GET"]}}],"collection":[{"href":"https:\/\/www.enka.com\/tr\/wp-json\/wp\/v2\/pages"}],"about":[{"href":"https:\/\/www.enka.com\/tr\/wp-json\/wp\/v2\/types\/page"}],"author":[{"embeddable":true,"href":"https:\/\/www.enka.com\/tr\/wp-json\/wp\/v2\/users\/25"}],"replies":[{"embeddable":true,"href":"https:\/\/www.enka.com\/tr\/wp-json\/wp\/v2\/comments?post=25361"}],"version-history":[{"count":0,"href":"https:\/\/www.enka.com\/tr\/wp-json\/wp\/v2\/pages\/25361\/revisions"}],"up":[{"embeddable":true,"href":"https:\/\/www.enka.com\/tr\/wp-json\/wp\/v2\/pages\/25362"}],"wp:featuredmedia":[{"embeddable":true,"href":"https:\/\/www.enka.com\/tr\/wp-json\/wp\/v2\/media\/23765"}],"wp:attachment":[{"href":"https:\/\/www.enka.com\/tr\/wp-json\/wp\/v2\/media?parent=25361"}],"curies":[{"name":"wp","href":"https:\/\/api.w.org\/{rel}","templated":true}]}}