{"id":25364,"date":"2015-06-18T14:32:43","date_gmt":"2015-06-18T12:32:43","guid":{"rendered":"http:\/\/172.30.28.12\/en\/tr\/merkez-gruplari\/finance-and-accounting\/accounting\/"},"modified":"2025-09-15T17:09:02","modified_gmt":"2025-09-15T14:09:02","slug":"muhasebe","status":"publish","type":"page","link":"https:\/\/www.enka.com\/tr\/merkez-gruplari\/finans-muhasebe\/muhasebe\/","title":{"rendered":"Muhasebe"},"content":{"rendered":"<div class=\"wpb-content-wrapper\">[vc_row][vc_column]<div id=\"ultimate-heading-524369e5fdf23c2bf\" class=\"uvc-heading ult-adjust-bottom-margin ultimate-heading-524369e5fdf23c2bf uvc-3694 \" data-hspacer=\"no_spacer\"  data-halign=\"center\" style=\"text-align:center\"><div class=\"uvc-heading-spacer no_spacer\" style=\"top\"><\/div><div class=\"uvc-main-heading ult-responsive\"  data-ultimate-target='.uvc-heading.ultimate-heading-524369e5fdf23c2bf h1'  data-responsive-json-new='{\"font-size\":\"\",\"line-height\":\"\"}' ><h1 style=\"font-weight:bold;color:#025e9e;\">MUHASEBE<\/h1><\/div><\/div><div class=\"ult-spacer spacer-69e5fdf23c343\" data-id=\"69e5fdf23c343\" data-height=\"32\" data-height-mobile=\"32\" data-height-tab=\"32\" data-height-tab-portrait=\"\" data-height-mobile-landscape=\"\" style=\"clear:both;display:block;\"><\/div>[\/vc_column][\/vc_row][vc_row][vc_column][vc_column_text]\n<p style=\"text-align: justify;\">ENKA Muhasebe Departman\u0131\u2019n\u0131n ilk ve en \u00f6nemli g\u00f6revi i\u015f raporlama s\u00fcre\u00e7lerini etkin \u015fekilde ger\u00e7ekle\u015ftirmek ve zaman\u0131 geldi\u011finde de \u015firketin operasyon faaliyetleri hakk\u0131nda \u00fcst y\u00f6netime do\u011fru ve g\u00fcvenilir muhasebe bilgileri ve verileri temin etmektir. Muhasebe personeli bunlar\u0131 ger\u00e7ekle\u015ftirirken tak\u0131m ruhuyla \u00e7al\u0131\u015farak yasal olarak muhasebe defterlerine girilmesi gereken b\u00fct\u00fcn mali kay\u0131tlar\u0131n onaylama i\u015flerini, genel olarak kabul g\u00f6rm\u00fc\u015f muhasebe standartlar\u0131na ve y\u00fcr\u00fcrl\u00fckteki kanunlara bunlar\u0131n yan\u0131 s\u0131ra \u015firketin ilgili b\u00fct\u00fcn ge\u00e7erli prosed\u00fcrlerine uygun olarak mali durum tablolar\u0131n\u0131n haz\u0131rlanmas\u0131 i\u015flerini, \u00e7e\u015fitli finansal konularda rapor haz\u0131rlanmas\u0131 faaliyetlerini ve bunlara ilave olarak b\u00fct\u00fcn finansal ve mali i\u015flemlerin do\u011fru \u015fekilde, tamamen ve g\u00fcncel olarak tasdik i\u015flerini vaktinde ger\u00e7ekle\u015ftirmektedir.<\/p>\n<p style=\"text-align: justify;\">ENKA, m\u00fchendislik &amp; in\u015faat, gayrimenkul ve enerji sekt\u00f6rleri gibi d\u00fcnya \u00e7ap\u0131nda \u00e7e\u015fitli end\u00fcstriyel alanlarda faaliyet g\u00f6steren halka a\u00e7\u0131k bir \u015firket oldu\u011fu i\u00e7in konuyla ilgili mali durum tablolar\u0131n\u0131n finansal konum hakk\u0131nda do\u011fru ve adil bir kan\u0131 olu\u015fturmas\u0131 bak\u0131m\u0131ndan, Muhasebe Departman\u0131\u2019n\u0131n yukar\u0131da bahsedilen i\u015flerini \u015firketin y\u00f6netim ilkeleri a\u00e7\u0131s\u0131ndan ciddiyet i\u00e7erisinde ve dikkatli bir \u015fekilde ger\u00e7ekle\u015ftirmesi ve raporlama i\u015flerini y\u00fcr\u00fcrl\u00fckteki kanunlara uygun olarak her zaman vaktinde ve g\u00fcncel \u015fekilde yapmas\u0131 gerekmektedir.<\/p>\n<p style=\"text-align: justify;\">G\u00fcn\u00fcm\u00fczde sat\u0131n alma, sat\u0131\u015f talimatlar\u0131 ve i\u015flemleri ile ilgili b\u00fct\u00fcn muhasebeye ili\u015fkin yaz\u0131\u015fmalar, haberle\u015fmeler, tebligatlar ve ayr\u0131ca ilgili her t\u00fcrl\u00fc duyurular elektronik ortamda iletildi\u011fi i\u00e7in Muhasebe Departman\u0131\u2019n\u0131n b\u00fct\u00fcn \u00fcyelerinin bireysel ve ortak hedefinin h\u0131zla de\u011fi\u015fen ve geli\u015fen bu s\u00fcrece ayak uydurmak ve y\u00fcr\u00fcrl\u00fckteki kanunlarda meydana gelebilecek her t\u00fcrl\u00fc d\u00fczenlemeleri takip etmek ve do\u011fru \u015fekilde uygulamak olmas\u0131 gerekmektedir.<\/p>\n[\/vc_column_text][\/vc_column][\/vc_row]\n<\/div>","protected":false},"excerpt":{"rendered":"<p>[vc_row][vc_column][\/vc_column][\/vc_row][vc_row][vc_column][vc_column_text] ENKA Muhasebe Departman\u0131\u2019n\u0131n ilk ve en \u00f6nemli g\u00f6revi i\u015f raporlama s\u00fcre\u00e7lerini etkin \u015fekilde ger\u00e7ekle\u015ftirmek ve zaman\u0131 geldi\u011finde de \u015firketin operasyon faaliyetleri hakk\u0131nda \u00fcst y\u00f6netime do\u011fru ve g\u00fcvenilir muhasebe bilgileri ve verileri temin etmektir. Muhasebe personeli bunlar\u0131 ger\u00e7ekle\u015ftirirken tak\u0131m ruhuyla \u00e7al\u0131\u015farak yasal olarak muhasebe defterlerine girilmesi gereken b\u00fct\u00fcn mali kay\u0131tlar\u0131n onaylama i\u015flerini, genel olarak kabul <a class=\"more-link\" href=\"https:\/\/www.enka.com\/tr\/merkez-gruplari\/finans-muhasebe\/muhasebe\/\">Continue reading <i class=\"fa fa-chevron-right\"><\/i><\/a><\/p>\n","protected":false},"author":25,"featured_media":23766,"parent":25362,"menu_order":0,"comment_status":"closed","ping_status":"closed","template":"","meta":{"_acf_changed":false,"footnotes":""},"class_list":["post-25364","page","type-page","status-publish","has-post-thumbnail","hentry"],"aioseo_notices":[],"acf":[],"_links":{"self":[{"href":"https:\/\/www.enka.com\/tr\/wp-json\/wp\/v2\/pages\/25364","targetHints":{"allow":["GET"]}}],"collection":[{"href":"https:\/\/www.enka.com\/tr\/wp-json\/wp\/v2\/pages"}],"about":[{"href":"https:\/\/www.enka.com\/tr\/wp-json\/wp\/v2\/types\/page"}],"author":[{"embeddable":true,"href":"https:\/\/www.enka.com\/tr\/wp-json\/wp\/v2\/users\/25"}],"replies":[{"embeddable":true,"href":"https:\/\/www.enka.com\/tr\/wp-json\/wp\/v2\/comments?post=25364"}],"version-history":[{"count":0,"href":"https:\/\/www.enka.com\/tr\/wp-json\/wp\/v2\/pages\/25364\/revisions"}],"up":[{"embeddable":true,"href":"https:\/\/www.enka.com\/tr\/wp-json\/wp\/v2\/pages\/25362"}],"wp:featuredmedia":[{"embeddable":true,"href":"https:\/\/www.enka.com\/tr\/wp-json\/wp\/v2\/media\/23766"}],"wp:attachment":[{"href":"https:\/\/www.enka.com\/tr\/wp-json\/wp\/v2\/media?parent=25364"}],"curies":[{"name":"wp","href":"https:\/\/api.w.org\/{rel}","templated":true}]}}