{"id":25367,"date":"2015-06-14T18:19:46","date_gmt":"2015-06-14T16:19:46","guid":{"rendered":"http:\/\/172.30.28.12\/en\/tr\/merkez-gruplari\/security\/"},"modified":"2025-09-17T16:58:42","modified_gmt":"2025-09-17T13:58:42","slug":"guvenlik","status":"publish","type":"page","link":"https:\/\/www.enka.com\/tr\/merkez-gruplari\/guvenlik\/","title":{"rendered":"G\u00fcvenlik"},"content":{"rendered":"<div class=\"wpb-content-wrapper\">[vc_row][vc_column]<div id=\"ultimate-heading-383469e5fee5dad0c\" class=\"uvc-heading ult-adjust-bottom-margin ultimate-heading-383469e5fee5dad0c uvc-6380 \" data-hspacer=\"no_spacer\"  data-halign=\"center\" style=\"text-align:center\"><div class=\"uvc-heading-spacer no_spacer\" style=\"top\"><\/div><div class=\"uvc-main-heading ult-responsive\"  data-ultimate-target='.uvc-heading.ultimate-heading-383469e5fee5dad0c h1'  data-responsive-json-new='{\"font-size\":\"\",\"line-height\":\"\"}' ><h1 style=\"font-weight:bold;color:#025e9e;\">G\u00dcVENL\u0130K<\/h1><\/div><\/div><div class=\"ult-spacer spacer-69e5fee5dadb4\" data-id=\"69e5fee5dadb4\" data-height=\"32\" data-height-mobile=\"32\" data-height-tab=\"32\" data-height-tab-portrait=\"\" data-height-mobile-landscape=\"\" style=\"clear:both;display:block;\"><\/div>[\/vc_column][\/vc_row][vc_row][vc_column][vc_column_text]\n<p style=\"text-align: justify;\">ENKA, \u00e7al\u0131\u015fanlar\u0131na g\u00fcvenli \u00e7al\u0131\u015fma ortam\u0131 sa\u011flamak ve ger\u00e7ekle\u015ftirdi\u011fi faaliyetleri fiziksel anlamda korumak i\u00e7in gerekli olan prosed\u00fcr ve sistemleri haz\u0131rlam\u0131\u015ft\u0131r.<\/p>\n<p style=\"text-align: justify;\">ENKA faaliyetlerinin \u00f6l\u00e7e\u011fi ve yayg\u0131nl\u0131\u011f\u0131, g\u00fcvenlik olgusuna ve k\u00fcresel olarak ge\u00e7erli olan tehlike de\u011ferlendirmelerinin uygulanmas\u0131na kar\u015f\u0131 proaktif bir yakla\u015f\u0131m gerektirmektedir. Bu y\u00fczden b\u00fct\u00fcn ticari kayg\u0131lar\u0131n \u00f6tesinde, insan haklar\u0131na, ilgili kanunlara ve i\u015f ahlak\u0131na sayg\u0131l\u0131 bir \u015fekilde g\u00fcvenli\u011fe her zaman en \u00fcst d\u00fczeyde \u00f6nem vermekteyiz.<\/p>\n<p style=\"text-align: justify;\">Projelere ve di\u011fer birimlere g\u00fcvenlik s\u00fcrecinde dan\u0131\u015fmanl\u0131k sa\u011flayan ve gerekli profesyonel hizmetlerin tasar\u0131m\u0131nda g\u00f6rev alan bir g\u00fcvenlik ekibimiz bulunmaktad\u0131r. Bu ekip, faaliyet g\u00f6sterdi\u011fimiz co\u011frafyalarda g\u00fcvenlik standartlar\u0131n\u0131 kar\u015f\u0131lamak ve prosed\u00fcrleri uygulamaktan sorumludur. Bu hizmetlerin do\u011fru zamanda ve gereken yerde sa\u011flanabilmesi i\u00e7in, G\u00fcvenlik Departmanlar\u0131; \u0130\u015f Sa\u011fl\u0131\u011f\u0131 ve G\u00fcvenli\u011fi, Kalite Y\u00f6netimi ve \u0130nsan Kaynaklar\u0131 Departmanlar\u0131 ve \u0130\u015f Geli\u015ftirme Ekipleri ile birlikte ortak \u00e7al\u0131\u015fmalar y\u00fcr\u00fctmektedir.<\/p>\n[\/vc_column_text][\/vc_column][\/vc_row][vc_row][vc_column][vc_custom_heading text=&#8221;<strong>G\u00fcvenlik Stratejimiz<\/strong>&#8221; font_container=&#8221;tag:h2|text_align:left|color:%23025e9e&#8221; google_fonts=&#8221;font_family:Roboto%20Condensed%3A300%2C300italic%2Cregular%2Citalic%2C700%2C700italic|font_style:400%20regular%3A400%3Anormal&#8221;][\/vc_column][\/vc_row][vc_row][vc_column][vc_column_text]\n<ul style=\"list-style-type: square;\">\n<li style=\"text-align: justify;\">Gerekti\u011finde profesyonel g\u00fcvenlik g\u00fc\u00e7leri ile kuvvetlendirilmi\u015f \u00e7al\u0131\u015fma sahalar\u0131m\u0131z\u0131n ve konaklama kamplar\u0131m\u0131z\u0131n, fiziksel g\u00fcvenli\u011fi de d\u00e2hil olmak \u00fczere koruyucu g\u00fcvenlik sa\u011flamak<\/li>\n<li style=\"text-align: justify;\">\u00c7al\u0131\u015fanlar\u0131m\u0131z\u0131, bilin\u00e7lerini art\u0131rmak amac\u0131yla s\u00fcrekli olarak g\u00fcvenlik hakk\u0131nda e\u011fitmek<\/li>\n<li style=\"text-align: justify;\">\u00c7al\u0131\u015fanlar\u0131m\u0131za, faaliyetlerimize ve itibar\u0131m\u0131za zarar verme potansiyeline sahip herhangi bir olay kar\u015f\u0131s\u0131nda h\u0131zl\u0131 ve etkin \u015fekilde aksiyon alabilmemizi sa\u011flayacak \u015fekilde kriz vakalar\u0131 i\u00e7in haz\u0131rl\u0131k yapmak ve bunlar\u0131 y\u00f6netmek.<\/li>\n<\/ul>\n[\/vc_column_text][\/vc_column][\/vc_row]\n<\/div>","protected":false},"excerpt":{"rendered":"<p>[vc_row][vc_column][\/vc_column][\/vc_row][vc_row][vc_column][vc_column_text] ENKA, \u00e7al\u0131\u015fanlar\u0131na g\u00fcvenli \u00e7al\u0131\u015fma ortam\u0131 sa\u011flamak ve ger\u00e7ekle\u015ftirdi\u011fi faaliyetleri fiziksel anlamda korumak i\u00e7in gerekli olan prosed\u00fcr ve sistemleri haz\u0131rlam\u0131\u015ft\u0131r. ENKA faaliyetlerinin \u00f6l\u00e7e\u011fi ve yayg\u0131nl\u0131\u011f\u0131, g\u00fcvenlik olgusuna ve k\u00fcresel olarak ge\u00e7erli olan tehlike de\u011ferlendirmelerinin uygulanmas\u0131na kar\u015f\u0131 proaktif bir yakla\u015f\u0131m gerektirmektedir. Bu y\u00fczden b\u00fct\u00fcn ticari kayg\u0131lar\u0131n \u00f6tesinde, insan haklar\u0131na, ilgili kanunlara ve i\u015f ahlak\u0131na sayg\u0131l\u0131 bir <a class=\"more-link\" href=\"https:\/\/www.enka.com\/tr\/merkez-gruplari\/guvenlik\/\">Continue reading <i class=\"fa fa-chevron-right\"><\/i><\/a><\/p>\n","protected":false},"author":25,"featured_media":24222,"parent":25319,"menu_order":0,"comment_status":"closed","ping_status":"closed","template":"","meta":{"_acf_changed":false,"footnotes":""},"class_list":["post-25367","page","type-page","status-publish","has-post-thumbnail","hentry"],"aioseo_notices":[],"acf":[],"_links":{"self":[{"href":"https:\/\/www.enka.com\/tr\/wp-json\/wp\/v2\/pages\/25367","targetHints":{"allow":["GET"]}}],"collection":[{"href":"https:\/\/www.enka.com\/tr\/wp-json\/wp\/v2\/pages"}],"about":[{"href":"https:\/\/www.enka.com\/tr\/wp-json\/wp\/v2\/types\/page"}],"author":[{"embeddable":true,"href":"https:\/\/www.enka.com\/tr\/wp-json\/wp\/v2\/users\/25"}],"replies":[{"embeddable":true,"href":"https:\/\/www.enka.com\/tr\/wp-json\/wp\/v2\/comments?post=25367"}],"version-history":[{"count":0,"href":"https:\/\/www.enka.com\/tr\/wp-json\/wp\/v2\/pages\/25367\/revisions"}],"up":[{"embeddable":true,"href":"https:\/\/www.enka.com\/tr\/wp-json\/wp\/v2\/pages\/25319"}],"wp:featuredmedia":[{"embeddable":true,"href":"https:\/\/www.enka.com\/tr\/wp-json\/wp\/v2\/media\/24222"}],"wp:attachment":[{"href":"https:\/\/www.enka.com\/tr\/wp-json\/wp\/v2\/media?parent=25367"}],"curies":[{"name":"wp","href":"https:\/\/api.w.org\/{rel}","templated":true}]}}