{"id":25458,"date":"2015-06-18T14:33:44","date_gmt":"2015-06-18T12:33:44","guid":{"rendered":"http:\/\/172.30.28.12\/en\/tr\/merkez-gruplari\/finans-muhasebe\/investor-relations\/"},"modified":"2025-09-15T17:11:18","modified_gmt":"2025-09-15T14:11:18","slug":"yatirimci-iliskileri","status":"publish","type":"page","link":"https:\/\/www.enka.com\/tr\/merkez-gruplari\/finans-muhasebe\/yatirimci-iliskileri\/","title":{"rendered":"Yat\u0131r\u0131mc\u0131 \u0130li\u015fkileri"},"content":{"rendered":"<div class=\"wpb-content-wrapper\">[vc_row][vc_column]<div id=\"ultimate-heading-228569f58d6008ebc\" class=\"uvc-heading ult-adjust-bottom-margin ultimate-heading-228569f58d6008ebc uvc-6874 \" data-hspacer=\"no_spacer\"  data-halign=\"center\" style=\"text-align:center\"><div class=\"uvc-heading-spacer no_spacer\" style=\"top\"><\/div><div class=\"uvc-main-heading ult-responsive\"  data-ultimate-target='.uvc-heading.ultimate-heading-228569f58d6008ebc h1'  data-responsive-json-new='{\"font-size\":\"\",\"line-height\":\"\"}' ><h1 style=\"font-weight:bold;color:#025e9e;\">YATIRIMCI \u0130L\u0130\u015eK\u0130LER\u0130<\/h1><\/div><\/div><div class=\"ult-spacer spacer-69f58d6008f64\" data-id=\"69f58d6008f64\" data-height=\"32\" data-height-mobile=\"32\" data-height-tab=\"32\" data-height-tab-portrait=\"\" data-height-mobile-landscape=\"\" style=\"clear:both;display:block;\"><\/div>[\/vc_column][\/vc_row][vc_row][vc_column][vc_column_text]\n<p style=\"text-align: justify;\">T\u00fcrkiye\u2019de borsan\u0131n ilk a\u00e7\u0131ld\u0131\u011f\u0131 tarih olan 1986 y\u0131l\u0131ndan beri halka a\u00e7\u0131k bir \u015firket olan ENKA b\u00fcnyesindeki Yat\u0131r\u0131mc\u0131 \u0130li\u015fkileri Departman\u0131\u2019n\u0131n genel g\u00f6revi; ENKA ile mevcut ve potansiyel hissedarlar\u0131 aras\u0131nda verimli ili\u015fkiler tesis etmek, bunlar\u0131 s\u00fcrd\u00fcrmek ve geli\u015ftirmek haricinde ayr\u0131ca bu hissedarlar i\u00e7in \u015firkete ili\u015fkin her t\u00fcrl\u00fc husus ile ilgili olarak d\u00fczenli \u015fekilde bilgi sa\u011flamakt\u0131r.<\/p>\n<p style=\"text-align: justify;\">Yat\u0131r\u0131mc\u0131 \u0130li\u015fkileri Departman\u0131 faaliyetlerini uluslararas\u0131 sermaye piyasalar\u0131nda genel olarak kabul g\u00f6rm\u00fc\u015f \u015firket y\u00f6netim ilkelerine uygun olarak ger\u00e7ekle\u015ftirir ve bu faaliyetler aras\u0131nda; \u015firket ve yat\u0131r\u0131mc\u0131lar aras\u0131nda her t\u00fcrl\u00fc yaz\u0131\u015fman\u0131n ger\u00e7ekle\u015ftirilmesinin yan\u0131 s\u0131ra her t\u00fcrl\u00fc belgenin ve her t\u00fcrl\u00fc ilgili bilgi kay\u0131tlar\u0131n\u0131n do\u011fru ve g\u00fcvenli \u015fekilde saklanmas\u0131n\u0131n ve g\u00fcncel tutulmas\u0131n\u0131n sa\u011flanmas\u0131; \u015firket hakk\u0131nda bilgiler konusunda hissedarlar\u0131n taleplerine yan\u0131t verilmesi; Genel Kurul Toplant\u0131lar\u0131nda konuya ili\u015fkin olarak bilgi ve inceleme ama\u00e7lar\u0131 bak\u0131m\u0131ndan hissedarlara ve pay sahiplerine sunulmas\u0131 gerekecek her t\u00fcrl\u00fc belgenin haz\u0131rlanmas\u0131 ve bu Genel Kurul Toplant\u0131lar\u0131n\u0131n y\u00fcr\u00fcrl\u00fckteki ilgili kanunlara, \u015eirket Ana S\u00f6zle\u015fmesi\u2019ne ve \u0130\u00e7 T\u00fcz\u00fc\u011fe uygun \u015fekilde d\u00fczenlenebilmesini sa\u011flamak i\u00e7in gerekli \u00f6nlemlerin al\u0131nmas\u0131; \u015firket y\u00f6netim prensipleri ve y\u00fcr\u00fcrl\u00fckteki kamuyu ayd\u0131nlatma kanunlar\u0131 da d\u00e2hil olmak \u00fczere ge\u00e7erli her t\u00fcrl\u00fc sermaye piyasas\u0131 d\u00fczenlemesi \u00fczerinden do\u011fabilecek her t\u00fcrl\u00fc y\u00fck\u00fcml\u00fcl\u00fc\u011f\u00fcn yerine getirilmesinin sa\u011flanmas\u0131 yer almaktad\u0131r.<\/p>\n<p style=\"text-align: justify;\">Bu g\u00f6revlerin yerine getirilmesi s\u00fcrecinde \u015firketin internet sayfas\u0131, y\u0131ll\u0131k raporu, Kamuyu Ayd\u0131nlatma Platformu ve ayr\u0131ca di\u011fer b\u00fct\u00fcn kanallar etkin \u015fekilde kullan\u0131l\u0131r.<\/p>\n[\/vc_column_text][\/vc_column][\/vc_row]\n<\/div>","protected":false},"excerpt":{"rendered":"<p>[vc_row][vc_column][\/vc_column][\/vc_row][vc_row][vc_column][vc_column_text] T\u00fcrkiye\u2019de borsan\u0131n ilk a\u00e7\u0131ld\u0131\u011f\u0131 tarih olan 1986 y\u0131l\u0131ndan beri halka a\u00e7\u0131k bir \u015firket olan ENKA b\u00fcnyesindeki Yat\u0131r\u0131mc\u0131 \u0130li\u015fkileri Departman\u0131\u2019n\u0131n genel g\u00f6revi; ENKA ile mevcut ve potansiyel hissedarlar\u0131 aras\u0131nda verimli ili\u015fkiler tesis etmek, bunlar\u0131 s\u00fcrd\u00fcrmek ve geli\u015ftirmek haricinde ayr\u0131ca bu hissedarlar i\u00e7in \u015firkete ili\u015fkin her t\u00fcrl\u00fc husus ile ilgili olarak d\u00fczenli \u015fekilde bilgi sa\u011flamakt\u0131r. Yat\u0131r\u0131mc\u0131 <a class=\"more-link\" href=\"https:\/\/www.enka.com\/tr\/merkez-gruplari\/finans-muhasebe\/yatirimci-iliskileri\/\">Continue reading <i class=\"fa fa-chevron-right\"><\/i><\/a><\/p>\n","protected":false},"author":25,"featured_media":23768,"parent":25362,"menu_order":0,"comment_status":"closed","ping_status":"closed","template":"","meta":{"_acf_changed":false,"footnotes":""},"class_list":["post-25458","page","type-page","status-publish","has-post-thumbnail","hentry"],"aioseo_notices":[],"acf":[],"_links":{"self":[{"href":"https:\/\/www.enka.com\/tr\/wp-json\/wp\/v2\/pages\/25458","targetHints":{"allow":["GET"]}}],"collection":[{"href":"https:\/\/www.enka.com\/tr\/wp-json\/wp\/v2\/pages"}],"about":[{"href":"https:\/\/www.enka.com\/tr\/wp-json\/wp\/v2\/types\/page"}],"author":[{"embeddable":true,"href":"https:\/\/www.enka.com\/tr\/wp-json\/wp\/v2\/users\/25"}],"replies":[{"embeddable":true,"href":"https:\/\/www.enka.com\/tr\/wp-json\/wp\/v2\/comments?post=25458"}],"version-history":[{"count":0,"href":"https:\/\/www.enka.com\/tr\/wp-json\/wp\/v2\/pages\/25458\/revisions"}],"up":[{"embeddable":true,"href":"https:\/\/www.enka.com\/tr\/wp-json\/wp\/v2\/pages\/25362"}],"wp:featuredmedia":[{"embeddable":true,"href":"https:\/\/www.enka.com\/tr\/wp-json\/wp\/v2\/media\/23768"}],"wp:attachment":[{"href":"https:\/\/www.enka.com\/tr\/wp-json\/wp\/v2\/media?parent=25458"}],"curies":[{"name":"wp","href":"https:\/\/api.w.org\/{rel}","templated":true}]}}