{"id":25463,"date":"2015-06-23T14:36:57","date_gmt":"2015-06-23T12:36:57","guid":{"rendered":"http:\/\/172.30.28.12\/en\/tr\/merkez-gruplari\/insan-kaynaklari\/career-development\/"},"modified":"2025-09-15T16:32:04","modified_gmt":"2025-09-15T13:32:04","slug":"mesleki-gelisim","status":"publish","type":"page","link":"https:\/\/www.enka.com\/tr\/merkez-gruplari\/insan-kaynaklari\/mesleki-gelisim\/","title":{"rendered":"Mesleki Geli\u015fim"},"content":{"rendered":"<div class=\"wpb-content-wrapper\">[vc_row][vc_column]<div id=\"ultimate-heading-71336a00a4183ff0d\" class=\"uvc-heading ult-adjust-bottom-margin ultimate-heading-71336a00a4183ff0d uvc-5862 \" data-hspacer=\"no_spacer\"  data-halign=\"center\" style=\"text-align:center\"><div class=\"uvc-heading-spacer no_spacer\" style=\"top\"><\/div><div class=\"uvc-main-heading ult-responsive\"  data-ultimate-target='.uvc-heading.ultimate-heading-71336a00a4183ff0d h1'  data-responsive-json-new='{\"font-size\":\"\",\"line-height\":\"\"}' ><h1 style=\"font-weight:bold;color:#025e9e;\">MESLEK\u0130 GEL\u0130\u015e\u0130M<\/h1><\/div><\/div><div class=\"ult-spacer spacer-6a00a4183ffc8\" data-id=\"6a00a4183ffc8\" data-height=\"32\" data-height-mobile=\"32\" data-height-tab=\"32\" data-height-tab-portrait=\"\" data-height-mobile-landscape=\"\" style=\"clear:both;display:block;\"><\/div>[\/vc_column][\/vc_row][vc_row][vc_column][vc_column_text]\n<p style=\"text-align: justify;\">GEL\u0130N KAR\u0130YER\u0130N\u0130Z\u0130 BERABER GEL\u0130\u015eT\u0130REL\u0130M !<\/p>\n<p style=\"text-align: justify;\">\u00c7e\u015fitli \u00fclkelerde en b\u00fcy\u00fck ve en karma\u015f\u0131k projeleri tasarlar, in\u015fa eder ve teslim ederiz. Biz her bir projeyi ENKA\u2019n\u0131n \u00fcstlendi\u011fi ve \u00e7\u00f6z\u00fcme kavu\u015fturdu\u011fu k\u00fcresel bir davet\u00a0olarak g\u00f6r\u00fcr\u00fcz. Bu y\u00fczden ENKA \u00c7al\u0131\u015fanlar\u0131 karma\u015f\u0131k projelerin g\u00fcvenli bir \u015fekilde ve en y\u00fcksek kalite ile y\u00fcr\u00fct\u00fclmesini sa\u011flamak amac\u0131yla bug\u00fcn kullan\u0131lan ara\u00e7lar\u0131n ve sistemlerin geli\u015ftirilmesinde etkili olmu\u015flard\u0131r.<\/p>\n<p style=\"text-align: justify;\">Bireysel olarak tak\u0131m \u00e7al\u0131\u015fmas\u0131na de\u011fer veriyorsan\u0131z ve kariyerinizde ilerlemek ve ENKA\u2019n\u0131n proje icras\u0131n\u0131 yeni bir d\u00fczeye ta\u015f\u0131mas\u0131na katk\u0131 sa\u011flamak istiyorsan\u0131z kariyerinizi birlikte geli\u015ftirmek i\u00e7in bize kat\u0131l\u0131n.<\/p>\n[\/vc_column_text][\/vc_column][\/vc_row][vc_row][vc_column width=&#8221;1\/2&#8243;][vc_single_image image=&#8221;44201&#8243; img_size=&#8221;full&#8221; onclick=&#8221;custom_link&#8221; link=&#8221;https:\/\/www.enka.com\/tr\/merkez-gruplari\/insan-kaynaklari\/mesleki-gelisim\/ogrenci-staj-programi\/&#8221;][vc_custom_heading text=&#8221;<strong>\u00d6\u011frenci &amp; Staj Program\u0131<\/strong>&#8221; font_container=&#8221;tag:h1|text_align:left|color:%23025e9e&#8221; link=&#8221;url:https%3A%2F%2Fwww.enka.com%2Ftr%2Fmerkez-gruplari%2Finsan-kaynaklari%2Fmesleki-gelisim%2Fogrenci-staj-programi%2F&#8221;]<span id=\"creative-link-wrap-5257\" class=\"ult_main_cl ult-adjust-bottom-margin  \" >\n\t \t\t\t<span class=\"  ult_crlink\" >\n\t\t\t\t\t<a  data-ultimate-target='#creative-link-wrap-5257 .ult_colorlink'  data-responsive-json-new='{\"font-size\":\"\",\"line-height\":\"\"}'  href=\"mailto:recruitment@enka.com\" title=\"recruitment@enka.com\"  class=\"ult_colorlink ult-responsive \" style=\"float:left;font-weight:normal; \"  data-textcolor=\"#009cde\" data-texthover=\"#012169\"data-style=\"\">\n\t\t\t\t\t\t\n\t\t\t\t\t\t<span data-hover=\"recruitment@enka.com\" style=\"color:#009cde;;;\" class=\"ult_btn10_span   \">recruitment@enka.com<\/span>\n\t\t\t\t\t\t\n\t\t\t\t\t<\/a>\n\t\t\t\t<\/span>\n\t\t\t<\/span>[\/vc_column][vc_column width=&#8221;1\/2&#8243;][vc_single_image image=&#8221;44204&#8243; img_size=&#8221;full&#8221; onclick=&#8221;custom_link&#8221; img_link_target=&#8221;_blank&#8221; link=&#8221;https:\/\/www.enka.com\/tr\/merkez-gruplari\/insan-kaynaklari\/mesleki-gelisim\/profesyoneller\/&#8221;][vc_custom_heading text=&#8221;<strong>Profesyoneller<\/strong>&#8221; font_container=&#8221;tag:h1|text_align:left|color:%23025e9e&#8221; link=&#8221;url:https%3A%2F%2Fwww.enka.com%2Ftr%2Fmerkez-gruplari%2Finsan-kaynaklari%2Fmesleki-gelisim%2Fprofesyoneller%2F&#8221;]<span id=\"creative-link-wrap-8200\" class=\"ult_main_cl ult-adjust-bottom-margin  \" >\n\t \t\t\t<span class=\"  ult_crlink\" >\n\t\t\t\t\t<a  data-ultimate-target='#creative-link-wrap-8200 .ult_colorlink'  data-responsive-json-new='{\"font-size\":\"\",\"line-height\":\"\"}'  href=\"mailto:recruitment@enka.com\" title=\"recruitment@enka.com\"  class=\"ult_colorlink ult-responsive \" style=\"float:left;font-weight:normal; \"  data-textcolor=\"#009cde\" data-texthover=\"#012169\"data-style=\"\">\n\t\t\t\t\t\t\n\t\t\t\t\t\t<span data-hover=\"recruitment@enka.com\" style=\"color:#009cde;;;\" class=\"ult_btn10_span   \">recruitment@enka.com<\/span>\n\t\t\t\t\t\t\n\t\t\t\t\t<\/a>\n\t\t\t\t<\/span>\n\t\t\t<\/span>[\/vc_column][\/vc_row]\n<\/div>","protected":false},"excerpt":{"rendered":"<p>[vc_row][vc_column][\/vc_column][\/vc_row][vc_row][vc_column][vc_column_text] GEL\u0130N KAR\u0130YER\u0130N\u0130Z\u0130 BERABER GEL\u0130\u015eT\u0130REL\u0130M ! \u00c7e\u015fitli \u00fclkelerde en b\u00fcy\u00fck ve en karma\u015f\u0131k projeleri tasarlar, in\u015fa eder ve teslim ederiz. Biz her bir projeyi ENKA\u2019n\u0131n \u00fcstlendi\u011fi ve \u00e7\u00f6z\u00fcme kavu\u015fturdu\u011fu k\u00fcresel bir davet\u00a0olarak g\u00f6r\u00fcr\u00fcz. Bu y\u00fczden ENKA \u00c7al\u0131\u015fanlar\u0131 karma\u015f\u0131k projelerin g\u00fcvenli bir \u015fekilde ve en y\u00fcksek kalite ile y\u00fcr\u00fct\u00fclmesini sa\u011flamak amac\u0131yla bug\u00fcn kullan\u0131lan ara\u00e7lar\u0131n ve sistemlerin <a class=\"more-link\" href=\"https:\/\/www.enka.com\/tr\/merkez-gruplari\/insan-kaynaklari\/mesleki-gelisim\/\">Continue reading <i class=\"fa fa-chevron-right\"><\/i><\/a><\/p>\n","protected":false},"author":25,"featured_media":23638,"parent":25357,"menu_order":0,"comment_status":"closed","ping_status":"closed","template":"","meta":{"_acf_changed":false,"footnotes":""},"class_list":["post-25463","page","type-page","status-publish","has-post-thumbnail","hentry"],"acf":[],"_links":{"self":[{"href":"https:\/\/www.enka.com\/tr\/wp-json\/wp\/v2\/pages\/25463","targetHints":{"allow":["GET"]}}],"collection":[{"href":"https:\/\/www.enka.com\/tr\/wp-json\/wp\/v2\/pages"}],"about":[{"href":"https:\/\/www.enka.com\/tr\/wp-json\/wp\/v2\/types\/page"}],"author":[{"embeddable":true,"href":"https:\/\/www.enka.com\/tr\/wp-json\/wp\/v2\/users\/25"}],"replies":[{"embeddable":true,"href":"https:\/\/www.enka.com\/tr\/wp-json\/wp\/v2\/comments?post=25463"}],"version-history":[{"count":0,"href":"https:\/\/www.enka.com\/tr\/wp-json\/wp\/v2\/pages\/25463\/revisions"}],"up":[{"embeddable":true,"href":"https:\/\/www.enka.com\/tr\/wp-json\/wp\/v2\/pages\/25357"}],"wp:featuredmedia":[{"embeddable":true,"href":"https:\/\/www.enka.com\/tr\/wp-json\/wp\/v2\/media\/23638"}],"wp:attachment":[{"href":"https:\/\/www.enka.com\/tr\/wp-json\/wp\/v2\/media?parent=25463"}],"curies":[{"name":"wp","href":"https:\/\/api.w.org\/{rel}","templated":true}]}}