{"id":25464,"date":"2015-11-28T23:46:02","date_gmt":"2015-11-28T21:46:02","guid":{"rendered":"http:\/\/172.30.28.12\/en\/tr\/merkez-gruplari\/career\/"},"modified":"2022-06-08T16:47:10","modified_gmt":"2022-06-08T13:47:10","slug":"kariyer","status":"publish","type":"page","link":"https:\/\/www.enka.com\/tr\/kariyer\/","title":{"rendered":"KAR\u0130YER"},"content":{"rendered":"<div class=\"wpb-content-wrapper\">[vc_row][vc_column][vc_column_text]<span style=\"font-size: 14pt; color: #1d386e;\">GEL\u0130N KAR\u0130YER\u0130N\u0130Z\u0130 BERABER GEL\u0130\u015eT\u0130REL\u0130M !<\/span><\/p>\n<p style=\"text-align: justify;\">\u00c7e\u015fitli \u00fclkelerde en b\u00fcy\u00fck ve en karma\u015f\u0131k projeleri tasarlar, in\u015fa eder ve s\u00fcrd\u00fcr\u00fcr\u00fcz. Biz her bir projeyi ENKA\u2019n\u0131n \u00fcstlendi\u011fi ve \u00e7\u00f6z\u00fcme kavu\u015fturdu\u011fu k\u00fcresel bir zorluk olarak g\u00f6r\u00fcr\u00fcz. Bu y\u00fczden ENKA \u00e7al\u0131\u015fanlar\u0131 karma\u015f\u0131k projelerin g\u00fcvenli bir \u015fekilde ve en y\u00fcksek kalite ile y\u00fcr\u00fct\u00fclmesini sa\u011flamak amac\u0131yla bug\u00fcn kullan\u0131lan ara\u00e7lar\u0131n ve sistemlerin geli\u015ftirilmesinde etkili olmu\u015flard\u0131r.<\/p>\n<p style=\"text-align: justify;\">Bireysel olarak tak\u0131m \u00e7al\u0131\u015fmas\u0131na de\u011fer veriyorsan\u0131z ve kariyerinizde ilerlemek ve ENKA\u2019n\u0131n proje icras\u0131n\u0131 yeni bir d\u00fczeye ta\u015f\u0131mas\u0131na katk\u0131 sa\u011flamak istiyorsan\u0131z kariyerinizi birlikte geli\u015ftirmek i\u00e7in bize kat\u0131l\u0131n.<\/p>\n<p style=\"text-align: justify;\">[\/vc_column_text][\/vc_column][\/vc_row][vc_row][vc_column width=&#8221;1\/2&#8243;][vc_single_image image=&#8221;44199&#8243; img_size=&#8221;full&#8221; onclick=&#8221;custom_link&#8221; link=&#8221;https:\/\/www.enka.com\/tr\/merkez-gruplari\/insan-kaynaklari\/mesleki-gelisim\/ogrenci-staj-programi\/&#8221;][vc_custom_heading text=&#8221;<strong>\u00d6\u011frenci &amp; Staj Program\u0131<\/strong>&#8221; font_container=&#8221;tag:h1|text_align:left|color:%23025e9e&#8221; google_fonts=&#8221;font_family:Roboto%20Condensed%3A300%2C300italic%2Cregular%2Citalic%2C700%2C700italic|font_style:400%20regular%3A400%3Anormal&#8221; link=&#8221;url:https%3A%2F%2Fwww.enka.com%2Ftr%2Fmerkez-gruplari%2Finsan-kaynaklari%2Fmesleki-gelisim%2Fogrenci-staj-programi%2F&#8221;][\/vc_column][vc_column width=&#8221;1\/2&#8243;][vc_single_image image=&#8221;44202&#8243; img_size=&#8221;full&#8221; onclick=&#8221;custom_link&#8221; img_link_target=&#8221;_blank&#8221; link=&#8221;https:\/\/www.enka.com\/tr\/merkez-gruplari\/insan-kaynaklari\/mesleki-gelisim\/profesyoneller\/&#8221;][vc_custom_heading text=&#8221;<strong>Profesyoneller<\/strong>&#8221; font_container=&#8221;tag:h1|text_align:left|color:%23025e9e&#8221; google_fonts=&#8221;font_family:Roboto%20Condensed%3A300%2C300italic%2Cregular%2Citalic%2C700%2C700italic|font_style:400%20regular%3A400%3Anormal&#8221; link=&#8221;url:https%3A%2F%2Fwww.enka.com%2Ftr%2Fmerkez-gruplari%2Finsan-kaynaklari%2Fmesleki-gelisim%2Fprofesyoneller%2F&#8221;][\/vc_column][\/vc_row][vc_row][vc_column][vc_column_text]\n[\/vc_column_text][\/vc_column][\/vc_row]\n<\/div>","protected":false},"excerpt":{"rendered":"<p>[vc_row][vc_column][vc_column_text]GEL\u0130N KAR\u0130YER\u0130N\u0130Z\u0130 BERABER GEL\u0130\u015eT\u0130REL\u0130M ! \u00c7e\u015fitli \u00fclkelerde en b\u00fcy\u00fck ve en karma\u015f\u0131k projeleri tasarlar, in\u015fa eder ve s\u00fcrd\u00fcr\u00fcr\u00fcz. Biz her bir projeyi ENKA\u2019n\u0131n \u00fcstlendi\u011fi ve \u00e7\u00f6z\u00fcme kavu\u015fturdu\u011fu k\u00fcresel bir zorluk olarak g\u00f6r\u00fcr\u00fcz. Bu y\u00fczden ENKA \u00e7al\u0131\u015fanlar\u0131 karma\u015f\u0131k projelerin g\u00fcvenli bir \u015fekilde ve en y\u00fcksek kalite ile y\u00fcr\u00fct\u00fclmesini sa\u011flamak amac\u0131yla bug\u00fcn kullan\u0131lan ara\u00e7lar\u0131n ve sistemlerin geli\u015ftirilmesinde <a class=\"more-link\" href=\"https:\/\/www.enka.com\/tr\/kariyer\/\">Continue reading <i class=\"fa fa-chevron-right\"><\/i><\/a><\/p>\n","protected":false},"author":25,"featured_media":23639,"parent":0,"menu_order":0,"comment_status":"closed","ping_status":"closed","template":"","meta":{"_acf_changed":false,"footnotes":""},"class_list":["post-25464","page","type-page","status-publish","has-post-thumbnail","hentry"],"aioseo_notices":[],"acf":[],"_links":{"self":[{"href":"https:\/\/www.enka.com\/tr\/wp-json\/wp\/v2\/pages\/25464","targetHints":{"allow":["GET"]}}],"collection":[{"href":"https:\/\/www.enka.com\/tr\/wp-json\/wp\/v2\/pages"}],"about":[{"href":"https:\/\/www.enka.com\/tr\/wp-json\/wp\/v2\/types\/page"}],"author":[{"embeddable":true,"href":"https:\/\/www.enka.com\/tr\/wp-json\/wp\/v2\/users\/25"}],"replies":[{"embeddable":true,"href":"https:\/\/www.enka.com\/tr\/wp-json\/wp\/v2\/comments?post=25464"}],"version-history":[{"count":0,"href":"https:\/\/www.enka.com\/tr\/wp-json\/wp\/v2\/pages\/25464\/revisions"}],"wp:featuredmedia":[{"embeddable":true,"href":"https:\/\/www.enka.com\/tr\/wp-json\/wp\/v2\/media\/23639"}],"wp:attachment":[{"href":"https:\/\/www.enka.com\/tr\/wp-json\/wp\/v2\/media?parent=25464"}],"curies":[{"name":"wp","href":"https:\/\/api.w.org\/{rel}","templated":true}]}}