{"id":25498,"date":"2015-06-14T18:20:48","date_gmt":"2015-06-14T16:20:48","guid":{"rendered":"http:\/\/172.30.28.12\/en\/tr\/merkez-gruplari\/legal-affairs\/"},"modified":"2022-09-07T13:52:18","modified_gmt":"2022-09-07T10:52:18","slug":"hukuk-isleri","status":"publish","type":"page","link":"https:\/\/www.enka.com\/tr\/merkez-gruplari\/hukuk-isleri\/","title":{"rendered":"Hukuk \u0130\u015fleri"},"content":{"rendered":"<div class=\"wpb-content-wrapper\">[vc_row][vc_column]<div class=\"ult-spacer spacer-69f2ed8d6f88b\" data-id=\"69f2ed8d6f88b\" data-height=\"32\" data-height-mobile=\"32\" data-height-tab=\"32\" data-height-tab-portrait=\"\" data-height-mobile-landscape=\"\" style=\"clear:both;display:block;\"><\/div>[\/vc_column][\/vc_row][vc_row][vc_column]<div id=\"ultimate-heading-510369f2ed8d6f90f\" class=\"uvc-heading ult-adjust-bottom-margin ultimate-heading-510369f2ed8d6f90f uvc-3356 \" data-hspacer=\"no_spacer\"  data-halign=\"center\" style=\"text-align:center\"><div class=\"uvc-heading-spacer no_spacer\" style=\"top\"><\/div><div class=\"uvc-main-heading ult-responsive\"  data-ultimate-target='.uvc-heading.ultimate-heading-510369f2ed8d6f90f h1'  data-responsive-json-new='{\"font-size\":\"\",\"line-height\":\"\"}' ><h1 style=\"font-weight:bold;color:#025e9e;\">HUKUK \u0130\u015eLER\u0130<\/h1><\/div><\/div><div class=\"ult-spacer spacer-69f2ed8d6f9b8\" data-id=\"69f2ed8d6f9b8\" data-height=\"32\" data-height-mobile=\"32\" data-height-tab=\"32\" data-height-tab-portrait=\"\" data-height-mobile-landscape=\"\" style=\"clear:both;display:block;\"><\/div>[\/vc_column][\/vc_row][vc_row][vc_column][vc_column_text]\n<p style=\"text-align: justify;\">\u0130n\u015faat (ba\u015fl\u0131ca), enerji, \u00fcretim ve gayrimenkul sekt\u00f6rlerinde k\u00fcresel olarak faaliyet g\u00f6steren 30.000\u2019den fazla i\u015f g\u00fcc\u00fc ve 60\u2019tan fazla ba\u011fl\u0131 kurulu\u015f ile i\u015flerin farkl\u0131 kollar\u0131ndan \u00e7e\u015fitli konularda bir\u00e7ok karma\u015f\u0131k ve uluslararas\u0131 sorunun idaresini denetlemek ve y\u00f6netmek durumunday\u0131z. Bu durum bizim rol\u00fcm\u00fcz\u00fcn en zorlay\u0131c\u0131 ayn\u0131 zamanda da b\u00fcy\u00fcleyici yan\u0131d\u0131r.<\/p>\n<p style=\"text-align: justify;\">\u0130\u015fin iyi anla\u015f\u0131lmas\u0131 gereksiniminin (mevcut, ge\u00e7mi\u015f ve potansiyel yasal konular\u0131 da d\u00e2hil olmak \u00fczere), maliyetinin ve zaman bask\u0131lar\u0131n\u0131n, rekabet ger\u00e7eklerinin ve \u00e7al\u0131\u015fma k\u00fclt\u00fcr\u00fcn\u00fcn hukuk ekibimiz i\u00e7in ba\u015far\u0131n\u0131n temeli oldu\u011funun bilincindeyiz. Bu durum di\u011ferleri aras\u0131nda iyi kararlar verme yetene\u011fini, \u015firket standartlar\u0131ndan taviz vermeden \u00e7\u00f6z\u00fcmler \u00fcretmeyi ve anla\u015f\u0131l\u0131r, k\u0131sa ve a\u015f\u0131r\u0131 detayc\u0131 olmayan bir dil kullanarak etkin \u015fekilde ileti\u015fim kurmay\u0131 gerektirmektedir.<\/p>\n<p style=\"text-align: justify;\">Yukar\u0131da bahsedilenlerin ak\u0131lda tutarak \u00e7al\u0131\u015fmalar\u0131m\u0131z\u0131 s\u00fcrekli g\u00f6zden ge\u00e7irmekte ve uyarlamakta\/d\u00fczenlemekteyiz. Ayr\u0131ca ENKA Akademi ile isti\u015fare ederek her seviyedeki personelimizin risk bilincini artt\u0131rmak i\u00e7in \u015firket \u00e7ap\u0131nda d\u00fczenli olarak e\u011fitim programlar\u0131\/seminerler d\u00fczenlemekteyiz. Bu e\u011fitimleri ger\u00e7ekle\u015ftirilmesinde ilgili alanlarda \u00f6nde gelen uzmanlar\u0131 bizlere kat\u0131lmalar\u0131 i\u00e7in davet etmekteyiz. Ayr\u0131ca i\u015f risklerindeki s\u00fcregelmekte olan de\u011fi\u015fiklikleri yans\u0131tmak i\u00e7in s\u00fcrekli olarak seminerleri iyile\u015ftirmekteyiz.<\/p>\n[\/vc_column_text][\/vc_column][\/vc_row]\n<\/div>","protected":false},"excerpt":{"rendered":"<p>[vc_row][vc_column][\/vc_column][\/vc_row][vc_row][vc_column][\/vc_column][\/vc_row][vc_row][vc_column][vc_column_text] \u0130n\u015faat (ba\u015fl\u0131ca), enerji, \u00fcretim ve gayrimenkul sekt\u00f6rlerinde k\u00fcresel olarak faaliyet g\u00f6steren 30.000\u2019den fazla i\u015f g\u00fcc\u00fc ve 60\u2019tan fazla ba\u011fl\u0131 kurulu\u015f ile i\u015flerin farkl\u0131 kollar\u0131ndan \u00e7e\u015fitli konularda bir\u00e7ok karma\u015f\u0131k ve uluslararas\u0131 sorunun idaresini denetlemek ve y\u00f6netmek durumunday\u0131z. Bu durum bizim rol\u00fcm\u00fcz\u00fcn en zorlay\u0131c\u0131 ayn\u0131 zamanda da b\u00fcy\u00fcleyici yan\u0131d\u0131r. \u0130\u015fin iyi anla\u015f\u0131lmas\u0131 gereksiniminin (mevcut, ge\u00e7mi\u015f ve <a class=\"more-link\" href=\"https:\/\/www.enka.com\/tr\/merkez-gruplari\/hukuk-isleri\/\">Continue reading <i class=\"fa fa-chevron-right\"><\/i><\/a><\/p>\n","protected":false},"author":25,"featured_media":23700,"parent":25319,"menu_order":0,"comment_status":"closed","ping_status":"closed","template":"","meta":{"_acf_changed":false,"footnotes":""},"class_list":["post-25498","page","type-page","status-publish","has-post-thumbnail","hentry"],"aioseo_notices":[],"acf":[],"_links":{"self":[{"href":"https:\/\/www.enka.com\/tr\/wp-json\/wp\/v2\/pages\/25498","targetHints":{"allow":["GET"]}}],"collection":[{"href":"https:\/\/www.enka.com\/tr\/wp-json\/wp\/v2\/pages"}],"about":[{"href":"https:\/\/www.enka.com\/tr\/wp-json\/wp\/v2\/types\/page"}],"author":[{"embeddable":true,"href":"https:\/\/www.enka.com\/tr\/wp-json\/wp\/v2\/users\/25"}],"replies":[{"embeddable":true,"href":"https:\/\/www.enka.com\/tr\/wp-json\/wp\/v2\/comments?post=25498"}],"version-history":[{"count":0,"href":"https:\/\/www.enka.com\/tr\/wp-json\/wp\/v2\/pages\/25498\/revisions"}],"up":[{"embeddable":true,"href":"https:\/\/www.enka.com\/tr\/wp-json\/wp\/v2\/pages\/25319"}],"wp:featuredmedia":[{"embeddable":true,"href":"https:\/\/www.enka.com\/tr\/wp-json\/wp\/v2\/media\/23700"}],"wp:attachment":[{"href":"https:\/\/www.enka.com\/tr\/wp-json\/wp\/v2\/media?parent=25498"}],"curies":[{"name":"wp","href":"https:\/\/api.w.org\/{rel}","templated":true}]}}