{"id":43869,"date":"2016-08-17T17:55:15","date_gmt":"2016-08-17T15:55:15","guid":{"rendered":"http:\/\/www.enka.com\/tr\/?page_id=43869"},"modified":"2024-10-17T09:58:37","modified_gmt":"2024-10-17T06:58:37","slug":"egvn","status":"publish","type":"page","link":"https:\/\/www.enka.com\/tr\/egvn\/","title":{"rendered":"Tedarik\u00e7imiz olmak i\u00e7in (EGVN)"},"content":{"rendered":"<div class=\"wpb-content-wrapper\">[vc_row][vc_column]<div id=\"ultimate-heading-38566a07b00149954\" class=\"uvc-heading ult-adjust-bottom-margin ultimate-heading-38566a07b00149954 uvc-8351 \" data-hspacer=\"no_spacer\"  data-halign=\"left\" style=\"text-align:left\"><div class=\"uvc-heading-spacer no_spacer\" style=\"top\"><\/div><div class=\"uvc-main-heading ult-responsive\"  data-ultimate-target='.uvc-heading.ultimate-heading-38566a07b00149954 h3'  data-responsive-json-new='{\"font-size\":\"\",\"line-height\":\"\"}' ><h3 style=\"font-weight:normal;\">ENKA Global Vendor Network (EGVN) Platformuna Ho\u015f Geldiniz!<\/h3><\/div><\/div><div class=\"ult-spacer spacer-6a07b00149a18\" data-id=\"6a07b00149a18\" data-height=\"20\" data-height-mobile=\"20\" data-height-tab=\"20\" data-height-tab-portrait=\"\" data-height-mobile-landscape=\"\" style=\"clear:both;display:block;\"><\/div>[vc_column_text css=&#8221;&#8221;]\n<p style=\"text-align: justify;\">ENKA olarak, k\u00fcresel sat\u0131n alma faaliyetlerimizde \u00f6ncelikli tedarik\u00e7i kayna\u011f\u0131m\u0131z\u0131 olu\u015fturmak i\u00e7in uluslararas\u0131 bir tedarik\u00e7i veritaban\u0131 geli\u015ftirdik.<\/p>\n<p style=\"text-align: justify;\">Bu veritaban\u0131, ENKA Global Vendor Network (EGVN), ENKA ile ticari i\u015f ili\u015fkisi bulunan mevcut firmalar\u0131n yan\u0131 s\u0131ra, potansiyel i\u015f ortaklar\u0131ndan teklif alabilme ve i\u015f birli\u011fi yapabilme imk\u00e2n\u0131 sundu\u011fumuz \u00fc\u00e7\u00fcnc\u00fc taraf firmalar\u0131n bilgilerini i\u00e7eren, web tabanl\u0131 bir platformdur.<\/p>\n[\/vc_column_text][\/vc_column][\/vc_row][vc_row][vc_column width=&#8221;1\/4&#8243;][\/vc_column][vc_column width=&#8221;1\/2&#8243;]<div id=\"ultimate-heading-53246a07b00149a59\" class=\"uvc-heading ult-adjust-bottom-margin ultimate-heading-53246a07b00149a59 uvc-7012 \" data-hspacer=\"line_only\"  data-halign=\"center\" style=\"text-align:center\"><div class=\"uvc-main-heading ult-responsive\"  data-ultimate-target='.uvc-heading.ultimate-heading-53246a07b00149a59 h2'  data-responsive-json-new='{\"font-size\":\"\",\"line-height\":\"\"}' ><h2 style=\"font-weight:normal;color:#008fdc;\">Tedarik\u00e7i Platformuna Kat\u0131lmak i\u00e7in<\/h2><\/div><div class=\"uvc-heading-spacer line_only\" style=\"margin-top:5px;margin-bottom:5px;height:2px;\"><span class=\"uvc-headings-line\" style=\"border-style:solid;border-bottom-width:2px;border-color:#012169;width:130px;\"><\/span><\/div><\/div><div class=\"ult-spacer spacer-6a07b00149a9c\" data-id=\"6a07b00149a9c\" data-height=\"20\" data-height-mobile=\"20\" data-height-tab=\"20\" data-height-tab-portrait=\"\" data-height-mobile-landscape=\"\" style=\"clear:both;display:block;\"><\/div>[vc_single_image image=&#8221;43866&#8243; img_size=&#8221;FULL&#8221; css_animation=&#8221;fadeInDown&#8221;][\/vc_column][vc_column width=&#8221;1\/4&#8243;][\/vc_column][\/vc_row][vc_row][vc_column][vc_column_text css=&#8221;&#8221;]\n<p style=\"text-align: justify;\">EGVN Tedarik\u00e7i Platformu\u2019na kat\u0131lmak i\u00e7in a\u015fa\u011f\u0131daki butonu kullanarak talebinizi iletebilirsiniz. Talebiniz ENKA taraf\u0131ndan incelendikten sonra platforma kat\u0131l\u0131m\u0131n\u0131z onaylanacakt\u0131r.<\/p>\n<p style=\"text-align: justify;\">Kay\u0131t s\u0131ras\u0131nda firman\u0131z\u0131n sundu\u011fu \u00fcr\u00fcn veya hizmetlere ait kategori kodlar\u0131n\u0131 se\u00e7ti\u011finizde, ENKA projeleri bu kategoriler i\u00e7in al\u0131m yaparken firman\u0131z\u0131 \u00f6nerilen tedarik\u00e7i listesinde g\u00f6rebilecektir.<\/p>\n[\/vc_column_text][\/vc_column][\/vc_row][vc_row][vc_column width=&#8221;1\/4&#8243;][\/vc_column][vc_column width=&#8221;1\/2&#8243;][vc_btn title=&#8221;\u015e\u0130MD\u0130 KAYIT OLUN&#8221; shape=&#8221;square&#8221; color=&#8221;primary&#8221; align=&#8221;center&#8221; i_icon_fontawesome=&#8221;fas fa-eye&#8221; css=&#8221;&#8221; button_block=&#8221;true&#8221; add_icon=&#8221;true&#8221; link=&#8221;url:https%3A%2F%2Fcloud.enka.com%2FSupplier%2FRegistration%2FWelcome|target:_blank&#8221;][\/vc_column][vc_column width=&#8221;1\/4&#8243;][\/vc_column][\/vc_row][vc_row][vc_column][vc_separator css=&#8221;&#8221;][\/vc_column][\/vc_row][vc_row][vc_column width=&#8221;1\/2&#8243;]<div id=\"ultimate-heading-77756a07b00149acb\" class=\"uvc-heading ult-adjust-bottom-margin ultimate-heading-77756a07b00149acb uvc-8015 \" data-hspacer=\"line_only\"  data-halign=\"left\" style=\"text-align:left\"><div class=\"uvc-main-heading ult-responsive\"  data-ultimate-target='.uvc-heading.ultimate-heading-77756a07b00149acb h2'  data-responsive-json-new='{\"font-size\":\"\",\"line-height\":\"\"}' ><h2 style=\"font-weight:normal;color:#008fdc;\">Neden kay\u0131t olmal\u0131y\u0131m?<\/h2><\/div><div class=\"uvc-heading-spacer line_only\" style=\"margin-top:5px;margin-bottom:5px;height:2px;\"><span class=\"uvc-headings-line\" style=\"border-style:solid;border-bottom-width:2px;border-color:#012169;width:130px;\"><\/span><\/div><\/div><div class=\"ult-spacer spacer-6a07b00149b00\" data-id=\"6a07b00149b00\" data-height=\"20\" data-height-mobile=\"20\" data-height-tab=\"20\" data-height-tab-portrait=\"\" data-height-mobile-landscape=\"\" style=\"clear:both;display:block;\"><\/div>[vc_single_image image=&#8221;43863&#8243; img_size=&#8221;FULL&#8221; css_animation=&#8221;fadeInDown&#8221;][vc_column_text]\n<p style=\"text-align: justify;\">D\u00fcnya \u00e7ap\u0131ndaki projelerimizde kullan\u0131lmak \u00fczere sat\u0131nal\u0131m\u0131 yap\u0131lacak malzeme veya hizmetlere ili\u015fkin ger\u00e7ekle\u015ftirdi\u011fimiz teklif alma \u00e7al\u0131\u015fmalar\u0131nda, \u00f6ncelikli olarak tedarik\u00e7i veri taban\u0131m\u0131zda kay\u0131tl\u0131 olan firmalarla ileti\u015fime ge\u00e7mekteyiz. Sizler de tedarik\u00e7i veritaban\u0131m\u0131za kaydolarak, \u00fcr\u00fcn ve\/veya hizmetlerinizi bize daha kolay tan\u0131tma ve ula\u015ft\u0131rma olana\u011f\u0131n\u0131 elde edebilirsiniz.<\/p>\n<p style=\"text-align: justify;\">Ayr\u0131ca, ileride ger\u00e7ekle\u015ftirece\u011fimiz ticari ili\u015fkilerde, \u00e7al\u0131\u015fmalar\u0131n\u0131z\u0131 bizlerin beklentileri do\u011frultusunda geli\u015ftirme f\u0131rsat\u0131 yakalayarak, \u00e7ift tarafl\u0131 kazan\u00e7 temeline dayanan uzun soluklu bir i\u015f ili\u015fkisi kurulmas\u0131 m\u00fcmk\u00fcn olabilecektir.<\/p>\n[\/vc_column_text][\/vc_column][vc_column width=&#8221;1\/2&#8243;]<div id=\"ultimate-heading-15516a07b00149b2c\" class=\"uvc-heading ult-adjust-bottom-margin ultimate-heading-15516a07b00149b2c uvc-7198 \" data-hspacer=\"line_only\"  data-halign=\"left\" style=\"text-align:left\"><div class=\"uvc-main-heading ult-responsive\"  data-ultimate-target='.uvc-heading.ultimate-heading-15516a07b00149b2c h2'  data-responsive-json-new='{\"font-size\":\"\",\"line-height\":\"\"}' ><h2 style=\"font-weight:normal;color:#008fdc;\">Kimler kay\u0131t olmal\u0131?<\/h2><\/div><div class=\"uvc-heading-spacer line_only\" style=\"margin-top:5px;margin-bottom:5px;height:2px;\"><span class=\"uvc-headings-line\" style=\"border-style:solid;border-bottom-width:2px;border-color:#012169;width:130px;\"><\/span><\/div><\/div><div class=\"ult-spacer spacer-6a07b00149b5e\" data-id=\"6a07b00149b5e\" data-height=\"20\" data-height-mobile=\"20\" data-height-tab=\"20\" data-height-tab-portrait=\"\" data-height-mobile-landscape=\"\" style=\"clear:both;display:block;\"><\/div>[vc_single_image image=&#8221;43860&#8243; img_size=&#8221;FULL&#8221; css_animation=&#8221;fadeInDown&#8221;][vc_column_text]\n<p style=\"text-align: justify;\">Y\u00fcr\u00fctmekte oldu\u011fumuz faaliyet alanlar\u0131m\u0131z\u0131 da g\u00f6z \u00f6n\u00fcnde bulundurarak, projelerimizde ihtiya\u00e7 duyaca\u011f\u0131m\u0131za inand\u0131\u011f\u0131n\u0131z ilgili malzeme, ekipman veya hizmet sa\u011flamak ve ENKA ile birlikte \u00e7al\u0131\u015fmak amac\u0131nda olan tedarik\u00e7iler\/alty\u00fckleniciler kaydolmal\u0131d\u0131r.<\/p>\n<p style=\"text-align: justify;\">Firmam\u0131z\u0131n faaliyet alanlar\u0131 ile ilgili detaylar\u0131na ula\u015fmak i\u00e7in, web sayfam\u0131z\u0131n Faaliyet Alanlar\u0131 k\u0131sm\u0131n\u0131 inceleyebilirsiniz (<a href=\"https:\/\/www.enka.com\/tr\/faaliyet-alanlari\/\" target=\"_blank\" rel=\"noopener noreferrer\">https:\/\/www.enka.com\/tr\/faaliyet-alanlari\/<\/a>).<\/p>\n[\/vc_column_text][\/vc_column][\/vc_row][vc_row full_width=&#8221;stretch_row&#8221; css=&#8221;.vc_custom_1673857384739{background-color: #f1f1f1 !important;}&#8221;][vc_column width=&#8221;2\/3&#8243;]<div id=\"ultimate-heading-56216a07b00149b82\" class=\"uvc-heading ult-adjust-bottom-margin ultimate-heading-56216a07b00149b82 uvc-4660 \" data-hspacer=\"no_spacer\"  data-halign=\"left\" style=\"text-align:left\"><div class=\"uvc-heading-spacer no_spacer\" style=\"top\"><\/div><div class=\"uvc-main-heading ult-responsive\"  data-ultimate-target='.uvc-heading.ultimate-heading-56216a07b00149b82 h1'  data-responsive-json-new='{\"font-size\":\"\",\"line-height\":\"\"}' ><h1 style=\"font-weight:normal;\">EGVN Kullan\u0131m K\u0131lavuzu<\/h1><\/div><\/div>[\/vc_column][vc_column width=&#8221;1\/3&#8243;][vc_btn title=&#8221;KULLANIM KLAVUZU&#8221; shape=&#8221;square&#8221; color=&#8221;primary&#8221; align=&#8221;right&#8221; i_icon_fontawesome=&#8221;far fa-file-pdf&#8221; css=&#8221;&#8221; button_block=&#8221;true&#8221; add_icon=&#8221;true&#8221; link=&#8221;url:https%3A%2F%2Fwww.enka.com%2Fallfiles%2Fpdf%2FEGVN_Supplier_Portal_User_Manual_TR.pdf|target:_blank&#8221;][\/vc_column][\/vc_row][vc_row][vc_column]<div class=\"ult-spacer spacer-6a07b00149bb1\" data-id=\"6a07b00149bb1\" data-height=\"10\" data-height-mobile=\"10\" data-height-tab=\"10\" data-height-tab-portrait=\"\" data-height-mobile-landscape=\"\" style=\"clear:both;display:block;\"><\/div>[\/vc_column][\/vc_row][vc_row full_width=&#8221;stretch_row&#8221; css=&#8221;.vc_custom_1673857384739{background-color: #f1f1f1 !important;}&#8221;][vc_column width=&#8221;2\/3&#8243;]<div id=\"ultimate-heading-20246a07b00149bd4\" class=\"uvc-heading ult-adjust-bottom-margin ultimate-heading-20246a07b00149bd4 uvc-4375 \" data-hspacer=\"no_spacer\"  data-halign=\"left\" style=\"text-align:left\"><div class=\"uvc-heading-spacer no_spacer\" style=\"top\"><\/div><div class=\"uvc-main-heading ult-responsive\"  data-ultimate-target='.uvc-heading.ultimate-heading-20246a07b00149bd4 h1'  data-responsive-json-new='{\"font-size\":\"\",\"line-height\":\"\"}' ><h1 style=\"font-weight:normal;\">ENKA Tedarik\u00e7i Davran\u0131\u015f Kurallar\u0131<\/h1><\/div><\/div>[\/vc_column][vc_column width=&#8221;1\/3&#8243;][vc_btn title=&#8221;SAYFAYA G\u0130T&#8221; shape=&#8221;square&#8221; color=&#8221;primary&#8221; align=&#8221;right&#8221; i_icon_fontawesome=&#8221;fas fa-external-link-alt&#8221; css=&#8221;&#8221; button_block=&#8221;true&#8221; add_icon=&#8221;true&#8221; link=&#8221;url:https%3A%2F%2Fwww.enka.com%2Fsustainability%2Ftr%2Fanasayfa%2Fetik-uyum%2Ftedarikci-davranis-kurallari%2F|title:https%3A%2F%2Fwww.enka.com%2Fsustainability%2Ftr%2Fanasayfa%2Fetik-uyum%2Ftedarikci-davranis-kurallari%2F|target:_blank&#8221;][\/vc_column][\/vc_row]\n<\/div>","protected":false},"excerpt":{"rendered":"<p>[vc_row][vc_column][vc_column_text css=&#8221;&#8221;] ENKA olarak, k\u00fcresel sat\u0131n alma faaliyetlerimizde \u00f6ncelikli tedarik\u00e7i kayna\u011f\u0131m\u0131z\u0131 olu\u015fturmak i\u00e7in uluslararas\u0131 bir tedarik\u00e7i veritaban\u0131 geli\u015ftirdik. Bu veritaban\u0131, ENKA Global Vendor Network (EGVN), ENKA ile ticari i\u015f ili\u015fkisi bulunan mevcut firmalar\u0131n yan\u0131 s\u0131ra, potansiyel i\u015f ortaklar\u0131ndan teklif alabilme ve i\u015f birli\u011fi yapabilme imk\u00e2n\u0131 sundu\u011fumuz \u00fc\u00e7\u00fcnc\u00fc taraf firmalar\u0131n bilgilerini i\u00e7eren, web tabanl\u0131 bir platformdur. <a class=\"more-link\" href=\"https:\/\/www.enka.com\/tr\/egvn\/\">Continue reading <i class=\"fa fa-chevron-right\"><\/i><\/a><\/p>\n","protected":false},"author":25,"featured_media":0,"parent":0,"menu_order":0,"comment_status":"closed","ping_status":"closed","template":"","meta":{"_acf_changed":false,"footnotes":""},"class_list":["post-43869","page","type-page","status-publish","hentry"],"aioseo_notices":[],"acf":[],"_links":{"self":[{"href":"https:\/\/www.enka.com\/tr\/wp-json\/wp\/v2\/pages\/43869","targetHints":{"allow":["GET"]}}],"collection":[{"href":"https:\/\/www.enka.com\/tr\/wp-json\/wp\/v2\/pages"}],"about":[{"href":"https:\/\/www.enka.com\/tr\/wp-json\/wp\/v2\/types\/page"}],"author":[{"embeddable":true,"href":"https:\/\/www.enka.com\/tr\/wp-json\/wp\/v2\/users\/25"}],"replies":[{"embeddable":true,"href":"https:\/\/www.enka.com\/tr\/wp-json\/wp\/v2\/comments?post=43869"}],"version-history":[{"count":0,"href":"https:\/\/www.enka.com\/tr\/wp-json\/wp\/v2\/pages\/43869\/revisions"}],"wp:attachment":[{"href":"https:\/\/www.enka.com\/tr\/wp-json\/wp\/v2\/media?parent=43869"}],"curies":[{"name":"wp","href":"https:\/\/api.w.org\/{rel}","templated":true}]}}