{"id":64047,"date":"2020-03-16T14:45:51","date_gmt":"2020-03-16T11:45:51","guid":{"rendered":"https:\/\/www.enka.com\/hakkimizda\/kurumsal-sirket-politikalari\/quality-policy\/"},"modified":"2023-01-03T16:18:23","modified_gmt":"2023-01-03T13:18:23","slug":"kalite-politikasi","status":"publish","type":"page","link":"https:\/\/www.enka.com\/tr\/hakkimizda\/kurumsal-sirket-politikalari\/kalite-politikasi\/","title":{"rendered":"Kalite Politikas\u0131"},"content":{"rendered":"<div class=\"wpb-content-wrapper\">[vc_row][vc_column]<div id=\"ultimate-heading-305869ef8b1570d54\" class=\"uvc-heading ult-adjust-bottom-margin ultimate-heading-305869ef8b1570d54 uvc-9340 \" data-hspacer=\"no_spacer\"  data-halign=\"center\" style=\"text-align:center\"><div class=\"uvc-heading-spacer no_spacer\" style=\"top\"><\/div><div class=\"uvc-main-heading ult-responsive\"  data-ultimate-target='.uvc-heading.ultimate-heading-305869ef8b1570d54 h1'  data-responsive-json-new='{\"font-size\":\"\",\"line-height\":\"\"}' ><h1 style=\"font-weight:bold;color:#025e9e;\">KAL\u0130TE POL\u0130T\u0130KASI<\/h1><\/div><\/div><div class=\"ult-spacer spacer-69ef8b1570dda\" data-id=\"69ef8b1570dda\" data-height=\"20\" data-height-mobile=\"20\" data-height-tab=\"20\" data-height-tab-portrait=\"\" data-height-mobile-landscape=\"\" style=\"clear:both;display:block;\"><\/div>[\/vc_column][\/vc_row][vc_row][vc_column][vc_column_text]\n<p style=\"text-align: justify;\">ENKA \u00dcst Y\u00f6netimi, d\u00fcnya genelinde hizmet veren m\u00fchendislik ve in\u015faat firmalar\u0131 aras\u0131nda en iyi ve yenilik\u00e7i firmalardan biri olmak vizyonu \u0131\u015f\u0131\u011f\u0131nda, g\u00fcvenli, y\u00fcksek kaliteli ve uygun maliyetli in\u015faat projeleri tasarlamak, in\u015fa etmek ve tamamlamak misyonu do\u011frultusunda ger\u00e7ekle\u015ftirdi\u011fi t\u00fcm faaliyetlerinde, gerek merkez operasyonlar\u0131 gerek \u00fcstlendi\u011fi projelerde; \u015firket stratejik hedeflerinin ba\u015far\u0131lmas\u0131n\u0131 sa\u011flamak, sundu\u011fu \u00fcr\u00fcn ve hizmetlerde kaliteyi s\u00fcrd\u00fcr\u00fclebilir k\u0131lmak, i\u015f verimlili\u011fini sa\u011flamak, i\u015fi iyi ve do\u011fru yapmak, i\u015fleri zaman\u0131nda-b\u00fct\u00e7esinde-performans\u0131nda tamamlamak, s\u00fcre\u00e7lerin etkili bir \u015fekilde y\u00fcr\u00fct\u00fclmesini sa\u011flamak, s\u00fcre\u00e7lerin beklenen sonu\u00e7lar\u0131 ortaya \u00e7\u0131karmas\u0131n\u0131 g\u00fcvence alt\u0131na almak, uluslararas\u0131 kalite standartlar\u0131n\u0131 kar\u015f\u0131lamak, \u00e7al\u0131\u015fan e\u011fitim ve geli\u015fimi i\u00e7in altyap\u0131 olu\u015fturmak, m\u00fc\u015fterilerinin-\u00e7al\u0131\u015fanlar\u0131n\u0131n ve payda\u015flar\u0131n\u0131n ihtiya\u00e7lar\u0131n\u0131 ve beklentilerini kar\u015f\u0131lamak ama\u00e7lar\u0131yla etkin bir kalite y\u00f6netim sistemi olu\u015fturaca\u011f\u0131n\u0131, uygulamaya ge\u00e7irece\u011fini ve s\u00fcrekli geli\u015ftirece\u011fini taahh\u00fct etmektedir.<\/p>\n[\/vc_column_text][\/vc_column][\/vc_row][vc_row][vc_column][vc_column_text]Bu ama\u00e7la olu\u015fturulan Kalite Politikas\u0131 a\u015fa\u011f\u0131daki temel gereksinimleri sa\u011flayacakt\u0131r:<\/p>\n<p><strong>1. M\u00fc\u015fteri Odakl\u0131l\u0131k &amp; Geri Bildirim<\/strong><\/p>\n<ul style=\"list-style-type: circle;\">\n<li>Gereksinimler ve g\u00f6stergeler konusunda m\u00fc\u015fteri ile uyumlu olmak<\/li>\n<li>Kalite performans\u0131 hakk\u0131nda m\u00fc\u015fteri ile d\u00fczenli ileti\u015fim kurmak<\/li>\n<li>M\u00fc\u015fterinin endi\u015fe ve fikirlerine h\u0131zl\u0131ca yan\u0131t vermek<\/li>\n<li>M\u00fc\u015fteri memnuniyetini art\u0131rmaya odaklanmak<\/li>\n<li>Uygulanabilir gereksinimleri kar\u015f\u0131lamak<\/li>\n<\/ul>\n<p><strong>2. Liderlik &amp; Y\u00f6netim<\/strong><\/p>\n<ul style=\"list-style-type: circle;\">\n<li>Kalite sorunlar\u0131n\u0131 tespit eden personeli desteklemek<\/li>\n<li>A\u00e7\u0131k ortam\u0131 s\u00fcrd\u00fcrmek<\/li>\n<li>Kalite y\u00f6netim sistemi i\u00e7in ihtiya\u00e7 duyulan kaynaklar\u0131 temin etmek<\/li>\n<li>Kalite y\u00f6netim sisteminin etkinli\u011fini sa\u011flamak i\u00e7in sorumluluk almak<\/li>\n<li>S\u00fcre\u00e7 yakla\u015f\u0131m\u0131n\u0131n kullan\u0131lmas\u0131n\u0131 ve risk bazl\u0131 d\u00fc\u015f\u00fcnmeyi te\u015fvik etmek<\/li>\n<\/ul>\n<p><strong>3. \u00d6v\u00fcnme &amp; Yetkilendirme<\/strong><\/p>\n<ul style=\"list-style-type: circle;\">\n<li>Maliyet veya i\u015f program\u0131 endi\u015fesiyle kaliteden \u00f6d\u00fcn vermemek<\/li>\n<li>Yap\u0131lan i\u015fin kalitesiyle gurur duymak ve sorumluluk almak<\/li>\n<li>Kalite ile ilgili endi\u015felerini raporlama ve geri bildirim verme konular\u0131nda \u00e7al\u0131\u015fanlar\u0131 te\u015fvik etmek<\/li>\n<\/ul>\n<p><strong>4. S\u00fcre\u00e7ler &amp; Prosed\u00fcrler<\/strong><\/p>\n<ul style=\"list-style-type: circle;\">\n<li>Etkili prosed\u00fcrler, s\u00fcre\u00e7ler ve e\u011fitimler uygulamak<\/li>\n<li>K\u00fclt\u00fcr ile bir b\u00fct\u00fcn haline gelmi\u015f s\u00fcre\u00e7lere ba\u011fl\u0131l\u0131k g\u00f6stermek<\/li>\n<li>Prosed\u00fcrleri zaman\u0131nda geli\u015ftirmek<\/li>\n<li>S\u00fcre\u00e7leri geli\u015ftirmek i\u00e7in geri bildirim verilmesini desteklemek<\/li>\n<li>Kalite y\u00f6netim sistemini s\u00fcrekli iyile\u015ftirmek<\/li>\n<\/ul>\n<p><strong>5. A\u00e7\u0131k Ortam<\/strong><\/p>\n<ul style=\"list-style-type: circle;\">\n<li>Sorgulay\u0131c\u0131 davran\u0131\u015f sergilemek<\/li>\n<li>Sorunlar\u0131 \u015feffaf bir yakla\u015f\u0131m ile ele almak<\/li>\n<li>Kalite ile ilgili ku\u015fku olmas\u0131 halinde i\u015fi durdurmay\u0131 te\u015fvik etmek<\/li>\n<li>Kalite sorunlar\u0131n\u0131 tespit etme ve \u00e7\u00f6zme konusunda \u00e7al\u0131\u015fanlar\u0131 te\u015fvik etmek<\/li>\n<\/ul>\n<p><strong>6. \u0130zleme &amp; \u0130leti\u015fim<\/strong><\/p>\n<ul style=\"list-style-type: circle;\">\n<li>Problemleri kararl\u0131 bir \u015fekilde ara\u015ft\u0131rmak ve raporlamak<\/li>\n<li>Sorunlar\u0131 zaman\u0131nda \u00e7\u00f6zmek<\/li>\n<li>Kalite g\u00f6stergelerini kontrol etmek<\/li>\n<li>Kazan\u0131lan deneyimleri ve en iyi uygulamalar\u0131 kurumsalla\u015ft\u0131r\u0131lmak \u00fczere payla\u015fmak<\/li>\n<\/ul>\n<p><strong>7. Bilgi &amp; S\u00fcrd\u00fcr\u00fclebilirlik<\/strong><\/p>\n<ul style=\"list-style-type: circle;\">\n<li>Kurumsal bilgiyi korumak ve s\u00fcrd\u00fcrmek<\/li>\n<li>Kurum k\u00fclt\u00fcr\u00fcn\u00fc s\u00fcrd\u00fcrmek<\/li>\n<li>Enka varl\u0131klar\u0131na de\u011fer vermek ve onlar\u0131 korumak<\/li>\n<li>Kalite y\u00f6netim sistemini etkileyebilecek risk ve f\u0131rsatlar\u0131 belirlemek<\/li>\n<li>Yetkinlik ve kariyer geli\u015fimini te\u015fvik etmek<\/li>\n<\/ul>\n[\/vc_column_text][\/vc_column][\/vc_row][vc_row full_width=&#8221;stretch_row_content_no_spaces&#8221;][vc_column]<div class=\"ult-spacer spacer-69ef8b1570dfe\" data-id=\"69ef8b1570dfe\" data-height=\"20\" data-height-mobile=\"20\" data-height-tab=\"20\" data-height-tab-portrait=\"\" data-height-mobile-landscape=\"\" style=\"clear:both;display:block;\"><\/div><div id=\"ultimate-heading-251369ef8b1570e32\" class=\"uvc-heading ult-adjust-bottom-margin ultimate-heading-251369ef8b1570e32 uvc-3328 \" data-hspacer=\"no_spacer\"  data-halign=\"center\" style=\"text-align:center\"><div class=\"uvc-heading-spacer no_spacer\" style=\"top\"><\/div><div class=\"uvc-main-heading ult-responsive\"  data-ultimate-target='.uvc-heading.ultimate-heading-251369ef8b1570e32 h2'  data-responsive-json-new='{\"font-size\":\"\",\"line-height\":\"\"}' ><h2 style=\"font-weight:normal;color:#025e9e;\">Kalite Politikas\u0131\u2019n\u0131 indir<\/h2><\/div><\/div><div class=\"ult-spacer spacer-69ef8b1570e6e\" data-id=\"69ef8b1570e6e\" data-height=\"32\" data-height-mobile=\"32\" data-height-tab=\"32\" data-height-tab-portrait=\"\" data-height-mobile-landscape=\"\" style=\"clear:both;display:block;\"><\/div>[\/vc_column][\/vc_row][vc_row][vc_column width=&#8221;1\/4&#8243;][vc_single_image image=&#8221;49299&#8243; img_size=&#8221;full&#8221; alignment=&#8221;center&#8221; style=&#8221;vc_box_shadow_3d&#8221; onclick=&#8221;custom_link&#8221; img_link_target=&#8221;_blank&#8221; css_animation=&#8221;fadeIn&#8221; link=&#8221;http:\/\/www.enka.com\/allfiles\/media\/posters\/QUALITY_POLICY_TR.pdf&#8221;][vc_btn title=&#8221;T\u00dcRK\u00c7E&#8221; style=&#8221;flat&#8221; shape=&#8221;square&#8221; size=&#8221;lg&#8221; align=&#8221;center&#8221; i_icon_fontawesome=&#8221;fa fa-file-pdf-o&#8221; css_animation=&#8221;fadeIn&#8221; button_block=&#8221;true&#8221; add_icon=&#8221;true&#8221; link=&#8221;url:http%3A%2F%2Fwww.enka.com%2Fallfiles%2Fmedia%2Fposters%2FQUALITY_POLICY_TR.pdf|title:Quality%20Policy%20Turkish|target:%20_blank|&#8221; css=&#8221;.vc_custom_1513762246968{border-radius: 1px !important;}&#8221;][\/vc_column][vc_column width=&#8221;1\/4&#8243;][vc_single_image image=&#8221;49301&#8243; img_size=&#8221;full&#8221; alignment=&#8221;center&#8221; style=&#8221;vc_box_shadow_3d&#8221; onclick=&#8221;custom_link&#8221; img_link_target=&#8221;_blank&#8221; css_animation=&#8221;fadeIn&#8221; link=&#8221;http:\/\/www.enka.com\/allfiles\/media\/posters\/QUALITY_POLICY_ENG.pdf&#8221;][vc_btn title=&#8221;\u0130NG\u0130L\u0130ZCE&#8221; style=&#8221;flat&#8221; shape=&#8221;square&#8221; size=&#8221;lg&#8221; align=&#8221;center&#8221; i_icon_fontawesome=&#8221;fa fa-file-pdf-o&#8221; css_animation=&#8221;fadeIn&#8221; button_block=&#8221;true&#8221; add_icon=&#8221;true&#8221; link=&#8221;url:http%3A%2F%2Fwww.enka.com%2Fallfiles%2Fmedia%2Fposters%2FQUALITY_POLICY_ENG.pdf|title:Quality%20Policy%20English|target:%20_blank|&#8221; css=&#8221;.vc_custom_1513762261079{border-radius: 1px !important;}&#8221;][\/vc_column][vc_column width=&#8221;1\/4&#8243;][vc_single_image image=&#8221;49300&#8243; img_size=&#8221;full&#8221; alignment=&#8221;center&#8221; style=&#8221;vc_box_shadow_3d&#8221; onclick=&#8221;custom_link&#8221; img_link_target=&#8221;_blank&#8221; css_animation=&#8221;fadeIn&#8221; link=&#8221;http:\/\/www.enka.com\/allfiles\/media\/posters\/QUALITY_POLICY_RUS.pdf&#8221;][vc_btn title=&#8221;RUS\u00c7A&#8221; style=&#8221;flat&#8221; shape=&#8221;square&#8221; size=&#8221;lg&#8221; align=&#8221;center&#8221; i_icon_fontawesome=&#8221;fa fa-file-pdf-o&#8221; css_animation=&#8221;fadeIn&#8221; button_block=&#8221;true&#8221; add_icon=&#8221;true&#8221; link=&#8221;url:http%3A%2F%2Fwww.enka.com%2Fallfiles%2Fmedia%2Fposters%2FQUALITY_POLICY_RUS.pdf|title:Quality%20Policy%20Russian|target:%20_blank|&#8221; css=&#8221;.vc_custom_1513762700639{border-radius: 1px !important;}&#8221;][\/vc_column][vc_column width=&#8221;1\/4&#8243;][vc_single_image image=&#8221;50555&#8243; img_size=&#8221;full&#8221; alignment=&#8221;center&#8221; style=&#8221;vc_box_shadow_3d&#8221; onclick=&#8221;custom_link&#8221; img_link_target=&#8221;_blank&#8221; css_animation=&#8221;fadeIn&#8221; link=&#8221;http:\/\/www.enka.com\/allfiles\/media\/posters\/QUALITY_POLICY_ARAB.pdf&#8221;][vc_btn title=&#8221;ARAP\u00c7A&#8221; style=&#8221;flat&#8221; shape=&#8221;square&#8221; size=&#8221;lg&#8221; align=&#8221;center&#8221; i_icon_fontawesome=&#8221;fa fa-file-pdf-o&#8221; css_animation=&#8221;fadeIn&#8221; button_block=&#8221;true&#8221; add_icon=&#8221;true&#8221; link=&#8221;url:http%3A%2F%2Fwww.enka.com%2Fallfiles%2Fmedia%2Fposters%2FQUALITY_POLICY_ARAB.pdf|title:Quality%20Policy%20Russian|target:%20_blank|&#8221; css=&#8221;.vc_custom_1518596536500{border-radius: 1px !important;}&#8221;][\/vc_column][\/vc_row]\n<\/div>","protected":false},"excerpt":{"rendered":"<p>[vc_row][vc_column][\/vc_column][\/vc_row][vc_row][vc_column][vc_column_text] ENKA \u00dcst Y\u00f6netimi, d\u00fcnya genelinde hizmet veren m\u00fchendislik ve in\u015faat firmalar\u0131 aras\u0131nda en iyi ve yenilik\u00e7i firmalardan biri olmak vizyonu \u0131\u015f\u0131\u011f\u0131nda, g\u00fcvenli, y\u00fcksek kaliteli ve uygun maliyetli in\u015faat projeleri tasarlamak, in\u015fa etmek ve tamamlamak misyonu do\u011frultusunda ger\u00e7ekle\u015ftirdi\u011fi t\u00fcm faaliyetlerinde, gerek merkez operasyonlar\u0131 gerek \u00fcstlendi\u011fi projelerde; \u015firket stratejik hedeflerinin ba\u015far\u0131lmas\u0131n\u0131 sa\u011flamak, sundu\u011fu \u00fcr\u00fcn ve hizmetlerde <a class=\"more-link\" href=\"https:\/\/www.enka.com\/tr\/hakkimizda\/kurumsal-sirket-politikalari\/kalite-politikasi\/\">Continue reading <i class=\"fa fa-chevron-right\"><\/i><\/a><\/p>\n","protected":false},"author":25,"featured_media":0,"parent":63716,"menu_order":0,"comment_status":"closed","ping_status":"closed","template":"","meta":{"_acf_changed":false,"footnotes":""},"class_list":["post-64047","page","type-page","status-publish","hentry"],"aioseo_notices":[],"acf":[],"_links":{"self":[{"href":"https:\/\/www.enka.com\/tr\/wp-json\/wp\/v2\/pages\/64047","targetHints":{"allow":["GET"]}}],"collection":[{"href":"https:\/\/www.enka.com\/tr\/wp-json\/wp\/v2\/pages"}],"about":[{"href":"https:\/\/www.enka.com\/tr\/wp-json\/wp\/v2\/types\/page"}],"author":[{"embeddable":true,"href":"https:\/\/www.enka.com\/tr\/wp-json\/wp\/v2\/users\/25"}],"replies":[{"embeddable":true,"href":"https:\/\/www.enka.com\/tr\/wp-json\/wp\/v2\/comments?post=64047"}],"version-history":[{"count":0,"href":"https:\/\/www.enka.com\/tr\/wp-json\/wp\/v2\/pages\/64047\/revisions"}],"up":[{"embeddable":true,"href":"https:\/\/www.enka.com\/tr\/wp-json\/wp\/v2\/pages\/63716"}],"wp:attachment":[{"href":"https:\/\/www.enka.com\/tr\/wp-json\/wp\/v2\/media?parent=64047"}],"curies":[{"name":"wp","href":"https:\/\/api.w.org\/{rel}","templated":true}]}}