{"id":64077,"date":"2020-03-16T17:29:37","date_gmt":"2020-03-16T14:29:37","guid":{"rendered":"https:\/\/www.enka.com\/hakkimizda\/kurumsal-sirket-politikalari\/health-safety-policy\/"},"modified":"2023-01-03T14:16:54","modified_gmt":"2023-01-03T11:16:54","slug":"cgss-politikasi","status":"publish","type":"page","link":"https:\/\/www.enka.com\/tr\/hakkimizda\/kurumsal-sirket-politikalari\/cgss-politikasi\/","title":{"rendered":"\u00c7GSS Politikas\u0131"},"content":{"rendered":"<div class=\"wpb-content-wrapper\">[vc_row][vc_column]<div id=\"ultimate-heading-253069f85f0254a33\" class=\"uvc-heading ult-adjust-bottom-margin ultimate-heading-253069f85f0254a33 uvc-5748 \" data-hspacer=\"no_spacer\"  data-halign=\"center\" style=\"text-align:center\"><div class=\"uvc-heading-spacer no_spacer\" style=\"top\"><\/div><div class=\"uvc-main-heading ult-responsive\"  data-ultimate-target='.uvc-heading.ultimate-heading-253069f85f0254a33 h1'  data-responsive-json-new='{\"font-size\":\"\",\"line-height\":\"\"}' ><h1 style=\"font-weight:bold;color:#025e9e;\">\u00c7EVRE, \u0130\u015e G\u00dcVENL\u0130\u011e\u0130, SA\u011eLI\u011eI VE SOSYAL SORUMLULUK POL\u0130T\u0130KASI<\/h1><\/div><\/div><div class=\"ult-spacer spacer-69f85f0254ab0\" data-id=\"69f85f0254ab0\" data-height=\"20\" data-height-mobile=\"20\" data-height-tab=\"20\" data-height-tab-portrait=\"\" data-height-mobile-landscape=\"\" style=\"clear:both;display:block;\"><\/div>[\/vc_column][\/vc_row][vc_row][vc_column][vc_column_text]\n<p style=\"text-align: justify;\">ENKA \u00dcst Y\u00f6netimi, d\u00fcnya genelinde hizmet veren m\u00fchendislik ve in\u015faat firmalar\u0131 aras\u0131nda en iyi, g\u00fcvenli ve yenilik\u00e7i firmalardan biri olmak vizyonu \u0131\u015f\u0131\u011f\u0131nda, g\u00fcvenli, i\u015f kazas\u0131z ve \u00e7evre etkileri minimize edilmi\u015f in\u015faat projeleri tasarlamak, in\u015fa etmek ve tamamlamak misyonu do\u011frultusunda ger\u00e7ekle\u015ftirdi\u011fi t\u00fcm faaliyetlerinde, gerek merkez operasyonlar\u0131 gerekse de \u00fcstlendi\u011fi projelerde; i\u015f sa\u011fl\u0131\u011f\u0131, g\u00fcvenli\u011fi ve \u00e7evre hedeflerinin ba\u015far\u0131lmas\u0131n\u0131 sa\u011flamak, organizasyondaki t\u00fcm seviyelerde i\u015f sa\u011fl\u0131\u011f\u0131 ve g\u00fcvenli\u011fi liderli\u011finin etkin bir bi\u00e7imde uygulamas\u0131n\u0131 ba\u015farmak, sundu\u011fu \u00fcr\u00fcn ve hizmetlerde i\u015f sa\u011fl\u0131\u011f\u0131, g\u00fcvenli\u011fi ve \u00e7evrenin korumas\u0131n\u0131 s\u00fcrd\u00fcr\u00fclebilir k\u0131lmak, faaliyetlerini risk temelli bak\u0131\u015f a\u00e7\u0131s\u0131 ile ger\u00e7ekle\u015ftirmek, ger\u00e7ekle\u015fen i\u015f kazalar\u0131n\u0131n ve i\u015f ile ilgili hastal\u0131klar\u0131n engellenmesini sa\u011flamak, g\u00fcvenli \u00e7al\u0131\u015fma ortamlar\u0131 olu\u015fturmak, t\u00fcm kazalar\u0131n k\u00f6k sebeplerinin ara\u015ft\u0131r\u0131ld\u0131\u011f\u0131ndan ve uygun aksiyonlar\u0131n al\u0131nd\u0131\u011f\u0131ndan emin olmak, faaliyetler sonucu olu\u015fan \u00e7evresel etkilerin ilgili gereksinimlere uygun \u015fekilde minimize etmek, s\u00fcre\u00e7lerin etkili bir \u015fekilde y\u00fcr\u00fct\u00fclmesini sa\u011flamak, s\u00fcre\u00e7lerin beklenen sonu\u00e7lar\u0131 ortaya \u00e7\u0131karmas\u0131n\u0131 g\u00fcvence alt\u0131na almak, ilgili ulusal ve uluslararas\u0131 i\u015f sa\u011fl\u0131\u011f\u0131, g\u00fcvenli\u011fi ve \u00e7evre y\u00f6netim standartlar\u0131n\u0131 kar\u015f\u0131lamak, \u00e7al\u0131\u015fanlar\u0131n yetkinli\u011fini temin edebilmek i\u00e7in e\u011fitim ve geli\u015fim ama\u00e7l\u0131 altyap\u0131 olu\u015fturmak, m\u00fc\u015fterilerinin-\u00e7al\u0131\u015fanlar\u0131n\u0131n ve payda\u015flar\u0131n\u0131n ihtiya\u00e7lar\u0131n\u0131 ve beklentilerini kar\u015f\u0131lamak ama\u00e7lar\u0131yla etkin bir i\u015f sa\u011fl\u0131\u011f\u0131, g\u00fcvenli\u011fi ve \u00e7evre y\u00f6netim sistemi olu\u015fturaca\u011f\u0131n\u0131, uygulamaya ge\u00e7irece\u011fini ve s\u00fcrekli geli\u015ftirece\u011fini taahh\u00fct etmektedir.<\/p>\n[\/vc_column_text][\/vc_column][\/vc_row][vc_row][vc_column][vc_column_text]Bu ama\u00e7la olu\u015fturulan \u0130\u015f Sa\u011fl\u0131\u011f\u0131 &amp; G\u00fcvenli\u011fi Politikas\u0131 a\u015fa\u011f\u0131daki temel gereksinimleri sa\u011flayacakt\u0131r:<\/p>\n<p>&nbsp;<\/p>\n<p><strong>1. Liderlik Ve Taahh\u00fct<\/strong><\/p>\n<ul style=\"list-style-type: circle;\">\n<li>S\u0131f\u0131r kaza hedefine olan inan\u00e7, \u00e7evre kirlili\u011fi, meslek hastal\u0131\u011f\u0131 ve sosyal ihtilaflar\u0131n \u00f6nlenmesine y\u00f6nelik kararl\u0131l\u0131k<\/li>\n<li>\u00c7evre, i\u015f g\u00fcvenli\u011fi, sa\u011fl\u0131\u011f\u0131 ve sosyal sorumlulu\u011fun birer de\u011fer olarak ele al\u0131nmas\u0131<\/li>\n<li>\u00dcst y\u00f6netimden her kademede \u00e7al\u0131\u015fana kadar \u00c7GSS taahh\u00fcd\u00fcn\u00fcn duyurulmas\u0131<\/li>\n<li>S\u00fcrekli iyile\u015fmenin desteklenmesi<\/li>\n<li>\u00c7al\u0131\u015fan kat\u0131l\u0131m\u0131n\u0131n sa\u011flanmas\u0131<\/li>\n<li>G\u00f6rev ve sorumluluklar\u0131n belirlenmesi ve payla\u015f\u0131lmas\u0131<\/li>\n<li>Gerekli kaynaklar\u0131n temin edilmesi<\/li>\n<li>Ayr\u0131mc\u0131l\u0131k yap\u0131lmayan, sayg\u0131n \u00e7al\u0131\u015fma ortam\u0131n\u0131n sa\u011fland\u0131\u011f\u0131ndan emin olunmas\u0131<\/li>\n<li>G\u00fcvenli \u00e7al\u0131\u015fma ortam\u0131n\u0131n sa\u011fland\u0131\u011f\u0131ndan emin olunmas\u0131<\/li>\n<li>\u00c7evre, i\u015f g\u00fcvenli\u011fi, sa\u011fl\u0131\u011f\u0131 ve sosyal sorumluk konular\u0131nda hesap verilebilir olunmas\u0131<\/li>\n<\/ul>\n<p><strong>2. Planlama<\/strong><\/p>\n<ul style=\"list-style-type: circle;\">\n<li>\u0130\u00e7 ve d\u0131\u015f hususlar\u0131n belirlenmesi<\/li>\n<li>Risklerin ve f\u0131rsatlar\u0131n de\u011ferlendirilmesi<\/li>\n<li>Ge\u00e7erli t\u00fcm yasalara, mevzuatlara ve gerekliliklere uyum<\/li>\n<li>\u00c7evrenin ve etkilenen topluluklar\u0131n korunmas\u0131<\/li>\n<li>S\u00fcrd\u00fcr\u00fclebilirli\u011fin sa\u011flanmas\u0131<\/li>\n<li>Hedeflere ve kilit performans g\u00f6stergelerine ula\u015fmak i\u00e7in uygun planlaman\u0131n yap\u0131lmas\u0131<\/li>\n<\/ul>\n<p><strong>3. Risk Y\u00f6netimi<\/strong><\/p>\n<ul style=\"list-style-type: circle;\">\n<li>Risk tabanl\u0131 d\u00fc\u015f\u00fcnce yap\u0131s\u0131n\u0131n sa\u011flanmas\u0131<\/li>\n<li>Pro-aktif (\u00f6nleyici) tutum izlenmesi<\/li>\n<li>T\u00fcm tehlikelerin, risklerin, \u00e7evresel ve sosyal etkilerin belirlenmesi, bertaraf edilmesi ve azalt\u0131lmas\u0131<\/li>\n<li>Muhtemel acil durumlar\u0131n ve krizlerin belirlenmesi<\/li>\n<li>Acil durum riskinin azalt\u0131lmas\u0131<\/li>\n<\/ul>\n<p><strong>4. Uygulama<\/strong><\/p>\n<ul style=\"list-style-type: circle;\">\n<li>\u0130\u015f aktivitelerinin \u00c7GSS y\u00f6netim sistemi ile uyumlu olarak yap\u0131lmas\u0131<\/li>\n<li>Do\u011fal kaynaklar\u0131n verimli kullan\u0131lmas\u0131<\/li>\n<li>Acil durumlar\u0131n y\u00f6netilmesi ve acil durum m\u00fcdahalelerinin tatbikatlarla test edilmesi<\/li>\n<li>G\u00fcvenli alet ve ekipman tedarik edilmesi<\/li>\n<li>Do\u011fru dok\u00fcmantasyonun ve etkili raporlaman\u0131n sa\u011fland\u0131\u011f\u0131ndan emin olunmas\u0131<\/li>\n<li>Alt y\u00fcklenicilerin \u00c7GSS y\u00f6netim sistemine dahil edilmesi<\/li>\n<\/ul>\n<p><strong>5. Yetkinlik<\/strong><\/p>\n<ul style=\"list-style-type: circle;\">\n<li>\u00c7al\u0131\u015fanlar\u0131n \u00c7GSS politikas\u0131 konusunda bilgilendirilmesi<\/li>\n<li>\u00c7GSS e\u011fitimlerinin sa\u011flanmas\u0131<\/li>\n<li>\u00c7GSS y\u00f6netim sistemlerini ilgilendiren konularda \u00e7al\u0131\u015fanlara dan\u0131\u015f\u0131lmas\u0131<\/li>\n<li>\u00c7al\u0131\u015fanlar\u0131n \u00c7GSS fark\u0131ndal\u0131\u011f\u0131n\u0131n art\u0131r\u0131lmas\u0131<\/li>\n<li>Davran\u0131\u015fa dayal\u0131 i\u015f sa\u011fl\u0131\u011f\u0131 ve g\u00fcvenli\u011fi programlar\u0131n\u0131n uygulanmas\u0131<\/li>\n<\/ul>\n<p><strong>6. Hedefler ve Kilit Performans G\u00f6stergeleri<\/strong><\/p>\n<ul style=\"list-style-type: circle;\">\n<li>Uygulanabilir gereksinimler, risk &amp; f\u0131rsatlar ve \u00e7al\u0131\u015fanlar\u0131n kat\u0131l\u0131m\u0131 do\u011frultusunda smart \u00c7GSS hedeflerinin belirlenmesi<\/li>\n<li>\u00c7GSS ama\u00e7lar\u0131 ve hedefleri konusunda alt y\u00fcklenicilerin bilgilendirilmesi<\/li>\n<li>\u00c7GSS hedeflerinin uygun \u015fekilde ileti\u015fimi ve g\u00fcncellenmesi<\/li>\n<\/ul>\n<p><strong>7. \u0130zleme ve G\u00f6zden Ge\u00e7irme<\/strong><\/p>\n<ul style=\"list-style-type: circle;\">\n<li>\u00c7GSS hedeflerinin ve kilit performans g\u00f6stergelerinin izlenmesi<\/li>\n<li>\u00c7GSS y\u00f6netim sistemine uyumun de\u011ferlendirilmesi<\/li>\n<li>Y\u00f6netim g\u00f6zden ge\u00e7irme de\u011ferlendirmelerinin d\u00fczenli olarak yap\u0131lmas\u0131<\/li>\n<li>Kazan\u0131lan derslerin ve iyi uygulamalar\u0131n payla\u015f\u0131lmas\u0131<\/li>\n<li>Alt y\u00fcklenicilerin \u00c7GSS performanslar\u0131n\u0131n takip edilmesi ve de\u011ferlendirilmesi<\/li>\n<li>Y\u00f6netim g\u00f6zden ge\u00e7irme \u00e7\u0131kt\u0131lar\u0131 ile birlikte \u00c7GSS y\u00f6netim sisteminin iyile\u015ftirilmesi<\/li>\n<\/ul>\n<p><strong>8. Sosyal Sorumluluk<\/strong><\/p>\n<ul style=\"list-style-type: circle;\">\n<li>Projeden etkilenen topluluklarla ve kom\u015fularla iyi ili\u015fkilerin olu\u015fturulmas\u0131<\/li>\n<li>Adil ve \u015feffaf i\u015fe al\u0131m s\u00fcre\u00e7lerinin sa\u011flanmas\u0131<\/li>\n<li>E\u015fit f\u0131rsatlar\u0131n ve \u00e7al\u0131\u015fan refah\u0131n\u0131n sa\u011fland\u0131\u011f\u0131ndan emin olunmas\u0131, projeden etkilenen topluluklar\u0131n \u00c7GSS fark\u0131ndal\u0131klar\u0131n\u0131n art\u0131r\u0131lmas\u0131<\/li>\n<\/ul>\n[\/vc_column_text][\/vc_column][\/vc_row][vc_row full_width=&#8221;stretch_row_content_no_spaces&#8221;][vc_column]<div class=\"ult-spacer spacer-69f85f0254ad7\" data-id=\"69f85f0254ad7\" data-height=\"20\" data-height-mobile=\"20\" data-height-tab=\"20\" data-height-tab-portrait=\"\" data-height-mobile-landscape=\"\" style=\"clear:both;display:block;\"><\/div><div id=\"ultimate-heading-842869f85f0254b09\" class=\"uvc-heading ult-adjust-bottom-margin ultimate-heading-842869f85f0254b09 uvc-498 \" data-hspacer=\"no_spacer\"  data-halign=\"center\" style=\"text-align:center\"><div class=\"uvc-heading-spacer no_spacer\" style=\"top\"><\/div><div class=\"uvc-main-heading ult-responsive\"  data-ultimate-target='.uvc-heading.ultimate-heading-842869f85f0254b09 h2'  data-responsive-json-new='{\"font-size\":\"\",\"line-height\":\"\"}' ><h2 style=\"font-weight:normal;color:#025e9e;\">\u00c7evre, \u0130\u015f G\u00fcvenli\u011fi, Sa\u011fl\u0131\u011f\u0131 ve Sosyal Sorumluluk Politikas\u0131\u2019n\u0131 indir:<\/h2><\/div><\/div><div class=\"ult-spacer spacer-69f85f0254b44\" data-id=\"69f85f0254b44\" data-height=\"20\" data-height-mobile=\"20\" data-height-tab=\"20\" data-height-tab-portrait=\"\" data-height-mobile-landscape=\"\" style=\"clear:both;display:block;\"><\/div>[\/vc_column][\/vc_row][vc_row][vc_column width=&#8221;1\/4&#8243;][vc_single_image image=&#8221;64072&#8243; img_size=&#8221;full&#8221; alignment=&#8221;center&#8221; style=&#8221;vc_box_shadow_3d&#8221; onclick=&#8221;custom_link&#8221; img_link_target=&#8221;_blank&#8221; css_animation=&#8221;fadeIn&#8221; link=&#8221;https:\/\/www.enka.com\/allfiles\/media\/posters\/HSSE_POLICY_TR.pdf&#8221;][vc_btn title=&#8221;T\u00dcRK\u00c7E&#8221; style=&#8221;flat&#8221; shape=&#8221;square&#8221; size=&#8221;lg&#8221; align=&#8221;center&#8221; i_icon_fontawesome=&#8221;fa fa-file-pdf-o&#8221; css_animation=&#8221;fadeIn&#8221; button_block=&#8221;true&#8221; add_icon=&#8221;true&#8221; link=&#8221;url:https%3A%2F%2Fwww.enka.com%2Fallfiles%2Fmedia%2Fposters%2FHSSE_POLICY_TR.pdf|title:HSSE%20Policy%20Turkish|target:%20_blank|&#8221; css=&#8221;.vc_custom_1570445921582{border-radius: 1px !important;}&#8221;][\/vc_column][vc_column width=&#8221;1\/4&#8243;][vc_single_image image=&#8221;64075&#8243; img_size=&#8221;full&#8221; alignment=&#8221;center&#8221; style=&#8221;vc_box_shadow_3d&#8221; onclick=&#8221;custom_link&#8221; img_link_target=&#8221;_blank&#8221; css_animation=&#8221;fadeIn&#8221; link=&#8221;https:\/\/www.enka.com\/allfiles\/media\/posters\/HSSE_POLICY_ENG.pdf&#8221;][vc_btn title=&#8221;\u0130NG\u0130L\u0130ZCE&#8221; style=&#8221;flat&#8221; shape=&#8221;square&#8221; size=&#8221;lg&#8221; align=&#8221;center&#8221; i_icon_fontawesome=&#8221;fa fa-file-pdf-o&#8221; css_animation=&#8221;fadeIn&#8221; button_block=&#8221;true&#8221; add_icon=&#8221;true&#8221; link=&#8221;url:https%3A%2F%2Fwww.enka.com%2Fallfiles%2Fmedia%2Fposters%2FHSSE_POLICY_ENG.pdf|title:HSSE%20Policy%20English|target:%20_blank|&#8221; css=&#8221;.vc_custom_1570446519242{border-radius: 1px !important;}&#8221;][\/vc_column][vc_column width=&#8221;1\/4&#8243;][vc_single_image image=&#8221;64069&#8243; img_size=&#8221;full&#8221; alignment=&#8221;center&#8221; style=&#8221;vc_box_shadow_3d&#8221; onclick=&#8221;custom_link&#8221; img_link_target=&#8221;_blank&#8221; css_animation=&#8221;fadeIn&#8221; link=&#8221;https:\/\/www.enka.com\/allfiles\/media\/posters\/HSSE_POLICY_RUS.pdf&#8221;][vc_btn title=&#8221;RUS\u00c7A&#8221; style=&#8221;flat&#8221; shape=&#8221;square&#8221; size=&#8221;lg&#8221; align=&#8221;center&#8221; i_icon_fontawesome=&#8221;fa fa-file-pdf-o&#8221; css_animation=&#8221;fadeIn&#8221; button_block=&#8221;true&#8221; add_icon=&#8221;true&#8221; link=&#8221;url:https%3A%2F%2Fwww.enka.com%2Fallfiles%2Fmedia%2Fposters%2FHSSE_POLICY_RUS.pdf|title:HSSE%20Policy%20Russian|target:%20_blank|&#8221; css=&#8221;.vc_custom_1570446555036{border-radius: 1px !important;}&#8221;][\/vc_column][vc_column width=&#8221;1\/4&#8243;][vc_single_image image=&#8221;64066&#8243; img_size=&#8221;full&#8221; alignment=&#8221;center&#8221; style=&#8221;vc_box_shadow_3d&#8221; onclick=&#8221;custom_link&#8221; img_link_target=&#8221;_blank&#8221; css_animation=&#8221;fadeIn&#8221; link=&#8221;http:\/\/www.enka.com\/sustainability\/wp-content\/uploads\/2018\/02\/HSSE_POLICY_ARAB.pdf&#8221;][vc_btn title=&#8221;ARAP\u00c7A&#8221; style=&#8221;flat&#8221; shape=&#8221;square&#8221; size=&#8221;lg&#8221; align=&#8221;center&#8221; i_icon_fontawesome=&#8221;fa fa-file-pdf-o&#8221; css_animation=&#8221;fadeIn&#8221; button_block=&#8221;true&#8221; add_icon=&#8221;true&#8221; link=&#8221;url:https%3A%2F%2Fwww.enka.com%2Fallfiles%2Fmedia%2Fposters%2FHSSE_POLICY_ARAB.pdf|title:HSSE%20Policy%20Arab|target:%20_blank|&#8221; css=&#8221;.vc_custom_1570446627938{border-radius: 1px !important;}&#8221;][\/vc_column][\/vc_row]\n<\/div>","protected":false},"excerpt":{"rendered":"<p>[vc_row][vc_column][\/vc_column][\/vc_row][vc_row][vc_column][vc_column_text] ENKA \u00dcst Y\u00f6netimi, d\u00fcnya genelinde hizmet veren m\u00fchendislik ve in\u015faat firmalar\u0131 aras\u0131nda en iyi, g\u00fcvenli ve yenilik\u00e7i firmalardan biri olmak vizyonu \u0131\u015f\u0131\u011f\u0131nda, g\u00fcvenli, i\u015f kazas\u0131z ve \u00e7evre etkileri minimize edilmi\u015f in\u015faat projeleri tasarlamak, in\u015fa etmek ve tamamlamak misyonu do\u011frultusunda ger\u00e7ekle\u015ftirdi\u011fi t\u00fcm faaliyetlerinde, gerek merkez operasyonlar\u0131 gerekse de \u00fcstlendi\u011fi projelerde; i\u015f sa\u011fl\u0131\u011f\u0131, g\u00fcvenli\u011fi ve \u00e7evre <a class=\"more-link\" href=\"https:\/\/www.enka.com\/tr\/hakkimizda\/kurumsal-sirket-politikalari\/cgss-politikasi\/\">Continue reading <i class=\"fa fa-chevron-right\"><\/i><\/a><\/p>\n","protected":false},"author":25,"featured_media":67812,"parent":63716,"menu_order":0,"comment_status":"closed","ping_status":"closed","template":"","meta":{"_acf_changed":false,"footnotes":""},"class_list":["post-64077","page","type-page","status-publish","has-post-thumbnail","hentry"],"aioseo_notices":[],"acf":[],"_links":{"self":[{"href":"https:\/\/www.enka.com\/tr\/wp-json\/wp\/v2\/pages\/64077","targetHints":{"allow":["GET"]}}],"collection":[{"href":"https:\/\/www.enka.com\/tr\/wp-json\/wp\/v2\/pages"}],"about":[{"href":"https:\/\/www.enka.com\/tr\/wp-json\/wp\/v2\/types\/page"}],"author":[{"embeddable":true,"href":"https:\/\/www.enka.com\/tr\/wp-json\/wp\/v2\/users\/25"}],"replies":[{"embeddable":true,"href":"https:\/\/www.enka.com\/tr\/wp-json\/wp\/v2\/comments?post=64077"}],"version-history":[{"count":0,"href":"https:\/\/www.enka.com\/tr\/wp-json\/wp\/v2\/pages\/64077\/revisions"}],"up":[{"embeddable":true,"href":"https:\/\/www.enka.com\/tr\/wp-json\/wp\/v2\/pages\/63716"}],"wp:featuredmedia":[{"embeddable":true,"href":"https:\/\/www.enka.com\/tr\/wp-json\/wp\/v2\/media\/67812"}],"wp:attachment":[{"href":"https:\/\/www.enka.com\/tr\/wp-json\/wp\/v2\/media?parent=64077"}],"curies":[{"name":"wp","href":"https:\/\/api.w.org\/{rel}","templated":true}]}}