{"id":64147,"date":"2020-03-17T14:26:44","date_gmt":"2020-03-17T11:26:44","guid":{"rendered":"https:\/\/www.enka.com\/hakkimizda\/kurumsal-sirket-politikalari\/sustainability-policy\/"},"modified":"2023-01-03T16:31:55","modified_gmt":"2023-01-03T13:31:55","slug":"surdurulebilirlik-politikasi","status":"publish","type":"page","link":"https:\/\/www.enka.com\/tr\/hakkimizda\/kurumsal-sirket-politikalari\/surdurulebilirlik-politikasi\/","title":{"rendered":"S\u00fcrd\u00fcr\u00fclebilirlik Politikas\u0131"},"content":{"rendered":"<div class=\"wpb-content-wrapper\">[vc_row][vc_column]<div id=\"ultimate-heading-154069ef8e1fa4987\" class=\"uvc-heading ult-adjust-bottom-margin ultimate-heading-154069ef8e1fa4987 uvc-6015 \" data-hspacer=\"no_spacer\"  data-halign=\"center\" style=\"text-align:center\"><div class=\"uvc-heading-spacer no_spacer\" style=\"top\"><\/div><div class=\"uvc-main-heading ult-responsive\"  data-ultimate-target='.uvc-heading.ultimate-heading-154069ef8e1fa4987 h1'  data-responsive-json-new='{\"font-size\":\"\",\"line-height\":\"\"}' ><h1 style=\"font-weight:bold;color:#025e9e;\">S\u00dcRD\u00dcR\u00dcLEB\u0130L\u0130RL\u0130K POL\u0130T\u0130KASI<\/h1><\/div><\/div><div class=\"ult-spacer spacer-69ef8e1fa4a6b\" data-id=\"69ef8e1fa4a6b\" data-height=\"32\" data-height-mobile=\"32\" data-height-tab=\"32\" data-height-tab-portrait=\"\" data-height-mobile-landscape=\"\" style=\"clear:both;display:block;\"><\/div>[\/vc_column][\/vc_row][vc_row][vc_column][vc_column_text]\n<p style=\"text-align: justify;\">D\u00fcnya genelinde bir\u00e7ok farkl\u0131 co\u011frafyada, m\u00fchendislik ve in\u015faat, enerji, gayrimenkul ve ticaret gibi farkl\u0131 sekt\u00f6rlerde faaliyet g\u00f6steren ENKA, i\u00e7 ve d\u0131\u015f payda\u015flar\u0131na y\u00f6nelik ekonomik, sosyal ve \u00e7evresel sorumluluklar\u0131n\u0131n bilincinde bir kurumsal s\u00fcrd\u00fcr\u00fclebilirlik y\u00f6netimine sahiptir. ENKA, Birle\u015fmi\u015f Milletler K\u00fcresel \u0130lkeler S\u00f6zle\u015fmesi\u2019nin bir imzac\u0131s\u0131 olarak, ekonomik, sosyal ve \u00e7evresel risklerini de\u011ferlendirmeyi, etkilerini analiz etmeyi, olumsuz etkilerini olabildi\u011fince ortadan kald\u0131rarak, olumlu etkilerini art\u0131rmak \u00fczere planlama yapaca\u011f\u0131n\u0131 ve t\u00fcm bu unsurlar\u0131n\u0131n yan\u0131 s\u0131ra etik, adil, \u015feffaf, yasalara uygun i\u015f yap\u0131\u015f \u015fekliyle s\u00fcrd\u00fcr\u00fclebilir kalk\u0131nmaya hizmet etmeyi ve t\u00fcm bunlar\u0131 sa\u011flayacak y\u00f6netim sistemlerini olu\u015fturup, uygulay\u0131p, s\u00fcrekli olarak geli\u015ftirece\u011fini taahh\u00fct etmektedir.<\/p>\n[\/vc_column_text][\/vc_column][\/vc_row][vc_row][vc_column][vc_column_text]Bu taahh\u00fct\u00fc i\u00e7eren S\u00fcrd\u00fcr\u00fclebilirlik Politikas\u0131 a\u015fa\u011f\u0131daki unsurlardan olu\u015fmaktad\u0131r:[\/vc_column_text][\/vc_column][\/vc_row][vc_row equal_height=&#8221;yes&#8221; css_animation=&#8221;fadeIn&#8221;][vc_column width=&#8221;1\/2&#8243;][vc_row_inner content_placement=&#8221;middle&#8221;][vc_column_inner width=&#8221;1\/6&#8243;][vc_single_image image=&#8221;64095&#8243; img_size=&#8221;full&#8221; css_animation=&#8221;fadeIn&#8221;][\/vc_column_inner][vc_column_inner width=&#8221;5\/6&#8243;][vc_column_text css_animation=&#8221;fadeIn&#8221;]Merkezi \u0130stanbul\u2019da bulunan \u00f6nc\u00fc ve k\u00fcresel bir \u015firket olarak, faaliyet g\u00f6sterdi\u011fimiz t\u00fcm sekt\u00f6rlerde y\u00fcksek kalitede \u00fcr\u00fcn ve hizmetler sunar\u0131z.[\/vc_column_text][\/vc_column_inner][\/vc_row_inner][vc_row_inner content_placement=&#8221;middle&#8221;][vc_column_inner width=&#8221;1\/6&#8243;][vc_single_image image=&#8221;64098&#8243; img_size=&#8221;full&#8221; css_animation=&#8221;fadeIn&#8221;][\/vc_column_inner][vc_column_inner width=&#8221;5\/6&#8243;][vc_column_text css_animation=&#8221;fadeIn&#8221;]Ger\u00e7ekle\u015ftirdi\u011fimiz projeler ile \u00fclkelerin kalk\u0131nmas\u0131na ve refah\u0131na katk\u0131 sa\u011flar; yapt\u0131\u011f\u0131m\u0131z i\u015flerde i\u015f g\u00fcvenli\u011fini, kaliteyi ve uygun maliyeti \u00f6n plana koyarak g\u00fcvenilirli\u011fi sa\u011flar\u0131z.[\/vc_column_text][\/vc_column_inner][\/vc_row_inner][vc_row_inner content_placement=&#8221;middle&#8221;][vc_column_inner width=&#8221;1\/6&#8243;][vc_single_image image=&#8221;64101&#8243; img_size=&#8221;full&#8221; css_animation=&#8221;fadeIn&#8221;][\/vc_column_inner][vc_column_inner width=&#8221;5\/6&#8243;][vc_column_text css_animation=&#8221;fadeIn&#8221;]\u0130\u015fimizi etik, \u015feffaf ve hesap verebilir bir kurumsal y\u00f6netim anlay\u0131\u015f\u0131yla ve s\u00fcrd\u00fcr\u00fclebilir b\u00fcy\u00fcme vizyonuyla y\u00fcr\u00fct\u00fcr\u00fcz.[\/vc_column_text][\/vc_column_inner][\/vc_row_inner][vc_row_inner content_placement=&#8221;middle&#8221;][vc_column_inner width=&#8221;1\/6&#8243;][vc_single_image image=&#8221;64104&#8243; img_size=&#8221;full&#8221; css_animation=&#8221;fadeIn&#8221;][\/vc_column_inner][vc_column_inner width=&#8221;5\/6&#8243;][vc_column_text css_animation=&#8221;fadeIn&#8221;]T\u00fcrkiye\u2019de ve yurt d\u0131\u015f\u0131nda binlerce insana istihdam ve yerel ekonomilere katk\u0131 sa\u011flar\u0131z. B\u00f6lge ihtiya\u00e7lar\u0131na destek olarak yerel sosyo-ekonomik kalk\u0131nmaya katk\u0131da bulunuruz.[\/vc_column_text][\/vc_column_inner][\/vc_row_inner][vc_row_inner content_placement=&#8221;middle&#8221;][vc_column_inner width=&#8221;1\/6&#8243;][vc_single_image image=&#8221;64107&#8243; img_size=&#8221;full&#8221; css_animation=&#8221;fadeIn&#8221;][\/vc_column_inner][vc_column_inner width=&#8221;5\/6&#8243;][vc_column_text css_animation=&#8221;fadeIn&#8221;]Payda\u015f kat\u0131l\u0131m\u0131na \u00f6nem veririz. Kapsay\u0131c\u0131 stratejimiz, payda\u015flar\u0131m\u0131z\u0131n beklentilerini dikkate ald\u0131\u011f\u0131 gibi risklerimizi azalt\u0131r ve uzun d\u00f6nemli ve kal\u0131c\u0131 ili\u015fkiler kurmam\u0131za yard\u0131mc\u0131 olur.[\/vc_column_text][\/vc_column_inner][\/vc_row_inner][\/vc_column][vc_column width=&#8221;1\/2&#8243;][vc_row_inner content_placement=&#8221;middle&#8221;][vc_column_inner width=&#8221;1\/6&#8243;][vc_single_image image=&#8221;64110&#8243; img_size=&#8221;full&#8221; css_animation=&#8221;fadeIn&#8221;][\/vc_column_inner][vc_column_inner width=&#8221;5\/6&#8243;][vc_column_text css_animation=&#8221;fadeIn&#8221;]\u00c7al\u0131\u015ft\u0131\u011f\u0131m\u0131z t\u00fcm co\u011frafyalarda insan haklar\u0131na sayg\u0131 g\u00f6sterir, her t\u00fcrl\u00fc ayr\u0131mc\u0131l\u0131\u011fa kar\u015f\u0131 \u00e7\u0131kar, f\u0131rsat e\u015fitli\u011fini te\u015fvik ederiz ve i\u015f ortaklar\u0131m\u0131zdan da ayn\u0131 hassasiyeti bekleriz.[\/vc_column_text][\/vc_column_inner][\/vc_row_inner][vc_row_inner content_placement=&#8221;middle&#8221;][vc_column_inner width=&#8221;1\/6&#8243;][vc_single_image image=&#8221;64113&#8243; img_size=&#8221;full&#8221; css_animation=&#8221;fadeIn&#8221;][\/vc_column_inner][vc_column_inner width=&#8221;5\/6&#8243;][vc_column_text css_animation=&#8221;fadeIn&#8221;]En \u00f6ncelikli payda\u015f\u0131m\u0131z olan \u00e7al\u0131\u015fanlar\u0131m\u0131z\u0131n sa\u011fl\u0131k ve g\u00fcvenliklerini sa\u011flaman\u0131n yan\u0131 s\u0131ra onlara adil ve kat\u0131l\u0131mc\u0131 bir \u00e7al\u0131\u015fma ortam\u0131 sunar, geli\u015fimlerine yat\u0131r\u0131m yapar\u0131z.[\/vc_column_text][\/vc_column_inner][\/vc_row_inner][vc_row_inner content_placement=&#8221;middle&#8221;][vc_column_inner width=&#8221;1\/6&#8243;][vc_single_image image=&#8221;64116&#8243; img_size=&#8221;full&#8221; css_animation=&#8221;fadeIn&#8221;][\/vc_column_inner][vc_column_inner width=&#8221;5\/6&#8243;][vc_column_text css_animation=&#8221;fadeIn&#8221;]Faaliyetlerimizin \u00e7evresel ve sosyal etkilerini \u00f6l\u00e7er ve de\u011ferlendiririz; olumsuz etkilerimizi azaltmaya y\u00f6nelik s\u00fcre\u00e7lerimizi iyile\u015ftiririz.[\/vc_column_text][\/vc_column_inner][\/vc_row_inner][vc_row_inner content_placement=&#8221;middle&#8221;][vc_column_inner width=&#8221;1\/6&#8243;][vc_single_image image=&#8221;64122&#8243; img_size=&#8221;full&#8221; css_animation=&#8221;fadeIn&#8221;][\/vc_column_inner][vc_column_inner width=&#8221;5\/6&#8243;][vc_column_text css_animation=&#8221;fadeIn&#8221;]\u0130klim de\u011fi\u015fikli\u011fine y\u00f6nelik m\u00fccadeleye destek olur, do\u011fal kaynaklar\u0131n korunmas\u0131na \u00f6zen g\u00f6steririz.[\/vc_column_text][\/vc_column_inner][\/vc_row_inner][vc_row_inner content_placement=&#8221;middle&#8221;][vc_column_inner width=&#8221;1\/6&#8243;][vc_single_image image=&#8221;64119&#8243; img_size=&#8221;full&#8221; css_animation=&#8221;fadeIn&#8221;][\/vc_column_inner][vc_column_inner width=&#8221;5\/6&#8243;][vc_column_text css_animation=&#8221;fadeIn&#8221;]Eg\u0306itim, k\u00fclt\u00fcr, sanat ve spora yat\u0131r\u0131m yaparak yeni nesillerin geli\u015fimine destek oluruz.[\/vc_column_text][\/vc_column_inner][\/vc_row_inner][\/vc_column][\/vc_row][vc_row full_width=&#8221;stretch_row_content_no_spaces&#8221;][vc_column css_animation=&#8221;fadeIn&#8221;]<div class=\"ult-spacer spacer-69ef8e1fa4a95\" data-id=\"69ef8e1fa4a95\" data-height=\"20\" data-height-mobile=\"20\" data-height-tab=\"20\" data-height-tab-portrait=\"\" data-height-mobile-landscape=\"\" style=\"clear:both;display:block;\"><\/div><div id=\"ultimate-heading-716569ef8e1fa4acd\" class=\"uvc-heading ult-adjust-bottom-margin ultimate-heading-716569ef8e1fa4acd uvc-5103 \" data-hspacer=\"no_spacer\"  data-halign=\"center\" style=\"text-align:center\"><div class=\"uvc-heading-spacer no_spacer\" style=\"top\"><\/div><div class=\"uvc-main-heading ult-responsive\"  data-ultimate-target='.uvc-heading.ultimate-heading-716569ef8e1fa4acd h2'  data-responsive-json-new='{\"font-size\":\"\",\"line-height\":\"\"}' ><h2 style=\"font-weight:normal;color:#025e9e;\">S\u00fcrd\u00fcr\u00fclebilirlik Politikas\u0131n\u0131 \u0130ndirin<\/h2><\/div><\/div><div class=\"ult-spacer spacer-69ef8e1fa4b12\" data-id=\"69ef8e1fa4b12\" data-height=\"32\" data-height-mobile=\"32\" data-height-tab=\"32\" data-height-tab-portrait=\"\" data-height-mobile-landscape=\"\" style=\"clear:both;display:block;\"><\/div>[\/vc_column][\/vc_row][vc_row][vc_column width=&#8221;1\/4&#8243;][vc_single_image image=&#8221;64134&#8243; img_size=&#8221;600&#215;828&#8243; alignment=&#8221;center&#8221; style=&#8221;vc_box_shadow_3d&#8221; onclick=&#8221;zoom&#8221; css_animation=&#8221;none&#8221;][vc_btn title=&#8221;T\u00dcRK\u00c7E&#8221; style=&#8221;flat&#8221; shape=&#8221;square&#8221; size=&#8221;lg&#8221; align=&#8221;center&#8221; i_icon_fontawesome=&#8221;fa fa-file-pdf-o&#8221; css_animation=&#8221;fadeIn&#8221; button_block=&#8221;true&#8221; add_icon=&#8221;true&#8221; link=&#8221;url:https%3A%2F%2Fwww.enka.com%2Fallfiles%2Fmedia%2Fpdfs%2FENKA_Sustainability_Policy_TUR.pdf|title:ENKA%20Susctainability%20Policy%20Turkish|target:%20_blank|&#8221; css=&#8221;.vc_custom_1513068005503{border-radius: 1px !important;}&#8221;][\/vc_column][vc_column width=&#8221;1\/4&#8243;][vc_single_image image=&#8221;64128&#8243; img_size=&#8221;600&#215;828&#8243; alignment=&#8221;center&#8221; style=&#8221;vc_box_shadow_3d&#8221; onclick=&#8221;zoom&#8221; css_animation=&#8221;none&#8221;][vc_btn title=&#8221;\u0130NG\u0130L\u0130ZCE&#8221; style=&#8221;flat&#8221; shape=&#8221;square&#8221; size=&#8221;lg&#8221; align=&#8221;center&#8221; i_icon_fontawesome=&#8221;fa fa-file-pdf-o&#8221; css_animation=&#8221;none&#8221; button_block=&#8221;true&#8221; add_icon=&#8221;true&#8221; link=&#8221;url:https%3A%2F%2Fwww.enka.com%2Fallfiles%2Fmedia%2Fpdfs%2FENKA_Sustainability_Policy_ENG.pdf|title:ENKA%20Susctainability%20Policy%20English|target:%20_blank|&#8221; css=&#8221;.vc_custom_1513340419755{border-radius: 1px !important;}&#8221;][\/vc_column][vc_column width=&#8221;1\/4&#8243;][vc_single_image image=&#8221;64131&#8243; img_size=&#8221;600&#215;828&#8243; alignment=&#8221;center&#8221; style=&#8221;vc_box_shadow_3d&#8221; onclick=&#8221;zoom&#8221; css_animation=&#8221;fadeIn&#8221;][vc_btn title=&#8221;RUS\u00c7A&#8221; style=&#8221;flat&#8221; shape=&#8221;square&#8221; size=&#8221;lg&#8221; align=&#8221;center&#8221; i_icon_fontawesome=&#8221;fa fa-file-pdf-o&#8221; css_animation=&#8221;none&#8221; button_block=&#8221;true&#8221; add_icon=&#8221;true&#8221; link=&#8221;url:https%3A%2F%2Fwww.enka.com%2Fallfiles%2Fmedia%2Fpdfs%2FENKA_Sustainability_Policy_RUS.pdf|title:ENKA%20Susctainability%20Policy%20Russian|target:%20_blank|&#8221; css=&#8221;.vc_custom_1513340433215{border-radius: 1px !important;}&#8221;][\/vc_column][vc_column width=&#8221;1\/4&#8243;][vc_single_image image=&#8221;64137&#8243; img_size=&#8221;600&#215;828&#8243; alignment=&#8221;center&#8221; style=&#8221;vc_box_shadow_3d&#8221; onclick=&#8221;zoom&#8221; css_animation=&#8221;fadeIn&#8221;][vc_btn title=&#8221;ARAP\u00c7A&#8221; style=&#8221;flat&#8221; shape=&#8221;square&#8221; size=&#8221;lg&#8221; align=&#8221;center&#8221; i_icon_fontawesome=&#8221;fa fa-file-pdf-o&#8221; css_animation=&#8221;none&#8221; button_block=&#8221;true&#8221; add_icon=&#8221;true&#8221; link=&#8221;url:https%3A%2F%2Fwww.enka.com%2Fallfiles%2Fmedia%2Fpdfs%2FENKA_Sustainability_Policy_ARAB.pdf|title:ENKA%20Susctainability%20Policy%20Arabic|target:%20_blank|&#8221; css=&#8221;.vc_custom_1513340448183{border-radius: 1px !important;}&#8221;][\/vc_column][\/vc_row]\n<\/div>","protected":false},"excerpt":{"rendered":"<p>[vc_row][vc_column][\/vc_column][\/vc_row][vc_row][vc_column][vc_column_text] D\u00fcnya genelinde bir\u00e7ok farkl\u0131 co\u011frafyada, m\u00fchendislik ve in\u015faat, enerji, gayrimenkul ve ticaret gibi farkl\u0131 sekt\u00f6rlerde faaliyet g\u00f6steren ENKA, i\u00e7 ve d\u0131\u015f payda\u015flar\u0131na y\u00f6nelik ekonomik, sosyal ve \u00e7evresel sorumluluklar\u0131n\u0131n bilincinde bir kurumsal s\u00fcrd\u00fcr\u00fclebilirlik y\u00f6netimine sahiptir. ENKA, Birle\u015fmi\u015f Milletler K\u00fcresel \u0130lkeler S\u00f6zle\u015fmesi\u2019nin bir imzac\u0131s\u0131 olarak, ekonomik, sosyal ve \u00e7evresel risklerini de\u011ferlendirmeyi, etkilerini analiz etmeyi, olumsuz etkilerini <a class=\"more-link\" href=\"https:\/\/www.enka.com\/tr\/hakkimizda\/kurumsal-sirket-politikalari\/surdurulebilirlik-politikasi\/\">Continue reading <i class=\"fa fa-chevron-right\"><\/i><\/a><\/p>\n","protected":false},"author":26,"featured_media":64146,"parent":63716,"menu_order":0,"comment_status":"closed","ping_status":"closed","template":"","meta":{"_acf_changed":false,"footnotes":""},"class_list":["post-64147","page","type-page","status-publish","has-post-thumbnail","hentry"],"aioseo_notices":[],"acf":[],"_links":{"self":[{"href":"https:\/\/www.enka.com\/tr\/wp-json\/wp\/v2\/pages\/64147","targetHints":{"allow":["GET"]}}],"collection":[{"href":"https:\/\/www.enka.com\/tr\/wp-json\/wp\/v2\/pages"}],"about":[{"href":"https:\/\/www.enka.com\/tr\/wp-json\/wp\/v2\/types\/page"}],"author":[{"embeddable":true,"href":"https:\/\/www.enka.com\/tr\/wp-json\/wp\/v2\/users\/26"}],"replies":[{"embeddable":true,"href":"https:\/\/www.enka.com\/tr\/wp-json\/wp\/v2\/comments?post=64147"}],"version-history":[{"count":0,"href":"https:\/\/www.enka.com\/tr\/wp-json\/wp\/v2\/pages\/64147\/revisions"}],"up":[{"embeddable":true,"href":"https:\/\/www.enka.com\/tr\/wp-json\/wp\/v2\/pages\/63716"}],"wp:featuredmedia":[{"embeddable":true,"href":"https:\/\/www.enka.com\/tr\/wp-json\/wp\/v2\/media\/64146"}],"wp:attachment":[{"href":"https:\/\/www.enka.com\/tr\/wp-json\/wp\/v2\/media?parent=64147"}],"curies":[{"name":"wp","href":"https:\/\/api.w.org\/{rel}","templated":true}]}}