{"id":67835,"date":"2020-07-14T15:05:47","date_gmt":"2020-07-14T12:05:47","guid":{"rendered":"https:\/\/www.enka.com\/health-safety-environment\/"},"modified":"2023-07-14T11:00:10","modified_gmt":"2023-07-14T08:00:10","slug":"cevre-guvenlik-ve-saglik","status":"publish","type":"page","link":"https:\/\/www.enka.com\/tr\/cevre-guvenlik-ve-saglik\/","title":{"rendered":"\u00c7evre, G\u00fcvenlik ve Sa\u011fl\u0131k"},"content":{"rendered":"<div class=\"wpb-content-wrapper\">[vc_row][vc_column width=&#8221;1\/3&#8243;][vc_single_image image=&#8221;67804&#8243; img_size=&#8221;full&#8221; alignment=&#8221;center&#8221; style=&#8221;vc_box_shadow_border&#8221; onclick=&#8221;custom_link&#8221; img_link_target=&#8221;_blank&#8221; link=&#8221;https:\/\/www.enka.com\/sustainability\/tr\/anasayfa\/cevre-is-sagligi-guvenligi\/is-sagligi-guvenligi-yonetimi-yaklasimi-ve-politikasi\/&#8221;][vc_btn title=&#8221;\u0130\u015e SA\u011eLI\u011eI &amp; G\u00dcVENL\u0130\u011e\u0130 Y\u00d6NET\u0130M\u0130 YAKLA\u015eIMI VE POL\u0130T\u0130KASI&#8221; style=&#8221;classic&#8221; shape=&#8221;square&#8221; color=&#8221;white&#8221; align=&#8221;center&#8221; button_block=&#8221;true&#8221; link=&#8221;url:https%3A%2F%2Fwww.enka.com%2Fsustainability%2Ftr%2Fanasayfa%2Fcevre-is-sagligi-guvenligi%2Fis-sagligi-guvenligi-yonetimi-yaklasimi-ve-politikasi%2F||target:%20_blank|&#8221;][\/vc_column][vc_column width=&#8221;1\/3&#8243;][vc_single_image image=&#8221;67807&#8243; img_size=&#8221;full&#8221; alignment=&#8221;center&#8221; style=&#8221;vc_box_shadow_border&#8221; onclick=&#8221;custom_link&#8221; img_link_target=&#8221;_blank&#8221; link=&#8221;https:\/\/www.enka.com\/sustainability\/tr\/anasayfa\/cevre-is-sagligi-guvenligi\/cevre-yonetimi-yaklasimi-ve-politikasi\/&#8221;][vc_btn title=&#8221;\u00c7EVRE Y\u00d6NET\u0130M\u0130 YAKLA\u015eIMI VE POL\u0130T\u0130KASI&#8221; style=&#8221;classic&#8221; shape=&#8221;square&#8221; color=&#8221;white&#8221; align=&#8221;center&#8221; button_block=&#8221;true&#8221; link=&#8221;url:https%3A%2F%2Fwww.enka.com%2Fsustainability%2Ftr%2Fanasayfa%2Fcevre-is-sagligi-guvenligi%2Fcevre-yonetimi-yaklasimi-ve-politikasi%2F||target:%20_blank|&#8221;][\/vc_column][vc_column width=&#8221;1\/3&#8243;][vc_single_image image=&#8221;67810&#8243; img_size=&#8221;full&#8221; alignment=&#8221;center&#8221; style=&#8221;vc_box_shadow_border&#8221; onclick=&#8221;custom_link&#8221; img_link_target=&#8221;_blank&#8221; link=&#8221;https:\/\/www.enka.com\/sustainability\/tr\/anasayfa\/cevre-is-sagligi-guvenligi\/12lca\/&#8221;][vc_btn title=&#8221;HAYAT\u0130 12 KR\u0130T\u0130K AKT\u0130V\u0130TE&#8221; style=&#8221;classic&#8221; shape=&#8221;square&#8221; color=&#8221;white&#8221; align=&#8221;center&#8221; button_block=&#8221;true&#8221; link=&#8221;url:https%3A%2F%2Fwww.enka.com%2Fsustainability%2Ftr%2Fanasayfa%2Fcevre-is-sagligi-guvenligi%2F12lca%2F||target:%20_blank|&#8221;][\/vc_column][\/vc_row]\n<\/div>","protected":false},"excerpt":{"rendered":"<p>[vc_row][vc_column width=&#8221;1\/3&#8243;][vc_single_image image=&#8221;67804&#8243; img_size=&#8221;full&#8221; alignment=&#8221;center&#8221; style=&#8221;vc_box_shadow_border&#8221; onclick=&#8221;custom_link&#8221; img_link_target=&#8221;_blank&#8221; link=&#8221;https:\/\/www.enka.com\/sustainability\/tr\/anasayfa\/cevre-is-sagligi-guvenligi\/is-sagligi-guvenligi-yonetimi-yaklasimi-ve-politikasi\/&#8221;][vc_btn title=&#8221;\u0130\u015e SA\u011eLI\u011eI &amp; G\u00dcVENL\u0130\u011e\u0130 Y\u00d6NET\u0130M\u0130 YAKLA\u015eIMI VE POL\u0130T\u0130KASI&#8221; style=&#8221;classic&#8221; shape=&#8221;square&#8221; color=&#8221;white&#8221; align=&#8221;center&#8221; button_block=&#8221;true&#8221; link=&#8221;url:https%3A%2F%2Fwww.enka.com%2Fsustainability%2Ftr%2Fanasayfa%2Fcevre-is-sagligi-guvenligi%2Fis-sagligi-guvenligi-yonetimi-yaklasimi-ve-politikasi%2F||target:%20_blank|&#8221;][\/vc_column][vc_column width=&#8221;1\/3&#8243;][vc_single_image image=&#8221;67807&#8243; img_size=&#8221;full&#8221; alignment=&#8221;center&#8221; style=&#8221;vc_box_shadow_border&#8221; onclick=&#8221;custom_link&#8221; img_link_target=&#8221;_blank&#8221; link=&#8221;https:\/\/www.enka.com\/sustainability\/tr\/anasayfa\/cevre-is-sagligi-guvenligi\/cevre-yonetimi-yaklasimi-ve-politikasi\/&#8221;][vc_btn title=&#8221;\u00c7EVRE Y\u00d6NET\u0130M\u0130 YAKLA\u015eIMI VE POL\u0130T\u0130KASI&#8221; style=&#8221;classic&#8221; shape=&#8221;square&#8221; color=&#8221;white&#8221; align=&#8221;center&#8221; button_block=&#8221;true&#8221; link=&#8221;url:https%3A%2F%2Fwww.enka.com%2Fsustainability%2Ftr%2Fanasayfa%2Fcevre-is-sagligi-guvenligi%2Fcevre-yonetimi-yaklasimi-ve-politikasi%2F||target:%20_blank|&#8221;][\/vc_column][vc_column width=&#8221;1\/3&#8243;][vc_single_image image=&#8221;67810&#8243; img_size=&#8221;full&#8221; alignment=&#8221;center&#8221; style=&#8221;vc_box_shadow_border&#8221; onclick=&#8221;custom_link&#8221; img_link_target=&#8221;_blank&#8221; link=&#8221;https:\/\/www.enka.com\/sustainability\/tr\/anasayfa\/cevre-is-sagligi-guvenligi\/12lca\/&#8221;][vc_btn title=&#8221;HAYAT\u0130 12 KR\u0130T\u0130K AKT\u0130V\u0130TE&#8221; style=&#8221;classic&#8221; <a class=\"more-link\" href=\"https:\/\/www.enka.com\/tr\/cevre-guvenlik-ve-saglik\/\">Continue reading <i class=\"fa fa-chevron-right\"><\/i><\/a><\/p>\n","protected":false},"author":26,"featured_media":67833,"parent":0,"menu_order":0,"comment_status":"closed","ping_status":"closed","template":"","meta":{"_acf_changed":false,"footnotes":""},"class_list":["post-67835","page","type-page","status-publish","has-post-thumbnail","hentry"],"aioseo_notices":[],"acf":[],"_links":{"self":[{"href":"https:\/\/www.enka.com\/tr\/wp-json\/wp\/v2\/pages\/67835","targetHints":{"allow":["GET"]}}],"collection":[{"href":"https:\/\/www.enka.com\/tr\/wp-json\/wp\/v2\/pages"}],"about":[{"href":"https:\/\/www.enka.com\/tr\/wp-json\/wp\/v2\/types\/page"}],"author":[{"embeddable":true,"href":"https:\/\/www.enka.com\/tr\/wp-json\/wp\/v2\/users\/26"}],"replies":[{"embeddable":true,"href":"https:\/\/www.enka.com\/tr\/wp-json\/wp\/v2\/comments?post=67835"}],"version-history":[{"count":0,"href":"https:\/\/www.enka.com\/tr\/wp-json\/wp\/v2\/pages\/67835\/revisions"}],"wp:featuredmedia":[{"embeddable":true,"href":"https:\/\/www.enka.com\/tr\/wp-json\/wp\/v2\/media\/67833"}],"wp:attachment":[{"href":"https:\/\/www.enka.com\/tr\/wp-json\/wp\/v2\/media?parent=67835"}],"curies":[{"name":"wp","href":"https:\/\/api.w.org\/{rel}","templated":true}]}}