{"id":78004,"date":"2023-01-06T15:38:47","date_gmt":"2023-01-06T12:38:47","guid":{"rendered":"https:\/\/www.enka.com\/?page_id=78004"},"modified":"2026-04-22T15:43:10","modified_gmt":"2026-04-22T12:43:10","slug":"enkamos-region-b-v","status":"publish","type":"page","link":"https:\/\/www.enka.com\/tr\/faaliyet-alanlari\/gayrimenkul\/enkamos-region-b-v\/","title":{"rendered":"ENKAMOS REGION B.V."},"content":{"rendered":"<div class=\"wpb-content-wrapper\">[vc_row css_animation=&#8221;fadeIn&#8221;][vc_column]<div id=\"highlight-box-wrap-1856\"  data-ultimate-target='#highlight-box-wrap-1856'  data-responsive-json-new='{\"font-size\":\"desktop:32px;\",\"line-height\":\"desktop:32px;\"}'  class=\"ultimate-call-to-action ult-adjust-bottom-margin  ctaction-text-center ult-responsive\" style=\"font-weight:normal;color:#ffffff;background:#1e73be;padding-top:20px;padding-bottom:20px;\"  data-background=\"#1e73be\"  data-background-hover=\"#012169\"  data-override=\"0\" ><div class=\"uvc-ctaction-data uvc-ctaction-data-no-effect ult-responsive\">ENKA taraf\u0131ndan 2022 y\u0131l\u0131nda kurulmu\u015ftur<\/div><\/div>[\/vc_column][\/vc_row][vc_row css_animation=&#8221;fadeIn&#8221;][vc_column width=&#8221;1\/4&#8243; css=&#8221;.vc_custom_1658383942125{background-color: #1e73be !important;}&#8221;]<div class=\"aio-icon-component    style_1\"><a class=\"aio-icon-box-link\" ><div id=\"Info-box-wrap-1898\" class=\"aio-icon-box top-icon\" style=\"\"  ><div class=\"aio-icon-top\"><div class=\"ult-just-icon-wrapper  \"><div class=\"align-icon\" style=\"text-align:center;\">\n<div class=\"aio-icon-img \" style=\"font-size:400px;display:inline-block;\" data-animation=\"fadeIn\" data-animation-delay=\"03\">\n\t<img decoding=\"async\" class=\"img-icon\" alt=\"null\" src=\"https:\/\/www.enka.com\/wp-content\/uploads\/2023\/01\/web_main-photo_OVC.jpg\"\/>\n<\/div><\/div><\/div><\/div><div class=\"aio-icon-header\" ><h3 class=\"aio-icon-title ult-responsive\"  data-ultimate-target='#Info-box-wrap-1898 .aio-icon-title'  data-responsive-json-new='{\"font-size\":\"desktop:26px;\",\"line-height\":\"\"}'  style=\"font-weight:bold;color:#ffffff;\">ENKAMOS REGION B.V.<\/h3><\/div> <!-- header --><div class=\"aio-icon-description ult-responsive\"  data-ultimate-target='#Info-box-wrap-1898 .aio-icon-description'  data-responsive-json-new='{\"font-size\":\"desktop:20px;\",\"line-height\":\"\"}'  style=\"color:#ffffff;\">18.200 m<sup>2<\/sup> K\u0130RALIK ALAN<\/div> <!-- description --><\/div> <!-- aio-icon-box --><\/a><\/div> <!-- aio-icon-component -->[\/vc_column][vc_column width=&#8221;1\/4&#8243;]<div class=\"aio-icon-component    style_1\"><a class=\"aio-icon-box-link\" href=\"http:\/\/www.mosenka.ru\/en\/\" title=\"mosenka\" target=\"_blank\" rel=\"noopener\" ><div id=\"Info-box-wrap-9480\" class=\"aio-icon-box top-icon\" style=\"\"  ><div class=\"aio-icon-top\"><div class=\"ult-just-icon-wrapper  \"><div class=\"align-icon\" style=\"text-align:center;\">\n<div class=\"aio-icon-img \" style=\"font-size:400px;display:inline-block;\" data-animation=\"fadeIn\" data-animation-delay=\"03\">\n\t<img decoding=\"async\" class=\"img-icon\" alt=\"null\" src=\"https:\/\/www.enka.com\/wp-content\/uploads\/2015\/07\/web_MosENKA-box.jpg\"\/>\n<\/div><\/div><\/div><\/div><div class=\"aio-icon-header\" ><h3 class=\"aio-icon-title ult-responsive\"  data-ultimate-target='#Info-box-wrap-9480 .aio-icon-title'  data-responsive-json-new='{\"font-size\":\"desktop:26px;\",\"line-height\":\"\"}'  style=\"font-weight:bold;color:#1e73be;\">MOSENKA<\/h3><\/div> <!-- header --><div class=\"aio-icon-description ult-responsive\"  data-ultimate-target='#Info-box-wrap-9480 .aio-icon-description'  data-responsive-json-new='{\"font-size\":\"desktop:20px;\",\"line-height\":\"\"}'  style=\"color:#012169;\">28.100 m<sup>2<\/sup> K\u0130RALIK ALAN<\/div> <!-- description --><\/div> <!-- aio-icon-box --><\/a><\/div> <!-- aio-icon-component -->[\/vc_column][vc_column width=&#8221;1\/4&#8243;]<div class=\"aio-icon-component    style_1\"><a class=\"aio-icon-box-link\" href=\"http:\/\/www.mkh.ru\/en\/\" title=\"mkh\" target=\"_blank\" rel=\"noopener\" ><div id=\"Info-box-wrap-3385\" class=\"aio-icon-box top-icon\" style=\"\"  ><div class=\"aio-icon-top\"><div class=\"ult-just-icon-wrapper  \"><div class=\"align-icon\" style=\"text-align:center;\">\n<div class=\"aio-icon-img \" style=\"font-size:400px;display:inline-block;\" data-animation=\"fadeIn\" data-animation-delay=\"03\">\n\t<img decoding=\"async\" class=\"img-icon\" alt=\"null\" src=\"https:\/\/www.enka.com\/wp-content\/uploads\/web_Riverside-box.jpg\"\/>\n<\/div><\/div><\/div><\/div><div class=\"aio-icon-header\" ><h3 class=\"aio-icon-title ult-responsive\"  data-ultimate-target='#Info-box-wrap-3385 .aio-icon-title'  data-responsive-json-new='{\"font-size\":\"desktop:26px;\",\"line-height\":\"\"}'  style=\"font-weight:bold;color:#1e73be;\">MOSKVA KRASNYE HOLMY<\/h3><\/div> <!-- header --><div class=\"aio-icon-description ult-responsive\"  data-ultimate-target='#Info-box-wrap-3385 .aio-icon-description'  data-responsive-json-new='{\"font-size\":\"desktop:20px;\",\"line-height\":\"\"}'  style=\"color:#012169;\">65.500 m<sup>2<\/sup> K\u0130RALIK ALAN<\/div> <!-- description --><\/div> <!-- aio-icon-box --><\/a><\/div> <!-- aio-icon-component -->[\/vc_column][vc_column width=&#8221;1\/4&#8243;]<div class=\"aio-icon-component    style_1\"><a class=\"aio-icon-box-link\" href=\"http:\/\/enkatc.com\/\" title=\"enka tc\" target=\"_blank\" rel=\"noopener\" ><div id=\"Info-box-wrap-7818\" class=\"aio-icon-box top-icon\" style=\"\"  ><div class=\"aio-icon-top\"><div class=\"ult-just-icon-wrapper  \"><div class=\"align-icon\" style=\"text-align:center;\">\n<div class=\"aio-icon-img \" style=\"font-size:400px;display:inline-block;\" data-animation=\"fadeIn\" data-animation-delay=\"03\">\n\t<img decoding=\"async\" class=\"img-icon\" alt=\"null\" src=\"https:\/\/www.enka.com\/wp-content\/uploads\/web_Kuntsevo-box.jpg\"\/>\n<\/div><\/div><\/div><\/div><div class=\"aio-icon-header\" ><h3 class=\"aio-icon-title ult-responsive\"  data-ultimate-target='#Info-box-wrap-7818 .aio-icon-title'  data-responsive-json-new='{\"font-size\":\"desktop:26px;\",\"line-height\":\"\"}'  style=\"font-weight:bold;color:#1e73be;\">ENKA TC<\/h3><\/div> <!-- header --><div class=\"aio-icon-description ult-responsive\"  data-ultimate-target='#Info-box-wrap-7818 .aio-icon-description'  data-responsive-json-new='{\"font-size\":\"desktop:20px;\",\"line-height\":\"\"}'  style=\"color:#012169;\">400.000 m<sup>2<\/sup> K\u0130RALIK ALAN<\/div> <!-- description --><\/div> <!-- aio-icon-box --><\/a><\/div> <!-- aio-icon-component -->[\/vc_column][\/vc_row][vc_row css_animation=&#8221;fadeIn&#8221;][vc_column]<div class=\"ult-spacer spacer-69ef8ae282323\" data-id=\"69ef8ae282323\" data-height=\"32\" data-height-mobile=\"32\" data-height-tab=\"32\" data-height-tab-portrait=\"\" data-height-mobile-landscape=\"\" style=\"clear:both;display:block;\"><\/div>[\/vc_column][\/vc_row][vc_row css_animation=&#8221;fadeIn&#8221;][vc_column width=&#8221;1\/4&#8243;]<div class=\"aio-icon-component    style_1\"><a class=\"aio-icon-box-link\" href=\"http:\/\/en.ccioffices.ru\/\" title=\"cci\" target=\"_blank\" rel=\"noopener\" ><div id=\"Info-box-wrap-4588\" class=\"aio-icon-box top-icon\" style=\"\"  ><div class=\"aio-icon-top\"><div class=\"ult-just-icon-wrapper  \"><div class=\"align-icon\" style=\"text-align:center;\">\n<div class=\"aio-icon-img \" style=\"font-size:400px;display:inline-block;\" data-animation=\"fadeIn\" data-animation-delay=\"03\">\n\t<img decoding=\"async\" class=\"img-icon\" alt=\"null\" src=\"https:\/\/www.enka.com\/wp-content\/uploads\/web_Naberezhnaya-box.jpg\"\/>\n<\/div><\/div><\/div><\/div><div class=\"aio-icon-header\" ><h3 class=\"aio-icon-title ult-responsive\"  data-ultimate-target='#Info-box-wrap-4588 .aio-icon-title'  data-responsive-json-new='{\"font-size\":\"desktop:26px;\",\"line-height\":\"\"}'  style=\"font-weight:bold;color:#1e73be;\">CITY CENTER INVESTMENT B.V.<\/h3><\/div> <!-- header --><div class=\"aio-icon-description ult-responsive\"  data-ultimate-target='#Info-box-wrap-4588 .aio-icon-description'  data-responsive-json-new='{\"font-size\":\"desktop:20px;\",\"line-height\":\"\"}'  style=\"color:#012169;\">163.700 m<sup>2<\/sup> K\u0130RALIK ALAN<\/div> <!-- description --><\/div> <!-- aio-icon-box --><\/a><\/div> <!-- aio-icon-component -->[\/vc_column][vc_column width=&#8221;1\/4&#8243;]<div class=\"aio-icon-component    style_1\"><a class=\"aio-icon-box-link\" href=\"https:\/\/www.paveletskayaplaza.ru\/en\" title=\"enka invest\" target=\"_blank\" rel=\"noopener\" ><div id=\"Info-box-wrap-6696\" class=\"aio-icon-box top-icon\" style=\"\"  ><div class=\"aio-icon-top\"><div class=\"ult-just-icon-wrapper  \"><div class=\"align-icon\" style=\"text-align:center;\">\n<div class=\"aio-icon-img \" style=\"font-size:400px;display:inline-block;\" data-animation=\"fadeIn\" data-animation-delay=\"03\">\n\t<img decoding=\"async\" class=\"img-icon\" alt=\"null\" src=\"https:\/\/www.enka.com\/wp-content\/uploads\/web_PaveletskayaPlaza-box.jpg\"\/>\n<\/div><\/div><\/div><\/div><div class=\"aio-icon-header\" ><h3 class=\"aio-icon-title ult-responsive\"  data-ultimate-target='#Info-box-wrap-6696 .aio-icon-title'  data-responsive-json-new='{\"font-size\":\"desktop:26px;\",\"line-height\":\"\"}'  style=\"font-weight:bold;color:#1e73be;\">ENKA INVEST<\/h3><\/div> <!-- header --><div class=\"aio-icon-description ult-responsive\"  data-ultimate-target='#Info-box-wrap-6696 .aio-icon-description'  data-responsive-json-new='{\"font-size\":\"desktop:20px;\",\"line-height\":\"\"}'  style=\"color:#012169;\">76.000 m<sup>2<\/sup> K\u0130RALIK ALAN<\/div> <!-- description --><\/div> <!-- aio-icon-box --><\/a><\/div> <!-- aio-icon-component -->[\/vc_column][vc_column width=&#8221;1\/4&#8243;]<div class=\"aio-icon-component    style_1\"><a class=\"aio-icon-box-link\" href=\"http:\/\/www.flexity.ru\" title=\"flexity\" target=\"_blank\" rel=\"noopener\" ><div id=\"Info-box-wrap-1987\" class=\"aio-icon-box top-icon\" style=\"\"  ><div class=\"aio-icon-top\"><div class=\"ult-just-icon-wrapper  \"><div class=\"align-icon\" style=\"text-align:center;\">\n<div class=\"aio-icon-img \" style=\"font-size:400px;display:inline-block;\" data-animation=\"fadeIn\" data-animation-delay=\"03\">\n\t<img decoding=\"async\" class=\"img-icon\" alt=\"null\" src=\"https:\/\/www.enka.com\/wp-content\/uploads\/2022\/07\/ENKA_Flexity_fi.jpg\"\/>\n<\/div><\/div><\/div><\/div><div class=\"aio-icon-header\" ><h3 class=\"aio-icon-title ult-responsive\"  data-ultimate-target='#Info-box-wrap-1987 .aio-icon-title'  data-responsive-json-new='{\"font-size\":\"desktop:26px;\",\"line-height\":\"\"}'  style=\"font-weight:bold;color:#1e73be;\">FLEXITY<\/h3><\/div> <!-- header --><div class=\"aio-icon-description ult-responsive\"  data-ultimate-target='#Info-box-wrap-1987 .aio-icon-description'  data-responsive-json-new='{\"font-size\":\"desktop:20px;\",\"line-height\":\"\"}'  style=\"color:#012169;\">29.000 m<sup>2<\/sup> K\u0130RALIK ALAN<\/div> <!-- description --><\/div> <!-- aio-icon-box --><\/a><\/div> <!-- aio-icon-component -->[\/vc_column][vc_column width=&#8221;1\/4&#8243;]<div class=\"aio-icon-component    style_1\"><a class=\"aio-icon-box-link\" ><div id=\"Info-box-wrap-8890\" class=\"aio-icon-box top-icon\" style=\"\"  ><div class=\"aio-icon-top\"><div class=\"ult-just-icon-wrapper  \"><div class=\"align-icon\" style=\"text-align:center;\">\n<div class=\"aio-icon-img \" style=\"font-size:400px;display:inline-block;\" data-animation=\"fadeIn\" data-animation-delay=\"03\">\n\t<img decoding=\"async\" class=\"img-icon\" alt=\"null\" src=\"https:\/\/www.enka.com\/wp-content\/uploads\/2026\/02\/251112-Park-House-Drone-21-box-1.jpg\"\/>\n<\/div><\/div><\/div><\/div><div class=\"aio-icon-header\" ><h3 class=\"aio-icon-title ult-responsive\"  data-ultimate-target='#Info-box-wrap-8890 .aio-icon-title'  data-responsive-json-new='{\"font-size\":\"desktop:26px;\",\"line-height\":\"\"}'  style=\"font-weight:bold;color:#1e73be;\">ENKA UK PROPERTIES<\/h3><\/div> <!-- header --><div class=\"aio-icon-description ult-responsive\"  data-ultimate-target='#Info-box-wrap-8890 .aio-icon-description'  data-responsive-json-new='{\"font-size\":\"desktop:20px;\",\"line-height\":\"\"}'  style=\"color:#012169;\">\n<div id=\"Info-box-wrap-7359\" class=\"aio-icon-box top-icon\">\n<div class=\"aio-icon-description ult-responsive\" data-ultimate-target=\"#Info-box-wrap-7359 .aio-icon-description\" data-responsive-json-new=\"{&quot;font-size&quot;:&quot;desktop:20px;&quot;,&quot;line-height&quot;:&quot;&quot;}\">18.200 m<sup>2<\/sup> K\u0130RALIK ALAN<\/div>\n<\/div>\n<\/div> <!-- description --><\/div> <!-- aio-icon-box --><\/a><\/div> <!-- aio-icon-component -->[\/vc_column][\/vc_row][vc_row css_animation=&#8221;fadeIn&#8221;][vc_column][vc_column_text css=&#8221;&#8221;]\n<p style=\"text-align: justify;\">Ovchinnikovskaya (OVC) \u0130\u015f Merkezi, Ovchinnikovskaya Bendinde yer alan konumuyla m\u00fc\u015fterilerine Rusya ba\u015fkentinin kalbinde \u00e7al\u0131\u015fma imk\u00e2n\u0131 sunmaktad\u0131r.<\/p>\n<p style=\"text-align: justify;\">\u00d6ncesinde Rusya Ekonomik Kalk\u0131nma Bakanl\u0131\u011f\u0131\u2019n\u0131n m\u00fclkiyetinde olan, ikonik Sovyet d\u00f6nemi mimarisine sahip olan bina, 2022 y\u0131l\u0131nda ENKA taraf\u0131ndan yenilenerek A S\u0131n\u0131f\u0131 modern bir ofis binas\u0131na d\u00f6n\u00fc\u015ft\u00fcr\u00fclm\u00fc\u015ft\u00fcr.<\/p>\n<p style=\"text-align: justify;\">Tesis; a\u00e7\u0131k otopark, ofis ve perakende alanlar\u0131, lobi b\u00f6l\u00fcmleri ve \u00e7ok ama\u00e7l\u0131 bir konferans salonu bulunan 10 katl\u0131 bir binadan olu\u015fmaktad\u0131r. Binan\u0131n toplam in\u015faat alan\u0131 28.000 m<sup>2<\/sup>\u00a0olup, toplam kiralanabilir alan\u0131 20.700 m<sup>2<\/sup>\u2019dir.<\/p>\n<p style=\"text-align: justify;\">WELL sertifikal\u0131 uluslararas\u0131 bir mimarl\u0131k b\u00fcrosu taraf\u0131ndan tasarlanan kompleks, m\u00fc\u015fterilerinin t\u00fcm ihtiya\u00e7lar\u0131n\u0131n kar\u015f\u0131land\u0131\u011f\u0131 ve i\u015f verimlili\u011fini art\u0131rmalar\u0131na olanak tan\u0131yan, y\u00fcksek kaliteli ve iyi ba\u011flant\u0131l\u0131 bir \u00e7al\u0131\u015fma ortam\u0131 sunmaktad\u0131r.<\/p>\n<p style=\"text-align: justify;\">Merkez, 2.700 ki\u015fiye kadar \u00e7al\u0131\u015fma kapasitesine sahip olup 80\u2019i a\u015fk\u0131n toplant\u0131 odas\u0131, kahve alanlar\u0131 ve dinlenme salonlar\u0131 i\u00e7ermektedir. Tesisin \u00f6ne \u00e7\u0131kan \u00f6zelliklerinden biri, 400 m<sup>2<\/sup>\u00a0alana ve 250 ki\u015filik kapasiteye sahip \u00e7ok ama\u00e7l\u0131 konferans salonudur.<\/p>\n[\/vc_column_text]<div class=\"ult-spacer spacer-69ef8ae284e74\" data-id=\"69ef8ae284e74\" data-height=\"20\" data-height-mobile=\"20\" data-height-tab=\"20\" data-height-tab-portrait=\"\" data-height-mobile-landscape=\"\" style=\"clear:both;display:block;\"><\/div>[vc_media_grid element_width=&#8221;2&#8243; gap=&#8221;2&#8243; grid_id=&#8221;vc_gid:1776861766609-707a4991-c3b2-2&#8243; include=&#8221;77991,77988,77985,77982,77979,77976,77973,77970,77967&#8243;][\/vc_column][\/vc_row]\n<\/div>","protected":false},"excerpt":{"rendered":"<p>[vc_row css_animation=&#8221;fadeIn&#8221;][vc_column][\/vc_column][\/vc_row][vc_row css_animation=&#8221;fadeIn&#8221;][vc_column width=&#8221;1\/4&#8243; css=&#8221;.vc_custom_1658383942125{background-color: #1e73be !important;}&#8221;][\/vc_column][vc_column width=&#8221;1\/4&#8243;][\/vc_column][vc_column width=&#8221;1\/4&#8243;][\/vc_column][vc_column width=&#8221;1\/4&#8243;][\/vc_column][\/vc_row][vc_row css_animation=&#8221;fadeIn&#8221;][vc_column][\/vc_column][\/vc_row][vc_row css_animation=&#8221;fadeIn&#8221;][vc_column width=&#8221;1\/4&#8243;][\/vc_column][vc_column width=&#8221;1\/4&#8243;][\/vc_column][vc_column width=&#8221;1\/4&#8243;][\/vc_column][vc_column width=&#8221;1\/4&#8243;][\/vc_column][\/vc_row][vc_row css_animation=&#8221;fadeIn&#8221;][vc_column][vc_column_text css=&#8221;&#8221;] Ovchinnikovskaya (OVC) \u0130\u015f Merkezi, Ovchinnikovskaya Bendinde yer alan konumuyla m\u00fc\u015fterilerine Rusya ba\u015fkentinin kalbinde \u00e7al\u0131\u015fma imk\u00e2n\u0131 sunmaktad\u0131r. \u00d6ncesinde Rusya Ekonomik Kalk\u0131nma Bakanl\u0131\u011f\u0131\u2019n\u0131n m\u00fclkiyetinde olan, ikonik Sovyet d\u00f6nemi mimarisine sahip olan bina, 2022 y\u0131l\u0131nda ENKA taraf\u0131ndan yenilenerek A S\u0131n\u0131f\u0131 <a class=\"more-link\" href=\"https:\/\/www.enka.com\/tr\/faaliyet-alanlari\/gayrimenkul\/enkamos-region-b-v\/\">Continue reading <i class=\"fa fa-chevron-right\"><\/i><\/a><\/p>\n","protected":false},"author":26,"featured_media":80612,"parent":24966,"menu_order":0,"comment_status":"closed","ping_status":"closed","template":"","meta":{"_acf_changed":false,"footnotes":""},"class_list":["post-78004","page","type-page","status-publish","has-post-thumbnail","hentry"],"aioseo_notices":[],"acf":[],"_links":{"self":[{"href":"https:\/\/www.enka.com\/tr\/wp-json\/wp\/v2\/pages\/78004","targetHints":{"allow":["GET"]}}],"collection":[{"href":"https:\/\/www.enka.com\/tr\/wp-json\/wp\/v2\/pages"}],"about":[{"href":"https:\/\/www.enka.com\/tr\/wp-json\/wp\/v2\/types\/page"}],"author":[{"embeddable":true,"href":"https:\/\/www.enka.com\/tr\/wp-json\/wp\/v2\/users\/26"}],"replies":[{"embeddable":true,"href":"https:\/\/www.enka.com\/tr\/wp-json\/wp\/v2\/comments?post=78004"}],"version-history":[{"count":5,"href":"https:\/\/www.enka.com\/tr\/wp-json\/wp\/v2\/pages\/78004\/revisions"}],"predecessor-version":[{"id":89793,"href":"https:\/\/www.enka.com\/tr\/wp-json\/wp\/v2\/pages\/78004\/revisions\/89793"}],"up":[{"embeddable":true,"href":"https:\/\/www.enka.com\/tr\/wp-json\/wp\/v2\/pages\/24966"}],"wp:featuredmedia":[{"embeddable":true,"href":"https:\/\/www.enka.com\/tr\/wp-json\/wp\/v2\/media\/80612"}],"wp:attachment":[{"href":"https:\/\/www.enka.com\/tr\/wp-json\/wp\/v2\/media?parent=78004"}],"curies":[{"name":"wp","href":"https:\/\/api.w.org\/{rel}","templated":true}]}}