{"id":89761,"date":"2026-04-22T15:14:56","date_gmt":"2026-04-22T12:14:56","guid":{"rendered":"https:\/\/www.enka.com\/?page_id=89761"},"modified":"2026-04-22T15:43:58","modified_gmt":"2026-04-22T12:43:58","slug":"enka-uk-properties","status":"publish","type":"page","link":"https:\/\/www.enka.com\/tr\/faaliyet-alanlari\/gayrimenkul\/enka-uk-properties\/","title":{"rendered":"ENKA UK Properties"},"content":{"rendered":"<div class=\"wpb-content-wrapper\">[vc_row css_animation=&#8221;fadeIn&#8221;][vc_column]<div id=\"highlight-box-wrap-3128\"  data-ultimate-target='#highlight-box-wrap-3128'  data-responsive-json-new='{\"font-size\":\"desktop:32px;\",\"line-height\":\"desktop:32px;\"}'  class=\"ultimate-call-to-action ult-adjust-bottom-margin  ctaction-text-center ult-responsive\" style=\"font-weight:normal;color:#ffffff;background:#1e73be;padding-top:20px;padding-bottom:20px;\"  data-background=\"#1e73be\"  data-background-hover=\"#012169\"  data-override=\"0\" ><div class=\"uvc-ctaction-data uvc-ctaction-data-no-effect ult-responsive\">ENKA taraf\u0131ndan 2025 y\u0131l\u0131nda kurulmu\u015ftur<\/div><\/div>[\/vc_column][\/vc_row][vc_row css_animation=&#8221;fadeIn&#8221;][vc_column width=&#8221;1\/4&#8243; css=&#8221;.vc_custom_1658383942125{background-color: #1e73be !important;}&#8221;]<div class=\"aio-icon-component    style_1\"><a class=\"aio-icon-box-link\" ><div id=\"Info-box-wrap-6419\" class=\"aio-icon-box top-icon\" style=\"\"  ><div class=\"aio-icon-top\"><div class=\"ult-just-icon-wrapper  \"><div class=\"align-icon\" style=\"text-align:center;\">\n<div class=\"aio-icon-img \" style=\"font-size:400px;display:inline-block;\" data-animation=\"fadeIn\" data-animation-delay=\"03\">\n\t<img decoding=\"async\" class=\"img-icon\" alt=\"null\" src=\"https:\/\/www.enka.com\/wp-content\/uploads\/2026\/02\/251112-Park-House-Drone-21-box-1.jpg\"\/>\n<\/div><\/div><\/div><\/div><div class=\"aio-icon-header\" ><h3 class=\"aio-icon-title ult-responsive\"  data-ultimate-target='#Info-box-wrap-6419 .aio-icon-title'  data-responsive-json-new='{\"font-size\":\"desktop:26px;\",\"line-height\":\"\"}'  style=\"font-weight:bold;color:#ffffff;\">ENKA UK PROPERTIES<\/h3><\/div> <!-- header --><div class=\"aio-icon-description ult-responsive\"  data-ultimate-target='#Info-box-wrap-6419 .aio-icon-description'  data-responsive-json-new='{\"font-size\":\"desktop:20px;\",\"line-height\":\"\"}'  style=\"color:#ffffff;\">\n<div id=\"Info-box-wrap-5376\" class=\"aio-icon-box top-icon\">\n<div class=\"aio-icon-description ult-responsive\" data-ultimate-target=\"#Info-box-wrap-5376 .aio-icon-description\" data-responsive-json-new=\"{&quot;font-size&quot;:&quot;desktop:20px;&quot;,&quot;line-height&quot;:&quot;&quot;}\">\n<div id=\"Info-box-wrap-7359\" class=\"aio-icon-box top-icon\">\n<div class=\"aio-icon-description ult-responsive\" data-ultimate-target=\"#Info-box-wrap-7359 .aio-icon-description\" data-responsive-json-new=\"{&quot;font-size&quot;:&quot;desktop:20px;&quot;,&quot;line-height&quot;:&quot;&quot;}\">18.200 m<sup>2<\/sup>\u00a0K\u0130RALIK ALAN<\/div>\n<\/div>\n<\/div>\n<\/div>\n<\/div> <!-- description --><\/div> <!-- aio-icon-box --><\/a><\/div> <!-- aio-icon-component -->[\/vc_column][vc_column width=&#8221;1\/4&#8243;]<div class=\"aio-icon-component    style_1\"><a class=\"aio-icon-box-link\" href=\"http:\/\/www.mosenka.ru\/en\/\" title=\"mosenka\" target=\"_blank\" rel=\"noopener\" ><div id=\"Info-box-wrap-6098\" class=\"aio-icon-box top-icon\" style=\"\"  ><div class=\"aio-icon-top\"><div class=\"ult-just-icon-wrapper  \"><div class=\"align-icon\" style=\"text-align:center;\">\n<div class=\"aio-icon-img \" style=\"font-size:400px;display:inline-block;\" data-animation=\"fadeIn\" data-animation-delay=\"03\">\n\t<img decoding=\"async\" class=\"img-icon\" alt=\"null\" src=\"https:\/\/www.enka.com\/wp-content\/uploads\/2015\/07\/web_MosENKA-box.jpg\"\/>\n<\/div><\/div><\/div><\/div><div class=\"aio-icon-header\" ><h3 class=\"aio-icon-title ult-responsive\"  data-ultimate-target='#Info-box-wrap-6098 .aio-icon-title'  data-responsive-json-new='{\"font-size\":\"desktop:26px;\",\"line-height\":\"\"}'  style=\"font-weight:bold;color:#1e73be;\">MOSENKA<\/h3><\/div> <!-- header --><div class=\"aio-icon-description ult-responsive\"  data-ultimate-target='#Info-box-wrap-6098 .aio-icon-description'  data-responsive-json-new='{\"font-size\":\"desktop:20px;\",\"line-height\":\"\"}'  style=\"color:#012169;\">\n<div id=\"Info-box-wrap-5376\" class=\"aio-icon-box top-icon\">\n<div class=\"aio-icon-description ult-responsive\" data-ultimate-target=\"#Info-box-wrap-5376 .aio-icon-description\" data-responsive-json-new=\"{&quot;font-size&quot;:&quot;desktop:20px;&quot;,&quot;line-height&quot;:&quot;&quot;}\">28.100 m<sup>2<\/sup>\u00a0K\u0130RALIK ALAN<\/div>\n<\/div>\n<\/div> <!-- description --><\/div> <!-- aio-icon-box --><\/a><\/div> <!-- aio-icon-component -->[\/vc_column][vc_column width=&#8221;1\/4&#8243;]<div class=\"aio-icon-component    style_1\"><a class=\"aio-icon-box-link\" href=\"http:\/\/www.mkh.ru\/en\/\" title=\"mkh\" target=\"_blank\" rel=\"noopener\" ><div id=\"Info-box-wrap-5071\" class=\"aio-icon-box top-icon\" style=\"\"  ><div class=\"aio-icon-top\"><div class=\"ult-just-icon-wrapper  \"><div class=\"align-icon\" style=\"text-align:center;\">\n<div class=\"aio-icon-img \" style=\"font-size:400px;display:inline-block;\" data-animation=\"fadeIn\" data-animation-delay=\"03\">\n\t<img decoding=\"async\" class=\"img-icon\" alt=\"null\" src=\"https:\/\/www.enka.com\/wp-content\/uploads\/web_Riverside-box.jpg\"\/>\n<\/div><\/div><\/div><\/div><div class=\"aio-icon-header\" ><h3 class=\"aio-icon-title ult-responsive\"  data-ultimate-target='#Info-box-wrap-5071 .aio-icon-title'  data-responsive-json-new='{\"font-size\":\"desktop:26px;\",\"line-height\":\"\"}'  style=\"font-weight:bold;color:#1e73be;\">MOSKVA KRASNYE HOLMY<\/h3><\/div> <!-- header --><div class=\"aio-icon-description ult-responsive\"  data-ultimate-target='#Info-box-wrap-5071 .aio-icon-description'  data-responsive-json-new='{\"font-size\":\"desktop:20px;\",\"line-height\":\"\"}'  style=\"color:#012169;\">\n<div id=\"Info-box-wrap-5376\" class=\"aio-icon-box top-icon\">\n<div class=\"aio-icon-description ult-responsive\" data-ultimate-target=\"#Info-box-wrap-5376 .aio-icon-description\" data-responsive-json-new=\"{&quot;font-size&quot;:&quot;desktop:20px;&quot;,&quot;line-height&quot;:&quot;&quot;}\">65.500 m<sup>2<\/sup>\u00a0K\u0130RALIK ALAN<\/div>\n<\/div>\n<\/div> <!-- description --><\/div> <!-- aio-icon-box --><\/a><\/div> <!-- aio-icon-component -->[\/vc_column][vc_column width=&#8221;1\/4&#8243;]<div class=\"aio-icon-component    style_1\"><a class=\"aio-icon-box-link\" href=\"http:\/\/enkatc.com\/\" title=\"enka tc\" target=\"_blank\" rel=\"noopener\" ><div id=\"Info-box-wrap-7424\" class=\"aio-icon-box top-icon\" style=\"\"  ><div class=\"aio-icon-top\"><div class=\"ult-just-icon-wrapper  \"><div class=\"align-icon\" style=\"text-align:center;\">\n<div class=\"aio-icon-img \" style=\"font-size:400px;display:inline-block;\" data-animation=\"fadeIn\" data-animation-delay=\"03\">\n\t<img decoding=\"async\" class=\"img-icon\" alt=\"null\" src=\"https:\/\/www.enka.com\/wp-content\/uploads\/web_Kuntsevo-box.jpg\"\/>\n<\/div><\/div><\/div><\/div><div class=\"aio-icon-header\" ><h3 class=\"aio-icon-title ult-responsive\"  data-ultimate-target='#Info-box-wrap-7424 .aio-icon-title'  data-responsive-json-new='{\"font-size\":\"desktop:26px;\",\"line-height\":\"\"}'  style=\"font-weight:bold;color:#1e73be;\">ENKA TC<\/h3><\/div> <!-- header --><div class=\"aio-icon-description ult-responsive\"  data-ultimate-target='#Info-box-wrap-7424 .aio-icon-description'  data-responsive-json-new='{\"font-size\":\"desktop:20px;\",\"line-height\":\"\"}'  style=\"color:#012169;\">\n<div id=\"Info-box-wrap-5376\" class=\"aio-icon-box top-icon\">\n<div class=\"aio-icon-description ult-responsive\" data-ultimate-target=\"#Info-box-wrap-5376 .aio-icon-description\" data-responsive-json-new=\"{&quot;font-size&quot;:&quot;desktop:20px;&quot;,&quot;line-height&quot;:&quot;&quot;}\">400.000 m<sup>2<\/sup>\u00a0K\u0130RALIK ALAN<\/div>\n<\/div>\n<\/div> <!-- description --><\/div> <!-- aio-icon-box --><\/a><\/div> <!-- aio-icon-component -->[\/vc_column][\/vc_row][vc_row css_animation=&#8221;fadeIn&#8221;][vc_column]<div class=\"ult-spacer spacer-69e8cd75df5b1\" data-id=\"69e8cd75df5b1\" data-height=\"32\" data-height-mobile=\"32\" data-height-tab=\"32\" data-height-tab-portrait=\"\" data-height-mobile-landscape=\"\" style=\"clear:both;display:block;\"><\/div>[\/vc_column][\/vc_row][vc_row css_animation=&#8221;fadeIn&#8221;][vc_column width=&#8221;1\/4&#8243;]<div class=\"aio-icon-component    style_1\"><a class=\"aio-icon-box-link\" href=\"http:\/\/en.ccioffices.ru\/\" title=\"cci\" target=\"_blank\" rel=\"noopener\" ><div id=\"Info-box-wrap-9271\" class=\"aio-icon-box top-icon\" style=\"\"  ><div class=\"aio-icon-top\"><div class=\"ult-just-icon-wrapper  \"><div class=\"align-icon\" style=\"text-align:center;\">\n<div class=\"aio-icon-img \" style=\"font-size:400px;display:inline-block;\" data-animation=\"fadeIn\" data-animation-delay=\"03\">\n\t<img decoding=\"async\" class=\"img-icon\" alt=\"null\" src=\"https:\/\/www.enka.com\/wp-content\/uploads\/web_Naberezhnaya-box.jpg\"\/>\n<\/div><\/div><\/div><\/div><div class=\"aio-icon-header\" ><h3 class=\"aio-icon-title ult-responsive\"  data-ultimate-target='#Info-box-wrap-9271 .aio-icon-title'  data-responsive-json-new='{\"font-size\":\"desktop:26px;\",\"line-height\":\"\"}'  style=\"font-weight:bold;color:#1e73be;\">CITY CENTER INVESTMENT B.V.<\/h3><\/div> <!-- header --><div class=\"aio-icon-description ult-responsive\"  data-ultimate-target='#Info-box-wrap-9271 .aio-icon-description'  data-responsive-json-new='{\"font-size\":\"desktop:20px;\",\"line-height\":\"\"}'  style=\"color:#012169;\">\n<div id=\"Info-box-wrap-5376\" class=\"aio-icon-box top-icon\">\n<div class=\"aio-icon-description ult-responsive\" data-ultimate-target=\"#Info-box-wrap-5376 .aio-icon-description\" data-responsive-json-new=\"{&quot;font-size&quot;:&quot;desktop:20px;&quot;,&quot;line-height&quot;:&quot;&quot;}\">163.700 m<sup>2<\/sup>\u00a0K\u0130RALIK ALAN<\/div>\n<\/div>\n<\/div> <!-- description --><\/div> <!-- aio-icon-box --><\/a><\/div> <!-- aio-icon-component -->[\/vc_column][vc_column width=&#8221;1\/4&#8243;]<div class=\"aio-icon-component    style_1\"><a class=\"aio-icon-box-link\" href=\"https:\/\/www.paveletskayaplaza.ru\/en\" title=\"enka invest\" target=\"_blank\" rel=\"noopener\" ><div id=\"Info-box-wrap-2606\" class=\"aio-icon-box top-icon\" style=\"\"  ><div class=\"aio-icon-top\"><div class=\"ult-just-icon-wrapper  \"><div class=\"align-icon\" style=\"text-align:center;\">\n<div class=\"aio-icon-img \" style=\"font-size:400px;display:inline-block;\" data-animation=\"fadeIn\" data-animation-delay=\"03\">\n\t<img decoding=\"async\" class=\"img-icon\" alt=\"null\" src=\"https:\/\/www.enka.com\/wp-content\/uploads\/web_PaveletskayaPlaza-box.jpg\"\/>\n<\/div><\/div><\/div><\/div><div class=\"aio-icon-header\" ><h3 class=\"aio-icon-title ult-responsive\"  data-ultimate-target='#Info-box-wrap-2606 .aio-icon-title'  data-responsive-json-new='{\"font-size\":\"desktop:26px;\",\"line-height\":\"\"}'  style=\"font-weight:bold;color:#1e73be;\">ENKA INVEST<\/h3><\/div> <!-- header --><div class=\"aio-icon-description ult-responsive\"  data-ultimate-target='#Info-box-wrap-2606 .aio-icon-description'  data-responsive-json-new='{\"font-size\":\"desktop:20px;\",\"line-height\":\"\"}'  style=\"color:#012169;\">\n<div id=\"Info-box-wrap-5376\" class=\"aio-icon-box top-icon\">\n<div class=\"aio-icon-description ult-responsive\" data-ultimate-target=\"#Info-box-wrap-5376 .aio-icon-description\" data-responsive-json-new=\"{&quot;font-size&quot;:&quot;desktop:20px;&quot;,&quot;line-height&quot;:&quot;&quot;}\">76.000 m<sup>2<\/sup>\u00a0K\u0130RALIK ALAN<\/div>\n<\/div>\n<\/div> <!-- description --><\/div> <!-- aio-icon-box --><\/a><\/div> <!-- aio-icon-component -->[\/vc_column][vc_column width=&#8221;1\/4&#8243;]<div class=\"aio-icon-component    style_1\"><a class=\"aio-icon-box-link\" href=\"http:\/\/www.flexity.ru\" title=\"flexity\" target=\"_blank\" rel=\"noopener\" ><div id=\"Info-box-wrap-5472\" class=\"aio-icon-box top-icon\" style=\"\"  ><div class=\"aio-icon-top\"><div class=\"ult-just-icon-wrapper  \"><div class=\"align-icon\" style=\"text-align:center;\">\n<div class=\"aio-icon-img \" style=\"font-size:400px;display:inline-block;\" data-animation=\"fadeIn\" data-animation-delay=\"03\">\n\t<img decoding=\"async\" class=\"img-icon\" alt=\"null\" src=\"https:\/\/www.enka.com\/wp-content\/uploads\/2022\/07\/ENKA_Flexity_fi.jpg\"\/>\n<\/div><\/div><\/div><\/div><div class=\"aio-icon-header\" ><h3 class=\"aio-icon-title ult-responsive\"  data-ultimate-target='#Info-box-wrap-5472 .aio-icon-title'  data-responsive-json-new='{\"font-size\":\"desktop:26px;\",\"line-height\":\"\"}'  style=\"font-weight:bold;color:#1e73be;\">FLEXITY<\/h3><\/div> <!-- header --><div class=\"aio-icon-description ult-responsive\"  data-ultimate-target='#Info-box-wrap-5472 .aio-icon-description'  data-responsive-json-new='{\"font-size\":\"desktop:20px;\",\"line-height\":\"\"}'  style=\"color:#012169;\">\n<div id=\"Info-box-wrap-5376\" class=\"aio-icon-box top-icon\">\n<div class=\"aio-icon-description ult-responsive\" data-ultimate-target=\"#Info-box-wrap-5376 .aio-icon-description\" data-responsive-json-new=\"{&quot;font-size&quot;:&quot;desktop:20px;&quot;,&quot;line-height&quot;:&quot;&quot;}\">29.000 m<sup>2<\/sup>\u00a0K\u0130RALIK ALAN<\/div>\n<\/div>\n<\/div> <!-- description --><\/div> <!-- aio-icon-box --><\/a><\/div> <!-- aio-icon-component -->[\/vc_column][vc_column width=&#8221;1\/4&#8243;]<div class=\"aio-icon-component    style_1\"><a class=\"aio-icon-box-link\" ><div id=\"Info-box-wrap-2071\" class=\"aio-icon-box top-icon\" style=\"\"  ><div class=\"aio-icon-top\"><div class=\"ult-just-icon-wrapper  \"><div class=\"align-icon\" style=\"text-align:center;\">\n<div class=\"aio-icon-img \" style=\"font-size:400px;display:inline-block;\" data-animation=\"fadeIn\" data-animation-delay=\"03\">\n\t<img decoding=\"async\" class=\"img-icon\" alt=\"null\" src=\"https:\/\/www.enka.com\/wp-content\/uploads\/2023\/01\/ovc-box.jpg\"\/>\n<\/div><\/div><\/div><\/div><div class=\"aio-icon-header\" ><h3 class=\"aio-icon-title ult-responsive\"  data-ultimate-target='#Info-box-wrap-2071 .aio-icon-title'  data-responsive-json-new='{\"font-size\":\"desktop:26px;\",\"line-height\":\"\"}'  style=\"font-weight:bold;color:#1e73be;\">ENKAMOS REGION<\/h3><\/div> <!-- header --><div class=\"aio-icon-description ult-responsive\"  data-ultimate-target='#Info-box-wrap-2071 .aio-icon-description'  data-responsive-json-new='{\"font-size\":\"desktop:20px;\",\"line-height\":\"\"}'  style=\"color:#012169;\">\n<div id=\"Info-box-wrap-7074\" class=\"aio-icon-box top-icon\">\n<div class=\"aio-icon-description ult-responsive\" data-ultimate-target=\"#Info-box-wrap-7074 .aio-icon-description\" data-responsive-json-new=\"{&quot;font-size&quot;:&quot;desktop:20px;&quot;,&quot;line-height&quot;:&quot;&quot;}\">\n<div id=\"Info-box-wrap-7359\" class=\"aio-icon-box top-icon\">\n<div class=\"aio-icon-description ult-responsive\" data-ultimate-target=\"#Info-box-wrap-7359 .aio-icon-description\" data-responsive-json-new=\"{&quot;font-size&quot;:&quot;desktop:20px;&quot;,&quot;line-height&quot;:&quot;&quot;}\">\n<div id=\"Info-box-wrap-1325\" class=\"aio-icon-box top-icon\">\n<div class=\"aio-icon-description ult-responsive\" data-ultimate-target=\"#Info-box-wrap-1325 .aio-icon-description\" data-responsive-json-new=\"{&quot;font-size&quot;:&quot;desktop:20px;&quot;,&quot;line-height&quot;:&quot;&quot;}\">\n<div id=\"Info-box-wrap-7359\" class=\"aio-icon-box top-icon\">\n<div class=\"aio-icon-description ult-responsive\" data-ultimate-target=\"#Info-box-wrap-7359 .aio-icon-description\" data-responsive-json-new=\"{&quot;font-size&quot;:&quot;desktop:20px;&quot;,&quot;line-height&quot;:&quot;&quot;}\">20.700 m<sup>2<\/sup>\u00a0K\u0130RALIK\u00a0ALAN<\/div>\n<\/div>\n<\/div>\n<\/div>\n<\/div>\n<\/div>\n<\/div>\n<\/div>\n<\/div> <!-- description --><\/div> <!-- aio-icon-box --><\/a><\/div> <!-- aio-icon-component -->[\/vc_column][\/vc_row][vc_row css_animation=&#8221;fadeIn&#8221;][vc_column]<div class=\"ult-spacer spacer-69e8cd75dfbae\" data-id=\"69e8cd75dfbae\" data-height=\"20\" data-height-mobile=\"20\" data-height-tab=\"20\" data-height-tab-portrait=\"\" data-height-mobile-landscape=\"\" style=\"clear:both;display:block;\"><\/div>[\/vc_column][\/vc_row][vc_row css_animation=&#8221;fadeIn&#8221;][vc_column][vc_column_text css=&#8221;&#8221;]\n<p style=\"text-align: justify;\">ENKA UK Properties Ltd., ENKA\u2019n\u0131n Birle\u015fik Krall\u0131k\u2019taki gayrimenkul yat\u0131r\u0131m\u0131, geli\u015ftirme ve varl\u0131k y\u00f6netimi faaliyetlerini geni\u015fletmeye y\u00f6nelik uzun vadeli stratejisini desteklemek amac\u0131yla 2025 y\u0131l\u0131nda kurulmu\u015ftur.<\/p>\n<p style=\"text-align: justify;\">Birle\u015fik Krall\u0131k pazar\u0131; \u015feffaf bir d\u00fczenleyici \u00e7er\u00e7eve, g\u00fc\u00e7l\u00fc kurumsal talep ve ENKA\u2019n\u0131n gayrimenkul portf\u00f6y\u00fc hedefleriyle uyumlu uzun vadeli f\u0131rsatlar sunmaktad\u0131r.<\/p>\n<p style=\"text-align: justify;\">\u015eirket, Ekim 2025\u2019te Londra\u2019da 16\u201318 Finsbury Circus adresinde yer alan Park House\u2019u ilk yat\u0131r\u0131m gayrimenkul\u00fc olarak portf\u00f6y\u00fcne katm\u0131\u015ft\u0131r.<\/p>\n<p style=\"text-align: justify;\">Park House, h\u00e2lihaz\u0131rda ENKA UK Properties Ltd. b\u00fcnyesinde bulunan tek varl\u0131kt\u0131r. Gayrimenkul, City of London s\u0131n\u0131rlar\u0131 i\u00e7erisindeki en k\u00f6kl\u00fc ofis lokasyonlar\u0131ndan biri olan Finsbury Circus\u2019ta yer almakta olup, Elizabeth Line d\u00e2hil olmak \u00fczere Liverpool Street ve Moorgate istasyonlar\u0131na yak\u0131n konumdad\u0131r.<\/p>\n<p style=\"text-align: justify;\">Bina; bodrum, zemin ve \u00fcst katlardan olu\u015fan \u00e7ok katl\u0131 bir ofis yap\u0131s\u0131 olup, yakla\u015f\u0131k 18.208 m<sup>2<\/sup>\u00a0net kiralanabilir alana sahiptir. Yap\u0131, alt zemin, zemin ve yedi \u00fcst kat \u015feklinde d\u00fczenlenmi\u015f olup, tipik ofis kat alanlar\u0131 2.040-2.230 m<sup>2<\/sup>\u00a0aral\u0131\u011f\u0131ndad\u0131r. Gayrimenkul a\u011f\u0131rl\u0131kl\u0131 olarak ofis kullan\u0131m\u0131na y\u00f6nelik olup, alt seviyelerde perakende ve yard\u0131mc\u0131 kullan\u0131m alanlar\u0131yla desteklenmektedir.<\/p>\n[\/vc_column_text]<div class=\"ult-spacer spacer-69e8cd75dfbcd\" data-id=\"69e8cd75dfbcd\" data-height=\"20\" data-height-mobile=\"20\" data-height-tab=\"20\" data-height-tab-portrait=\"\" data-height-mobile-landscape=\"\" style=\"clear:both;display:block;\"><\/div>[vc_media_grid element_width=&#8221;2&#8243; gap=&#8221;2&#8243; css=&#8221;&#8221; grid_id=&#8221;vc_gid:1776860917230-9e2d2776-ed48-0&#8243; include=&#8221;89197,89196,89195,89193,89194,89192&#8243;][\/vc_column][\/vc_row]\n<\/div>","protected":false},"excerpt":{"rendered":"<p>[vc_row css_animation=&#8221;fadeIn&#8221;][vc_column][\/vc_column][\/vc_row][vc_row css_animation=&#8221;fadeIn&#8221;][vc_column width=&#8221;1\/4&#8243; css=&#8221;.vc_custom_1658383942125{background-color: #1e73be !important;}&#8221;][\/vc_column][vc_column width=&#8221;1\/4&#8243;][\/vc_column][vc_column width=&#8221;1\/4&#8243;][\/vc_column][vc_column width=&#8221;1\/4&#8243;][\/vc_column][\/vc_row][vc_row css_animation=&#8221;fadeIn&#8221;][vc_column][\/vc_column][\/vc_row][vc_row css_animation=&#8221;fadeIn&#8221;][vc_column width=&#8221;1\/4&#8243;][\/vc_column][vc_column width=&#8221;1\/4&#8243;][\/vc_column][vc_column width=&#8221;1\/4&#8243;][\/vc_column][vc_column width=&#8221;1\/4&#8243;][\/vc_column][\/vc_row][vc_row css_animation=&#8221;fadeIn&#8221;][vc_column][\/vc_column][\/vc_row][vc_row css_animation=&#8221;fadeIn&#8221;][vc_column][vc_column_text css=&#8221;&#8221;] ENKA UK Properties Ltd., ENKA\u2019n\u0131n Birle\u015fik Krall\u0131k\u2019taki gayrimenkul yat\u0131r\u0131m\u0131, geli\u015ftirme ve varl\u0131k y\u00f6netimi faaliyetlerini geni\u015fletmeye y\u00f6nelik uzun vadeli stratejisini desteklemek amac\u0131yla 2025 y\u0131l\u0131nda kurulmu\u015ftur. Birle\u015fik Krall\u0131k pazar\u0131; \u015feffaf bir d\u00fczenleyici \u00e7er\u00e7eve, g\u00fc\u00e7l\u00fc kurumsal talep ve ENKA\u2019n\u0131n <a class=\"more-link\" href=\"https:\/\/www.enka.com\/tr\/faaliyet-alanlari\/gayrimenkul\/enka-uk-properties\/\">Continue reading <i class=\"fa fa-chevron-right\"><\/i><\/a><\/p>\n","protected":false},"author":26,"featured_media":89193,"parent":24966,"menu_order":0,"comment_status":"closed","ping_status":"closed","template":"","meta":{"_acf_changed":false,"footnotes":""},"class_list":["post-89761","page","type-page","status-publish","has-post-thumbnail","hentry"],"aioseo_notices":[],"acf":[],"_links":{"self":[{"href":"https:\/\/www.enka.com\/tr\/wp-json\/wp\/v2\/pages\/89761","targetHints":{"allow":["GET"]}}],"collection":[{"href":"https:\/\/www.enka.com\/tr\/wp-json\/wp\/v2\/pages"}],"about":[{"href":"https:\/\/www.enka.com\/tr\/wp-json\/wp\/v2\/types\/page"}],"author":[{"embeddable":true,"href":"https:\/\/www.enka.com\/tr\/wp-json\/wp\/v2\/users\/26"}],"replies":[{"embeddable":true,"href":"https:\/\/www.enka.com\/tr\/wp-json\/wp\/v2\/comments?post=89761"}],"version-history":[{"count":5,"href":"https:\/\/www.enka.com\/tr\/wp-json\/wp\/v2\/pages\/89761\/revisions"}],"predecessor-version":[{"id":89795,"href":"https:\/\/www.enka.com\/tr\/wp-json\/wp\/v2\/pages\/89761\/revisions\/89795"}],"up":[{"embeddable":true,"href":"https:\/\/www.enka.com\/tr\/wp-json\/wp\/v2\/pages\/24966"}],"wp:featuredmedia":[{"embeddable":true,"href":"https:\/\/www.enka.com\/tr\/wp-json\/wp\/v2\/media\/89193"}],"wp:attachment":[{"href":"https:\/\/www.enka.com\/tr\/wp-json\/wp\/v2\/media?parent=89761"}],"curies":[{"name":"wp","href":"https:\/\/api.w.org\/{rel}","templated":true}]}}